{"id":110450,"date":"2024-05-23T08:39:10","date_gmt":"2024-05-23T08:39:10","guid":{"rendered":"https:\/\/theseedfair.de-mr.createvenue.com\/de\/?page_id=110450"},"modified":"2024-06-21T13:36:03","modified_gmt":"2024-06-21T13:36:03","slug":"standorte-die-wir-in-ganz-deutschland-betreuen","status":"publish","type":"page","link":"https:\/\/theseedfair.com\/de\/standorte-die-wir-in-ganz-deutschland-betreuen\/","title":{"rendered":"Standorte, die wir in ganz Deutschland betreuen"},"content":{"rendered":"<h1>Standorte, die wir in ganz Deutschland betreuen<\/h1>\n<p>The Seed Fair ist eine Online-Samenbank, die Cannabissamen in ganz Deutschland und der EU liefert. Wir liefern Samen in jede Stadt und jeden Ort in Deutschland, von den gr\u00f6\u00dften St\u00e4dten bis zu den kleinsten D\u00f6rfern. Es gibt keine Grenzen, wohin wir unsere Cannabissamen liefern k\u00f6nnen. Wenn Sie eine unserer Sorten bestellen, egal in welcher Packungsgr\u00f6\u00dfe, k\u00f6nnen Sie sich zu 100 % sicher sein, dass Sie genau die Sorte erhalten, die Sie bestellt haben, in kurzer Zeit und in einer diskreten Verpackung, damit niemand wei\u00df, was sich darin befindet.<\/p>\n<p>Zu den St\u00e4dten, in die wir unsere Produkte liefern, geh\u00f6ren:<\/p>\n<ul>\n<li><a href=\"\/de\/cannabissamen-in-hamburg-deutschland-kaufen\/\">Hamburg<\/a><\/li>\n<li><a href=\"https:\/\/theseedfair.com\/de\/cannabissamen-berlin\/\">Berlin<\/a><\/li>\n<li><a href=\"\/de\/cannabissamen-in-muenchen-deutschland-kaufen\/\">M\u00fcnchen<\/a><\/li>\n<li><a href=\"\/de\/cannabis-samen-in-koeln\/\">K\u00f6ln<\/a><\/li>\n<li><a href=\"\/de\/cannabis-samen-in-frankfurt\/\">Frankfurt<\/a><\/li>\n<li><a href=\"\/de\/cannabissamen-in-stuttgart\/\">Stuttgart<\/a><\/li>\n<li><a href=\"\/de\/cannabissamen-in-duesseldorf\/\">D\u00fcsseldorf<\/a><\/li>\n<li><a href=\"\/de\/cannabissamen-in-dortmund\/\">Dortmund<\/a><\/li>\n<li><a href=\"\/de\/cannabissamen-in-essen\/\">Essen<\/a><\/li>\n<li><a href=\"\/de\/cannabissamen-in-leipzig\/\">Leipzig<\/a><\/li>\n<li><a href=\"\/de\/cannabissamen-in-bremen\/\">Bremen<\/a><\/li>\n<li><a href=\"\/de\/cannabissamen-in-dresden\/\">Dresden<\/a><\/li>\n<li><a href=\"\/de\/cannabissamen-in-hannover\/\">Hannover<\/a><\/li>\n<li><a href=\"\/de\/cannabissamen-in-nuernberg\/\">N\u00fcrnberg<\/a><\/li>\n<li><a href=\"\/de\/cannabissamen-in-duisburg\/\">Duisburg<\/a><\/li>\n<\/ul>\n<h2>W\u00e4hlen Sie The Seed Fair f\u00fcr den Kauf von Marihuanasamen in Deutschland<\/h2>\n<p>Neben schneller und diskreter Lieferung bieten wir viele Vorteile, um G\u00e4rtner gl\u00fccklich zu machen. Wir bieten faire Preise, die viel g\u00fcnstiger sind als bei den meisten anderen Samenbanken. Unsere Keimgarantie stellt sicher, dass Sie sich auf die Qualit\u00e4t unserer Samen verlassen k\u00f6nnen. Wenn Ihre Samen nicht keimen, ersetzen wir sie kostenlos. So k\u00f6nnen Sie sicher sein, dass jedes einzelne gekaufte Samenkorn Knospen hervorbringen wird.<\/p>\n","protected":false},"excerpt":{"rendered":"<p>Standorte, die wir in ganz Deutschland betreuen The Seed Fair ist eine Online-Samenbank, die Cannabissamen in ganz Deutschland und der EU liefert. Wir liefern Samen in jede Stadt und jeden Ort in Deutschland, von den gr\u00f6\u00dften St\u00e4dten bis zu den kleinsten D\u00f6rfern. Es gibt keine Grenzen, wohin wir unsere Cannabissamen liefern k\u00f6nnen. Wenn Sie eine [&#8230;]\n","protected":false},"author":33598,"featured_media":0,"parent":0,"menu_order":0,"comment_status":"closed","ping_status":"closed","template":"","meta":{"_acf_changed":false,"_glsr_average":0,"_glsr_ranking":0,"_glsr_reviews":0,"footnotes":""},"class_list":["post-110450","page","type-page","status-publish","hentry"],"acf":[],"aioseo_notices":[],"_links":{"self":[{"href":"https:\/\/theseedfair.com\/de\/wp-json\/wp\/v2\/pages\/110450","targetHints":{"allow":["GET"]}}],"collection":[{"href":"https:\/\/theseedfair.com\/de\/wp-json\/wp\/v2\/pages"}],"about":[{"href":"https:\/\/theseedfair.com\/de\/wp-json\/wp\/v2\/types\/page"}],"author":[{"embeddable":true,"href":"https:\/\/theseedfair.com\/de\/wp-json\/wp\/v2\/users\/33598"}],"replies":[{"embeddable":true,"href":"https:\/\/theseedfair.com\/de\/wp-json\/wp\/v2\/comments?post=110450"}],"version-history":[{"count":5,"href":"https:\/\/theseedfair.com\/de\/wp-json\/wp\/v2\/pages\/110450\/revisions"}],"predecessor-version":[{"id":110740,"href":"https:\/\/theseedfair.com\/de\/wp-json\/wp\/v2\/pages\/110450\/revisions\/110740"}],"wp:attachment":[{"href":"https:\/\/theseedfair.com\/de\/wp-json\/wp\/v2\/media?parent=110450"}],"curies":[{"name":"wp","href":"https:\/\/api.w.org\/{rel}","templated":true}]}}