{"id":32,"date":"2020-08-08T08:22:07","date_gmt":"2020-08-08T08:22:07","guid":{"rendered":"https:\/\/theseedfair.com\/?page_id=32"},"modified":"2024-10-15T16:40:51","modified_gmt":"2024-10-15T16:40:51","slug":"contakt","status":"publish","type":"page","link":"https:\/\/theseedfair.com\/de\/contakt\/","title":{"rendered":"Kontaktiere uns"},"content":{"rendered":"  <div id=\"page-header-1967808763\" class=\"page-header-wrapper\">\n  <div class=\"page-title dark featured-title\">\n\n        <div class=\"page-title-bg\">\n      <div class=\"title-bg fill bg-fill\"\n        data-parallax-container=\".page-title\"\n        data-parallax-background\n        data-parallax=\"-\">\n      <\/div>\n      <div class=\"title-overlay fill\"><\/div>\n    <\/div>\n    \n    <div class=\"page-title-inner container align-center flex-row medium-flex-wrap\" >\n              <div class=\"title-wrapper flex-col text-left medium-text-center\">\n          <h1 class=\"entry-title mb-0\">\n            Kontakt The Seed Fair          <\/h1>\n        <\/div>\n                    <div class=\"title-content flex-col flex-right text-right medium-text-center\">\n              <\/div>\n    <\/div>\n\n     \n<style>\n#page-header-1967808763 .title-bg {\n  background-image: url(https:\/\/theseedfair.com\/wp-content\/uploads\/2021\/09\/photo-1-scaled-e1635931488526.jpg);\n}\n<\/style>\n  <\/div>\n    <\/div>\n  \n\n\t<section class=\"section faq_custom_section\" id=\"section_143888945\">\n\t\t<div class=\"section-bg fill\" >\n\t\t\t\t\t\t\t\t\t\n\t\t\t\n\n\t\t<\/div>\n\n\t\t\n\n\t\t<div class=\"section-content relative\">\n\t\t\t\n<div class=\"row\"  id=\"row-401117569\">\n\n\t<div id=\"col-544019185\" class=\"col medium-6 small-12 large-6\"  >\n\t\t\t\t<div class=\"col-inner\"  >\n\t\t\t\n\t\t\t\n<h2 class=\"uppercase section-title-main\">H\u00c4UFIG GESTELLTE FRAGEN<\/h2>\n<h3 class=\"accordion_title\">Bitte lesen Sie unsere FAQ f\u00fcr alle Fragen zu unserem Service<\/h3><div class=\"accordion\">\n\t<div id=\"accordion-1894657762\" class=\"accordion-item\">\n\t\t<a id=\"accordion-1894657762-label\" class=\"accordion-title plain\" href=\"#accordion-item-welche-liefergeb\u00fchren-fallen-bei-bestellungen-bei-the-seed-fair-an?\" aria-expanded=\"false\" aria-controls=\"accordion-1894657762-content\">\n\t\t\t<button class=\"toggle\" aria-label=\"Umschalten\"><i class=\"icon-angle-down\" aria-hidden=\"true\"><\/i><\/button>\n\t\t\t<span>Welche Liefergeb\u00fchren fallen bei Bestellungen bei The Seed Fair an?<\/span>\n\t\t<\/a>\n\t\t<div id=\"accordion-1894657762-content\" class=\"accordion-inner\" aria-labelledby=\"accordion-1894657762-label\">\n\t\t\t\n<p>Wenn du eine Bestellung \u00fcber 99 Euro gemacht hast, erh\u00e4ltst du von uns kostenlosen Versand. Wenn du unter 99 Euro liegst, betr\u00e4gt die Lieferung in jedes europ\u00e4ische Land 10 Euro.<\/p>\n\t\t<\/div>\n\t<\/div>\n\t\n\t<div id=\"accordion-2970097805\" class=\"accordion-item\">\n\t\t<a id=\"accordion-2970097805-label\" class=\"accordion-title plain\" href=\"#accordion-item-welche-zahlungsmethoden-werden-auf-unserer-website-akzeptiert?\" aria-expanded=\"false\" aria-controls=\"accordion-2970097805-content\">\n\t\t\t<button class=\"toggle\" aria-label=\"Umschalten\"><i class=\"icon-angle-down\" aria-hidden=\"true\"><\/i><\/button>\n\t\t\t<span>Welche Zahlungsmethoden werden auf unserer Website akzeptiert?<\/span>\n\t\t<\/a>\n\t\t<div id=\"accordion-2970097805-content\" class=\"accordion-inner\" aria-labelledby=\"accordion-2970097805-label\">\n\t\t\t\n<p>Wir akzeptieren Kreditkarten f\u00fcr Bestellungen in Europa. \u00dcberpr\u00fcfe alle Optionen beim Checkout und schau, welche Zahlungsoptionen dir kostenlose Samen zu deiner Bestellung bieten!<\/p>\n\t\t<\/div>\n\t<\/div>\n\t\n\t<div id=\"accordion-159774811\" class=\"accordion-item\">\n\t\t<a id=\"accordion-159774811-label\" class=\"accordion-title plain\" href=\"#accordion-item-wie-lange-dauert-die-lieferung?\" aria-expanded=\"false\" aria-controls=\"accordion-159774811-content\">\n\t\t\t<button class=\"toggle\" aria-label=\"Umschalten\"><i class=\"icon-angle-down\" aria-hidden=\"true\"><\/i><\/button>\n\t\t\t<span>Wie lange dauert die Lieferung?<\/span>\n\t\t<\/a>\n\t\t<div id=\"accordion-159774811-content\" class=\"accordion-inner\" aria-labelledby=\"accordion-159774811-label\">\n\t\t\t\n<p>Die Lieferung wird je nach Standort auf 7 bis 10 Tage gesch\u00e4tzt. Wir bieten eine Sendungsverfolgung f\u00fcr Bestellungen an.<\/p>\n\t\t<\/div>\n\t<\/div>\n\t\n\t<div id=\"accordion-2571884278\" class=\"accordion-item\">\n\t\t<a id=\"accordion-2571884278-label\" class=\"accordion-title plain\" href=\"#accordion-item-wie-sichern-sie-meine-transaktion-ab?\" aria-expanded=\"false\" aria-controls=\"accordion-2571884278-content\">\n\t\t\t<button class=\"toggle\" aria-label=\"Umschalten\"><i class=\"icon-angle-down\" aria-hidden=\"true\"><\/i><\/button>\n\t\t\t<span>Wie sichern Sie meine Transaktion ab?<\/span>\n\t\t<\/a>\n\t\t<div id=\"accordion-2571884278-content\" class=\"accordion-inner\" aria-labelledby=\"accordion-2571884278-label\">\n\t\t\t\n<p>Wir sichern Ihr Surfen und Ihren Kauf mit HTTPS und 2048-Bit-Verschl\u00fcsselung. Wir l\u00f6schen t\u00e4glich alle Transaktionen auf unserer Website und speichern keine Aufzeichnungen von Besuchen oder Transaktionen.<\/p>\n\t\t<\/div>\n\t<\/div>\n\t\n\t<div id=\"accordion-3602777055\" class=\"accordion-item\">\n\t\t<a id=\"accordion-3602777055-label\" class=\"accordion-title plain\" href=\"#accordion-item-was-genau-passiert-nach-der-bestellung?\" aria-expanded=\"false\" aria-controls=\"accordion-3602777055-content\">\n\t\t\t<button class=\"toggle\" aria-label=\"Umschalten\"><i class=\"icon-angle-down\" aria-hidden=\"true\"><\/i><\/button>\n\t\t\t<span>Was genau passiert nach der Bestellung?<\/span>\n\t\t<\/a>\n\t\t<div id=\"accordion-3602777055-content\" class=\"accordion-inner\" aria-labelledby=\"accordion-3602777055-label\">\n\t\t\t\n<p>Nach der Bestellung erhalten Sie eine Best\u00e4tigungs-E-Mail, um Ihre Bestellung zu best\u00e4tigen. Dann erhalten Sie eine E-Mail, die best\u00e4tigt, wann Ihre Bestellung versandt wird. Alle Bestellungen werden innerhalb von 24 Stunden versandt. Bitte \u00fcberpr\u00fcfen Sie Ihren Junk-E-Mail- oder Spam-Ordner, falls unsere E-Mail dorthin gelangt ist. Danke!<\/p>\n\t\t<\/div>\n\t<\/div>\n\t\n\t<div id=\"accordion-1879453103\" class=\"accordion-item\">\n\t\t<a id=\"accordion-1879453103-label\" class=\"accordion-title plain\" href=\"#accordion-item-erhalte-ich-eine-rechnung-f\u00fcr-meine-bestellung?\" aria-expanded=\"false\" aria-controls=\"accordion-1879453103-content\">\n\t\t\t<button class=\"toggle\" aria-label=\"Umschalten\"><i class=\"icon-angle-down\" aria-hidden=\"true\"><\/i><\/button>\n\t\t\t<span>Erhalte ich eine Rechnung f\u00fcr meine Bestellung?<\/span>\n\t\t<\/a>\n\t\t<div id=\"accordion-1879453103-content\" class=\"accordion-inner\" aria-labelledby=\"accordion-1879453103-label\">\n\t\t\t\n<p>Ja, Sie erhalten eine Rechnung per E-Mail und k\u00f6nnen sich auch in Ihr Konto einloggen und Ihre Bestellung einsehen.<\/p>\n\t\t<\/div>\n\t<\/div>\n\t\n\t<div id=\"accordion-1716308881\" class=\"accordion-item\">\n\t\t<a id=\"accordion-1716308881-label\" class=\"accordion-title plain\" href=\"#accordion-item-in-welcher-w\u00e4hrung-wird-mir-der-betrag-berechnet?\" aria-expanded=\"false\" aria-controls=\"accordion-1716308881-content\">\n\t\t\t<button class=\"toggle\" aria-label=\"Umschalten\"><i class=\"icon-angle-down\" aria-hidden=\"true\"><\/i><\/button>\n\t\t\t<span>In welcher W\u00e4hrung wird mir der Betrag berechnet?<\/span>\n\t\t<\/a>\n\t\t<div id=\"accordion-1716308881-content\" class=\"accordion-inner\" aria-labelledby=\"accordion-1716308881-label\">\n\t\t\t\n<p>Wenn du in den USA bist, wird der Betrag in US-Dollar berechnet. Wenn du aus Kanada bestellst, erfolgt die Abrechnung in kanadischen Dollar. F\u00fcr europ\u00e4ische L\u00e4nder berechnen wir in Euro.<\/p>\n\t\t<\/div>\n\t<\/div>\n\t\n\t<div id=\"accordion-4016431416\" class=\"accordion-item\">\n\t\t<a id=\"accordion-4016431416-label\" class=\"accordion-title plain\" href=\"#accordion-item-versenden-sie-diskret?\" aria-expanded=\"false\" aria-controls=\"accordion-4016431416-content\">\n\t\t\t<button class=\"toggle\" aria-label=\"Umschalten\"><i class=\"icon-angle-down\" aria-hidden=\"true\"><\/i><\/button>\n\t\t\t<span>Versenden Sie diskret?<\/span>\n\t\t<\/a>\n\t\t<div id=\"accordion-4016431416-content\" class=\"accordion-inner\" aria-labelledby=\"accordion-4016431416-label\">\n\t\t\t\n<p>Ja, alle unsere Bestellungen werden diskret ohne Etiketten auf der Vorderseite des Pakets versandt. Wir m\u00f6chten, dass alle unsere Kunden in Privatsph\u00e4re einkaufen k\u00f6nnen.<\/p>\n\t\t<\/div>\n\t<\/div>\n\t\n\t<div id=\"accordion-3255968461\" class=\"accordion-item\">\n\t\t<a id=\"accordion-3255968461-label\" class=\"accordion-title plain\" href=\"#accordion-item-woher-stammen-ihre-samen?\" aria-expanded=\"false\" aria-controls=\"accordion-3255968461-content\">\n\t\t\t<button class=\"toggle\" aria-label=\"Umschalten\"><i class=\"icon-angle-down\" aria-hidden=\"true\"><\/i><\/button>\n\t\t\t<span>Woher stammen Ihre Samen?<\/span>\n\t\t<\/a>\n\t\t<div id=\"accordion-3255968461-content\" class=\"accordion-inner\" aria-labelledby=\"accordion-3255968461-label\">\n\t\t\t\n<p>Wir kaufen von vielen Top-Z\u00fcchtern aus der ganzen Welt. Jeder Z\u00fcchter, von dem wir kaufen, wird getestet und handverlesen, um sicherzustellen, dass unsere Kunden die besten Qualit\u00e4tssamen erhalten. Wenn Sie Informationen zu den Z\u00fcchtern suchen, senden Sie uns bitte eine E-Mail und wir k\u00f6nnen Ihnen mitteilen, woher Ihre interessierende Sorte stammt.<\/p>\n\t\t<\/div>\n\t<\/div>\n\t\n<\/div>\n<div class=\"row\"  id=\"row-379064441\">\n\n\t<div id=\"col-1172932442\" class=\"col small-12 large-12\"  >\n\t\t\t\t<div class=\"col-inner\"  >\n\t\t\t\n\t\t\t\n\t\t<\/div>\n\t\t\t\t\t<\/div>\n\n\t\n<\/div>\n\t\t<\/div>\n\t\t\t\t\t<\/div>\n\n\t\n\n\t<div id=\"col-1385842762\" class=\"col medium-6 small-12 large-6\"  >\n\t\t\t\t<div class=\"col-inner\"  >\n\t\t\t\n\t\t\t\n<h2 class=\"uppercase section-title-main\">Haben Sie eine Frage zu Ihrer Bestellung oder unseren Produkten?<\/h2>\n<p style=\"font-family: Lato,sans-serif;\">Wir sind 24\/7 verf\u00fcgbar, um Ihnen bei jeder Bestellung zu helfen und all Ihre Bed\u00fcrfnisse zu beantworten.<\/p>\n<p style=\"font-family: Lato,sans-serif;\">Wenn Sie sofortige Fragen zu einem Produkt oder Ihrer Bestellung haben, schauen Sie einfach unten rechts auf der Website und Sie finden unseren Chat-Button. Klicken Sie auf dieses Symbol und ein echter Chat-Agent wird all Ihre Fragen beantworten. Bitte beachten Sie, dass wir keine Bots verwenden und die Person, mit der Sie sprechen, echt und bereit ist, Ihnen zu helfen.<\/p>\n<p style=\"font-family: Lato,sans-serif;\">Wenn Sie Fragen zum Anbau oder zu fr\u00fcheren Bestellungen haben, wenden Sie sich bitte per E-Mail an unser B\u00fcropersonal:<\/p>\n<div class=\"row\"  id=\"row-1343314646\">\n\n\t<div id=\"col-1644197164\" class=\"col medium-9 small-12 large-9\"  >\n\t\t\t\t<div class=\"col-inner\"  >\n\t\t\t\n\t\t\t\n<div class=\"row row-collapse\"  id=\"row-1618737833\">\n\n\t<div id=\"col-14768206\" class=\"col medium-10 small-12 large-10\"  >\n\t\t\t\t<div class=\"col-inner\"  >\n\t\t\t\n\t\t\t\n<p><a href=\"mailto:paythefair7@gmail.com\"><i class=\"icon-envelop\"><\/i> paythefair7@gmail.com<\/a><\/p>\n<p><a href=\"mailto:payments@theseedfair.com\"><i class=\"icon-envelop\"><\/i> payments@theseedfair.com<\/a><\/p>\n\t\t<\/div>\n\t\t\t\t\t<\/div>\n\n\t\n<\/div>\n\t\t<\/div>\n\t\t\t\t\n<style>\n#col-1644197164 > .col-inner {\n  margin: 0px 0px -35px 0px;\n}\n<\/style>\n\t<\/div>\n\n\t\n<\/div>\n<p>Wir werden uns umgehend, 7 Tage die Woche, bei Ihnen melden, um sicherzustellen, dass Ihre Bed\u00fcrfnisse erf\u00fcllt werden.<\/p>\n<p>Vielen Dank f\u00fcr Ihre Unterst\u00fctzung!<\/p>\n\t\t<\/div>\n\t\t\t\t\t<\/div>\n\n\t\n<\/div>\n\t\t<\/div>\n\n\t\t\n<style>\n#section_143888945 {\n  padding-top: 25px;\n  padding-bottom: 25px;\n}\n<\/style>\n\t<\/section>\n\t\n\n\t<section class=\"section\" id=\"section_1694710231\">\n\t\t<div class=\"section-bg fill\" >\n\t\t\t\t\t\t\t\t\t\n\t\t\t\n\n\t\t<\/div>\n\n\t\t\n\n\t\t<div class=\"section-content relative\">\n\t\t\t\n<div class=\"container section-title-container\" ><h3 class=\"section-title section-title-normal\"><b aria-hidden=\"true\"><\/b><span class=\"section-title-main\" >GESCH\u00c4FTSINFORMATIONEN<\/span><b aria-hidden=\"true\"><\/b><\/h3><\/div>\n<div class=\"row\"  id=\"row-2010305782\">\n\n\t<div id=\"col-801624432\" class=\"col mb-10 medium-6 small-12 large-6\"  >\n\t\t\t\t<div class=\"col-inner\"  >\n\t\t\t\n\t\t\t\n<h5>Deutscher Standort \u2013 Nur Versand<\/h5>\n<div class=\"row\"  id=\"row-450030059\">\n\n\t<div id=\"col-2071352341\" class=\"col medium-10 small-12 large-10\"  >\n\t\t\t\t<div class=\"col-inner text-left\"  >\n\t\t\t\n\t\t\t\n<p style=\"margin-bottom: 10px;\"><span style=\"font-size: 95%;\">Adresse : Amerigo Vespucci Platz 1, Suite 500, Hamburg, Germany<br \/>\n20457><\/p>\n<p style=\"margin-bottom: 10px;\"><span style=\"font-size: 95%;\">\u00d6ffnungszeiten : 24 Stunden ge\u00f6ffnet<\/span><\/p>\n<p style=\"font-size: 95%;\">E-Mail : <a href=\"mailto:payments@theseedfair.com\">payments@theseedfair.com<\/a><\/p>\n\t\t<\/div>\n\t\t\t\t\n<style>\n#col-2071352341 > .col-inner {\n  padding: 0px 0px 0px 0px;\n  margin: 0px 0px 0 0px;\n}\n<\/style>\n\t<\/div>\n\n\t\n<\/div>\n\t\t<\/div>\n\t\t\t\t\n<style>\n#col-801624432 > .col-inner {\n  padding: 0px 0px 0px0 0px;\n  margin: 0px 0px 0 0px;\n}\n<\/style>\n\t<\/div>\n\n\t\n\n<style>\n#row-2010305782 > .col > .col-inner {\n  padding: 0px 0px 0 0px;\n}\n<\/style>\n<\/div>\n\t\t<\/div>\n\n\t\t\n<style>\n#section_1694710231 {\n  padding-top: 0px;\n  padding-bottom: 0px;\n}\n<\/style>\n\t<\/section>\n\t\n","protected":false},"excerpt":{"rendered":"","protected":false},"author":1,"featured_media":0,"parent":0,"menu_order":0,"comment_status":"closed","ping_status":"closed","template":"page-blank.php","meta":{"_acf_changed":false,"_glsr_average":0,"_glsr_ranking":0,"_glsr_reviews":0,"footnotes":""},"class_list":["post-32","page","type-page","status-publish","hentry"],"acf":[],"aioseo_notices":[],"_links":{"self":[{"href":"https:\/\/theseedfair.com\/de\/wp-json\/wp\/v2\/pages\/32","targetHints":{"allow":["GET"]}}],"collection":[{"href":"https:\/\/theseedfair.com\/de\/wp-json\/wp\/v2\/pages"}],"about":[{"href":"https:\/\/theseedfair.com\/de\/wp-json\/wp\/v2\/types\/page"}],"author":[{"embeddable":true,"href":"https:\/\/theseedfair.com\/de\/wp-json\/wp\/v2\/users\/1"}],"replies":[{"embeddable":true,"href":"https:\/\/theseedfair.com\/de\/wp-json\/wp\/v2\/comments?post=32"}],"version-history":[{"count":10,"href":"https:\/\/theseedfair.com\/de\/wp-json\/wp\/v2\/pages\/32\/revisions"}],"predecessor-version":[{"id":110973,"href":"https:\/\/theseedfair.com\/de\/wp-json\/wp\/v2\/pages\/32\/revisions\/110973"}],"wp:attachment":[{"href":"https:\/\/theseedfair.com\/de\/wp-json\/wp\/v2\/media?parent=32"}],"curies":[{"name":"wp","href":"https:\/\/api.w.org\/{rel}","templated":true}]}}