{"id":72956,"date":"2022-10-21T05:20:47","date_gmt":"2022-10-21T05:20:47","guid":{"rendered":"https:\/\/theseedfair.com\/?page_id=72956"},"modified":"2024-05-23T09:26:08","modified_gmt":"2024-05-23T09:26:08","slug":"haeufig-gestellte-fragen","status":"publish","type":"page","link":"https:\/\/theseedfair.com\/de\/haeufig-gestellte-fragen\/","title":{"rendered":"H\u00e4ufig gestellte Fragen"},"content":{"rendered":"  <div id=\"page-header-289944535\" class=\"page-header-wrapper\">\n  <div class=\"page-title dark featured-title\">\n\n        <div class=\"page-title-bg\">\n      <div class=\"title-bg fill bg-fill\"\n        data-parallax-container=\".page-title\"\n        data-parallax-background\n        data-parallax=\"-\">\n      <\/div>\n      <div class=\"title-overlay fill\"><\/div>\n    <\/div>\n    \n    <div class=\"page-title-inner container align-center flex-row medium-flex-wrap\" >\n              <div class=\"title-wrapper flex-col text-left medium-text-center\">\n          <h1 class=\"entry-title mb-0\">\n            H\u00e4ufig gestellte Fragen          <\/h1>\n        <\/div>\n                    <div class=\"title-content flex-col flex-right text-right medium-text-center\">\n              <\/div>\n    <\/div>\n\n     \n<style>\n#page-header-289944535 .title-bg {\n  background-image: url(https:\/\/theseedfair.com\/wp-content\/uploads\/2021\/09\/photo-1-scaled-e1635931488526.jpg);\n}\n<\/style>\n  <\/div>\n    <\/div>\n  \n\n\t<section class=\"section faq_custom_section\" id=\"section_1406584555\">\n\t\t<div class=\"section-bg fill\" >\n\t\t\t\t\t\t\t\t\t\n\t\t\t\n\n\t\t<\/div>\n\n\t\t\n\n\t\t<div class=\"section-content relative\">\n\t\t\t\n<div class=\"row\"  id=\"row-464671604\">\n\n\t<div id=\"col-1982643772\" class=\"col medium-6 small-12 large-6\"  >\n\t\t\t\t<div class=\"col-inner\"  >\n\t\t\t\n\t\t\t\n<h2 class=\"uppercase section-title-main\">H\u00c4UFIG GESTELLTE FRAGEN<\/h2>\n<h3 class=\"accordion_title\">Bitte lesen Sie unsere FAQ f\u00fcr alle Fragen zu unserem Service<\/h3><div class=\"accordion\">\n\t<div id=\"accordion-4257872562\" class=\"accordion-item\">\n\t\t<a id=\"accordion-4257872562-label\" class=\"accordion-title plain\" href=\"#accordion-item-was-sind-die-liefergeb\u00fchren-f\u00fcr-bestellungen-bei-the-seed-fair?\" aria-expanded=\"false\" aria-controls=\"accordion-4257872562-content\">\n\t\t\t<button class=\"toggle\" aria-label=\"Umschalten\"><i class=\"icon-angle-down\" aria-hidden=\"true\"><\/i><\/button>\n\t\t\t<span>Was sind die Liefergeb\u00fchren f\u00fcr Bestellungen bei The Seed Fair?<\/span>\n\t\t<\/a>\n\t\t<div id=\"accordion-4257872562-content\" class=\"accordion-inner\" aria-labelledby=\"accordion-4257872562-label\">\n\t\t\t\n<p>Wenn Sie eine Bestellung \u00fcber 99 $ aufgegeben haben, erhalten Sie kostenlosen Versand. Wenn Sie unter 99 $ liegen, betragen die Versandkosten f\u00fcr Bestellungen in den USA 10 $ und f\u00fcr Bestellungen in Kanada 10 $.<\/p>\n\t\t<\/div>\n\t<\/div>\n\t\n\t<div id=\"accordion-3555173543\" class=\"accordion-item\">\n\t\t<a id=\"accordion-3555173543-label\" class=\"accordion-title plain\" href=\"#accordion-item-welche-zahlungsmethoden-werden-auf-unserer-website-akzeptiert?\" aria-expanded=\"false\" aria-controls=\"accordion-3555173543-content\">\n\t\t\t<button class=\"toggle\" aria-label=\"Umschalten\"><i class=\"icon-angle-down\" aria-hidden=\"true\"><\/i><\/button>\n\t\t\t<span>Welche Zahlungsmethoden werden auf unserer Website akzeptiert?<\/span>\n\t\t<\/a>\n\t\t<div id=\"accordion-3555173543-content\" class=\"accordion-inner\" aria-labelledby=\"accordion-3555173543-label\">\n\t\t\t\n<p>Wir akzeptieren g\u00e4ngige Kreditkarten, Paypal, Venmo, Zelle, Cash App, E Transfer sowie Bargeld. Bitte pr\u00fcfen Sie alle Optionen an der Kasse und sehen Sie, welche Zahlungsmethoden Ihnen kostenlose Samen bei Ihrer Bestellung bieten!<\/p>\n\t\t<\/div>\n\t<\/div>\n\t\n\t<div id=\"accordion-2132687323\" class=\"accordion-item\">\n\t\t<a id=\"accordion-2132687323-label\" class=\"accordion-title plain\" href=\"#accordion-item-wie-lange-dauert-die-lieferung?\" aria-expanded=\"false\" aria-controls=\"accordion-2132687323-content\">\n\t\t\t<button class=\"toggle\" aria-label=\"Umschalten\"><i class=\"icon-angle-down\" aria-hidden=\"true\"><\/i><\/button>\n\t\t\t<span>Wie lange dauert die Lieferung?<\/span>\n\t\t<\/a>\n\t\t<div id=\"accordion-2132687323-content\" class=\"accordion-inner\" aria-labelledby=\"accordion-2132687323-label\">\n\t\t\t\n<p>Die Lieferzeit betr\u00e4gt je nach Standort 2 bis 10 Tage. Wir bieten Sendungsverfolgung f\u00fcr Bestellungen an.<\/p>\n\t\t<\/div>\n\t<\/div>\n\t\n\t<div id=\"accordion-877058446\" class=\"accordion-item\">\n\t\t<a id=\"accordion-877058446-label\" class=\"accordion-title plain\" href=\"#accordion-item-wie-sichern-sie-meine-transaktion-ab?\" aria-expanded=\"false\" aria-controls=\"accordion-877058446-content\">\n\t\t\t<button class=\"toggle\" aria-label=\"Umschalten\"><i class=\"icon-angle-down\" aria-hidden=\"true\"><\/i><\/button>\n\t\t\t<span>Wie sichern Sie meine Transaktion ab?<\/span>\n\t\t<\/a>\n\t\t<div id=\"accordion-877058446-content\" class=\"accordion-inner\" aria-labelledby=\"accordion-877058446-label\">\n\t\t\t\n<p>Wir gehen auf Nummer sicher und sch\u00fctzen Ihr Browsen und Ihren Einkauf mit HTTPS und 2048-Bit-Verschl\u00fcsselung. Wir l\u00f6schen t\u00e4glich alle Transaktionen auf unserer Website und speichern keine Daten zu Ihrem Browserverlauf oder Ihren Transaktionen.<\/p>\n\t\t<\/div>\n\t<\/div>\n\t\n\t<div id=\"accordion-350616526\" class=\"accordion-item\">\n\t\t<a id=\"accordion-350616526-label\" class=\"accordion-title plain\" href=\"#accordion-item-was-passiert-genau-nach-der-bestellung?\" aria-expanded=\"false\" aria-controls=\"accordion-350616526-content\">\n\t\t\t<button class=\"toggle\" aria-label=\"Umschalten\"><i class=\"icon-angle-down\" aria-hidden=\"true\"><\/i><\/button>\n\t\t\t<span>Was passiert genau nach der Bestellung?<\/span>\n\t\t<\/a>\n\t\t<div id=\"accordion-350616526-content\" class=\"accordion-inner\" aria-labelledby=\"accordion-350616526-label\">\n\t\t\t\n<p>Sobald Sie bestellt haben, erhalten Sie eine Best\u00e4tigungs-E-Mail zur Best\u00e4tigung Ihrer Bestellung. Dann erhalten Sie eine E-Mail zur Best\u00e4tigung des Versanddatums Ihrer Bestellung. Alle Bestellungen werden innerhalb von 24 Stunden versandt. Bitte beachten Sie, dass Sie, wenn Sie Ihre E-Mail nicht sehen, Ihren Junk- oder Spam-Ordner \u00fcberpr\u00fcfen, falls unsere E-Mail dort gelandet ist. Danke!<\/p>\n\t\t<\/div>\n\t<\/div>\n\t\n\t<div id=\"accordion-2856915659\" class=\"accordion-item\">\n\t\t<a id=\"accordion-2856915659-label\" class=\"accordion-title plain\" href=\"#accordion-item-erhalte-ich-eine-rechnung-f\u00fcr-meine-bestellung?\" aria-expanded=\"false\" aria-controls=\"accordion-2856915659-content\">\n\t\t\t<button class=\"toggle\" aria-label=\"Umschalten\"><i class=\"icon-angle-down\" aria-hidden=\"true\"><\/i><\/button>\n\t\t\t<span>Erhalte ich eine Rechnung f\u00fcr meine Bestellung?<\/span>\n\t\t<\/a>\n\t\t<div id=\"accordion-2856915659-content\" class=\"accordion-inner\" aria-labelledby=\"accordion-2856915659-label\">\n\t\t\t\n<p>Ja, Sie erhalten eine Rechnung per E-Mail. Sie k\u00f6nnen sich auch in Ihr Konto einloggen und Ihre Bestellung einsehen.<\/p>\n\t\t<\/div>\n\t<\/div>\n\t\n\t<div id=\"accordion-2972328849\" class=\"accordion-item\">\n\t\t<a id=\"accordion-2972328849-label\" class=\"accordion-title plain\" href=\"#accordion-item-in-welcher-w\u00e4hrung-wird-abgerechnet?\" aria-expanded=\"false\" aria-controls=\"accordion-2972328849-content\">\n\t\t\t<button class=\"toggle\" aria-label=\"Umschalten\"><i class=\"icon-angle-down\" aria-hidden=\"true\"><\/i><\/button>\n\t\t\t<span>In welcher W\u00e4hrung wird abgerechnet?<\/span>\n\t\t<\/a>\n\t\t<div id=\"accordion-2972328849-content\" class=\"accordion-inner\" aria-labelledby=\"accordion-2972328849-label\">\n\t\t\t\n<p>Wenn Sie sich in den USA befinden, erfolgt die Abrechnung in US-Dollar. Wenn Sie aus Kanada bestellen, erfolgt die Abrechnung in kanadischen Dollar.<\/p>\n\t\t<\/div>\n\t<\/div>\n\t\n\t<div id=\"accordion-2826362840\" class=\"accordion-item\">\n\t\t<a id=\"accordion-2826362840-label\" class=\"accordion-title plain\" href=\"#accordion-item-versenden-sie-diskret?\" aria-expanded=\"false\" aria-controls=\"accordion-2826362840-content\">\n\t\t\t<button class=\"toggle\" aria-label=\"Umschalten\"><i class=\"icon-angle-down\" aria-hidden=\"true\"><\/i><\/button>\n\t\t\t<span>Versenden Sie diskret?<\/span>\n\t\t<\/a>\n\t\t<div id=\"accordion-2826362840-content\" class=\"accordion-inner\" aria-labelledby=\"accordion-2826362840-label\">\n\t\t\t\n<p>Ja, alle unsere Bestellungen werden diskret ohne Etiketten auf der Vorderseite des Pakets versandt. Wir m\u00f6chten, dass alle unsere Kunden in Privatsph\u00e4re einkaufen k\u00f6nnen.<\/p>\n\t\t<\/div>\n\t<\/div>\n\t\n\t<div id=\"accordion-1758330001\" class=\"accordion-item\">\n\t\t<a id=\"accordion-1758330001-label\" class=\"accordion-title plain\" href=\"#accordion-item-woher-kommen-ihre-samen?\" aria-expanded=\"false\" aria-controls=\"accordion-1758330001-content\">\n\t\t\t<button class=\"toggle\" aria-label=\"Umschalten\"><i class=\"icon-angle-down\" aria-hidden=\"true\"><\/i><\/button>\n\t\t\t<span>Woher kommen Ihre Samen?<\/span>\n\t\t<\/a>\n\t\t<div id=\"accordion-1758330001-content\" class=\"accordion-inner\" aria-labelledby=\"accordion-1758330001-label\">\n\t\t\t\n<p>Wir kaufen von vielen erstklassigen Z\u00fcchtern auf der ganzen Welt. Jeder Z\u00fcchter, von dem wir kaufen, wird getestet und handverlesen, um sicherzustellen, dass unsere Kunden die besten Qualit\u00e4tssamen erhalten. Wenn Sie Informationen \u00fcber Z\u00fcchter suchen, senden Sie uns bitte eine E-Mail, und wir k\u00f6nnen Ihnen mitteilen, woher Ihr Interessensstamm kommt.<\/p>\n\t\t<\/div>\n\t<\/div>\n\t\n\t<div id=\"accordion-4285329329\" class=\"accordion-item\">\n\t\t<a id=\"accordion-4285329329-label\" class=\"accordion-title plain\" href=\"#accordion-item-was-ist-ihre-r\u00fcckerstattungsrichtlinie?\" aria-expanded=\"false\" aria-controls=\"accordion-4285329329-content\">\n\t\t\t<button class=\"toggle\" aria-label=\"Umschalten\"><i class=\"icon-angle-down\" aria-hidden=\"true\"><\/i><\/button>\n\t\t\t<span>Was ist Ihre R\u00fcckerstattungsrichtlinie?<\/span>\n\t\t<\/a>\n\t\t<div id=\"accordion-4285329329-content\" class=\"accordion-inner\" aria-labelledby=\"accordion-4285329329-label\">\n\t\t\t\n<p>Unsere R\u00fcckerstattungsrichtlinie basiert auf einigen Bedingungen. Erstens, wenn Ihre Bestellung vollst\u00e4ndig besch\u00e4digt angekommen ist, senden wir Ihnen kostenlos eine neue Bestellung zu oder erstatten Ihre Bestellung. Zweitens, wenn Ihr Produkt nach vollst\u00e4ndiger Anleitung nicht gekeimt ist, erstatten wir Ihr Produkt oder senden Ihnen weitere Samen zur Unterst\u00fctzung.<\/p>\n\t\t<\/div>\n\t<\/div>\n\t\n<\/div>\n\t\t<\/div>\n\t\t\t\t\t<\/div>\n\n\t\n\n\t<div id=\"col-296241093\" class=\"col medium-6 small-12 large-6\"  >\n\t\t\t\t<div class=\"col-inner\"  >\n\t\t\t\n\t\t\t\n<h2 class=\"uppercase section-title-main\">Haben Sie eine Frage zu Ihrer Bestellung oder unseren Produkten?<\/h2>\n<p>Wir sind 7 Tage die Woche 24 Stunden am Tag f\u00fcr alle Ihre Fragen und Bed\u00fcrfnisse erreichbar.<\/p>\n<p>Wenn Sie sofortige Fragen haben, schauen Sie einfach unten rechts nach und Sie finden unsere Chat-Schaltfl\u00e4che. Klicken Sie einfach darauf, und ein echter Agent wird Ihnen antworten. Wir verwenden keine Chat-Bots, daher nutzen Sie unseren Chat-Service optimal.<\/p>\n<p>Wenn Sie Fragen zum Anbau oder zu fr\u00fcheren Bestellungen haben, senden Sie bitte eine E-Mail an unser Hauptb\u00fcropersonal:<\/p>\n<p><a href=\"mailto:paythefair7@gmail.com\"><i class=\"icon-envelop\"><\/i> \u00a0\u00a0Paythefair7@gmail.com<\/a><br \/>\n<a href=\"mailto:payments@theseedfair.com\"><i class=\"icon-envelop\"><\/i> \u00a0\u00a0Payments@theseedfair.com<\/a><\/p>\n<p>Wir werden uns umgehend bei Ihnen melden, um sicherzustellen, dass Ihre Bed\u00fcrfnisse erf\u00fcllt werden.<\/p>\n<p>Vielen Dank f\u00fcr Ihre Unterst\u00fctzung!<\/p>\n<p>&nbsp;<\/p>\n\t\t<\/div>\n\t\t\t\t\t<\/div>\n\n\t\n<\/div>\n\t\t<\/div>\n\n\t\t\n<style>\n#section_1406584555 {\n  padding-top: 25px;\n  padding-bottom: 25px;\n}\n<\/style>\n\t<\/section>\n\t\n\n\t<section class=\"section\" id=\"section_1902839281\">\n\t\t<div class=\"section-bg fill\" >\n\t\t\t\t\t\t\t\t\t\n\t\t\t\n\n\t\t<\/div>\n\n\t\t\n\n\t\t<div class=\"section-content relative\">\n\t\t\t\n\t\t<\/div>\n\n\t\t\n<style>\n#section_1902839281 {\n  padding-top: 0px;\n  padding-bottom: 0px;\n}\n<\/style>\n\t<\/section>\n\t\n","protected":false},"excerpt":{"rendered":"","protected":false},"author":1,"featured_media":0,"parent":0,"menu_order":0,"comment_status":"closed","ping_status":"closed","template":"page-blank.php","meta":{"_acf_changed":false,"_glsr_average":0,"_glsr_ranking":0,"_glsr_reviews":0,"footnotes":""},"class_list":["post-72956","page","type-page","status-publish","hentry"],"acf":[],"aioseo_notices":[],"_links":{"self":[{"href":"https:\/\/theseedfair.com\/de\/wp-json\/wp\/v2\/pages\/72956","targetHints":{"allow":["GET"]}}],"collection":[{"href":"https:\/\/theseedfair.com\/de\/wp-json\/wp\/v2\/pages"}],"about":[{"href":"https:\/\/theseedfair.com\/de\/wp-json\/wp\/v2\/types\/page"}],"author":[{"embeddable":true,"href":"https:\/\/theseedfair.com\/de\/wp-json\/wp\/v2\/users\/1"}],"replies":[{"embeddable":true,"href":"https:\/\/theseedfair.com\/de\/wp-json\/wp\/v2\/comments?post=72956"}],"version-history":[{"count":2,"href":"https:\/\/theseedfair.com\/de\/wp-json\/wp\/v2\/pages\/72956\/revisions"}],"predecessor-version":[{"id":110435,"href":"https:\/\/theseedfair.com\/de\/wp-json\/wp\/v2\/pages\/72956\/revisions\/110435"}],"wp:attachment":[{"href":"https:\/\/theseedfair.com\/de\/wp-json\/wp\/v2\/media?parent=72956"}],"curies":[{"name":"wp","href":"https:\/\/api.w.org\/{rel}","templated":true}]}}