{"id":72960,"date":"2022-10-21T05:22:43","date_gmt":"2022-10-21T05:22:43","guid":{"rendered":"https:\/\/theseedfair.com\/?page_id=72960"},"modified":"2024-06-12T09:07:35","modified_gmt":"2024-06-12T09:07:35","slug":"zahlungsinformationen","status":"publish","type":"page","link":"https:\/\/theseedfair.com\/de\/zahlungsinformationen\/","title":{"rendered":"Zahlungsinformationen"},"content":{"rendered":"  <div id=\"page-header-2061818833\" class=\"page-header-wrapper\">\n  <div class=\"page-title dark featured-title\">\n\n        <div class=\"page-title-bg\">\n      <div class=\"title-bg fill bg-fill\"\n        data-parallax-container=\".page-title\"\n        data-parallax-background\n        data-parallax=\"-\">\n      <\/div>\n      <div class=\"title-overlay fill\"><\/div>\n    <\/div>\n    \n    <div class=\"page-title-inner container align-center flex-row medium-flex-wrap\" >\n              <div class=\"title-wrapper flex-col text-left medium-text-center\">\n          <h1 class=\"entry-title mb-0\">\n            Zahlungsinformationen          <\/h1>\n        <\/div>\n                    <div class=\"title-content flex-col flex-right text-right medium-text-center\">\n              <\/div>\n    <\/div>\n\n     \n<style>\n#page-header-2061818833 .title-bg {\n  background-image: url(https:\/\/theseedfair.com\/wp-content\/uploads\/2021\/09\/photo-1-scaled-e1635931488526.jpg);\n}\n<\/style>\n  <\/div>\n    <\/div>\n  \n\n\t<section class=\"section\" id=\"section_1751124340\">\n\t\t<div class=\"section-bg fill\" >\n\t\t\t\t\t\t\t\t\t\n\t\t\t\n\n\t\t<\/div>\n\n\t\t\n\n\t\t<div class=\"section-content relative\">\n\t\t\t\n<div class=\"row\"  id=\"row-153923848\">\n\n\t<div id=\"col-249022731\" class=\"col medium-6 small-12 large-6\"  >\n\t\t\t\t<div class=\"col-inner\"  >\n\t\t\t\n\t\t\t\n<div class=\"container section-title-container\" ><h3 class=\"section-title section-title-normal\"><b aria-hidden=\"true\"><\/b><span class=\"section-title-main\" >H\u00c4UFIG GESTELLTE FRAGEN<\/span><b aria-hidden=\"true\"><\/b><\/h3><\/div>\n<h3 class=\"accordion_title\">Bitte lesen Sie unser FAQ f\u00fcr alle Fragen zu Zahlungen<\/h3><div class=\"accordion\">\n\t<div id=\"accordion-602157042\" class=\"accordion-item\">\n\t\t<a id=\"accordion-602157042-label\" class=\"accordion-title plain\" href=\"#accordion-item-welche-zahlungsmethoden-werden-auf-unserer-website-akzeptiert?\" aria-expanded=\"false\" aria-controls=\"accordion-602157042-content\">\n\t\t\t<button class=\"toggle\" aria-label=\"Umschalten\"><i class=\"icon-angle-down\" aria-hidden=\"true\"><\/i><\/button>\n\t\t\t<span>Welche Zahlungsmethoden werden auf unserer Website akzeptiert?<\/span>\n\t\t<\/a>\n\t\t<div id=\"accordion-602157042-content\" class=\"accordion-inner\" aria-labelledby=\"accordion-602157042-label\">\n\t\t\t\n<p>Wir akzeptieren g\u00e4ngige Kreditkarten, Paypal, Venmo, Zelle, Cash App, E-Transfer und Bargeld. \u00dcberpr\u00fcfen Sie alle Optionen beim Checkout und sehen Sie, welche Zahlungsmethoden Ihnen kostenlose Samen bei Ihrer Bestellung bieten!<\/p>\n\t\t<\/div>\n\t<\/div>\n\t\n\t<div id=\"accordion-4248155341\" class=\"accordion-item\">\n\t\t<a id=\"accordion-4248155341-label\" class=\"accordion-title plain\" href=\"#accordion-item-warum-wurde-meine-kreditkarte-nicht-verarbeitet?\" aria-expanded=\"false\" aria-controls=\"accordion-4248155341-content\">\n\t\t\t<button class=\"toggle\" aria-label=\"Umschalten\"><i class=\"icon-angle-down\" aria-hidden=\"true\"><\/i><\/button>\n\t\t\t<span>Warum wurde meine Kreditkarte nicht verarbeitet?<\/span>\n\t\t<\/a>\n\t\t<div id=\"accordion-4248155341-content\" class=\"accordion-inner\" aria-labelledby=\"accordion-4248155341-label\">\n\t\t\t\n<p>Bitte beachten Sie, dass wir bei der Verarbeitung Ihrer Kreditkarte auf unserer Website keine Debitkarten oder Prepaid-Karten akzeptieren. Wir akzeptieren nur g\u00e4ngige Kreditkarten.<\/p>\n\t\t<\/div>\n\t<\/div>\n\t\n\t<div id=\"accordion-2997035155\" class=\"accordion-item\">\n\t\t<a id=\"accordion-2997035155-label\" class=\"accordion-title plain\" href=\"#accordion-item-wohin-sende-ich-meine-zahlung-per-zelle,-venmo-oder-cash-app?\" aria-expanded=\"false\" aria-controls=\"accordion-2997035155-content\">\n\t\t\t<button class=\"toggle\" aria-label=\"Umschalten\"><i class=\"icon-angle-down\" aria-hidden=\"true\"><\/i><\/button>\n\t\t\t<span>Wohin sende ich meine Zahlung per Zelle, Venmo oder Cash App?<\/span>\n\t\t<\/a>\n\t\t<div id=\"accordion-2997035155-content\" class=\"accordion-inner\" aria-labelledby=\"accordion-2997035155-label\">\n\t\t\t\n<p>Nachdem Sie Ihre Bestellung vollst\u00e4ndig abgeschlossen haben, wird eine Best\u00e4tigungsseite angezeigt, auf der genau angegeben wird, wohin Sie Ihre Zahlung per Zelle, Venmo und Cash App senden sollen. Dies h\u00e4ngt davon ab, welche Zahlungsmethode Sie gew\u00e4hlt haben.<\/p>\n\t\t<\/div>\n\t<\/div>\n\t\n\t<div id=\"accordion-839117952\" class=\"accordion-item\">\n\t\t<a id=\"accordion-839117952-label\" class=\"accordion-title plain\" href=\"#accordion-item-wie-sichern-sie-meine-transaktion-ab?\" aria-expanded=\"false\" aria-controls=\"accordion-839117952-content\">\n\t\t\t<button class=\"toggle\" aria-label=\"Umschalten\"><i class=\"icon-angle-down\" aria-hidden=\"true\"><\/i><\/button>\n\t\t\t<span>Wie sichern Sie meine Transaktion ab?<\/span>\n\t\t<\/a>\n\t\t<div id=\"accordion-839117952-content\" class=\"accordion-inner\" aria-labelledby=\"accordion-839117952-label\">\n\t\t\t\n<p>Wir sichern Ihr Browsen und Ihre Eink\u00e4ufe mit HTTPS und 2048-Bit-Verschl\u00fcsselung ab. Wir l\u00f6schen t\u00e4glich alle Transaktionen auf unserer Website und speichern keine Aufzeichnungen \u00fcber das Browsen oder Transaktionen.<\/p>\n\t\t<\/div>\n\t<\/div>\n\t\n\t<div id=\"accordion-1902334042\" class=\"accordion-item\">\n\t\t<a id=\"accordion-1902334042-label\" class=\"accordion-title plain\" href=\"#accordion-item-was-genau-passiert-nach-der-bestellung?\" aria-expanded=\"false\" aria-controls=\"accordion-1902334042-content\">\n\t\t\t<button class=\"toggle\" aria-label=\"Umschalten\"><i class=\"icon-angle-down\" aria-hidden=\"true\"><\/i><\/button>\n\t\t\t<span>Was genau passiert nach der Bestellung?<\/span>\n\t\t<\/a>\n\t\t<div id=\"accordion-1902334042-content\" class=\"accordion-inner\" aria-labelledby=\"accordion-1902334042-label\">\n\t\t\t\n<p>Sobald Sie bestellt haben, erhalten Sie eine Best\u00e4tigungs-E-Mail zur Best\u00e4tigung Ihrer Bestellung. Dann erhalten Sie eine E-Mail zur Best\u00e4tigung, wann Ihre Bestellung versendet wird. Alle Bestellungen werden innerhalb von 24 Stunden versendet. Bitte beachten Sie, dass Sie, falls Sie Ihre E-Mail nicht sehen, den Junk-E-Mail- oder Spam-Ordner \u00fcberpr\u00fcfen sollten, falls unsere E-Mail dort gelandet ist. Danke!<\/p>\n\t\t<\/div>\n\t<\/div>\n\t\n\t<div id=\"accordion-2990127219\" class=\"accordion-item\">\n\t\t<a id=\"accordion-2990127219-label\" class=\"accordion-title plain\" href=\"#accordion-item-erhalte-ich-eine-rechnung-f\u00fcr-meine-bestellung?\" aria-expanded=\"false\" aria-controls=\"accordion-2990127219-content\">\n\t\t\t<button class=\"toggle\" aria-label=\"Umschalten\"><i class=\"icon-angle-down\" aria-hidden=\"true\"><\/i><\/button>\n\t\t\t<span>Erhalte ich eine Rechnung f\u00fcr meine Bestellung?<\/span>\n\t\t<\/a>\n\t\t<div id=\"accordion-2990127219-content\" class=\"accordion-inner\" aria-labelledby=\"accordion-2990127219-label\">\n\t\t\t\n<p>Ja, Sie erhalten eine Rechnung per E-Mail und Sie k\u00f6nnen sich auch in Ihr Konto einloggen und Ihre Bestellung einsehen.<\/p>\n\t\t<\/div>\n\t<\/div>\n\t\n\t<div id=\"accordion-2936630221\" class=\"accordion-item\">\n\t\t<a id=\"accordion-2936630221-label\" class=\"accordion-title plain\" href=\"#accordion-item-in-welcher-w\u00e4hrung-wird-mir-die-rechnung-gestellt?\" aria-expanded=\"false\" aria-controls=\"accordion-2936630221-content\">\n\t\t\t<button class=\"toggle\" aria-label=\"Umschalten\"><i class=\"icon-angle-down\" aria-hidden=\"true\"><\/i><\/button>\n\t\t\t<span>In welcher W\u00e4hrung wird mir die Rechnung gestellt?<\/span>\n\t\t<\/a>\n\t\t<div id=\"accordion-2936630221-content\" class=\"accordion-inner\" aria-labelledby=\"accordion-2936630221-label\">\n\t\t\t\n<p>Wenn Sie sich in den USA befinden, wird Ihre Rechnung in US-Dollar ausgestellt. Wenn Sie aus Kanada bestellen, wird Ihre Rechnung in kanadischen Dollar ausgestellt.<\/p>\n\t\t<\/div>\n\t<\/div>\n\t\n<\/div>\n\t\t<\/div>\n\t\t\t\t\t<\/div>\n\n\t\n\n\t<div id=\"col-881321471\" class=\"col medium-6 small-12 large-6\"  >\n\t\t\t\t<div class=\"col-inner\"  >\n\t\t\t\n\t\t\t\n<div class=\"container section-title-container\" ><h3 class=\"section-title section-title-normal\"><b aria-hidden=\"true\"><\/b><span class=\"section-title-main\" >Haben Sie eine Frage zu Ihrer Bestellung oder unseren Produkten?<\/span><b aria-hidden=\"true\"><\/b><\/h3><\/div>\n<p>Wir sind 7 Tage die Woche 24 Stunden am Tag f\u00fcr alle Ihre Fragen und Bed\u00fcrfnisse verf\u00fcgbar.<\/p>\n<p>Wenn Sie sofortige Fragen haben, schauen Sie einfach unten rechts nach und Sie finden unseren Chat-Button. Klicken Sie einfach darauf und ein echter Agent wird Ihnen antworten. Wir verwenden keine Chatbots, nutzen Sie also unseren Chat-Service.<\/p>\n<p>Wenn Sie Fragen zum Anbau oder zu fr\u00fcheren Bestellungen haben, senden Sie bitte eine E-Mail an unser Hauptb\u00fcropersonal:<\/p>\n<p>paythefair7@gmail.com oder payments@theseedfair.com<\/p>\n<p>Wir werden uns umgehend bei Ihnen melden, 7 Tage die Woche, um sicherzustellen, dass Ihre Bed\u00fcrfnisse erf\u00fcllt werden.<\/p>\n<p>Vielen Dank f\u00fcr Ihre Unterst\u00fctzung!<\/p>\n\t\t<\/div>\n\t\t\t\t\t<\/div>\n\n\t\n<\/div>\n\t\t<\/div>\n\n\t\t\n<style>\n#section_1751124340 {\n  padding-top: 25px;\n  padding-bottom: 25px;\n}\n<\/style>\n\t<\/section>\n\t\n\n\t<section class=\"section\" id=\"section_201786763\">\n\t\t<div class=\"section-bg fill\" >\n\t\t\t\t\t\t\t\t\t\n\t\t\t\n\n\t\t<\/div>\n\n\t\t\n\n\t\t<div class=\"section-content relative\">\n\t\t\t\n\t\t<\/div>\n\n\t\t\n<style>\n#section_201786763 {\n  padding-top: 0px;\n  padding-bottom: 0px;\n}\n<\/style>\n\t<\/section>\n\t\n","protected":false},"excerpt":{"rendered":"","protected":false},"author":1,"featured_media":0,"parent":0,"menu_order":0,"comment_status":"closed","ping_status":"closed","template":"page-blank.php","meta":{"_acf_changed":false,"_glsr_average":0,"_glsr_ranking":0,"_glsr_reviews":0,"footnotes":""},"class_list":["post-72960","page","type-page","status-publish","hentry"],"acf":[],"aioseo_notices":[],"_links":{"self":[{"href":"https:\/\/theseedfair.com\/de\/wp-json\/wp\/v2\/pages\/72960","targetHints":{"allow":["GET"]}}],"collection":[{"href":"https:\/\/theseedfair.com\/de\/wp-json\/wp\/v2\/pages"}],"about":[{"href":"https:\/\/theseedfair.com\/de\/wp-json\/wp\/v2\/types\/page"}],"author":[{"embeddable":true,"href":"https:\/\/theseedfair.com\/de\/wp-json\/wp\/v2\/users\/1"}],"replies":[{"embeddable":true,"href":"https:\/\/theseedfair.com\/de\/wp-json\/wp\/v2\/comments?post=72960"}],"version-history":[{"count":1,"href":"https:\/\/theseedfair.com\/de\/wp-json\/wp\/v2\/pages\/72960\/revisions"}],"predecessor-version":[{"id":110425,"href":"https:\/\/theseedfair.com\/de\/wp-json\/wp\/v2\/pages\/72960\/revisions\/110425"}],"wp:attachment":[{"href":"https:\/\/theseedfair.com\/de\/wp-json\/wp\/v2\/media?parent=72960"}],"curies":[{"name":"wp","href":"https:\/\/api.w.org\/{rel}","templated":true}]}}