{"id":72964,"date":"2022-10-21T05:25:04","date_gmt":"2022-10-21T05:25:04","guid":{"rendered":"https:\/\/theseedfair.com\/?page_id=72964"},"modified":"2024-06-12T09:05:54","modified_gmt":"2024-06-12T09:05:54","slug":"versand-lieferung","status":"publish","type":"page","link":"https:\/\/theseedfair.com\/de\/versand-lieferung\/","title":{"rendered":"Versand und Lieferung"},"content":{"rendered":"  <div id=\"page-header-806674257\" class=\"page-header-wrapper\">\n  <div class=\"page-title dark featured-title\">\n\n        <div class=\"page-title-bg\">\n      <div class=\"title-bg fill bg-fill\"\n        data-parallax-container=\".page-title\"\n        data-parallax-background\n        data-parallax=\"-\">\n      <\/div>\n      <div class=\"title-overlay fill\"><\/div>\n    <\/div>\n    \n    <div class=\"page-title-inner container align-center flex-row medium-flex-wrap\" >\n              <div class=\"title-wrapper flex-col text-left medium-text-center\">\n          <h1 class=\"entry-title mb-0\">\n            Versand und Lieferung          <\/h1>\n        <\/div>\n                    <div class=\"title-content flex-col flex-right text-right medium-text-center\">\n              <\/div>\n    <\/div>\n\n     \n<style>\n#page-header-806674257 .title-bg {\n  background-image: url(https:\/\/theseedfair.com\/wp-content\/uploads\/2021\/09\/photo-1-scaled-e1635931488526.jpg);\n}\n<\/style>\n  <\/div>\n    <\/div>\n  \n\n\t<section class=\"section\" id=\"section_1829257411\">\n\t\t<div class=\"section-bg fill\" >\n\t\t\t\t\t\t\t\t\t\n\t\t\t\n\n\t\t<\/div>\n\n\t\t\n\n\t\t<div class=\"section-content relative\">\n\t\t\t\n<div class=\"row\"  id=\"row-1094389590\">\n\n\t<div id=\"col-1218296017\" class=\"col medium-6 small-12 large-6\"  >\n\t\t\t\t<div class=\"col-inner\"  >\n\t\t\t\n\t\t\t\n<div class=\"container section-title-container\" ><h3 class=\"section-title section-title-normal\"><b aria-hidden=\"true\"><\/b><span class=\"section-title-main\" >H\u00c4UFIG GESTELLTE FRAGEN<\/span><b aria-hidden=\"true\"><\/b><\/h3><\/div>\n<h3 class=\"accordion_title\">Bitte lesen Sie unser FAQ f\u00fcr alle Fragen zu Versand und Lieferung<\/h3><div class=\"accordion\">\n\t<div id=\"accordion-903864925\" class=\"accordion-item\">\n\t\t<a id=\"accordion-903864925-label\" class=\"accordion-title plain\" href=\"#accordion-item-was-sind-die-versandkosten-f\u00fcr-bestellungen-bei-the-seed-fair?\" aria-expanded=\"false\" aria-controls=\"accordion-903864925-content\">\n\t\t\t<button class=\"toggle\" aria-label=\"Umschalten\"><i class=\"icon-angle-down\" aria-hidden=\"true\"><\/i><\/button>\n\t\t\t<span>Was sind die Versandkosten f\u00fcr Bestellungen bei The Seed Fair?<\/span>\n\t\t<\/a>\n\t\t<div id=\"accordion-903864925-content\" class=\"accordion-inner\" aria-labelledby=\"accordion-903864925-label\">\n\t\t\t\n<p>Wenn Sie eine Bestellung \u00fcber 100 \u20ac get\u00e4tigt haben, erhalten Sie kostenlosen Versand. Wenn Sie unter 100 \u20ac bestellen, betragen die Versandkosten f\u00fcr Bestellungen in den USA 10 \u20ac und f\u00fcr Bestellungen in Kanada ebenfalls 10 \u20ac.<\/p>\n\t\t<\/div>\n\t<\/div>\n\t\n\t<div id=\"accordion-3748407806\" class=\"accordion-item\">\n\t\t<a id=\"accordion-3748407806-label\" class=\"accordion-title plain\" href=\"#accordion-item-wie-lange-dauert-es,-bis-ich-meine-bestellung-erhalte?\" aria-expanded=\"false\" aria-controls=\"accordion-3748407806-content\">\n\t\t\t<button class=\"toggle\" aria-label=\"Umschalten\"><i class=\"icon-angle-down\" aria-hidden=\"true\"><\/i><\/button>\n\t\t\t<span>Wie lange dauert es, bis ich meine Bestellung erhalte?<\/span>\n\t\t<\/a>\n\t\t<div id=\"accordion-3748407806-content\" class=\"accordion-inner\" aria-labelledby=\"accordion-3748407806-label\">\n\t\t\t\n<p>Die Lieferzeiten Ihrer Bestellung h\u00e4ngen von Ihrem Standort in den USA oder Kanada ab. Bestellungen in den USA dauern etwa 3 bis 7 Tage. Bestellungen in Kanada dauern etwa 3 bis 10 Tage.<\/p>\n\t\t<\/div>\n\t<\/div>\n\t\n\t<div id=\"accordion-4222800243\" class=\"accordion-item\">\n\t\t<a id=\"accordion-4222800243-label\" class=\"accordion-title plain\" href=\"#accordion-item-von-wo-aus-versenden-sie?\" aria-expanded=\"false\" aria-controls=\"accordion-4222800243-content\">\n\t\t\t<button class=\"toggle\" aria-label=\"Umschalten\"><i class=\"icon-angle-down\" aria-hidden=\"true\"><\/i><\/button>\n\t\t\t<span>Von wo aus versenden Sie?<\/span>\n\t\t<\/a>\n\t\t<div id=\"accordion-4222800243-content\" class=\"accordion-inner\" aria-labelledby=\"accordion-4222800243-label\">\n\t\t\t\n<p>Wenn Sie aus den USA bestellt haben, haben wir \u00fcber 8 Versandstandorte in den USA. Ihre Bestellung wird daher sehr schnell geliefert. Wenn Sie in Kanada sind, haben wir einen Versandstandort in Vancouver.<\/p>\n\t\t<\/div>\n\t<\/div>\n\t\n\t<div id=\"accordion-1353060257\" class=\"accordion-item\">\n\t\t<a id=\"accordion-1353060257-label\" class=\"accordion-title plain\" href=\"#accordion-item-erhalte-ich-eine-sendungsverfolgung-f\u00fcr-meine-bestellung?\" aria-expanded=\"false\" aria-controls=\"accordion-1353060257-content\">\n\t\t\t<button class=\"toggle\" aria-label=\"Umschalten\"><i class=\"icon-angle-down\" aria-hidden=\"true\"><\/i><\/button>\n\t\t\t<span>Erhalte ich eine Sendungsverfolgung f\u00fcr meine Bestellung?<\/span>\n\t\t<\/a>\n\t\t<div id=\"accordion-1353060257-content\" class=\"accordion-inner\" aria-labelledby=\"accordion-1353060257-label\">\n\t\t\t\n<p>Ja, wenn Sie aus den USA bestellt haben, erhalten Sie eine Sendungsverfolgung per E-Mail von uns. Bitte \u00fcberpr\u00fcfen Sie auch Ihren Junk- oder Spam-Ordner, falls unsere E-Mails dort landen. Wir verwenden USPS und stellen eine Sendungsverfolgung f\u00fcr Ihre Bestellung bereit. F\u00fcr Bestellungen in Kanada bieten wir keine Sendungsverfolgung an, da wir Canada Post verwenden. Canada Post verlangt zus\u00e4tzlich 15 \u20ac pro Bestellung f\u00fcr die Sendungsverfolgung. Da Canada Post zuverl\u00e4ssig ist, werden alle Bestellungen ohne Probleme zugestellt.<\/p>\n\t\t<\/div>\n\t<\/div>\n\t\n\t<div id=\"accordion-1751628502\" class=\"accordion-item\">\n\t\t<a id=\"accordion-1751628502-label\" class=\"accordion-title plain\" href=\"#accordion-item-sind-die-samen-beim-versand-gesch\u00fctzt?\" aria-expanded=\"false\" aria-controls=\"accordion-1751628502-content\">\n\t\t\t<button class=\"toggle\" aria-label=\"Umschalten\"><i class=\"icon-angle-down\" aria-hidden=\"true\"><\/i><\/button>\n\t\t\t<span>Sind die Samen beim Versand gesch\u00fctzt?<\/span>\n\t\t<\/a>\n\t\t<div id=\"accordion-1751628502-content\" class=\"accordion-inner\" aria-labelledby=\"accordion-1751628502-label\">\n\t\t\t\n<p>Ja, Ihre Samen sind in Ihrer Bestellung gut gesch\u00fctzt. Wir ergreifen zus\u00e4tzliche Ma\u00dfnahmen, um sicherzustellen, dass Ihre Samen perfekt ankommen. Extra Sicherheit im Paket sowie Schutz vor Strahlung durch Scanner in der Post.<\/p>\n\t\t<\/div>\n\t<\/div>\n\t\n\t<div id=\"accordion-2188979675\" class=\"accordion-item\">\n\t\t<a id=\"accordion-2188979675-label\" class=\"accordion-title plain\" href=\"#accordion-item-erhalte-ich-eine-rechnung-f\u00fcr-meine-bestellung?\" aria-expanded=\"false\" aria-controls=\"accordion-2188979675-content\">\n\t\t\t<button class=\"toggle\" aria-label=\"Umschalten\"><i class=\"icon-angle-down\" aria-hidden=\"true\"><\/i><\/button>\n\t\t\t<span>Erhalte ich eine Rechnung f\u00fcr meine Bestellung?<\/span>\n\t\t<\/a>\n\t\t<div id=\"accordion-2188979675-content\" class=\"accordion-inner\" aria-labelledby=\"accordion-2188979675-label\">\n\t\t\t\n<p>Ja, Sie erhalten eine Rechnung per E-Mail und Sie k\u00f6nnen sich auch in Ihr Konto einloggen und Ihre Bestellung einsehen.<\/p>\n\t\t<\/div>\n\t<\/div>\n\t\n\t<div id=\"accordion-5064361\" class=\"accordion-item\">\n\t\t<a id=\"accordion-5064361-label\" class=\"accordion-title plain\" href=\"#accordion-item-versenden-sie-diskret?\" aria-expanded=\"false\" aria-controls=\"accordion-5064361-content\">\n\t\t\t<button class=\"toggle\" aria-label=\"Umschalten\"><i class=\"icon-angle-down\" aria-hidden=\"true\"><\/i><\/button>\n\t\t\t<span>Versenden Sie diskret?<\/span>\n\t\t<\/a>\n\t\t<div id=\"accordion-5064361-content\" class=\"accordion-inner\" aria-labelledby=\"accordion-5064361-label\">\n\t\t\t\n<p>Ja, alle unsere Bestellungen werden diskret ohne Etiketten auf der Vorderseite des Pakets versendet. Wir m\u00f6chten, dass alle unsere Kunden privat einkaufen k\u00f6nnen.<\/p>\n\t\t<\/div>\n\t<\/div>\n\t\n\t<div id=\"accordion-3445266550\" class=\"accordion-item\">\n\t\t<a id=\"accordion-3445266550-label\" class=\"accordion-title plain\" href=\"#accordion-item-ich-habe-meine-bestellung-noch-nicht-erhalten?\" aria-expanded=\"false\" aria-controls=\"accordion-3445266550-content\">\n\t\t\t<button class=\"toggle\" aria-label=\"Umschalten\"><i class=\"icon-angle-down\" aria-hidden=\"true\"><\/i><\/button>\n\t\t\t<span>Ich habe meine Bestellung noch nicht erhalten?<\/span>\n\t\t<\/a>\n\t\t<div id=\"accordion-3445266550-content\" class=\"accordion-inner\" aria-labelledby=\"accordion-3445266550-label\">\n\t\t\t\n<p>Wenn Sie Ihre Bestellung noch nicht erhalten haben, senden Sie uns bitte eine E-Mail an paythefair7@gmail.com und wir verfolgen Ihre Bestellung und informieren Sie per E-Mail. Unser Team ist rund um die Uhr verf\u00fcgbar.<\/p>\n\t\t<\/div>\n\t<\/div>\n\t\n<\/div>\n\t\t<\/div>\n\t\t\t\t\t<\/div>\n\n\t\n\n\t<div id=\"col-232785986\" class=\"col medium-6 small-12 large-6\"  >\n\t\t\t\t<div class=\"col-inner\"  >\n\t\t\t\n\t\t\t\n<div class=\"container section-title-container\" ><h3 class=\"section-title section-title-normal\"><b aria-hidden=\"true\"><\/b><span class=\"section-title-main\" >Haben Sie eine Frage zu Ihrer Bestellung oder unseren Produkten?<\/span><b aria-hidden=\"true\"><\/b><\/h3><\/div>\n<p>Wir sind 7 Tage die Woche 24 Stunden am Tag f\u00fcr alle Ihre Fragen und Bed\u00fcrfnisse verf\u00fcgbar.<\/p>\n<p>Wenn Sie sofortige Fragen haben, schauen Sie einfach unten rechts nach und Sie finden unseren Chat-Button. Klicken Sie einfach darauf und ein echter Agent wird Ihnen antworten. Wir verwenden keine Chatbots, nutzen Sie also unseren Chat-Service.<\/p>\n<p>Wenn Sie Fragen zum Anbau oder zu fr\u00fcheren Bestellungen haben, senden Sie bitte eine E-Mail an unser Hauptb\u00fcropersonal:<\/p>\n<p>paythefair7@gmail.com oder payments@theseedfair.com<\/p>\n<p>Wir werden uns umgehend bei Ihnen melden, 7 Tage die Woche, um sicherzustellen, dass Ihre Bed\u00fcrfnisse erf\u00fcllt werden.<\/p>\n<p>Vielen Dank f\u00fcr Ihre Unterst\u00fctzung!<\/p>\n\t\t<\/div>\n\t\t\t\t\t<\/div>\n\n\t\n<\/div>\n\t\t<\/div>\n\n\t\t\n<style>\n#section_1829257411 {\n  padding-top: 25px;\n  padding-bottom: 25px;\n}\n<\/style>\n\t<\/section>\n\t\n\n\t<section class=\"section\" id=\"section_277127455\">\n\t\t<div class=\"section-bg fill\" >\n\t\t\t\t\t\t\t\t\t\n\t\t\t\n\n\t\t<\/div>\n\n\t\t\n\n\t\t<div class=\"section-content relative\">\n\t\t\t\n\t\t<\/div>\n\n\t\t\n<style>\n#section_277127455 {\n  padding-top: 0px;\n  padding-bottom: 0px;\n}\n<\/style>\n\t<\/section>\n\t\n","protected":false},"excerpt":{"rendered":"","protected":false},"author":1,"featured_media":0,"parent":0,"menu_order":0,"comment_status":"closed","ping_status":"closed","template":"page-blank.php","meta":{"_acf_changed":false,"_glsr_average":0,"_glsr_ranking":0,"_glsr_reviews":0,"footnotes":""},"class_list":["post-72964","page","type-page","status-publish","hentry"],"acf":[],"aioseo_notices":[],"_links":{"self":[{"href":"https:\/\/theseedfair.com\/de\/wp-json\/wp\/v2\/pages\/72964","targetHints":{"allow":["GET"]}}],"collection":[{"href":"https:\/\/theseedfair.com\/de\/wp-json\/wp\/v2\/pages"}],"about":[{"href":"https:\/\/theseedfair.com\/de\/wp-json\/wp\/v2\/types\/page"}],"author":[{"embeddable":true,"href":"https:\/\/theseedfair.com\/de\/wp-json\/wp\/v2\/users\/1"}],"replies":[{"embeddable":true,"href":"https:\/\/theseedfair.com\/de\/wp-json\/wp\/v2\/comments?post=72964"}],"version-history":[{"count":3,"href":"https:\/\/theseedfair.com\/de\/wp-json\/wp\/v2\/pages\/72964\/revisions"}],"predecessor-version":[{"id":110974,"href":"https:\/\/theseedfair.com\/de\/wp-json\/wp\/v2\/pages\/72964\/revisions\/110974"}],"wp:attachment":[{"href":"https:\/\/theseedfair.com\/de\/wp-json\/wp\/v2\/media?parent=72964"}],"curies":[{"name":"wp","href":"https:\/\/api.w.org\/{rel}","templated":true}]}}