{"id":82141,"date":"2023-04-24T14:12:47","date_gmt":"2023-04-24T14:12:47","guid":{"rendered":"https:\/\/theseedfair.com\/?page_id=82141"},"modified":"2024-06-11T17:47:46","modified_gmt":"2024-06-11T17:47:46","slug":"keimgarantie","status":"publish","type":"page","link":"https:\/\/theseedfair.com\/de\/keimgarantie\/","title":{"rendered":"Unsere Keimgarantie"},"content":{"rendered":"<h1>Unsere Keimgarantie<\/h1>\n<p><span style=\"font-weight: 400;\">Cannabissamen sind eine bedeutende Investition f\u00fcr jeden Z\u00fcchter, und bei The Seed Fair arbeiten wir hart daran, unseren Kunden die besten Samen und die besten Ergebnisse zu liefern. Aber das w\u00e4re ohne eine Keimgarantie nicht viel wert.<\/span><\/p>\n<p><span style=\"font-weight: 400;\">Deshalb sind wir stolz darauf, eine <\/span><b>Keimgarantie von 90%<\/b><span style=\"font-weight: 400;\"> auf unsere Cannabissamen anzubieten, um sicherzustellen, dass Sie den gr\u00f6\u00dftm\u00f6glichen Wert und Ertrag aus Ihren Samen erhalten.<\/span><\/p>\n<p><span style=\"font-weight: 400;\">Wenn die Keimrate Ihrer Samen unter 90% liegt, <\/span><b>werden wir sie kostenlos f\u00fcr Sie ersetzen<\/b><span style=\"font-weight: 400;\">.<\/span><\/p>\n<p><span style=\"font-weight: 400;\">F\u00fcllen Sie einfach das Formular aus, das wir Ihnen per E-Mail mit Ihrer Bestellnummer, den Schritten, die Sie zur Keimung befolgt haben, und Ihrer Samenlagerungsmethode senden.<\/span><\/p>\n<h2><b>Allgemeine Gesch\u00e4ftsbedingungen<\/b><\/h2>\n<p><span style=\"font-weight: 400;\">Um f\u00fcr die Keimgarantie berechtigt zu sein:<\/span><\/p>\n<ol>\n<li style=\"font-weight: 400;\" aria-level=\"1\"><span style=\"font-weight: 400;\">Sie m\u00fcssen Ihre Samen innerhalb von 3 Monaten nach dem Lieferdatum keimen lassen.<\/span><\/li>\n<li style=\"font-weight: 400;\" aria-level=\"1\"><span style=\"font-weight: 400;\">Sie m\u00fcssen die unten stehenden Keimungsschritte befolgen.<\/span><\/li>\n<li style=\"font-weight: 400;\" aria-level=\"1\"><span style=\"font-weight: 400;\">Sie m\u00fcssen mitteilen, wie Sie Ihre Samen zwischen Lieferung und Keimung gelagert haben.<\/span><\/li>\n<\/ol>\n<h2><b>Keimungsschritte<\/b><\/h2>\n<p><span style=\"font-weight: 400;\">Um die bestm\u00f6glichen Keimungsergebnisse zu erzielen, sollten Sie diese Richtlinien zur Keimung unserer Samen befolgen:<\/span><\/p>\n<h2><b>Schritt 1:<\/b><\/h2>\n<p><span style=\"font-weight: 400;\">Weichen Sie Ihre Samen 14-18 Stunden lang in lauwarmem Wasser ein und verwenden Sie destilliertes oder Quellwasser. Samen k\u00f6nnen schwimmen oder sinken, aber dies zeigt nicht die Lebensf\u00e4higkeit an.<\/span><\/p>\n<h2><b>Schritt 2:<\/b><\/h2>\n<p><span style=\"font-weight: 400;\">Gie\u00dfen Sie das Wasser und die Samen auf ein Papiertuch.<\/span><\/p>\n<h2><b>Schritt 3:<\/b><\/h2>\n<p><span style=\"font-weight: 400;\">Decken Sie die Samen mit einem Papiertuch ab, vermeiden Sie jedoch die Verwendung von Plastikt\u00fcten oder Beh\u00e4ltern.<\/span><\/p>\n<h2><b>Schritt 4:<\/b><\/h2>\n<p><span style=\"font-weight: 400;\">Legen Sie das Papiertuch an einen warmen, dunklen Ort bei etwa 21\u00b0C f\u00fcr 1 bis 8 Tage, bis die Pfahlwurzel erscheint. \u00dcberpr\u00fcfen Sie t\u00e4glich, ob das Papiertuch feucht bleibt.<\/span><\/p>\n<h2><b>Schritt 5:<\/b><\/h2>\n<p><span style=\"font-weight: 400;\">Pflanzen Sie den gekeimten Samen 5 mm unter die Oberfl\u00e4che Ihres gew\u00e4hlten Anbaumediums.<\/span><\/p>\n<p><span style=\"font-weight: 400;\">Indem Sie diese einfachen Schritte befolgen, k\u00f6nnen Sie die besten Keimungsraten sicherstellen und Ihren Cannabispflanzen den besten Start erm\u00f6glichen.<\/span><\/p>\n<p><span style=\"font-weight: 400;\">Es ist wichtig, destilliertes oder Quellwasser zu verwenden, da Leitungswasser Chemikalien enthalten kann, die den Samen schaden und ihre Keimung verhindern k\u00f6nnen.<\/span><\/p>\n<p><span style=\"font-weight: 400;\">Vermeiden Sie es, die Samen mit den H\u00e4nden zu ber\u00fchren, da dies \u00d6le \u00fcbertragen kann, die den Keimungsprozess st\u00f6ren k\u00f6nnen.<\/span><\/p>\n<p><span style=\"font-weight: 400;\">Bei The Seed Fair sind wir bestrebt, unseren Kunden die bestm\u00f6glichen Informationen und Ressourcen zur Verf\u00fcgung zu stellen, um ihnen beim Anbau ihrer Cannabispflanzen zu helfen.<\/span><\/p>\n<p><span style=\"font-weight: 400;\">Wir empfehlen, unsere <\/span><span style=\"font-weight: 400;\">Online-Tutorials<\/span><span style=\"font-weight: 400;\"> zu besuchen, um mehr Informationen \u00fcber den Anbau Ihrer Cannabispflanzen zu erhalten. Unsere Tutorials decken eine Vielzahl von Themen ab, von der Samenkeimung bis zur Bodenvorbereitung, N\u00e4hrstoffmanagement und mehr.<\/span><\/p>\n<p><span style=\"font-weight: 400;\">Durch die Nutzung dieser Ressourcen k\u00f6nnen Sie die besten Techniken und Praktiken f\u00fcr den Anbau gesunder und kr\u00e4ftiger Cannabispflanzen lernen, die die hochwertigsten Knospen hervorbringen.<\/span><\/p>\n<p><span style=\"font-weight: 400;\">Es ist auch wichtig, Ihre Samen richtig zu lagern, um ihre Lebensf\u00e4higkeit zu gew\u00e4hrleisten. Wenn Sie Ihre Samen nicht sofort verwenden, lagern Sie sie an einem k\u00fchlen, dunklen Ort, um zu verhindern, dass sie austrocknen oder ihre Potenz verlieren.<\/span><\/p>\n<p><span style=\"font-weight: 400;\">Es wird nicht empfohlen, sie im K\u00fchlschrank oder Gefrierschrank zu lagern, da dies die Samen besch\u00e4digen kann.<\/span><\/p>\n<p><span style=\"font-weight: 400;\">Obwohl unsere Samen eine Keimrate von 90% haben, gibt es Faktoren au\u00dferhalb unserer Kontrolle, die ihre Lebensf\u00e4higkeit beeintr\u00e4chtigen k\u00f6nnen. Lieferung und extreme Temperaturen k\u00f6nnen manchmal Sch\u00e4den an den Samen verursachen, was ihre Keimrate beeintr\u00e4chtigen kann.<\/span><\/p>\n<p><span style=\"font-weight: 400;\">Wenn Sie Probleme mit der Keimung unserer Samen haben, kontaktieren Sie uns bitte und wir werden unser Bestes tun, um das Problem zu l\u00f6sen.<\/span><\/p>\n<p><span style=\"font-weight: 400;\">Zusammenfassend l\u00e4sst sich sagen, dass The Seed Fair bestrebt ist, unseren Kunden die hochwertigsten Cannabissamen und die bestm\u00f6glichen Keimungsraten zu bieten.<\/span><\/p>\n<p><span style=\"font-weight: 400;\">Indem Sie unseren empfohlenen Keimungsprozess befolgen und unsere Online-Tutorials nutzen, k\u00f6nnen Sie Ihren Cannabispflanzen den bestm\u00f6glichen Start geben und eine gesunde und reiche Ernte genie\u00dfen.<\/span><\/p>\n<p><span style=\"font-weight: 400;\">Vielen Dank, dass Sie <\/span><a href=\"\/de\/\"><span style=\"font-weight: 400;\">The Seed Fair<\/span><\/a><span style=\"font-weight: 400;\"> als Ihre Quelle f\u00fcr hochwertige Cannabissamen gew\u00e4hlt haben.<\/span><\/p>\n","protected":false},"excerpt":{"rendered":"<p>Unsere Keimgarantie Cannabissamen sind eine bedeutende Investition f\u00fcr jeden Z\u00fcchter, und bei The Seed Fair arbeiten wir hart daran, unseren Kunden die besten Samen und die besten Ergebnisse zu liefern. Aber das w\u00e4re ohne eine Keimgarantie nicht viel wert. Deshalb sind wir stolz darauf, eine Keimgarantie von 90% auf unsere Cannabissamen anzubieten, um sicherzustellen, dass [&#8230;]\n","protected":false},"author":1,"featured_media":0,"parent":0,"menu_order":0,"comment_status":"closed","ping_status":"closed","template":"","meta":{"_acf_changed":false,"_glsr_average":0,"_glsr_ranking":0,"_glsr_reviews":0,"footnotes":""},"class_list":["post-82141","page","type-page","status-publish","hentry"],"acf":[],"aioseo_notices":[],"_links":{"self":[{"href":"https:\/\/theseedfair.com\/de\/wp-json\/wp\/v2\/pages\/82141","targetHints":{"allow":["GET"]}}],"collection":[{"href":"https:\/\/theseedfair.com\/de\/wp-json\/wp\/v2\/pages"}],"about":[{"href":"https:\/\/theseedfair.com\/de\/wp-json\/wp\/v2\/types\/page"}],"author":[{"embeddable":true,"href":"https:\/\/theseedfair.com\/de\/wp-json\/wp\/v2\/users\/1"}],"replies":[{"embeddable":true,"href":"https:\/\/theseedfair.com\/de\/wp-json\/wp\/v2\/comments?post=82141"}],"version-history":[{"count":4,"href":"https:\/\/theseedfair.com\/de\/wp-json\/wp\/v2\/pages\/82141\/revisions"}],"predecessor-version":[{"id":110570,"href":"https:\/\/theseedfair.com\/de\/wp-json\/wp\/v2\/pages\/82141\/revisions\/110570"}],"wp:attachment":[{"href":"https:\/\/theseedfair.com\/de\/wp-json\/wp\/v2\/media?parent=82141"}],"curies":[{"name":"wp","href":"https:\/\/api.w.org\/{rel}","templated":true}]}}