{"id":100472,"date":"2023-09-08T09:11:27","date_gmt":"2023-09-08T09:11:27","guid":{"rendered":"https:\/\/theseedfair.com\/?post_type=product&#038;p=100472"},"modified":"2025-11-06T18:52:31","modified_gmt":"2025-11-06T18:52:31","slug":"jealousy","status":"publish","type":"product","link":"https:\/\/theseedfair.com\/de\/product\/hoher-thc-gehalt\/jealousy\/","title":{"rendered":"Jealousy Samen"},"content":{"rendered":"<h2>Kaufen Sie Jealousy Feminisierte Marihuana-Samen im Angebot<\/h2>\n<p>Wir sind sehr aufgeregt, k\u00fcrzlich unsere neuen Jealousy Feminisierte Samen in unsere Sammlung aufzunehmen. Jealousy Cannabis Samen sind aufgrund ihres sehr hohen THC-Gehalts von 30% so beliebt geworden. Dies ist einer der h\u00f6chsten THC-Werte, die wir in unserem Unternehmen haben. Jealousy Seeds ist ein Indica-dominanter Hybrid, der zu 55% aus Indica und zu 45% aus Sativa besteht. Es ist fast ein gut ausgewogener Hybrid, jedoch bleibt Jealousy nach vielen Tests mit anderen Sorten etwas Indica-dominant.<\/p>\n<p>Jealousy Seeds wurden von Seed Junky Genetics aus S\u00fcdkalifornien entwickelt. Der Kreuzung, die sie gemacht haben, besteht aus Sherbet BX1 und Gelato 41. Beide Sorten haben ebenfalls eine erstaunliche Abstammung. Gelato 41 wurde direkt aus Girl Scout Cookie Thin Mint und Sunset Sherbet hergestellt. Dies ist es, was Jealousy den erstaunlichen Geschmack und das Aroma verleiht, sobald es kultiviert ist.<\/p>\n<p>Die Bl\u00fctephase bringt einen sehr starken und erfrischenden Geruch mit einem Zitrus-, Nuss- und Stechenden, der das Geschmacksprofil dieses Produkts im Vergleich zu anderen ausgewogenen Sorten sehr einzigartig macht. Sie werden das Beste aus beiden Welten genie\u00dfen, nachdem Sie Jealousy geraucht haben, das die entspannende K\u00f6rperh\u00f6he von Indica und die zerebrale Erfahrung von Sativa kombiniert.<\/p>\n<p>Das Terpenprofil ist mit Caryophyllen, Limonen, das in vielen Cannabissamen sehr verbreitet ist, und Myrcen gef\u00fcllt. Die Kombination dieser Terpene verleiht unserer Jealousy-Marihuana gut ausgewogene Qualit\u00e4ten. Das euphorische High, das von unserer Jealousy-Marihuana-Sorte erreicht wird, bringt eine neue Ebene in unsere Samenbank.<\/p>\n<h2>Jealousy Samen Effekte<\/h2>\n<p>Cannabis Z\u00fcchter und Enthusiasten str\u00f6men zur T\u00fcr, wenn es um die Erfahrung unserer Jealousy-Samen geht. Wenn Sie auf der Suche nach diesem s\u00fc\u00dfen entspannenden K\u00f6rper-High zusammen mit erstklassiger Euphorie sind, sind Sie hier genau richtig. Selbst mit einem leichten Vorteil von Indica \u00fcber Sativa wird Sie diese gut ausgewogene Sorte zwischen einem vollen K\u00f6rperrausch auf der Couch festhalten. Nach der Kultivierung verleihen Jealousy-Effekte ein Gef\u00fchl von Klarheit, Kreativit\u00e4t, vollst\u00e4ndiger Entspannung, die bei jedem Schmerzmanagement und Stressabbau helfen kann, den Jealousy haupts\u00e4chlich bietet.<\/p>\n<p>Wenn Sie auch nach Eigenschaften suchen, um Arthritis, chronische Schmerzen, Migr\u00e4ne, Asthma und Schlaflosigkeit zu bek\u00e4mpfen, dann sind Sie hier richtig. Nach Ihrer Dosis von 30% hohem THC werden Sie sich langsam beruhigen und die Wellen der Entspannung im ganzen K\u00f6rper sp\u00fcren. Einer der Hauptvorteile, den viele unserer Kunden von diesem Samen erhalten, ist die F\u00e4higkeit zu schlafen. Ein so hoher THC-Gehalt hilft bei Schlafmangel und Schlaflosigkeit.<\/p>\n<p>Sich gl\u00fccklich und fr\u00f6hlich f\u00fchlen, w\u00e4hrend man dieses komplexe, aber gut ausgewogene Terpenprofil genie\u00dft, ist, wof\u00fcr das Leben gemacht ist. Dieses Produkt ist sowohl f\u00fcr den Tages- als auch f\u00fcr den Nachteinsatz bestens geeignet. Bek\u00e4mpfen Sie Angst, Stress und Schmerzen besser, indem Sie Ihr kultiviertes Projekt genie\u00dfen zum Leben erwecken.<\/p>\n<h2>Wie Wachsen und Keimen Jealousy-Samen<\/h2>\n<p>Jealousy Feminisiert Cannabis Pflanzen sind f\u00fcr alle Niveaus von Z\u00fcchtern gro\u00dfartig. Ob Sie ein Anf\u00e4nger-Cannabis-Z\u00fcchter oder ein Experte in allen Marihuanakultivierungen sind, Jealousy ist perfekt f\u00fcr alle. Beginnen Sie mit einer gro\u00dfartigen Keimmethode, damit Sie Ihren Jealousy-Samen den richtigen Start geben k\u00f6nnen. Alle unsere Bestellungen enthalten einen Keimleitfaden, der Ihnen hilft, eine h\u00f6here Keimrate zu erzielen. Weichen Sie die Samen in destilliertem Wasser ein und wechseln Sie dann zum Papiertuchformat zwischen Tellern. Vergessen Sie nicht, Ihren Cannabissamen W\u00e4rme zuzuf\u00fchren und t\u00e4glich mit destilliertem Wasser zu bespr\u00fchen, da Samen in W\u00e4rme und Feuchtigkeit gedeihen. \u00dcberpr\u00fcfen Sie Ihre Samen t\u00e4glich, ob Sie ein Schw\u00e4nzchen finden, und sobald sie bereit sind, k\u00f6nnen Sie mit dem Pflanzen beginnen.<\/p>\n<p>Sie k\u00f6nnen Jealousy Cannabis in einem <a href=\"https:\/\/theseedfair.com\/growing-marijuana-indoors\/\">Indoor<\/a>-Setting sowie im Freien anbauen. Beim Outdoor-Anbau ist es gut, ein w\u00e4rmeres Klima zu haben, damit Sie das Beste aus Ihrem Terpenprofil und Ihren Knospen herausholen k\u00f6nnen. Diese Feminisierte Samen im Freien k\u00f6nnen bis zu 550 Gramm pro Pflanze erreichen. Beim Anbau Ihrer optimalen Innenraumkultivierung produzieren diese Samen etwa 450 Gramm pro Pflanze. Beim Anbau von Jealousy-Samen auf beide Weise werden Sie auf keine gro\u00dfen Sch\u00e4dlingsinvasionen sto\u00dfen, da diese Sorte viel weniger anf\u00e4llig f\u00fcr Schimmel und Mehltau ist. Um Ihr Wachstum zu verbessern, empfehlen wir das Verwenden von Substraten wie Torf und Perlit zur Feuchtigkeitsaufnahme. Indoor und Outdoor Anbau sind beide gleichwertig, wenn es um den Anbau von Cannabis geht.<\/p>\n<h2>Feminisierte Jealousy Bl\u00fctezeit<\/h2>\n<p>Die Bl\u00fctezeit unseres Jealousy Weed betr\u00e4gt etwa 8 bis 10 Wochen f\u00fcr diese ideale Sorte. Die Jealousy Bl\u00fctezeit liegt im durchschnittlichen Zeitrahmen anderer Cannabissamen. Es ist wichtig, optimale Wachstumsbedingungen zu schaffen, damit Ihre Knospen eine beeindruckende Ernte erreichen. Beachten Sie Beleuchtung, Bew\u00e4sserung, Temperatur und Boden, um sicherzustellen, dass Sie alles f\u00fcr Ihre Kultivierung tun. Wenn Sie die ScrOG Methode verwenden m\u00f6chten, kann dies die Gr\u00f6\u00dfe Ihrer unteren Blumen zus\u00e4tzlich verbessern. In diesem Format ist es am besten, einen gr\u00f6\u00dferen Wachstumsraum zu nutzen, der breiter und h\u00f6her ist. Andere Methoden, die Sie f\u00fcr Ihre Jealousy-Pflanzen verwenden k\u00f6nnen, sind hydroponisch und auch das Nutzen des Super Cropping. Sch\u00fctzen Sie immer Ihr Projekt, wenn Sie Cannabissamen keimen.<\/p>\n<p>Temperaturen sind wichtig beim Anbau von Jealousy Cannabis Pflanzen. Diese Sorte erfordert Temperaturen zwischen 70 Grad und 80 Grad w\u00e4hrend des Tages und nur 6 bis 9 Grad k\u00fchler in der Nacht f\u00fcr Ihre Marihuanapflanzen. Das Klima ist wichtig, aber die Luftfeuchtigkeit k\u00f6nnen Sie w\u00e4hrend der Vegetationsphase auf etwa 60% halten. Wenn Sie das Wachstum der Trichome verbessern m\u00f6chten, versuchen Sie, die FIM- und LST-Wachstumsmethoden zu verwenden. FIM steht f\u00fcr Fimming und kann in einem unserer Artikel gefunden werden. LST steht f\u00fcr Low Stress Training, und Sie k\u00f6nnen hier mehr dar\u00fcber lesen. Der Anbau von Jealousy-Samen kann zu Cannabispflanzen f\u00fchren, die alle lieben k\u00f6nnen. Nach Cannabissamen zu suchen ist einfach, wenn es um die Seed Fair geht. Kaufen Sie hier feminisierte Samen, damit Sie Marihuana anbauen und Geld sparen k\u00f6nnen, indem Sie kein Marihuana anderswo kaufen.<\/p>\n<h2>Warum wir den Anbau von Jealousy Cannabis Samen empfehlen<\/h2>\n<p>Unser Jealousy Cannabis ist nicht nur ein gew\u00f6hnlicher Samen, sondern eine der besseren Sorten, die wir in unserem \u00fcber 2000 Produkte z\u00e4hlenden Samensortiment haben. Ihre fertige Kultivierung wird voller Harz und gl\u00e4nzender Trichome auf Ihrer Pflanze sein. Das Aroma in Ihrem Grow-Zelt oder im Garten wird mit einem nussigen, zitrus\u00e4hnlichen und s\u00fc\u00dfen Wirbel gef\u00fcllt sein, der Sie immer wieder zur\u00fcckkommen l\u00e4sst. Seien wir mal ehrlich, der Name Jealousy kommt nicht nur daher, dass alle anderen Sorten eifers\u00fcchtig auf diese sch\u00f6ne, \u00fcppige Pflanze sein werden, sondern auch Ihre Nachbarn w\u00fcnschten, sie k\u00f6nnten auch einen Geschmack dieses Kuchens haben. Einfach zu z\u00fcchten, Indica-Hybrid, 30% THC, glatt bis ins Mark sind alles gro\u00dfartige Gr\u00fcnde, um Jealousy-Samen zu kaufen. Wir haben auch die autoflower seeds Version.<\/p>\n<h2>Jealousy Feminisierte Samen Geschichte<\/h2>\n<p>Seed Junky Genetics ist ein in Kalifornien ans\u00e4ssiger Pionier in der Herstellung gro\u00dfartiger Cannabispflanzen. Viele davon haben zahlreiche Preise gewonnen. Diese Typen sind wirklich cool, da sie so viele erstaunliche Samen herstellen und alles in einer Haushaltsgarage angefangen haben. Heute sind sie ein florierendes Unternehmen f\u00fcr Cannabissamen, das weitere bekannte Sorten produziert. Qualit\u00e4tssamen, die von ihnen stammen, sind Hochzeitstorte, Eiscreme und LA Kush Cake. Eifersucht ist eine magische Kreuzung zwischen Sherbet BX1 und Gelato #41. Sherbet BX1 (Sherbert) ist die Indica-Seite der Mischung und wurde aus Sherbert und Original Sunset Sherbert hergestellt. Dies ist sehr glatt und verleiht einen fruchtigen Geschmack, der ewig anh\u00e4lt. Gelato #41 hingegen wird aus einer Kreuzung von Thin Mint Cookies und Sherbert hergestellt. Trichome sind s\u00fc\u00df und erdig aus diesem Samen und bringen eine neue Dimension zur Kreuzung. Cannabis-Enthusiasten stimmen zu, dass dies ein gro\u00dfartiges Produkt ist! Nutzen Sie unseren diskreten Versand und kaufen Sie heute noch Jealousy-Samen!<\/p>\n<h3 class=\"accordion_title\">FAQ<\/h3><div class=\"accordion\">\n\t<div id=\"accordion-1936392499\" class=\"accordion-item\">\n\t\t<a id=\"accordion-1936392499-label\" class=\"accordion-title plain\" href=\"#accordion-item-hat-jealousy-feminized-seeds-medizinische-vorteile?\" aria-expanded=\"false\" aria-controls=\"accordion-1936392499-content\">\n\t\t\t<button class=\"toggle\" aria-label=\"Umschalten\"><i class=\"icon-angle-down\" aria-hidden=\"true\"><\/i><\/button>\n\t\t\t<span>Hat Jealousy Feminized Seeds medizinische Vorteile?<\/span>\n\t\t<\/a>\n\t\t<div id=\"accordion-1936392499-content\" class=\"accordion-inner\" aria-labelledby=\"accordion-1936392499-label\">\n\t\t\t\nJa, es gibt viele medizinische Vorteile beim Konsum von Jealousy Cannabis. Wenn Sie viel Spannung in Ihren Muskeln haben, Angstzust\u00e4nde, Schlaflosigkeit, Schwierigkeiten, sich zu beruhigen und Ihren Geist zu entspannen, sind Sie hier genau richtig. Eifersucht bringt nicht nur einen hohen THC-Gehalt von 30%, sondern auch die Ruhe und das Gleichgewicht der zerebralen Effekte f\u00fcr K\u00f6rper und Geist.<br \/>\n\t\t<\/div>\n\t<\/div>\n\t\n\t<div id=\"accordion-3219286845\" class=\"accordion-item\">\n\t\t<a id=\"accordion-3219286845-label\" class=\"accordion-title plain\" href=\"#accordion-item-wie-riechen-feminisierte-jealousy-pflanzen?\" aria-expanded=\"false\" aria-controls=\"accordion-3219286845-content\">\n\t\t\t<button class=\"toggle\" aria-label=\"Umschalten\"><i class=\"icon-angle-down\" aria-hidden=\"true\"><\/i><\/button>\n\t\t\t<span>Wie riechen feminisierte Jealousy Pflanzen?<\/span>\n\t\t<\/a>\n\t\t<div id=\"accordion-3219286845-content\" class=\"accordion-inner\" aria-labelledby=\"accordion-3219286845-label\">\n\t\t\t\nDer Geruch unserer Jealousy Pflanze ist ziemlich einzigartig, da sie ein Aroma von Zitrus, s\u00fc\u00df und w\u00fcrzig hat. Dar\u00fcber hinaus k\u00f6nnen Sie einen Hauch von Erdigkeit, stechenden und Diesel in der Luft wahrnehmen, und das macht diese Sorte von vielen anderen unterscheidbar. Die Mischung ist wie eine perfekte Suppe und bei vielen Kunden in Grow-Zelten gew\u00fcnscht.<br \/>\n\t\t<\/div>\n\t<\/div>\n\t\n\t<div id=\"accordion-1651284432\" class=\"accordion-item\">\n\t\t<a id=\"accordion-1651284432-label\" class=\"accordion-title plain\" href=\"#accordion-item-ist-jealousy-eine-indica-oder-sativa?\" aria-expanded=\"false\" aria-controls=\"accordion-1651284432-content\">\n\t\t\t<button class=\"toggle\" aria-label=\"Umschalten\"><i class=\"icon-angle-down\" aria-hidden=\"true\"><\/i><\/button>\n\t\t\t<span>Ist Jealousy eine Indica oder Sativa?<\/span>\n\t\t<\/a>\n\t\t<div id=\"accordion-1651284432-content\" class=\"accordion-inner\" aria-labelledby=\"accordion-1651284432-label\">\n\t\t\t\nJealousy Feminisierte Cannabissamen ist eine Hybridsorte, die 55% Indica und 45% Sativa enth\u00e4lt. Da sie haupts\u00e4chlich Indica ist, k\u00f6nnen viele die Effekte von Indica sp\u00fcren. Eifersucht ist ein gut ausgewogener Hybrid, der ein Vollk\u00f6rpersensations-Entspannungsgef\u00fchl bietet, das den meisten Benutzern bevorsteht. Obwohl Sativa ein enger zweiter ist, k\u00f6nnen viele den Kopfrausch und die Euphorie sp\u00fcren, nach denen viele suchen.<br \/>\n\t\t<\/div>\n\t<\/div>\n\t\n<\/div>\n","protected":false},"excerpt":{"rendered":"<p>Mit Jealousy Feminisierte Seeds entschied sich Seed Junky Genetics im Wesentlichen f\u00fcr eine Paarung zwischen Sherbet BX1 und Gelato 41 \u00e2\u0080\u0093 und Junge, das war ein Treffer! Diese Samen beginnen mit einem beneidenswerten THC-Gehalt von 30%. Seien Sie bereit f\u00fcr einen Knockout-Schlag der Entspannung und des zerebralen Rausches.<\/p>\n","protected":false},"featured_media":100477,"comment_status":"open","ping_status":"closed","template":"","meta":{"_acf_changed":false,"_glsr_average":0,"_glsr_ranking":0,"_glsr_reviews":0},"product_brand":[],"product_cat":[62,19,3067,68,33,30,1161,1610],"product_tag":[],"class_list":{"0":"post-100472","1":"product","2":"type-product","3":"status-publish","4":"has-post-thumbnail","6":"product_cat-cannabis-samen-fuer-anfaenger","7":"product_cat-feminisierte-cannabis-samen","8":"product_cat-ertragreiche-samen","9":"product_cat-hoher-thc-gehalt","10":"product_cat-hybride-cannabis-samen","11":"product_cat-indica-cannabis-samen","12":"product_cat-neu","13":"product_cat-photoperiodische-cannabis-samen","15":"first","16":"instock","17":"taxable","18":"shipping-taxable","19":"purchasable","20":"product-type-variable"},"acf":[],"aioseo_notices":[],"_links":{"self":[{"href":"https:\/\/theseedfair.com\/de\/wp-json\/wp\/v2\/product\/100472","targetHints":{"allow":["GET"]}}],"collection":[{"href":"https:\/\/theseedfair.com\/de\/wp-json\/wp\/v2\/product"}],"about":[{"href":"https:\/\/theseedfair.com\/de\/wp-json\/wp\/v2\/types\/product"}],"replies":[{"embeddable":true,"href":"https:\/\/theseedfair.com\/de\/wp-json\/wp\/v2\/comments?post=100472"}],"wp:featuredmedia":[{"embeddable":true,"href":"https:\/\/theseedfair.com\/de\/wp-json\/wp\/v2\/media\/100477"}],"wp:attachment":[{"href":"https:\/\/theseedfair.com\/de\/wp-json\/wp\/v2\/media?parent=100472"}],"wp:term":[{"taxonomy":"product_brand","embeddable":true,"href":"https:\/\/theseedfair.com\/de\/wp-json\/wp\/v2\/product_brand?post=100472"},{"taxonomy":"product_cat","embeddable":true,"href":"https:\/\/theseedfair.com\/de\/wp-json\/wp\/v2\/product_cat?post=100472"},{"taxonomy":"product_tag","embeddable":true,"href":"https:\/\/theseedfair.com\/de\/wp-json\/wp\/v2\/product_tag?post=100472"}],"curies":[{"name":"wp","href":"https:\/\/api.w.org\/{rel}","templated":true}]}}