{"id":124,"date":"2017-05-26T09:29:00","date_gmt":"2017-05-26T09:29:00","guid":{"rendered":"https:\/\/theseedfair.com\/product\/pineapple-express-weed-seeds\/"},"modified":"2024-06-12T17:13:34","modified_gmt":"2024-06-12T17:13:34","slug":"pineapple-express","status":"publish","type":"product","link":"https:\/\/theseedfair.com\/de\/product\/feminisierte-cannabis-samen\/pineapple-express\/","title":{"rendered":"Pineapple Express Samen"},"content":{"rendered":"<h2>Pineapple Express Samen<\/h2>\n<p>Unsere Pineapple Express Sorte ist die beliebteste Marihuana-Pflanze der Welt. Vom gro\u00dfen Bildschirm in Hollywood bis zum Favoriten vieler Z\u00fcchter, Pineapple Express ist hier, um zu bleiben. Diese Sorte ist eine ausgewogene Sativa-Hybride, die zu 60% aus Sativa und zu 40% aus Indica besteht. Der Duft und Geschmack ist eine perfekte tropische Mischung, die dich sofort trifft. Aber Vorsicht, das ist kein Rauch f\u00fcr Anf\u00e4nger, die Pineapple Express Sorte ist mit 23% THC gef\u00fcllt. Das Erbe dieses Produkts ist eine Kreuzung aus ausgew\u00e4hlten Skunks und Big Bud, um diese mehrfach preisgekr\u00f6nte Sativa-Hybride zu schaffen. Zus\u00e4tzlich zur Beliebtheit und dem THC-Gehalt ist Pineapple Express mit massiven und schweren Knospen bedeckt, die den besten Geschmack auf dem Cannabissamen-Markt bieten. Hohe Qualit\u00e4t, schnelles Bl\u00fchen und gro\u00dfartige Ertr\u00e4ge, wir empfehlen dringend, diese Sorte in jede Samenkollektion aufzunehmen.<\/p>\n<h2>Effekte von Pineapple Express<\/h2>\n<p>Die Effekte von Pineapple Express stehen an der Spitze aller Sativa-Hybride-Sorten. Diese Marihuana-Pflanze heilt Geist und K\u00f6rper, ohne dass Sie sich benommen oder energielos f\u00fchlen. Viele Benutzer unseres Pineapple Express haben bemerkt, dass sie sich voller Leben, fr\u00f6hlich, hell und sprudelnd f\u00fchlen. Dieses Produkt mag nur 1% CBD haben, aber es wird Ihnen helfen, Stress, chronische Schmerzen und Depressionen zu bew\u00e4ltigen. Die Effekte der Pineapple Express Sorte sind kraftvoll und f\u00fchren zu einem gro\u00dfartigen Gleichgewicht von geistiger und mentaler Klarheit.<\/p>\n<h2>Wie w\u00e4chst Pineapple Express?<\/h2>\n<p>Pineapple Express ist von Natur aus resistent gegen h\u00e4ufige Krankheiten und Schimmel. Das macht sie zur perfekten Sorte f\u00fcr alle Anf\u00e4nger. Jetzt, nur weil es f\u00fcr Anf\u00e4nger leicht zu z\u00fcchten ist, lieben viele Top-Unkrautbauern das Kultivieren und Hinzuf\u00fcgen dieses Cannabissamens zu ihrem Mix. Wenn Sie Pineapple Express anbauen, ist Geduld der Schl\u00fcssel. Die Bl\u00fctezeit kann 7 bis 9 Wochen dauern, aber die Belohnungen Ihrer Ertr\u00e4ge werden 500 Gramm drinnen und drau\u00dfen betragen. Die H\u00f6he variiert je nachdem, ob Sie drinnen oder drau\u00dfen anbauen. Die Pflanze ist gro\u00df und wenn Sie drinnen anbauen, wird die H\u00f6he 100 bis 130 cm betragen und drau\u00dfen wird sie 130 bis 170 cm erreichen.<\/p>\n<p>Ein wichtiger Punkt ist zu erw\u00e4hnen, dass Pineapple Express sehr gut auf ein hydroponisches System reagiert. F\u00fcr viele, die es nicht wissen, ist Hydroponik der Anbau ohne Verwendung von Erde, sondern nur mit mineralischen N\u00e4hrstoffl\u00f6sungen in einem Wasserl\u00f6sungsmittel. Zusammenfassend l\u00e4sst sich sagen, dass unsere Pineapple Express Sorte f\u00fcr alle Anbauniveaus gro\u00dfartig ist. Die Ertr\u00e4ge sind hoch, der Geschmack ist gro\u00dfartig und das THC ist eines der besten.<\/p>\n","protected":false},"excerpt":{"rendered":"<p>Pineapple Express Feminized, eine ausgewogene Mischung aus 60% Sativa und 40% Indica, hat einen hohen THC-Gehalt von 23%. Sie ist eine Spitzenperformerin in den Anbaur\u00e4umen mit einem tropischen Twist. Sie reift in 7-9 Wochen und liefert beeindruckende Ertr\u00e4ge, die drinnen und drau\u00dfen bis zu 500 Gramm betragen und H\u00f6hen von bis zu 170 cm erreichen.<\/p>\n","protected":false},"featured_media":32046,"comment_status":"open","ping_status":"closed","template":"","meta":{"_acf_changed":false,"_glsr_average":0,"_glsr_ranking":0,"_glsr_reviews":0},"product_brand":[],"product_cat":[3365,62,19,3083,68,33,1610,21],"product_tag":[],"class_list":{"0":"post-124","1":"product","2":"type-product","3":"status-publish","4":"has-post-thumbnail","6":"product_cat-beste-cannabis-samen","7":"product_cat-cannabis-samen-fuer-anfaenger","8":"product_cat-feminisierte-cannabis-samen","9":"product_cat-guenstige-cannabis-samen","10":"product_cat-hoher-thc-gehalt","11":"product_cat-hybride-cannabis-samen","12":"product_cat-photoperiodische-cannabis-samen","13":"product_cat-cannabis-sativa-samen","14":"product_shipping_class-test-shipping-classes","16":"first","17":"instock","18":"featured","19":"taxable","20":"shipping-taxable","21":"purchasable","22":"product-type-variable"},"acf":[],"aioseo_notices":[],"_links":{"self":[{"href":"https:\/\/theseedfair.com\/de\/wp-json\/wp\/v2\/product\/124","targetHints":{"allow":["GET"]}}],"collection":[{"href":"https:\/\/theseedfair.com\/de\/wp-json\/wp\/v2\/product"}],"about":[{"href":"https:\/\/theseedfair.com\/de\/wp-json\/wp\/v2\/types\/product"}],"replies":[{"embeddable":true,"href":"https:\/\/theseedfair.com\/de\/wp-json\/wp\/v2\/comments?post=124"}],"wp:featuredmedia":[{"embeddable":true,"href":"https:\/\/theseedfair.com\/de\/wp-json\/wp\/v2\/media\/32046"}],"wp:attachment":[{"href":"https:\/\/theseedfair.com\/de\/wp-json\/wp\/v2\/media?parent=124"}],"wp:term":[{"taxonomy":"product_brand","embeddable":true,"href":"https:\/\/theseedfair.com\/de\/wp-json\/wp\/v2\/product_brand?post=124"},{"taxonomy":"product_cat","embeddable":true,"href":"https:\/\/theseedfair.com\/de\/wp-json\/wp\/v2\/product_cat?post=124"},{"taxonomy":"product_tag","embeddable":true,"href":"https:\/\/theseedfair.com\/de\/wp-json\/wp\/v2\/product_tag?post=124"}],"curies":[{"name":"wp","href":"https:\/\/api.w.org\/{rel}","templated":true}]}}