{"id":1340,"date":"2017-08-07T00:08:00","date_gmt":"2017-08-07T00:08:58","guid":{"rendered":"https:\/\/theseedfair.com\/product\/blueberry-marijuana-seeds\/"},"modified":"2024-10-18T09:10:13","modified_gmt":"2024-10-18T09:10:13","slug":"blueberry-auto","status":"publish","type":"product","link":"https:\/\/theseedfair.com\/de\/product\/autoflowering-cannabis-samen\/blueberry-auto\/","title":{"rendered":"Blueberry Autoflower Samen"},"content":{"rendered":"<h2>Blaubeer-Samen<\/h2>\n<p>Unsere Blueberry-Sorte ist ein sehr beliebter Favorit. Die Blueberry Auto-Blumensamen sind eine Hybridversion von fast reiner Indica. Sie liegt bei 90% zusammen mit 10% Sativa und 10% Ruderalis. Die interessante Mischung von Ruderalis stammt von einer st\u00e4mmigen Marihuana-Pflanze. Folglich ist bekannt, dass sie in ganz Zentralasien und auch in Russland vorkommt. Diese erstaunliche Blueberry-Sorte hat einen erstaunlichen Duft nach frischen Blaubeeren. Mit einem hohen Fruchtgeschmack steht Blueberry Marihuana schon lange auf vielen Anbaulisten. Diese Sorte ist so erfrischend, dass sie ein \u201eMust-Have\u201c in Ihrer Cannabissamensammlung ist. Unbestreitbar ist die Popularit\u00e4t der Blueberry-Sorte bei selbst angebautem Gras. Von Hollywood-Filmstars und Rappern bis hin zu medizinischen Marihuana-Nutzern wird Blueberry Auto-Blume von vielen geliebt.<\/p>\n<h2>Effekte von Blueberry Marihuana<\/h2>\n<p>Blueberry-Pflanzen sind bekannt daf\u00fcr, viel Entspannung zu bieten. Dies liegt an dem h\u00f6heren Indica-Gehalt und mittleren Cannabidiol (CBD)-Gehalten. Dar\u00fcber hinaus ist CBD ein nicht-psychoaktives Cannabinoid, das dem Benutzer hilft, weniger von einem mentalen High zu erleben, f\u00fcr das ein niedrigerer THC-Gehalt bekannt ist. Die Blueberry-Sorte l\u00e4sst Sie sich sehr entspannt und ruhig f\u00fchlen. M\u00fcde Muskeln, Gelenke und Steifheit sind Probleme, die durch die Verwendung dieses Marihuanaprodukts beseitigt werden. Auto-bl\u00fchende Blueberry Cannabissamen bringen auch andere Linderung f\u00fcr den K\u00f6rper. Stress, Kopfschmerzen, Depressionen, Angstzust\u00e4nde und ADHS werden durch diese erstaunliche Cannabissorte beseitigt. Blueberry schmeckt unglaublich, duftet s\u00fc\u00df und l\u00e4sst Sie in v\u00f6lliger Gelassenheit verweilen.<\/p>\n<h2>Wie w\u00e4chst Blueberry?<\/h2>\n<p>Diese spezielle Auto-bl\u00fchende Blueberry-Sorte ist perfekt f\u00fcr einen Indoor-Anbau. Diese erstaunliche Pflanze beginnt bereits nach nur wenigen Wochen zu bl\u00fchen. Wenn Sie eine k\u00fcrzere Zeit innerhalb Ihrer Anbausaison haben, w\u00e4re die Blueberry-Sorte eine der besten Entscheidungen f\u00fcr einen schnelleren Start. Ein Hydroponik-Setup ist eine gro\u00dfartige M\u00f6glichkeit, den besten Ertrag zu erzielen. Diese Pflanze ben\u00f6tigt zus\u00e4tzliche Unterst\u00fctzung f\u00fcr das dicke Indica-Harz. Dar\u00fcber hinaus ist diese Cannabissorte resistent gegen Sch\u00e4dlinge und Krankheiten und hilft Ihnen, Ihre h\u00f6chsten Ertragsraten zu erzielen. Die volle Bl\u00fctezeit f\u00fcr die Blueberry-Sorte betr\u00e4gt insgesamt etwa 8 bis 10 Wochen. Es ist eine k\u00fcrzere Pflanze und sollte zwischen 400 bis 500 Gramm pro Pflanze abwerfen. Genie\u00dfen Sie heute unsere Auto-bl\u00fchende Blueberry <a href=\"https:\/\/theseedfair.com\">Cannabissamen<\/a>!<\/p>\n","protected":false},"excerpt":{"rendered":"<p>M\u00f6chten Sie Blueberry Automatisch bl\u00fchende Samen kaufen? Unsere fast magischen Bohnen versprechen einen Garten voller entspannter Vibes mit gro\u00dfz\u00fcgigen 90% Indica. Mit einem hohen THC-Gehalt von 19%, ohne Drama und K\u00f6rben voller Entspannung \u2013 warum auf das Gl\u00fcck warten, das von B\u00e4umen w\u00e4chst, wenn es aus Ihrer Blueberry-Charge bl\u00fchen kann?<\/p>\n<p>&nbsp;<\/p>\n","protected":false},"featured_media":31869,"comment_status":"open","ping_status":"closed","template":"","meta":{"_acf_changed":false,"_glsr_average":0,"_glsr_ranking":0,"_glsr_reviews":0},"product_brand":[],"product_cat":[56,3365,62,30,3062],"product_tag":[],"class_list":{"0":"post-1340","1":"product","2":"type-product","3":"status-publish","4":"has-post-thumbnail","6":"product_cat-autoflowering-cannabis-samen","7":"product_cat-beste-cannabis-samen","8":"product_cat-cannabis-samen-fuer-anfaenger","9":"product_cat-indica-cannabis-samen","10":"product_cat-schnelle-cannabis-sorten","11":"product_shipping_class-test-shipping-classes","13":"first","14":"instock","15":"featured","16":"taxable","17":"shipping-taxable","18":"purchasable","19":"product-type-variable"},"acf":[],"aioseo_notices":[],"_links":{"self":[{"href":"https:\/\/theseedfair.com\/de\/wp-json\/wp\/v2\/product\/1340","targetHints":{"allow":["GET"]}}],"collection":[{"href":"https:\/\/theseedfair.com\/de\/wp-json\/wp\/v2\/product"}],"about":[{"href":"https:\/\/theseedfair.com\/de\/wp-json\/wp\/v2\/types\/product"}],"replies":[{"embeddable":true,"href":"https:\/\/theseedfair.com\/de\/wp-json\/wp\/v2\/comments?post=1340"}],"wp:featuredmedia":[{"embeddable":true,"href":"https:\/\/theseedfair.com\/de\/wp-json\/wp\/v2\/media\/31869"}],"wp:attachment":[{"href":"https:\/\/theseedfair.com\/de\/wp-json\/wp\/v2\/media?parent=1340"}],"wp:term":[{"taxonomy":"product_brand","embeddable":true,"href":"https:\/\/theseedfair.com\/de\/wp-json\/wp\/v2\/product_brand?post=1340"},{"taxonomy":"product_cat","embeddable":true,"href":"https:\/\/theseedfair.com\/de\/wp-json\/wp\/v2\/product_cat?post=1340"},{"taxonomy":"product_tag","embeddable":true,"href":"https:\/\/theseedfair.com\/de\/wp-json\/wp\/v2\/product_tag?post=1340"}],"curies":[{"name":"wp","href":"https:\/\/api.w.org\/{rel}","templated":true}]}}