{"id":30638,"date":"2017-05-26T09:31:00","date_gmt":"2017-05-26T09:31:00","guid":{"rendered":"https:\/\/theseedfair.com\/product\/trainwreck-strain-marijuana-seeds\/"},"modified":"2024-06-12T17:22:06","modified_gmt":"2024-06-12T17:22:06","slug":"trainwreck","status":"publish","type":"product","link":"https:\/\/theseedfair.com\/de\/product\/feminisierte-cannabis-samen\/trainwreck\/","title":{"rendered":"Trainwreck Samen"},"content":{"rendered":"<h2>Trainwreck Feminisierte Samen<\/h2>\n<p>Unsere Trainwreck Feminisierte Samen sind einer unserer beliebtesten Bestseller.<\/p>\n<p>Diese Sativa-dominante Cannabissorte ist von h\u00f6chster Premium-Qualit\u00e4t. Sativa ist bei 60% und Indica bei 40%, um Ihnen einen kraftvollen Kick zu geben.<\/p>\n<p>Das Aroma dieser Marihuanasorte ist von Zitrus und einem frischen Waldduft. Etwas s\u00fc\u00df auf dem Gaumen, produziert die Trainwreck-Sorte ein sanftes High, das fast sofort eintritt.<\/p>\n<p>Diese Premium-Sorte verbrennt schnell und erzeugt dicken Rauch, gefolgt von einem THC-Wert von 18%. Interessanterweise wurde diese Sorte durch Kreuzung mexikanischer und thail\u00e4ndischer Sorten mit afghanischen Indica-Sorten produziert.<\/p>\n<p>Erwarten Sie einen sanften Rush zum Kopf, der die Benutzer schnell inspiriert, Ma\u00dfnahmen in ihrem Leben zu ergreifen. Produktivit\u00e4t, hier kommen wir! Sobald Sie Ihr Marihuana-Produkt produziert haben, werden Sie mittelgro\u00dfe, hellgr\u00fcne Knospen mit gro\u00dfartigen Trichomen bemerken, die Ihre Pflanze umgeben.<\/p>\n<h2>Wirkungen von Trainwreck Samen<\/h2>\n<p>Erstkonsumenten, die die Trainwreck-Sorte ausprobieren, erleben einen Zustrom von Emotionen und Euphorie. Die sedative Eigenschaften sind gro\u00dfartig f\u00fcr Schmerzmanagement, Stress und PTBS. Andere Symptome, die Trainwreck hilft zu behandeln, sind Angst, Arthritis und Migr\u00e4ne.<\/p>\n<p>Aufgrund des THC-Gehalts und der sedativen Eigenschaften werden Sie feststellen, dass diese Sorte Sie mit einem sanften Rausch trifft, der zur Entspannung und Ruhe beitr\u00e4gt. Viele unserer Kunden verwenden diese Sorte seit vielen Jahren regelm\u00e4\u00dfig.<\/p>\n<p>Als Ergebnis gibt uns das Vertrauen, dass dieser Cannabis-Samen wirklich das liefert, was er verspricht. Weitere positive Eigenschaften sind ein Zustrom von Euphorie, Kreativit\u00e4t, Produktivit\u00e4t und Gl\u00fcck.<\/p>\n<h2>Wie w\u00e4chst Trainwreck?<\/h2>\n<p>Die Trainwreck-Sorte ist bekannt f\u00fcr ihre Wachstumseigenschaften. Gro\u00dfe Bl\u00e4tter, gro\u00dfe Knospen und viel Harz h\u00e4ngen von gesunden, d\u00fcnnen Stielen und Zweigen.<\/p>\n<p>Wenn Sie das fertige Produkt zum ersten Mal sehen, ist es ein Anblick, den Sie nicht vergessen. Au\u00dferdem wissen wir, dass wir, als wir unsere erste Ernte dieses Samens abgeschlossen hatten, viele Bilder gemacht haben, da das Gesamtbild der Pflanze erstaunlich war.<\/p>\n<p>Dieser spezielle Cannabissamen ist einfach zu z\u00fcchten und hat eine gro\u00dfe Pflanzengr\u00f6\u00dfe. Indoor-Anbau ergibt etwa 500 Gramm pro Pflanze. Ebenso kann der Outdoor-Anbau unter guten Bedingungen Knospen mit einem Gewicht von 700 Gramm hervorbringen.<\/p>\n<p>Wenn Sie im Freien anbauen, stellen Sie sicher, dass Sie wissen, dass Trainwreck in einem w\u00e4rmeren Klima gedeiht.<\/p>\n<p>Zus\u00e4tzlich betr\u00e4gt die Bl\u00fctezeit durchschnittlich 8 bis 10 Wochen und manche haben berichtet, dass sie die Bl\u00fcte sogar fr\u00fcher beginnen sahen. Geschmeidig, s\u00fc\u00df und eine gut abgerundete Pflanze, Trainwreck ist definitiv ein Cannabissamen, den Sie Ihrer Sammlung hinzuf\u00fcgen sollten.<\/p>\n","protected":false},"excerpt":{"rendered":"<p>Trainwreck Feminized Seeds bietet eine Mischung aus 60 % Sativa und 40 % Indica. Diese \u00fcberlegene genetische Zusammensetzung, die von ebenso \u00fcberlegenen Eltern geliehen wurde, f\u00fchrt zu einer Premium-Sorte mit einem wirksamen THC-Gehalt von 18 %. Sein einzigartiges Aroma kombiniert Zitrus mit Waldduft und ist bekannt daf\u00fcr, das sanfte produktive High zu erg\u00e4nzen.<\/p>\n","protected":false},"featured_media":32038,"comment_status":"open","ping_status":"closed","template":"","meta":{"_acf_changed":false,"_glsr_average":0,"_glsr_ranking":0,"_glsr_reviews":0},"product_brand":[],"product_cat":[62,19,3083,3067,33,1610,21],"product_tag":[],"class_list":{"0":"post-30638","1":"product","2":"type-product","3":"status-publish","4":"has-post-thumbnail","6":"product_cat-cannabis-samen-fuer-anfaenger","7":"product_cat-feminisierte-cannabis-samen","8":"product_cat-guenstige-cannabis-samen","9":"product_cat-ertragreiche-samen","10":"product_cat-hybride-cannabis-samen","11":"product_cat-photoperiodische-cannabis-samen","12":"product_cat-cannabis-sativa-samen","13":"product_shipping_class-test-shipping-classes","15":"first","16":"instock","17":"featured","18":"taxable","19":"shipping-taxable","20":"purchasable","21":"product-type-variable"},"acf":[],"aioseo_notices":[],"_links":{"self":[{"href":"https:\/\/theseedfair.com\/de\/wp-json\/wp\/v2\/product\/30638","targetHints":{"allow":["GET"]}}],"collection":[{"href":"https:\/\/theseedfair.com\/de\/wp-json\/wp\/v2\/product"}],"about":[{"href":"https:\/\/theseedfair.com\/de\/wp-json\/wp\/v2\/types\/product"}],"replies":[{"embeddable":true,"href":"https:\/\/theseedfair.com\/de\/wp-json\/wp\/v2\/comments?post=30638"}],"wp:featuredmedia":[{"embeddable":true,"href":"https:\/\/theseedfair.com\/de\/wp-json\/wp\/v2\/media\/32038"}],"wp:attachment":[{"href":"https:\/\/theseedfair.com\/de\/wp-json\/wp\/v2\/media?parent=30638"}],"wp:term":[{"taxonomy":"product_brand","embeddable":true,"href":"https:\/\/theseedfair.com\/de\/wp-json\/wp\/v2\/product_brand?post=30638"},{"taxonomy":"product_cat","embeddable":true,"href":"https:\/\/theseedfair.com\/de\/wp-json\/wp\/v2\/product_cat?post=30638"},{"taxonomy":"product_tag","embeddable":true,"href":"https:\/\/theseedfair.com\/de\/wp-json\/wp\/v2\/product_tag?post=30638"}],"curies":[{"name":"wp","href":"https:\/\/api.w.org\/{rel}","templated":true}]}}