{"id":31927,"date":"2020-09-01T06:12:20","date_gmt":"2020-09-01T06:12:20","guid":{"rendered":"https:\/\/theseedfair.com\/?post_type=product&#038;p=31927"},"modified":"2024-06-12T10:36:49","modified_gmt":"2024-06-12T10:36:49","slug":"girl-scout-cookies-auto","status":"publish","type":"product","link":"https:\/\/theseedfair.com\/de\/product\/autoflowering-cannabis-samen\/girl-scout-cookies-auto\/","title":{"rendered":"Girl Scout Cookies Autoflower Samen"},"content":{"rendered":"<h2>Girl Scout Cookies Autoflower Seeds<\/h2>\n<p>Unsere Girl Scout Cookie Sorte ist jetzt der meistverkaufte Artikel auf der Website von The Seed Fair. Diese genaue Sorte ist seit \u00fcber einem Jahr gefragt und wir haben diese gerade in unserem Inventar erhalten. Dieser Cannabis-Samen stammt von zwei Top-Favoritengruppen, OG Kush und Durban Poison. Girl Scout Cookie ist eine echte Hybridpflanze, die zu 60 % aus Sativa und 40 % aus Indica besteht. F\u00fcgen Sie dies alles zum THC-Wert von 20 % hinzu und Sie haben eine s\u00fc\u00dfe Mischung, die s\u00fcchtig machender sein k\u00f6nnte als eine Schachtel Kekse. Sobald Ihre Pflanze fertig ist, f\u00fcllt sich der Raum mit dem Aroma von Zuckerwatte und einem Hauch von Minze. Der Geschmack ist haupts\u00e4chlich der Grund, warum diese in hoher Nachfrage steht, da Ihr Gaumen mit braunem Zucker, erdigen und stechenden Untert\u00f6nen sowie Muskatnuss gef\u00fcllt ist.<\/p>\n<p>Der Gedanke daran l\u00e4sst einem das Wasser im Mund zusammenlaufen. Die physischen Eigenschaften Ihrer Marihuana-Pflanze sind atemberaubend in Schattierungen von Hellgr\u00fcn, violetten Bl\u00e4ttern mit brillanten orangefarbenen Haaren.<\/p>\n<h2>Wirkungen von Girl Scout Cookies Auto<\/h2>\n<p>Da es sich um einen Hybrid handelt, der auf die Indica-Seite neigt, verleiht unsere Girl Scout Cookie Sorte eine euphorische und entspannende Qualit\u00e4t mit erhebenden Gef\u00fchlen. Diese Sorte ist einer der besten Stressabbauer auf dem Markt. Girl Scout Cookie hilft bei der Bek\u00e4mpfung von Angstzust\u00e4nden, Depressionen, chronischen Schmerzen und Symptomen der Chemotherapie. Wenn Sie Appetitprobleme haben, kann dies zu Hei\u00dfhunger f\u00fchren und Ihnen helfen, mehr zu essen. Weitere bemerkenswerte Merkmale sind die inspirierende und stimulierende Natur, die Sie von dieser erstaunlichen Sorte erhalten. Holen Sie sich die Gitarre oder beginnen Sie Ihr bestes Gem\u00e4lde, w\u00e4hrend Girl Scout Cookie Ihre kreative Seite \u00fcbernimmt.<\/p>\n<h2>Wie w\u00e4chst Girl Scout Cookies Autoflower?<\/h2>\n<p>Die besten Neuigkeiten f\u00fcr Girl Scout Cookie Strain-Z\u00fcchter sind, dass sie f\u00fcr alle Anbaustufen geeignet ist. Egal, ob Sie neu oder ein erfahrener Z\u00fcchter sind, alle k\u00f6nnen die h\u00f6heren Ertr\u00e4ge erzielen, die diese Pflanze zu bieten hat. Es gibt gute Erfolge beim Anbau im Innen- und Au\u00dfenbereich, jedoch ist der Innenbereich f\u00fcr diese Pflanze ideal. Innenausbeuten k\u00f6nnen 500 Gramm betragen und Au\u00dfenrenditen sind 700 Gramm. Innenbereiche sind idealer wegen der kontrollierteren Umgebung. Diese Pflanze hat eine mittlere H\u00f6he, sobald sie kultiviert ist und kann sehr buschige Bl\u00e4tter zeigen. Die Bl\u00fctezeit betr\u00e4gt zwischen 8 und 9 Wochen, jedoch beginnen einige Blumen bereits um die 7 Wochen-Marke zu kommen. Genie\u00dfen Sie diese Sorte, die wir k\u00fcrzlich erhalten haben, und f\u00fcgen Sie sie Ihrer Samenkollektion hinzu.<\/p>\n","protected":false},"excerpt":{"rendered":"<p>Holen Sie sich die super aromatischen und potenten Girl Scout Cookies Autoflower! Sie kommt mit einem berauschenden THC-Gehalt von 20% und einer perfekten Mischung aus 40% Indica und 60% Sativa. Die Girl Scout Cookie Autoflower Seeds versprechen Knospen, die genauso unwiderstehlich sind wie die Kekse selbst.<\/p>\n","protected":false},"featured_media":32058,"comment_status":"open","ping_status":"closed","template":"","meta":{"_acf_changed":false,"_glsr_average":0,"_glsr_ranking":0,"_glsr_reviews":0},"product_brand":[],"product_cat":[56,62,68,33,21],"product_tag":[],"class_list":{"0":"post-31927","1":"product","2":"type-product","3":"status-publish","4":"has-post-thumbnail","6":"product_cat-autoflowering-cannabis-samen","7":"product_cat-cannabis-samen-fuer-anfaenger","8":"product_cat-hoher-thc-gehalt","9":"product_cat-hybride-cannabis-samen","10":"product_cat-cannabis-sativa-samen","12":"first","13":"instock","14":"taxable","15":"shipping-taxable","16":"purchasable","17":"product-type-variable"},"acf":[],"aioseo_notices":[],"_links":{"self":[{"href":"https:\/\/theseedfair.com\/de\/wp-json\/wp\/v2\/product\/31927","targetHints":{"allow":["GET"]}}],"collection":[{"href":"https:\/\/theseedfair.com\/de\/wp-json\/wp\/v2\/product"}],"about":[{"href":"https:\/\/theseedfair.com\/de\/wp-json\/wp\/v2\/types\/product"}],"replies":[{"embeddable":true,"href":"https:\/\/theseedfair.com\/de\/wp-json\/wp\/v2\/comments?post=31927"}],"wp:featuredmedia":[{"embeddable":true,"href":"https:\/\/theseedfair.com\/de\/wp-json\/wp\/v2\/media\/32058"}],"wp:attachment":[{"href":"https:\/\/theseedfair.com\/de\/wp-json\/wp\/v2\/media?parent=31927"}],"wp:term":[{"taxonomy":"product_brand","embeddable":true,"href":"https:\/\/theseedfair.com\/de\/wp-json\/wp\/v2\/product_brand?post=31927"},{"taxonomy":"product_cat","embeddable":true,"href":"https:\/\/theseedfair.com\/de\/wp-json\/wp\/v2\/product_cat?post=31927"},{"taxonomy":"product_tag","embeddable":true,"href":"https:\/\/theseedfair.com\/de\/wp-json\/wp\/v2\/product_tag?post=31927"}],"curies":[{"name":"wp","href":"https:\/\/api.w.org\/{rel}","templated":true}]}}