{"id":31932,"date":"2020-09-01T06:17:42","date_gmt":"2020-09-01T06:17:42","guid":{"rendered":"https:\/\/theseedfair.com\/?post_type=product&#038;p=31932"},"modified":"2024-06-12T11:01:35","modified_gmt":"2024-06-12T11:01:35","slug":"green-crack-auto","status":"publish","type":"product","link":"https:\/\/theseedfair.com\/de\/product\/autoflowering-cannabis-samen\/green-crack-auto\/","title":{"rendered":"Green Crack Autoflower Samen"},"content":{"rendered":"<h2>Green Crack Samen<\/h2>\n<p>Unsere Green Crack Sorte ist eine hybride Sativa-dominante Sorte mit 60 % Sativa und 40 % Indica. Die genetische Zusammensetzung von Green Crack stammt von Skunk #1 und einem Hauch von Afghani. Einmal kultiviert, wird diese Pflanze reich an Harz und dichten Knospen sein, die Ihr Produkt umgeben. Die Farbe ist sehr ansprechend, da die Bl\u00e4tter einen gelblichen Farbton haben und sich manchmal zu violetten Streifen entwickeln. Diese Pflanze w\u00e4chst kr\u00e4ftig und hat gute Stabilit\u00e4t. Das Aroma ist von exotischen Fr\u00fcchten und der Geschmack ist von Zitrus, Ananas, Mango und Zeder. Diese Sorte ist eine sehr beliebte Wahl f\u00fcr viele Sativa-Liebhaber, da die Knospen klein und dicht auf einer hohen Struktur der Pflanze sind. THC liegt bei 18 %, da es einen sehr sanften Rausch und Buzz bietet.<\/p>\n<h2>Effekte von Green Crack Samen<\/h2>\n<p>Green Crack Marihuana-Pflanzen bieten ein motivierendes und mentales High, das Sie fokussiert und aufmerksam h\u00e4lt. Im Gegensatz zu einigen anderen Sorten werden Sie sich nicht schl\u00e4frig oder m\u00fcde f\u00fchlen. Diese Cannabis-Sorte ist gro\u00dfartig gegen Depressionen, Stress, M\u00fcdigkeit, Schmerzen und Appetitlosigkeit. Aufgrund der Wachsamkeit, die nach dem Rauchen empfunden wird, ist dies eine perfekte Tageszeit-Sorte, die Ihnen den ganzen Tag \u00fcber Energie gibt. Ihre Stimmung wird gehoben und kann alle Stimmungsschwankungen behandeln. Viele Sorten sind gut f\u00fcr das Schmerzmanagement, aber die Green Crack Sorte wird eher f\u00fcr die geistigen Vorteile genutzt.<\/p>\n<h2>Wie w\u00e4chst Green Crack?<\/h2>\n<p>Green Crack Cannabis Samen sind sehr einfach zu z\u00fcchten und sowohl Anf\u00e4nger als auch erfahrene Z\u00fcchter k\u00f6nnen hohe Ertr\u00e4ge erzielen. Gro\u00dfartig f\u00fcr den Innen- und Au\u00dfenanbau, k\u00f6nnen die Innenausbeuten bei 550 Gramm, w\u00e4hrend die Au\u00dfenbauausbeuten bei 650 Gramm pro Pflanze liegen. Die Bl\u00fctezeit betr\u00e4gt nur 7 bis 9 Wochen, jedoch sollten Sie immer eine gute Kontrolle \u00fcber die Temperatur und Luftfeuchtigkeit haben. Die H\u00f6he der fertigen Pflanze ist ein mittleres Produkt und steht etwa 60 bis 80 Zoll hoch. Dies ist ideal f\u00fcr alle Wachstumsr\u00e4ume.<\/p>\n","protected":false},"excerpt":{"rendered":"<p>Green Crack Autoflower ist eine Kreuzung aus zwei legend\u00e4ren Sorten &#8211; Skunk #1 und Afghani. Diese Kombination hat ihm nicht nur seinen einzigartigen Namen gegeben, sondern auch eine potente Sorte mit einem THC-Gehalt von 15-20% geschaffen. Erwarten Sie ein motivierendes High, das Sie wie einen witzigen Shakespeare-Clown, nur ohne Strumpfhosen, f\u00fchlen l\u00e4sst.<\/p>\n","protected":false},"featured_media":32070,"comment_status":"open","ping_status":"closed","template":"","meta":{"_acf_changed":false,"_glsr_average":0,"_glsr_ranking":0,"_glsr_reviews":0},"product_brand":[],"product_cat":[56,3365,33],"product_tag":[],"class_list":{"0":"post-31932","1":"product","2":"type-product","3":"status-publish","4":"has-post-thumbnail","6":"product_cat-autoflowering-cannabis-samen","7":"product_cat-beste-cannabis-samen","8":"product_cat-hybride-cannabis-samen","10":"first","11":"instock","12":"taxable","13":"shipping-taxable","14":"purchasable","15":"product-type-variable"},"acf":[],"aioseo_notices":[],"_links":{"self":[{"href":"https:\/\/theseedfair.com\/de\/wp-json\/wp\/v2\/product\/31932","targetHints":{"allow":["GET"]}}],"collection":[{"href":"https:\/\/theseedfair.com\/de\/wp-json\/wp\/v2\/product"}],"about":[{"href":"https:\/\/theseedfair.com\/de\/wp-json\/wp\/v2\/types\/product"}],"replies":[{"embeddable":true,"href":"https:\/\/theseedfair.com\/de\/wp-json\/wp\/v2\/comments?post=31932"}],"wp:featuredmedia":[{"embeddable":true,"href":"https:\/\/theseedfair.com\/de\/wp-json\/wp\/v2\/media\/32070"}],"wp:attachment":[{"href":"https:\/\/theseedfair.com\/de\/wp-json\/wp\/v2\/media?parent=31932"}],"wp:term":[{"taxonomy":"product_brand","embeddable":true,"href":"https:\/\/theseedfair.com\/de\/wp-json\/wp\/v2\/product_brand?post=31932"},{"taxonomy":"product_cat","embeddable":true,"href":"https:\/\/theseedfair.com\/de\/wp-json\/wp\/v2\/product_cat?post=31932"},{"taxonomy":"product_tag","embeddable":true,"href":"https:\/\/theseedfair.com\/de\/wp-json\/wp\/v2\/product_tag?post=31932"}],"curies":[{"name":"wp","href":"https:\/\/api.w.org\/{rel}","templated":true}]}}