{"id":31937,"date":"2020-09-01T06:21:05","date_gmt":"2020-09-01T06:21:05","guid":{"rendered":"https:\/\/theseedfair.com\/?post_type=product&#038;p=31937"},"modified":"2024-06-12T09:45:55","modified_gmt":"2024-06-12T09:45:55","slug":"amnesia-haze-auto","status":"publish","type":"product","link":"https:\/\/theseedfair.com\/de\/product\/autoflowering-cannabis-samen\/amnesia-haze-auto\/","title":{"rendered":"Amnesia Haze Autoflower Samen"},"content":{"rendered":"<h2>Amnesia Haze Samen<\/h2>\n<p>Wir sind sehr gl\u00fccklich, unseren Amnesia Haze Strain zu unserer Cannabis-Samen sammlung hinzugef\u00fcgt zu haben. Dies ist ein Sativa-dominanter Hybrid, der zu 50% aus Sativa, 20% aus Indica und 30% aus Ruderalis besteht. Dieser sehr beliebte Strain wurde in den 90er Jahren von Hy-Pro Seeds in den Niederlanden gez\u00fcchtet. Diese spezielle Cannabis-Sorte ist auch unter anderen Namen wie Champagne Haze, The Bomb, Ultra Haze, Amnesia und unserem Namen Amnesia Haze bekannt. Diese Pflanze w\u00e4chst sehr gut und wenn sie fertig ist, bleiben lange Knospen und ein Aroma von Zitrus und erdigen T\u00f6nen.<\/p>\n<p>Unser Amnesia Haze Strain ist auch ein Cup-Gewinner. Er war ein Erstplatzierter in der Cannabis Cup im Jahr 2004. Aufgrund seiner Popularit\u00e4t findet man Amnesia Haze in vielen Coffee Shops in ganz Amsterdam. Bekannt f\u00fcr seine Sativa-Potenz, bringen Zitrus- und Gew\u00fcrznoten im Geschmack einen psychedelischen Rausch hervor. Man m\u00fcsste nat\u00fcrlich eine gr\u00f6\u00dfere Menge konsumieren, um dieses Stadium zu erreichen, aber die Gesamtwirkung ist eine glatte, ausgewogene Auto Flower.<\/p>\n<h2>Effekte von Amnesia Haze Samen<\/h2>\n<p>Der Grund, warum viele Kunden nach Amnesia Haze-Samen suchen, liegt darin, dass er sehr aufmunternd wirkt und bei Angstzust\u00e4nden hilft. Zusammen mit euphorischen Gef\u00fchlen bek\u00e4mpft Amnesia Haze auch Migr\u00e4ne, Schmerzen, Stimmungsschwankungen und Arthritis. Wenn man anf\u00e4ngt, Amnesia Haze zu rauchen, k\u00f6nnen die Effekte etwa 10 bis 15 Minuten dauern. Sobald dein High einsetzt, wirst du den aufmunternden, energetischen Teil des Strains sp\u00fcren. Viele Marihuana-Sorten haben eine wechselhafte Wirkung, aber Amnesia ist immer als &#8222;sichere Sache&#8220; bekannt. Die Effekte halten nicht allzu lange an, was der gro\u00dfe Vorteil dieses Produkts ist. Es ist gro\u00dfartig f\u00fcr den Freizeitgebrauch und man kann mit seinem Tag weitermachen.<\/p>\n<h2>Wie w\u00e4chst Amnesia Haze?<\/h2>\n<p>Das Wachstum von Amnesia Haze Strain dauert etwas l\u00e4nger als bei den meisten Sorten. Die Bl\u00fctezeit kann zwischen 8 bis 12 Wochen liegen. Das Warten lohnt sich jedoch, da die Ertr\u00e4ge und die Qualit\u00e4t auf einem sehr hohen Niveau liegen. Die THC-Werte liegen bei 16%, und die Pflanze erreicht H\u00f6hen von bis zu 26 Zoll. Beim F\u00fcttern deiner Marihuana-Pflanze ist es am besten, Marihuana-D\u00fcnger f\u00fcr optimales Wachstum und Pflanzenschutzmittel f\u00fcr Schutz zu verwenden. Der Amnesia Haze Strain produziert dichte, harzige Knospen auf einer starken Struktur der Pflanze. Au\u00dfenertr\u00e4ge werden mit 500 Gramm gesehen, w\u00e4hrend die Innenertr\u00e4ge bei 400 Gramm liegen. Amnesia Haze ist einfach anzubauen, was gut f\u00fcr alle Erfahrungsstufen im Anbau ist.<\/p>\n","protected":false},"excerpt":{"rendered":"<p>Der Amnesia Haze Autoflower existiert seit den 1990er Jahren und hat sich einen guten Ruf erworben, wobei er Aliase wie &#8222;Champagne Haze&#8220; und &#8222;The Bomb&#8220; verdient hat. Es \u00fcberrascht nicht, dass er sogar den angesehenen 2004 Cannabis Cup gewonnen hat. Die 16% THC m\u00f6gen mild erscheinen, aber sie sind daf\u00fcr bekannt, deine Erwartungen zu \u00fcbertreffen.<\/p>\n","protected":false},"featured_media":32073,"comment_status":"open","ping_status":"closed","template":"","meta":{"_acf_changed":false,"_glsr_average":0,"_glsr_ranking":0,"_glsr_reviews":0},"product_brand":[],"product_cat":[56,3365,62],"product_tag":[],"class_list":{"0":"post-31937","1":"product","2":"type-product","3":"status-publish","4":"has-post-thumbnail","6":"product_cat-autoflowering-cannabis-samen","7":"product_cat-beste-cannabis-samen","8":"product_cat-cannabis-samen-fuer-anfaenger","10":"first","11":"instock","12":"taxable","13":"shipping-taxable","14":"purchasable","15":"product-type-variable"},"acf":[],"aioseo_notices":[],"_links":{"self":[{"href":"https:\/\/theseedfair.com\/de\/wp-json\/wp\/v2\/product\/31937","targetHints":{"allow":["GET"]}}],"collection":[{"href":"https:\/\/theseedfair.com\/de\/wp-json\/wp\/v2\/product"}],"about":[{"href":"https:\/\/theseedfair.com\/de\/wp-json\/wp\/v2\/types\/product"}],"replies":[{"embeddable":true,"href":"https:\/\/theseedfair.com\/de\/wp-json\/wp\/v2\/comments?post=31937"}],"wp:featuredmedia":[{"embeddable":true,"href":"https:\/\/theseedfair.com\/de\/wp-json\/wp\/v2\/media\/32073"}],"wp:attachment":[{"href":"https:\/\/theseedfair.com\/de\/wp-json\/wp\/v2\/media?parent=31937"}],"wp:term":[{"taxonomy":"product_brand","embeddable":true,"href":"https:\/\/theseedfair.com\/de\/wp-json\/wp\/v2\/product_brand?post=31937"},{"taxonomy":"product_cat","embeddable":true,"href":"https:\/\/theseedfair.com\/de\/wp-json\/wp\/v2\/product_cat?post=31937"},{"taxonomy":"product_tag","embeddable":true,"href":"https:\/\/theseedfair.com\/de\/wp-json\/wp\/v2\/product_tag?post=31937"}],"curies":[{"name":"wp","href":"https:\/\/api.w.org\/{rel}","templated":true}]}}