{"id":31942,"date":"2020-09-01T06:24:28","date_gmt":"2020-09-01T06:24:28","guid":{"rendered":"https:\/\/theseedfair.com\/?post_type=product&#038;p=31942"},"modified":"2024-06-12T09:55:11","modified_gmt":"2024-06-12T09:55:11","slug":"blue-cheese-auto","status":"publish","type":"product","link":"https:\/\/theseedfair.com\/de\/product\/autoflowering-cannabis-samen\/blue-cheese-auto\/","title":{"rendered":"Blue Cheese Autoflower Samen"},"content":{"rendered":"<h2>Blauschimmelk\u00e4se Autoflower Samen<\/h2>\n<p>Unsere Blauschimmelk\u00e4se Autoflower Samen stammen aus einer Kreuzung von Blaubeere Autoflower und K\u00e4se Autoflower. Beide Elternteile sind in der Cannabissamenwelt bekannt und wurden \u00fcber 5 Jahre hinweg sorgf\u00e4ltig selektiert.<\/p>\n<p>Die Genetik dieses Indica-Hybrids besteht aus 40% Indica, 35% Sativa und 25% Ruderalis. Der Geschmack dieser beliebten Pflanze wird von Beeren und Gew\u00fcrzen dominiert, kombiniert mit einem milden cremigen K\u00e4se-Nachgeschmack.<\/p>\n<p>Der THC-Gehalt der Blauschimmelk\u00e4se-Sorte liegt bei 16%. Nicht zu hoch und perfekt f\u00fcr das sanfte High und den Geschmack, der erzeugt wird.<\/p>\n<p>Die physischen Merkmale sind von bernsteinfarbenen Stielen, waldgr\u00fcnen Zuckerbl\u00e4ttern und dichten Knospen mit dunklen gelben Bl\u00fctenstempeln gepr\u00e4gt.<\/p>\n<p>Sobald Ihr Produkt vollst\u00e4ndig kultiviert ist, sind die Knospen schwer und voller Harz. Der Reichtum des Geschmacks ist das, was unsere Kunden immer wieder zur\u00fcckkommen l\u00e4sst.<\/p>\n<h2>Effekte von Blauschimmelk\u00e4se Samen<\/h2>\n<p>Viele Kunden haben berichtet, dass Blauschimmelk\u00e4se Autoflower ein entspanntes und erhebendes High bietet. Zusammen mit einer \u00fcberw\u00e4ltigenden Ruhe wird diese Pflanze oft als zerebral oder kosmisch f\u00fcr ihre Kreativit\u00e4t und Kognition bezeichnet. Dar\u00fcber hinaus gibt es auch psychedelische Eigenschaften.<\/p>\n<p>Dies ist eine der besten Sorten, um Sie in eine tiefe k\u00f6rperliche Entspannung und Euphorie zu versetzen. Wenn Sie sich entspannen und soziale Umgebungen genie\u00dfen m\u00f6chten, haben Sie die richtige Cannabissamen gew\u00e4hlt. Es gibt keine Nachteile dieses perfekten kleinen Juwels.<\/p>\n<h2>Wie w\u00e4chst Blauschimmelk\u00e4se?<\/h2>\n<p>Die Bl\u00fctezeit unserer Blauschimmelk\u00e4se-Sorte betr\u00e4gt 7 bis 8 Wochen. Die Temperatur ist sehr wichtig, damit diese Knospe ihr Bestes gibt. Halten Sie die Temperatur um 20 Grad Celsius.<\/p>\n<p>Die durchschnittliche H\u00f6he nach Abschluss der Kultivierung betr\u00e4gt ungef\u00e4hr 80 &#8211; 120 cm. Die Ertr\u00e4ge im Innenbereich betragen 400 Gramm pro Pflanze und im Au\u00dfenbereich ebenfalls 400 Gramm.<\/p>\n<p>Beim Anbau im Freien kann Blauschimmelk\u00e4se n\u00f6rdliche Klimazonen tolerieren und eignet sich auch hervorragend f\u00fcr alle Anbauer.<\/p>\n<p>F\u00fcr Anf\u00e4nger und Erfahrene wird dieser Anbau sehr leicht zu handhaben sein. Da Blauschimmelk\u00e4se einen so besonderen Geschmack hat, empfiehlt The Seed Fair genau diese Sorte f\u00fcr alle Sammlungen.<\/p>\n","protected":false},"excerpt":{"rendered":"<p>Blauschimmelk\u00e4se Autoflower Samen kombinieren die s\u00fc\u00dfe Beeren von Blaubeere und den kr\u00e4ftigen Geschmack von K\u00e4se. Diese einfach zu z\u00fcchtende Indica-Hybride ist perfekt f\u00fcr Anf\u00e4nger. Der 16% THC-Gehalt ist mild genug, um den cremigen K\u00e4se mit einem beerigen Geschmack zu genie\u00dfen, ohne \u00fcberw\u00e4ltigt zu werden.<\/p>\n","protected":false},"featured_media":32075,"comment_status":"open","ping_status":"closed","template":"","meta":{"_acf_changed":false,"_glsr_average":0,"_glsr_ranking":0,"_glsr_reviews":0},"product_brand":[],"product_cat":[56,3365,62,33],"product_tag":[],"class_list":{"0":"post-31942","1":"product","2":"type-product","3":"status-publish","4":"has-post-thumbnail","6":"product_cat-autoflowering-cannabis-samen","7":"product_cat-beste-cannabis-samen","8":"product_cat-cannabis-samen-fuer-anfaenger","9":"product_cat-hybride-cannabis-samen","11":"first","12":"instock","13":"taxable","14":"shipping-taxable","15":"purchasable","16":"product-type-variable"},"acf":[],"aioseo_notices":[],"_links":{"self":[{"href":"https:\/\/theseedfair.com\/de\/wp-json\/wp\/v2\/product\/31942","targetHints":{"allow":["GET"]}}],"collection":[{"href":"https:\/\/theseedfair.com\/de\/wp-json\/wp\/v2\/product"}],"about":[{"href":"https:\/\/theseedfair.com\/de\/wp-json\/wp\/v2\/types\/product"}],"replies":[{"embeddable":true,"href":"https:\/\/theseedfair.com\/de\/wp-json\/wp\/v2\/comments?post=31942"}],"wp:featuredmedia":[{"embeddable":true,"href":"https:\/\/theseedfair.com\/de\/wp-json\/wp\/v2\/media\/32075"}],"wp:attachment":[{"href":"https:\/\/theseedfair.com\/de\/wp-json\/wp\/v2\/media?parent=31942"}],"wp:term":[{"taxonomy":"product_brand","embeddable":true,"href":"https:\/\/theseedfair.com\/de\/wp-json\/wp\/v2\/product_brand?post=31942"},{"taxonomy":"product_cat","embeddable":true,"href":"https:\/\/theseedfair.com\/de\/wp-json\/wp\/v2\/product_cat?post=31942"},{"taxonomy":"product_tag","embeddable":true,"href":"https:\/\/theseedfair.com\/de\/wp-json\/wp\/v2\/product_tag?post=31942"}],"curies":[{"name":"wp","href":"https:\/\/api.w.org\/{rel}","templated":true}]}}