{"id":31947,"date":"2020-09-01T06:28:28","date_gmt":"2020-09-01T06:28:28","guid":{"rendered":"https:\/\/theseedfair.com\/?post_type=product&#038;p=31947"},"modified":"2024-06-13T08:56:21","modified_gmt":"2024-06-13T08:56:21","slug":"afghani-regular","status":"publish","type":"product","link":"https:\/\/theseedfair.com\/de\/product\/regulaere-cannabis-samen\/afghani-regular\/","title":{"rendered":"Afghani Regul\u00e4re Samen"},"content":{"rendered":"<p>Mit unseren meistver kauften Afghani Regul\u00e4re Samen kannst du eine Reise in das Land reicher Traditionen und alter Kultur antreten.<\/p>\n<p>Diese indica-dominante Hybride (70 % Indica, 30 % Sativa) ist bei Cannabis-Fans aufgrund ihrer starken Wirkungen, k\u00f6stlichen Aromen und der einfachen Anbauweise sehr beliebt.<\/p>\n<p>Lies weiter, um die besonderen Eigenschaften dieser klassischen Sorte zu entdecken, die sie zu einem Muss in deinem Garten machen.<\/p>\n<h2>Afghani Cannabis hat eine Herkunft<\/h2>\n<p>Afghani Seeds haben eine lange Geschichte, die bis zu den felsigen Bergen Afghanistans zur\u00fcckreicht. Diese alte Sorte hat zahlreiche beliebte Hybriden hervorgebracht, aber ihr reiner Typ wird immer noch f\u00fcr ihre starken Genetik und traditionellen Cannabis-Eigenschaften gesch\u00e4tzt.<\/p>\n<p>The Seed Fair gibt dir die M\u00f6glichkeit, diese bew\u00e4hrte Sorte in ihrer urspr\u00fcnglichen Form zu erleben und unseren Verbrauchern das Beste zu bieten.<\/p>\n<h2>Ein Geschmacks- und Aromafreude<\/h2>\n<p>Afghani-Knospen haben einen starken, erdigen Duft mit Ankl\u00e4ngen an s\u00fc\u00dfen, fruchtigen Untert\u00f6nen.<\/p>\n<p>Wenn du sie konsumierst, bekommst du ein tiefes, komplexes Geschmacksprofil mit Noten von Kiefer, Sandelholz und Haschisch. Der Geschmack und das Aroma dieser traditionellen Sorte sind eine Hommage an ihr jahrhundertealtes Erbe.<\/p>\n<h2>Entspannende Wirkungen auf K\u00f6rper und Geist<\/h2>\n<p>Aufgrund ihres 20 % THC-Gehalts bieten Afghani Regul\u00e4re Samen einen langanhaltenden, starken Rausch. Als indica-dominante Sorte bietet sie eine starke Ganzk\u00f6rperentspannung, die helfen kann, Spannungen, schmerzende Muskeln und Angstzust\u00e4nde zu lindern.<\/p>\n<p>Afghani ist auch eine beliebte Wahl f\u00fcr Menschen, die an Schlaflosigkeit leiden, da sie die ganze Nacht Linderung bietet und dich in einen erholsamen Schlaf sinken l\u00e4sst.<\/p>\n<h2>Ein robuster Anbauer mit gro\u00dfz\u00fcgigen Ertr\u00e4gen<\/h2>\n<p>Afghani ist aufgrund ihrer Robustheit und Widerstandsf\u00e4higkeit gegen\u00fcber Umweltproblemen eine ausgezeichnete Wahl f\u00fcr Z\u00fcchter aller Erfahrungsstufen.<\/p>\n<p>Erwarte eine kompakte Pflanze, die eine H\u00f6he von 23 bis 25 Zoll erreicht, egal ob sie drinnen oder drau\u00dfen angebaut wird. Mit einer Bl\u00fctezeit von 8 bis 9 Wochen und einer Erntezeit von Ende September bis Anfang Oktober kannst du 400 Gramm (14 oz) pro Pflanze erwarten.<\/p>\n<p>Bitte beachte, dass Afghani Seeds \u201eRegul\u00e4re\u201c Cannabissamen sind, was bedeutet, dass sie sowohl m\u00e4nnliche als auch weibliche Samen enthalten.<\/p>\n<p>Trenne die m\u00e4nnlichen Samen von den weiblichen Samen, bevor du sie pflanzst, um Pflanzen zu erzeugen, die Bl\u00fcten produzieren. M\u00e4nnliche Pflanzen erzeugen kugelf\u00f6rmige Vorbl\u00fcten, w\u00e4hrend weibliche Pflanzen vorbl\u00fctenf\u00f6rmige Vorbl\u00fcten erzeugen.<\/p>\n<h2>Ein Muss f\u00fcr deine Cannabissammlung<\/h2>\n<p>Afghani Seeds sind ein wesentlicher Bestandteil eines jeden Cannabisanbaus, egal ob du Anf\u00e4nger oder erfahrener Z\u00fcchter bist.<\/p>\n<p>Es ist keine \u00dcberraschung, dass diese Sorte aufgrund ihrer reichen Geschichte, ihres hervorragenden Geschmacksprofils, ihrer entspannenden Wirkungen und ihrer einfachen Anbaubarkeit bei der Cannabis-Community sehr beliebt ist. Bestelle noch heute bei The Seed Fair, um die Magie der Afghani Seeds zu erleben.<\/p>\n","protected":false},"excerpt":{"rendered":"<p>Afghani Quality Seeds:AA Dritte h\u00f6chste Qualit\u00e4tsbewertung f\u00fcr deine Sammlung<\/p>\n<p>Kostenloser Versand bei Bestellungen \u00fcber 99 $. Versand in die USA und Kanada<\/p>\n<p>Erhalte 4 kostenlose Samen mit deiner Bestellung, wenn du per Venmo, Zelle oder E-Transfer zahlst.<\/p>\n","protected":false},"featured_media":32077,"comment_status":"open","ping_status":"closed","template":"","meta":{"_acf_changed":false,"_glsr_average":0,"_glsr_ranking":0,"_glsr_reviews":0},"product_brand":[],"product_cat":[62,68,33,30,63],"product_tag":[],"class_list":{"0":"post-31947","1":"product","2":"type-product","3":"status-publish","4":"has-post-thumbnail","6":"product_cat-cannabis-samen-fuer-anfaenger","7":"product_cat-hoher-thc-gehalt","8":"product_cat-hybride-cannabis-samen","9":"product_cat-indica-cannabis-samen","10":"product_cat-regulaere-cannabis-samen","12":"first","13":"instock","14":"taxable","15":"shipping-taxable","16":"purchasable","17":"product-type-variable"},"acf":[],"aioseo_notices":[],"_links":{"self":[{"href":"https:\/\/theseedfair.com\/de\/wp-json\/wp\/v2\/product\/31947","targetHints":{"allow":["GET"]}}],"collection":[{"href":"https:\/\/theseedfair.com\/de\/wp-json\/wp\/v2\/product"}],"about":[{"href":"https:\/\/theseedfair.com\/de\/wp-json\/wp\/v2\/types\/product"}],"replies":[{"embeddable":true,"href":"https:\/\/theseedfair.com\/de\/wp-json\/wp\/v2\/comments?post=31947"}],"wp:featuredmedia":[{"embeddable":true,"href":"https:\/\/theseedfair.com\/de\/wp-json\/wp\/v2\/media\/32077"}],"wp:attachment":[{"href":"https:\/\/theseedfair.com\/de\/wp-json\/wp\/v2\/media?parent=31947"}],"wp:term":[{"taxonomy":"product_brand","embeddable":true,"href":"https:\/\/theseedfair.com\/de\/wp-json\/wp\/v2\/product_brand?post=31947"},{"taxonomy":"product_cat","embeddable":true,"href":"https:\/\/theseedfair.com\/de\/wp-json\/wp\/v2\/product_cat?post=31947"},{"taxonomy":"product_tag","embeddable":true,"href":"https:\/\/theseedfair.com\/de\/wp-json\/wp\/v2\/product_tag?post=31947"}],"curies":[{"name":"wp","href":"https:\/\/api.w.org\/{rel}","templated":true}]}}