{"id":31957,"date":"2020-09-01T06:52:00","date_gmt":"2020-09-01T06:52:00","guid":{"rendered":"https:\/\/theseedfair.com\/?post_type=product&#038;p=31957"},"modified":"2024-06-13T08:58:33","modified_gmt":"2024-06-13T08:58:33","slug":"agent-orange-regular","status":"publish","type":"product","link":"https:\/\/theseedfair.com\/de\/product\/regulaere-cannabis-samen\/agent-orange-regular\/","title":{"rendered":"Agent Orange Regul\u00e4re Samen"},"content":{"rendered":"<h2>Agent Orange Regul\u00e4re Samen<\/h2>\n<p>Unsere Agent Orange-Sorte ist ein wahrer Genuss als Sativa-dominanter Hybrid. Die Genetik von Agent Orange betr\u00e4gt 75 % Sativa und 25 % Indica. Diese sehr beliebte Sorte hat einen einzigartigen Geschmack, der Sie immer wieder zur\u00fcckkommen l\u00e4sst. Zitrone, Orange, Sauer und S\u00fc\u00df kitzeln Ihre Geschmacksknospen, wenn Sie unsere Agent Orange-Sorte verwenden. So einzigartig sie ist, stammt Agent Orange von zwei sehr ber\u00fchmten Elternteilen, Orange Velvet und Jack the Ripper.<\/p>\n<p>Bitte denken Sie daran, dass dies ein \u201eRegul\u00e4rer\u201c Cannabis-Samen ist, der aus einer Mischung m\u00e4nnlicher und weiblicher Samen besteht. Wenn die m\u00e4nnlichen und weiblichen Samen zusammen wachsen und sich best\u00e4uben, produzieren sie mehr Samen anstelle von Bl\u00fcten oder Knospen. Denken Sie also immer daran, wenn Sie regul\u00e4re Cannabissamen bestellen. Wenn Sie Pflanzen anstelle von Samen produzieren m\u00f6chten, m\u00fcssen Sie die m\u00e4nnlichen von den weiblichen Samen trennen. Sie w\u00fcrden also nur die weiblichen Samen anbauen. Um zu bestimmen, was ein m\u00e4nnlicher oder weiblicher Samen ist, werden die M\u00e4nnchen kugelf\u00f6rmige Vorbl\u00fcten produzieren. Die Weibchen werden stempelartige Vorbl\u00fcten produzieren.<\/p>\n<p>Der THC-Wert betr\u00e4gt 19 %, was diesen Anbau mehr als lohnenswert macht. Diese Pflanze ist eigenartig mit kupferfarbenen Kristalltrichomen, tiefvioletten und orangen Knospen sowie leuchtend orangen Stempeln. Dieser Cannabissamen ist ein gro\u00dfer Favorit in unserer Samensammlung.<\/p>\n<h2>Effekte von Agent Orange <span data-sheets-root=\"1\" data-sheets-value=\"{&quot;1&quot;:2,&quot;2&quot;:&quot;Regul\u00e4re&quot;}\" data-sheets-userformat=\"{&quot;2&quot;:6657,&quot;3&quot;:{&quot;1&quot;:0},&quot;12&quot;:0,&quot;14&quot;:{&quot;1&quot;:2,&quot;2&quot;:0},&quot;15&quot;:&quot;\\&quot;Arial\\&quot;&quot;}\">Regul\u00e4re<\/span> Samen<\/h2>\n<p>Agent Orange-Sorte bietet eine komfortable Fahrt, die hervorragend zur Schmerzbew\u00e4ltigung, Stress- und Angstbew\u00e4ltigung geeignet ist. Dieser wundersch\u00f6n gemachte Rauch wird Sie auch energetisieren, aufmuntern und motivieren, wenn Ihr Rausch einsetzt. Aufgrund des sativa-dominanten Hintergrunds sind geringf\u00fcgige Schmerzen mit jedem Zug verschwunden. Seien Sie sich auch bewusst, dass die Wirkung sehr schnell einsetzt, wenn Sie Agent Orange verwenden. Lassen Sie sich vom Namen nicht abschrecken, Agent Orange ist ein sanftes Produkt, das alle genie\u00dfen sollten.<\/p>\n<h2>Wie w\u00e4chst Agent <span data-sheets-root=\"1\" data-sheets-value=\"{&quot;1&quot;:2,&quot;2&quot;:&quot;Regul\u00e4re&quot;}\" data-sheets-userformat=\"{&quot;2&quot;:6657,&quot;3&quot;:{&quot;1&quot;:0},&quot;12&quot;:0,&quot;14&quot;:{&quot;1&quot;:2,&quot;2&quot;:0},&quot;15&quot;:&quot;\\&quot;Arial\\&quot;&quot;}\">Regul\u00e4re<\/span> Orange?<\/h2>\n<p>Agent Orange ist perfekt f\u00fcr den Innen- und Au\u00dfenanbau. Drinnen kann man auf allen Erfahrungslevels anbauen. Der durchschnittliche Ertrag betr\u00e4gt 400 Gramm pro Pflanze und die Bl\u00fctezeit betr\u00e4gt 7 bis 9 Wochen. Die ideale Temperatur f\u00fcr den Innenanbau liegt bei 68 bis 80 Grad Fahrenheit. Wenn Sie eine hydroponische Anlage verwenden m\u00f6chten, kann dies helfen, h\u00e4ufige Krankheiten fernzuhalten. Der Au\u00dfenanbau ist jedoch nicht so einfach und erfordert einen fortgeschrittenen Z\u00fcchter. Da Sie drau\u00dfen die Umwelt nicht so kontrollieren k\u00f6nnen, ist diese Pflanze sehr anf\u00e4llig f\u00fcr Krankheiten. Die beste Erntezeit ist im Oktober, und die Pflanze muss trainiert und beschnitten werden, um ein baumartiges Wachstum zu verhindern. Sobald Sie Agent Orange kultiviert haben, wird sich die Geduld und M\u00fche lohnen. <a href=\"https:\/\/theseedfair.com\/\">The Seed Fair<\/a> hat diese Sorte seit vielen Jahren auf unserer Liste, da sie bei unseren Kunden sehr gefragt ist.<\/p>\n","protected":false},"excerpt":{"rendered":"<p>Agent Orange Regul\u00e4re Cannabissamen: AA Drittbeste Qualit\u00e4tsbewertung f\u00fcr Ihre Sammlung<\/p>\n<p>Kostenloser Versand bei Bestellungen \u00fcber 99 $. Versand in die USA und nach Kanada<\/p>\n<p>Erhalten Sie 4 kostenlose Samen mit Ihrer Bestellung, wenn Sie per Venmo, Zelle oder E-Transfer bezahlen.<\/p>\n","protected":false},"featured_media":32080,"comment_status":"open","ping_status":"closed","template":"","meta":{"_acf_changed":false,"_glsr_average":0,"_glsr_ranking":0,"_glsr_reviews":0},"product_brand":[],"product_cat":[62,33,63,21],"product_tag":[],"class_list":{"0":"post-31957","1":"product","2":"type-product","3":"status-publish","4":"has-post-thumbnail","6":"product_cat-cannabis-samen-fuer-anfaenger","7":"product_cat-hybride-cannabis-samen","8":"product_cat-regulaere-cannabis-samen","9":"product_cat-cannabis-sativa-samen","11":"first","12":"instock","13":"taxable","14":"shipping-taxable","15":"purchasable","16":"product-type-variable"},"acf":[],"aioseo_notices":[],"_links":{"self":[{"href":"https:\/\/theseedfair.com\/de\/wp-json\/wp\/v2\/product\/31957","targetHints":{"allow":["GET"]}}],"collection":[{"href":"https:\/\/theseedfair.com\/de\/wp-json\/wp\/v2\/product"}],"about":[{"href":"https:\/\/theseedfair.com\/de\/wp-json\/wp\/v2\/types\/product"}],"replies":[{"embeddable":true,"href":"https:\/\/theseedfair.com\/de\/wp-json\/wp\/v2\/comments?post=31957"}],"wp:featuredmedia":[{"embeddable":true,"href":"https:\/\/theseedfair.com\/de\/wp-json\/wp\/v2\/media\/32080"}],"wp:attachment":[{"href":"https:\/\/theseedfair.com\/de\/wp-json\/wp\/v2\/media?parent=31957"}],"wp:term":[{"taxonomy":"product_brand","embeddable":true,"href":"https:\/\/theseedfair.com\/de\/wp-json\/wp\/v2\/product_brand?post=31957"},{"taxonomy":"product_cat","embeddable":true,"href":"https:\/\/theseedfair.com\/de\/wp-json\/wp\/v2\/product_cat?post=31957"},{"taxonomy":"product_tag","embeddable":true,"href":"https:\/\/theseedfair.com\/de\/wp-json\/wp\/v2\/product_tag?post=31957"}],"curies":[{"name":"wp","href":"https:\/\/api.w.org\/{rel}","templated":true}]}}