{"id":31967,"date":"2020-09-01T06:58:50","date_gmt":"2020-09-01T06:58:50","guid":{"rendered":"https:\/\/theseedfair.com\/?post_type=product&#038;p=31967"},"modified":"2024-06-12T14:57:20","modified_gmt":"2024-06-12T14:57:20","slug":"acdc","status":"publish","type":"product","link":"https:\/\/theseedfair.com\/de\/product\/cbd-cannabis-samen\/acdc\/","title":{"rendered":"ACDC CBD Samen"},"content":{"rendered":"<h2>ACDC Seeds<\/h2>\n<p>Unsere ACDC Seeds ist eine der beliebtesten CBD-Sorten auf dem Markt. Diese fast perfekte Hybride besteht aus 60 % Sativa und 40 % Indica. Bitte beachten Sie, dass dies eine CBD-Cannabissorte ist, die 2 % THC und 15 % CBD enth\u00e4lt. Dies ist der h\u00f6chste CBD-Gehalt auf unserer Website. Dank der niedrigen Tetrahydrocannabinol-Gehalte und des hohen Gehalts des zweitwichtigsten Cannabinoids, Cannabidiol. Der Geschmack dieser Pflanze ist erstaunlich, da sie eine Kreuzung aus Zitrusfr\u00fcchten, pfeffrig und w\u00fcrzig ist. Unsere ACDC-Samen-Genetik ist ein Cannatonic-Ph\u00e4notyp.<\/p>\n<h2>Effekte von ACDC Seeds<\/h2>\n<p>Die Effekte von ACDC sind wirklich cool, da es die Produktivit\u00e4t und Kreativit\u00e4t steigern kann, w\u00e4hrend es eine vollst\u00e4ndige K\u00f6rperentspannung bietet. Hervorragend zur Behandlung von Angst, Schmerzen, Depressionen und Migr\u00e4ne ist ACDC die effektivste CBD-Sorte auf unserer Liste. Diese spezielle Marihuana-Pflanze verursacht keinen psychoaktiven oder euphorischen Effekt, sondern dient der Behandlung der oben genannten Beschwerden. Ein weiterer h\u00e4ufiger medizinischer Nutzen von CBD-ACDC ist die Bek\u00e4mpfung von Entz\u00fcndungen, eine Eigenschaft, f\u00fcr die es ziemlich bekannt ist. Egal, ob du an Arthritis, IBD, Sinusitis oder einer Vielzahl anderer Erkrankungen leidest, du wirst mit dieser Sorte sicherlich Erleichterung finden.<\/p>\n<h2>Wie w\u00e4chst ACDC?<\/h2>\n<p>ACDC-Samen sind gro\u00dfartig f\u00fcr alle Z\u00fcchter, von Anf\u00e4ngern bis zu Erfahrenen. Anf\u00e4nger m\u00fcssen jedoch besonders auf diese Pflanze achten, da es einige Bereiche gibt, in denen der Anbau scheitern k\u00f6nnte. Diese Sorte kann man sowohl drinnen als auch drau\u00dfen anbauen. Innen- und Au\u00dfenertr\u00e4ge haben 300 Gramm pro Pflanze gesehen und die Bl\u00fctezeit im Durchschnitt betr\u00e4gt 8 bis 9 Wochen. Eine Woche oder zwei mehr als der Durchschnitt, aber die zus\u00e4tzliche Wartezeit lohnt sich, da diese Sorte immer erfreut. Diese Pflanze w\u00e4chst am besten in einer kontrollierten Innenumgebung, aber sobald sie fertig ist, wird das fruchtige Aroma deinen Raum erf\u00fcllen.<\/p>\n","protected":false},"excerpt":{"rendered":"<p>ACDC CBD Feminized r\u00fchmt sich einer harmonischen Mischung aus 60 % Sativa und 40 % Indica, bietet einen hohen CBD-Gehalt von 15 % und minimalem THC von 2 %. Diese Sorte verspricht einen greifbaren Ertrag von 300 Gramm pro Pflanze mit einer Bl\u00fctezeit von 8-9 Wochen, bietet Linderung und Entspannung ohne psychoaktive Effekte.<\/p>\n","protected":false},"featured_media":32082,"comment_status":"open","ping_status":"closed","template":"","meta":{"_acf_changed":false,"_glsr_average":0,"_glsr_ranking":0,"_glsr_reviews":0},"product_brand":[],"product_cat":[3365,62,64,19,33,21],"product_tag":[],"class_list":{"0":"post-31967","1":"product","2":"type-product","3":"status-publish","4":"has-post-thumbnail","6":"product_cat-beste-cannabis-samen","7":"product_cat-cannabis-samen-fuer-anfaenger","8":"product_cat-cbd-cannabis-samen","9":"product_cat-feminisierte-cannabis-samen","10":"product_cat-hybride-cannabis-samen","11":"product_cat-cannabis-sativa-samen","13":"first","14":"instock","15":"taxable","16":"shipping-taxable","17":"purchasable","18":"product-type-variable"},"acf":[],"aioseo_notices":[],"_links":{"self":[{"href":"https:\/\/theseedfair.com\/de\/wp-json\/wp\/v2\/product\/31967","targetHints":{"allow":["GET"]}}],"collection":[{"href":"https:\/\/theseedfair.com\/de\/wp-json\/wp\/v2\/product"}],"about":[{"href":"https:\/\/theseedfair.com\/de\/wp-json\/wp\/v2\/types\/product"}],"replies":[{"embeddable":true,"href":"https:\/\/theseedfair.com\/de\/wp-json\/wp\/v2\/comments?post=31967"}],"wp:featuredmedia":[{"embeddable":true,"href":"https:\/\/theseedfair.com\/de\/wp-json\/wp\/v2\/media\/32082"}],"wp:attachment":[{"href":"https:\/\/theseedfair.com\/de\/wp-json\/wp\/v2\/media?parent=31967"}],"wp:term":[{"taxonomy":"product_brand","embeddable":true,"href":"https:\/\/theseedfair.com\/de\/wp-json\/wp\/v2\/product_brand?post=31967"},{"taxonomy":"product_cat","embeddable":true,"href":"https:\/\/theseedfair.com\/de\/wp-json\/wp\/v2\/product_cat?post=31967"},{"taxonomy":"product_tag","embeddable":true,"href":"https:\/\/theseedfair.com\/de\/wp-json\/wp\/v2\/product_tag?post=31967"}],"curies":[{"name":"wp","href":"https:\/\/api.w.org\/{rel}","templated":true}]}}