{"id":31977,"date":"2020-09-01T07:04:50","date_gmt":"2020-09-01T07:04:50","guid":{"rendered":"https:\/\/theseedfair.com\/?post_type=product&#038;p=31977"},"modified":"2024-06-19T12:47:09","modified_gmt":"2024-06-19T12:47:09","slug":"critical-mass","status":"publish","type":"product","link":"https:\/\/theseedfair.com\/de\/product\/cbd-cannabis-samen\/critical-mass\/","title":{"rendered":"CBD Critical Mass Samen"},"content":{"rendered":"<h2>Critical Mass Samen<\/h2>\n<p>Unsere Critical Mass Sorte ist die beliebteste CBD-Sorte in unserer Sammlung. Critical Mass wurde aus drei erstaunlichen Sorten produziert: S. Indian, Brazilian und Critical Mass. Der THC-Gehalt betr\u00e4gt nur 7% und der CBD-Gehalt liegt bei 5%. Dies ist ein stark Indica-dominanter Hybrid, der mit 80% Indica und 20% Sativa ins Gewicht f\u00e4llt. Critical Mass ist sehr dicht und bev\u00f6lkert die Pflanze mit vielen Knospen. Dar\u00fcber hinaus wachsen die Blumen gro\u00df und dick, was diese zu einer sehr produktiven Marihuana-Pflanze macht.<\/p>\n<p>Der Geschmack ist es, der unsere Kunden immer wieder zur\u00fcckkommen l\u00e4sst. Critical Mass hat einen glatten Geschmack von erdig, stechend und s\u00fc\u00df. Dar\u00fcber hinaus wird das Aroma von reichhaltigem Honig die Luft erf\u00fcllen, sobald es kultiviert ist. Die physischen Eigenschaften sind faszinierend, da es dunkelgr\u00fcne F\u00e4cherbl\u00e4tter sind, umgeben von farbigen Stempeln mit Zucker auf den Bl\u00e4ttern. Daher ist es eine der besser aussehenden Pflanzen, die wir bemerkten, als wir den Prozess abgeschlossen haben.<\/p>\n<h2>Effekte von Critical Mass<\/h2>\n<p>Critical Mass CBD hat viele therapeutische Vorteile, die bei verschiedenen Symptomen und Beschwerden helfen k\u00f6nnen. Aufgrund der 5% CBD und 7% THC hinterl\u00e4sst diese glatte Kombination ein kreatives und fokussiertes Gef\u00fchl beim Patienten. Da Critical Mass Sie auch etwas m\u00fcder machen kann, ist diese Marihuana-Pflanze am besten am Abend zu konsumieren. Kontinuierlich wird diese Sorte Sie beruhigen und bei Angst, Nerven und Entspannung zu Hause helfen. Die hohe Menge an CBD arbeitet im Konzert mit THC, um Potenz hinzuzuf\u00fcgen und eliminiert auch einen Gro\u00dfteil der psychoaktiven Wirkung, f\u00fcr die THC bekannt ist. Daher sind CBD Critical Mass Cannabis-Samen ideal f\u00fcr diejenigen, die rein medizinische Vorteile ohne das hinzugef\u00fcgte \u201eHigh\u201c suchen.<\/p>\n<p>Wenn Sie chronische Schmerzen, Migr\u00e4ne und Angst bek\u00e4mpfen m\u00f6chten, sind Sie hier richtig. Die Critical Mass Sorte von The Seed Fair ist auch daf\u00fcr bekannt, den Appetit zu steigern, \u00dcbelkeit zu bek\u00e4mpfen und hilft auch, wenn Sie eine Chemotherapie und Bestrahlung durchlaufen.<\/p>\n<h2>Wie w\u00e4chst Critical Mass?<\/h2>\n<p>Der Anbau von Critical Mass wird am besten von einem fortgeschrittenen bis gut erfahrenen Anbauer durchgef\u00fchrt. Der Grund daf\u00fcr ist, dass Sie eine gut kontrollierte Umgebung ben\u00f6tigen, da diese spezifische Sorte anf\u00e4lliger f\u00fcr Schimmel ist. Feuchtigkeits- und Klimakontrolle sind ein Muss, da dieses Produkt in einer eher trockenen Umgebung sein muss. Das hei\u00dft jedoch nicht, dass ein Anf\u00e4nger die Regeln nicht befolgen und versuchen kann, zu kultivieren. Wir haben viele neue Anbauer erfolgreich versucht und waren ebenso erfolgreich. Die Bl\u00fctezeit dieser Sorte betr\u00e4gt etwa 8 bis 10 Wochen. Erstaunlich ist, dass Critical Mass im Freien Ertr\u00e4ge von bis zu 1000 Gramm pro Pflanze erzielt. Drinnen betr\u00e4gt der Ertrag 600 Gramm pro Pflanze. Diese Pflanze eignet sich f\u00fcr enge R\u00e4ume und ist eine gute Wahl, wenn Sie die Sea of Green Methode verwenden.<\/p>\n","protected":false},"excerpt":{"rendered":"<p>Critical Mass Samen Qualit\u00e4t: AAAA H\u00f6chste Qualit\u00e4tsbewertung f\u00fcr Ihre Sammlung<\/p>\n<p>Kostenloser Versand bei Bestellungen \u00fcber 99 $. USA und Kanada weiter Versand<\/p>\n<p>Erhalten Sie 4 kostenlose Samen mit Ihrer Bestellung, wenn Sie mit Venmo, Zelle oder E-Transfer bezahlen.<\/p>\n","protected":false},"featured_media":32086,"comment_status":"open","ping_status":"closed","template":"","meta":{"_acf_changed":false,"_glsr_average":0,"_glsr_ranking":0,"_glsr_reviews":0},"product_brand":[],"product_cat":[3365,64,33,30],"product_tag":[],"class_list":{"0":"post-31977","1":"product","2":"type-product","3":"status-publish","4":"has-post-thumbnail","6":"product_cat-beste-cannabis-samen","7":"product_cat-cbd-cannabis-samen","8":"product_cat-hybride-cannabis-samen","9":"product_cat-indica-cannabis-samen","11":"first","12":"instock","13":"taxable","14":"shipping-taxable","15":"purchasable","16":"product-type-variable"},"acf":[],"aioseo_notices":[],"_links":{"self":[{"href":"https:\/\/theseedfair.com\/de\/wp-json\/wp\/v2\/product\/31977","targetHints":{"allow":["GET"]}}],"collection":[{"href":"https:\/\/theseedfair.com\/de\/wp-json\/wp\/v2\/product"}],"about":[{"href":"https:\/\/theseedfair.com\/de\/wp-json\/wp\/v2\/types\/product"}],"replies":[{"embeddable":true,"href":"https:\/\/theseedfair.com\/de\/wp-json\/wp\/v2\/comments?post=31977"}],"wp:featuredmedia":[{"embeddable":true,"href":"https:\/\/theseedfair.com\/de\/wp-json\/wp\/v2\/media\/32086"}],"wp:attachment":[{"href":"https:\/\/theseedfair.com\/de\/wp-json\/wp\/v2\/media?parent=31977"}],"wp:term":[{"taxonomy":"product_brand","embeddable":true,"href":"https:\/\/theseedfair.com\/de\/wp-json\/wp\/v2\/product_brand?post=31977"},{"taxonomy":"product_cat","embeddable":true,"href":"https:\/\/theseedfair.com\/de\/wp-json\/wp\/v2\/product_cat?post=31977"},{"taxonomy":"product_tag","embeddable":true,"href":"https:\/\/theseedfair.com\/de\/wp-json\/wp\/v2\/product_tag?post=31977"}],"curies":[{"name":"wp","href":"https:\/\/api.w.org\/{rel}","templated":true}]}}