{"id":31982,"date":"2020-09-01T07:07:31","date_gmt":"2020-09-01T07:07:31","guid":{"rendered":"https:\/\/theseedfair.com\/?post_type=product&#038;p=31982"},"modified":"2024-06-12T15:10:21","modified_gmt":"2024-06-12T15:10:21","slug":"harlequin","status":"publish","type":"product","link":"https:\/\/theseedfair.com\/de\/product\/cbd-cannabis-samen\/harlequin\/","title":{"rendered":"CBD Harlequin Samen"},"content":{"rendered":"<h2>CBD Harlequin Samen<\/h2>\n<p>Unsere Harlequin-Sorte ist eine Erfolgsgeschichte made in USA. Diese sehr beliebte Sorte wurde direkt in den USA produziert und hat Elternsorten von OG Kush und Harlequin. Dies ist eine dominante Sativa-Sorte mit 75% Sativa und 25% Indica. Der Geschmack dieser CBD-Sorte ist erdig, krautig und w\u00fcrzig. Eine gro\u00dfartige Kombination aus einem sanften Geschmack f\u00fcr Ihren Gaumen. S\u00fc\u00dfes mango flavored terpenes befinden sich auch in der sch\u00fctzenden Trichome-Schicht, die jede hochharzige Bl\u00fctentraube bedeckt. In letzter Zeit gab es einen gro\u00dfen Anstieg von CBD-Produkten online, den medizinischen Vorteilen und der hervorragenden Nutzung zu jeder Tageszeit. Ob Sie zu Hause entspannen oder arbeiten, Harlequin Cannabis-Samen ist das richtige Produkt f\u00fcr Sie.<\/p>\n<h2>Effekte von Harlequin CBD<\/h2>\n<p>Harlequin CBD ist bekannt daf\u00fcr, die effektivste Sorte zur Behandlung von Schmerzen und Angstzust\u00e4nden zu sein. Die Menge an CBD bek\u00e4mpft die THC-Paranoia und verleiht dieser Sorte die vollen Eigenschaften zur Behandlung von Beschwerden. Der wichtigste Teil der Harlequin Cannabis-Samen ist, dass sie es Ihnen erm\u00f6glichen, sich zu entspannen, ohne sediert zu werden, und Erleichterung zu erfahren, ohne berauscht zu sein. Da dies eine sativa-dominante Sorte ist, ist Harlequin hochtherapeutisch. Der dominante Terpen ist Ocimen, der ein s\u00fc\u00dfes Mango-Bouquet bietet sowie antivirale, antimykotische, antiseptische, abschwellende und antibakterielle Eigenschaften. Harlequin CBD ist eine ausgezeichnete Sorte f\u00fcr diejenigen, die neugierig auf hoch CBD-Bl\u00fcten sind, die ein wenig Sativa-Einfluss enthalten.<\/p>\n<h2>Wie w\u00e4chst Harlequin?<\/h2>\n<p>Harlequin zu wachsen ist eine einfache Sorte. Diese Marihuana-Pflanze hat krankheitsresistente Genetik von Harlequin fem. Die Bl\u00fctezeit betr\u00e4gt etwa 8 bis 10 Wochen. Einmal kultiviert wird Ihr Produkt eine gro\u00dfe und schlanke Pflanze sein. Harlekin ist gro\u00dfartig f\u00fcr den Innen- und Au\u00dfenanbau. Beide k\u00f6nnen 400 Gramm pro Pflanze einmal voll produziert. Sobald Sie mit Ihrer CBD-Harlekin-Pflanze fertig sind, wird Ihr Raum erf\u00fcllt sein mit einem Aroma von Zitrus, holzig und krautig. Der Geruch des Raums f\u00fcgt automatisch eine ruhige und beruhigende Atmosph\u00e4re hinzu, um Ihnen zu helfen, sich vor dem Rauchen einzurichten. Von allen CBD-Sorten wird diese von The Seed Fair hoch empfohlen.<\/p>\n","protected":false},"excerpt":{"rendered":"<p>Harlekin Qualit\u00e4t: AAAA H\u00f6chstbewertung f\u00fcr Ihre Sammlung<\/p>\n<p>Kostenloser Versand bei Bestellungen \u00fcber $99. USA und Kanadaweiter Versand<\/p>\n<p>Erhalten Sie 4 kostenlose Samen mit Ihrer Bestellung, wenn Sie mit Venmo, Zelle oder E Transfer bezahlen.<\/p>\n","protected":false},"featured_media":32088,"comment_status":"open","ping_status":"closed","template":"","meta":{"_acf_changed":false,"_glsr_average":0,"_glsr_ranking":0,"_glsr_reviews":0},"product_brand":[],"product_cat":[64,33,21],"product_tag":[],"class_list":{"0":"post-31982","1":"product","2":"type-product","3":"status-publish","4":"has-post-thumbnail","6":"product_cat-cbd-cannabis-samen","7":"product_cat-hybride-cannabis-samen","8":"product_cat-cannabis-sativa-samen","10":"first","11":"instock","12":"taxable","13":"shipping-taxable","14":"purchasable","15":"product-type-variable"},"acf":[],"aioseo_notices":[],"_links":{"self":[{"href":"https:\/\/theseedfair.com\/de\/wp-json\/wp\/v2\/product\/31982","targetHints":{"allow":["GET"]}}],"collection":[{"href":"https:\/\/theseedfair.com\/de\/wp-json\/wp\/v2\/product"}],"about":[{"href":"https:\/\/theseedfair.com\/de\/wp-json\/wp\/v2\/types\/product"}],"replies":[{"embeddable":true,"href":"https:\/\/theseedfair.com\/de\/wp-json\/wp\/v2\/comments?post=31982"}],"wp:featuredmedia":[{"embeddable":true,"href":"https:\/\/theseedfair.com\/de\/wp-json\/wp\/v2\/media\/32088"}],"wp:attachment":[{"href":"https:\/\/theseedfair.com\/de\/wp-json\/wp\/v2\/media?parent=31982"}],"wp:term":[{"taxonomy":"product_brand","embeddable":true,"href":"https:\/\/theseedfair.com\/de\/wp-json\/wp\/v2\/product_brand?post=31982"},{"taxonomy":"product_cat","embeddable":true,"href":"https:\/\/theseedfair.com\/de\/wp-json\/wp\/v2\/product_cat?post=31982"},{"taxonomy":"product_tag","embeddable":true,"href":"https:\/\/theseedfair.com\/de\/wp-json\/wp\/v2\/product_tag?post=31982"}],"curies":[{"name":"wp","href":"https:\/\/api.w.org\/{rel}","templated":true}]}}