{"id":31988,"date":"2020-09-01T07:09:50","date_gmt":"2020-09-01T07:09:50","guid":{"rendered":"https:\/\/theseedfair.com\/?post_type=product&#038;p=31988"},"modified":"2024-06-21T13:56:56","modified_gmt":"2024-06-21T13:56:56","slug":"strawberry","status":"publish","type":"product","link":"https:\/\/theseedfair.com\/de\/product\/cbd-cannabis-samen\/strawberry\/","title":{"rendered":"Strawberry CBD Samen"},"content":{"rendered":"<h2>Strawberry CBD Samen<\/h2>\n<p>Unser Strawberry-Strain ist ein CBD-Cannabissamen, der zu 80 % Indica und 20 % Sativa ist. Wenn Sie nach hohen CBD-Werten bei 15% und niedrigen THC-Werten bei 1% suchen, dann sind Sie beim richtigen Strain angekommen. Dieser spezielle CBD-Strain bietet vollst\u00e4ndige Entspannung f\u00fcr den ganzen K\u00f6rper. Unser indica-dominierter Strain stammt urspr\u00fcnglich aus der Schweiz. Strawberry w\u00e4chst sehr schnell und liefert konstant 15 % CBD. Dieser sehr beliebte Strain h\u00e4lt eine Explosion von Beerengeschmack und Erdbeeraroma, um Ihr sanftes High zu verst\u00e4rken.<\/p>\n<p>Unser Strawberry-Strain ist eine Kreuzung zwischen OG Kush und Strawberry Husten. Diese beiden bieten sehr starke Genetik f\u00fcr den Strawberry CBD-Cannabissamen. Wenn Sie hoch CBD-Strains verwenden, f\u00fchlen Sie sich nicht m\u00fcde oder ersch\u00f6pft, aber Sie f\u00fchlen sich vollst\u00e4ndig entspannt, was perfekt f\u00fcr einen Tages-Strain ist. Das Endprodukt wird Ihnen sehr dichte Knospen und reichlich Zweige hinterlassen.<\/p>\n<h2>Effekte von Strawberry CBD<\/h2>\n<p>Strawberry bietet viele gro\u00dfartige Erfahrungen beim Rauchen dieser k\u00f6stlichen Marihuana-Pflanze. OG Kush, der Eltern-Strain, wird helfen, eine potente, den K\u00f6rper bet\u00e4ubende Euphorie zu vermitteln, w\u00e4hrend Strawberry Hustenhusten das mental erhebende High bringt. Da der THC-Gehalt so niedrig ist und CBD sehr hoch ist, wird dieses Produkt einen milderen Effekt liefern. Sobald Sie den Erdbeerrauch einatmen, werden Sie sich sorglos und gl\u00fccklich f\u00fchlen. Unser Strawberry Strain hilft bei Beschwerden wie Angst, Entz\u00fcndungen, Schlaflosigkeit, Schmerzen und Stress.<\/p>\n<h2>Wie w\u00e4chst Strawberry?<\/h2>\n<p>Im Durchschnitt betr\u00e4gt die Bl\u00fctezeit von Strawberry zwischen 8 bis 10 Wochen. Am besten ist es, die Erntezeit nahe Mitte Oktober zu halten. Strawberry eignet sich gut f\u00fcr den Anbau in Innenr\u00e4umen und im Freien. Der Ertrag betr\u00e4gt bei beiden 400 Gramm pro Pflanze. Strawberry ist eine sehr kurze und dichte Pflanze, die resistent gegen Schimmel, Krankheiten und Sch\u00e4dlinge ist. Es ist jedoch immer gut, einen Marihuana-D\u00fcnger zu verwenden, der einen Schutz enth\u00e4lt, um diese Probleme zu bek\u00e4mpfen. Wenn Sie erw\u00e4gen, diesen Strain im Freien anzubauen, ist es sehr wichtig, Temperatur, Feuchtigkeit und ordnungsgem\u00e4\u00dfe Beleuchtung zu verwalten. Unser Strawberry CBD-Strain nimmt sehr wenig Platz ein, sodass Sie ihn in engeren R\u00e4umen wie einem Zuhause usw. anbauen k\u00f6nnen. Nutzen Sie diese wunderbaren Cannabissamen und f\u00fcgen Sie sie Ihrer exotischen Samen-Sammlung hinzu.<\/p>\n","protected":false},"excerpt":{"rendered":"<p>Strawberry-Qualit\u00e4t: AAAA h\u00f6chste Qualit\u00e4tsbewertung f\u00fcr Ihre Sammlung<\/p>\n<p>Kostenloser Versand bei Bestellungen \u00fcber 99 USD. Versand in die USA und Kanada<\/p>\n<p>Erhalten Sie 4 kostenlose Samen mit Ihrer Bestellung, wenn Sie mit Venmo, Zelle oder E-Transfer bezahlen.<\/p>\n","protected":false},"featured_media":32090,"comment_status":"open","ping_status":"closed","template":"","meta":{"_acf_changed":false,"_glsr_average":0,"_glsr_ranking":0,"_glsr_reviews":0},"product_brand":[],"product_cat":[62,64,33,30],"product_tag":[],"class_list":{"0":"post-31988","1":"product","2":"type-product","3":"status-publish","4":"has-post-thumbnail","6":"product_cat-cannabis-samen-fuer-anfaenger","7":"product_cat-cbd-cannabis-samen","8":"product_cat-hybride-cannabis-samen","9":"product_cat-indica-cannabis-samen","11":"first","12":"instock","13":"taxable","14":"shipping-taxable","15":"purchasable","16":"product-type-variable"},"acf":[],"aioseo_notices":[],"_links":{"self":[{"href":"https:\/\/theseedfair.com\/de\/wp-json\/wp\/v2\/product\/31988","targetHints":{"allow":["GET"]}}],"collection":[{"href":"https:\/\/theseedfair.com\/de\/wp-json\/wp\/v2\/product"}],"about":[{"href":"https:\/\/theseedfair.com\/de\/wp-json\/wp\/v2\/types\/product"}],"replies":[{"embeddable":true,"href":"https:\/\/theseedfair.com\/de\/wp-json\/wp\/v2\/comments?post=31988"}],"wp:featuredmedia":[{"embeddable":true,"href":"https:\/\/theseedfair.com\/de\/wp-json\/wp\/v2\/media\/32090"}],"wp:attachment":[{"href":"https:\/\/theseedfair.com\/de\/wp-json\/wp\/v2\/media?parent=31988"}],"wp:term":[{"taxonomy":"product_brand","embeddable":true,"href":"https:\/\/theseedfair.com\/de\/wp-json\/wp\/v2\/product_brand?post=31988"},{"taxonomy":"product_cat","embeddable":true,"href":"https:\/\/theseedfair.com\/de\/wp-json\/wp\/v2\/product_cat?post=31988"},{"taxonomy":"product_tag","embeddable":true,"href":"https:\/\/theseedfair.com\/de\/wp-json\/wp\/v2\/product_tag?post=31988"}],"curies":[{"name":"wp","href":"https:\/\/api.w.org\/{rel}","templated":true}]}}