{"id":31993,"date":"2020-09-01T07:12:24","date_gmt":"2020-09-01T07:12:24","guid":{"rendered":"https:\/\/theseedfair.com\/?post_type=product&#038;p=31993"},"modified":"2024-06-12T15:02:45","modified_gmt":"2024-06-12T15:02:45","slug":"charlottes-web","status":"publish","type":"product","link":"https:\/\/theseedfair.com\/de\/product\/cbd-cannabis-samen\/charlottes-web\/","title":{"rendered":"Charlotte&#8217;s Web CBD Samen"},"content":{"rendered":"<h2>Charlotte&#8217;s Web Samen<\/h2>\n<p>Charlotte&#8217;s Web CBD-Sorte ist eine fast ausgeglichene Hybride aus 60 % Sativa und 40 % Indica. Viele Kunden lieben den erdigen, zitronigen, kiefernartigen und holzigen Geschmack. Charlotte&#8217;s Web hat einen hohen CBD-Gehalt und einen niedrigen THC-Gehalt. Es ist die beliebteste aller CBD-Sorten weltweit.<\/p>\n<p>Charlotte&#8217;s Web Gras wurde von den Stanley Brothers in Colorado entwickelt, mit dem Ziel, die beste CBD-Sorte der Welt zu kreieren. Einmal vollst\u00e4ndig kultiviert, wird diese Sorte \u00fcber Jahre hinweg geliebt werden.<\/p>\n<h2>Wer hat die Sorte Charlotte&#8217;s Web geschaffen?<\/h2>\n<p>Die Stanley Brothers werden daf\u00fcr anerkannt, dass sie die Sorte Charlotte&#8217;s Web um 2014 in Colorado kultiviert haben. Diese Cannabissamen erregten ihr Interesse, nachdem sie entdeckten, dass sie durch die Kreuzung von Marihuana und Industriehanf einen niedrigen THC- (Tetrahydrocannabinol) und hohen CBD-Gehalt (Cannabidiol) erhielten.<\/p>\n<p>Die Sorte Charlotte&#8217;s Web gewann bald an Popularit\u00e4t, da sie weniger als 0,3 % THC-Gehalt aufweist. Diese Cannabissorte enth\u00e4lt auch 15 bis 20 % CBD, was h\u00f6her ist als bei regul\u00e4ren Freizeitprodukten. Au\u00dferdem, im Gegensatz zu vielen Marihuanasorten, ist dieser Hanf-Kultivar nicht berauschend und enth\u00e4lt N\u00e4hrstoffverbindungen, die gesundheitsf\u00f6rdernd sind.<\/p>\n<p>Benannt nach einem jungen M\u00e4dchen namens Charlotte Figi, ist dieses medizinische Marihuana daf\u00fcr bekannt, Fibromyalgie-, Depressions- und Epilepsiesymptome bei Patienten zu lindern. Die propriet\u00e4ren Gene dieser CBD-Sorte wurden zu Inhaltsstoffen f\u00fcr Charlottes Web-Unternehmen, das Gesundheits- und Wellnessprodukte herstellt.<\/p>\n<h2>Wirkungen von Charlotte&#8217;s Web<\/h2>\n<p>Charlotte&#8217;s Web ist sehr vorteilhaft bei der Linderung einer Vielzahl von Beschwerden wie Depressionen, Angstzust\u00e4nden und Arthritis, um nur einige zu nennen. Da dies eine hoch-CBD-Sorte ist, werden Sie sich nicht m\u00fcde f\u00fchlen, sondern energetisch und beschwingt.<\/p>\n<p>Charlotte&#8217;s Web wurde mit Zitrus- und Erdgeschmack kreiert. Diese Cannabissamen sorgen f\u00fcr eine entspannende und dennoch fokussierte Wirkung. Im Gegensatz zu anderen Sorten mit hohem THC-Gehalt wird der Konsum dieses Grases Ihre t\u00e4glichen Routinen und Ihren Zeitplan nicht beeintr\u00e4chtigen.<\/p>\n<p>Der niedrige THC-Gehalt in Charlotte&#8217;s Web Gras f\u00fchrt zu nicht-psychoaktiven Effekten der Sorte. Die Kombination aus Cannabinoiden und Terpenen bietet den Konsumenten die Vorteile der Entourage-Effekte von Charlotte&#8217;s Web. Als Ergebnis sind Konzentration, Ermutigung und fokussierte Kreativit\u00e4t zus\u00e4tzliche Vorteile von Charlotte&#8217;s Web CBD.<\/p>\n<h3>Ist Charlotte&#8217;s Web psychoaktiv?<\/h3>\n<p>Hanf mit hohem CBD- und niedrigem THC-Gehalt ist normalerweise nicht psychoaktiv, und bei der Sorte Charlotte&#8217;s Web ist es nicht anders. Entgegen der landl\u00e4ufigen Meinung sind die psychoaktiven Eigenschaften von Charlotte&#8217;s Web feminisierten Samen zu gering, um bewusstseinsver\u00e4ndernde und psychedelische Effekte zu produzieren. Allerdings, w\u00e4hrend medizinisches Marihuana nicht psychoaktiv ist, k\u00f6nnen Nutzer nerv\u00f6se Effekte erleben.<\/p>\n<p>Sie k\u00f6nnten eine sensorische Verbesserung und ein gesteigertes Wohlbefinden mit diesen Cannabissamen erleben. Au\u00dferdem reduziert der hohe CBD-Gehalt in Charlotte&#8217;s Web Samen effizient Angstgef\u00fchle, die durch den geringen THC-Gehalt hervorgerufen werden.<\/p>\n<p>Daher machen die vernachl\u00e4ssigbaren psychoaktiven Eigenschaften die Sorte zu einer bevorzugten Wahl f\u00fcr Kinder und Cannabiskonsumenten, die toxische Effekte vermeiden m\u00f6chten. Stattdessen k\u00f6nnen ein paar Z\u00fcge von web Marihuana Ihre Muskeln entspannen und Schmerzen lindern.<\/p>\n<h3>Wird Charlotte&#8217;s Web CBD Sie high machen?<\/h3>\n<p>Charlotte&#8217;s Web CBD hat an Popularit\u00e4t gewonnen durch die kontinuierliche Entwicklung neuer Produkte, um unterschiedlichen Bed\u00fcrfnissen gerecht zu werden. Dieses Web CBD wird Sie nicht high machen, und es wird auch nicht Ihren Geisteszustand ver\u00e4ndern. Es enth\u00e4lt Eigenschaften, die nicht mit CB1-Rezeptoren interagieren und berauschende Effekte erzeugen.<\/p>\n<p>Ohne s\u00fcchtig machende Eigenschaften enth\u00e4lt Charlottes CBD chemische Verbindungen, die keinen Zustand der Euphorie induzieren k\u00f6nnen. Anstelle von angenehmen Empfindungen erzeugt Charlotte&#8217;s Web CBD eine g\u00fcnstige physiologische Reaktion im K\u00f6rper und Gehirn.<\/p>\n<p>W\u00e4hrend CBD mit dem Endocannabinoid-System Ihres K\u00f6rpers interagiert, kann der regelm\u00e4\u00dfige Gebrauch Energie und Konzentration steigern. Schlie\u00dflich f\u00f6rdert Charlotte&#8217;s Web Gras CBD ein Gef\u00fchl der Ruhe zur Entspannung.<\/p>\n<h2>Wie w\u00e4chst Charlotte&#8217;s Web?<\/h2>\n<p>Der Anbau von Charlotte&#8217;s Web CBD hat eine Bl\u00fctezeit von 6 bis 7 Wochen. Dies ist gro\u00dfartig f\u00fcr alle Anf\u00e4nger und erfahrene Z\u00fcchter, da der Anbauschwierigkeitsgrad gering ist. Sie k\u00f6nnen diese Samen sowohl drinnen als auch drau\u00dfen anbauen und dennoch den erdigen, zitronigen, kiefernartigen und holzigen Geschmack erhalten. Die Samen geben auch bis zu 400 Gramm pro Quadratmeter sowohl in Innen- als auch Au\u00dfenbereichen.<\/p>\n<p>F\u00fcr den Erfolg sollten Sie die Umweltbedingungen von Charlotte&#8217;s Web genau beachten. Luftfeuchtigkeit und Temperatur kommen der Bl\u00fctezeit und dem Gesamtwachstum dieser Sorte zugute. Bitte beachten Sie, dass Ihre Pflanze eine H\u00f6he von 120 cm erreichen kann. Obwohl The Seed Fair diese Sorte nicht auf Lager hat, haben wir einige vergleichbare Sorten mit niedrigem THC-Gehalt, wie oben aufgef\u00fchrt. Nutzen Sie die anderen Sorten bei The Seed Fair und genie\u00dfen Sie unsere exotische Samen-Kollektion noch heute.<\/p>\n<p>Denken Sie daran, dass Sie unseren kostenlosen Versand ab 99 $ und kostenlose Samen nutzen k\u00f6nnen, wenn Sie Marihuana-Samen online bei The Seed Fair kaufen.<\/p>\n<h2>Medizinische Eigenschaften von Charlotte&#8217;s Web CBD<\/h2>\n<p>Die beliebten medizinischen Eigenschaften von Charlotte&#8217;s Web CBD umfassen entz\u00fcndungshemmende Vorteile, Mineralien und Vitamine. Charlotte&#8217;s Web Gras enth\u00e4lt auch Omega-3-Fetts\u00e4uren und Antioxidantien, die hervorragend f\u00fcr Ihre Zellen und Ihr Immunsystem sind.<\/p>\n<p>Wir besprechen weiter unten mehr \u00fcber die medizinischen Eigenschaften von Charlotte&#8217;s Web Gras CBD.<\/p>\n<ul>\n<li aria-level=\"1\">Entz\u00fcndungshemmende Eigenschaften<\/li>\n<\/ul>\n<p>Die entz\u00fcndungshemmenden Effekte von Charlotte&#8217;s Web Samen k\u00f6nnen das Immunsystem st\u00e4rken und Gelenk- und Arthritis-Schmerzen lindern. Diese Marihuanaprodukte reduzieren Schmerzen und Entz\u00fcndungen durch die Blockierung der &#8222;Cox&#8220;-Enzyme des K\u00f6rpers.<\/p>\n<ul>\n<li aria-level=\"1\">Mineralien<\/li>\n<\/ul>\n<p>Die Vitamine und Mineralien von Charlotte&#8217;s Web CBD helfen, starke Knochen aufzubauen und die K\u00f6rperfunktion zu verbessern. Diese Cannabinutrienten verbessern das K\u00f6rpersystem, indem sie die Immunfunktionen st\u00e4rken und die Knochengesundheit verbessern.<\/p>\n<ul>\n<li aria-level=\"1\">Omega-3-Fetts\u00e4uren<\/li>\n<\/ul>\n<p>Die Omega-3-Fetts\u00e4uren in Charlotte&#8217;s Web Samen k\u00f6nnen Ihren Stoffwechsel regulieren und gesunde Cholesterinwerte unterst\u00fctzen. Diese Cannabis-Fetts\u00e4uren regulieren den Zugang zu Cholesterin und den Stoffwechsel, indem sie das High-Density-Lipoprotein erh\u00f6hen und die Bluttriglyceridspiegel senken.<\/p>\n<ul>\n<li aria-level=\"1\">Antioxidantien<\/li>\n<\/ul>\n<p>Die Antioxidantien in Charlotte&#8217;s Web Samen verringern das Risiko chronischer Krankheiten wie Lipidstoffwechsel, Krebs und Herz-Kreislauf-Gesundheit. Zus\u00e4tzlich verhindern diese Charlotte&#8217;s Web Marihuana-Verbindungen das Risiko von Infektionen, indem sie Ihre K\u00f6rperzellen vor freien Radikalen sch\u00fctzen.<\/p>\n<h2>Was sind die negativen Effekte von Charlotte&#8217;s Web Gras?<\/h2>\n<p>Trotz aller medizinischen Eigenschaften der Sorte Charlotte&#8217;s Web ist das aus Hanf gewonnene Produkt nicht frei von Nebenwirkungen. Der CBD-Gehalt macht medizinisches Marihuana sicher, aber trockener Mund und Augen sind die am h\u00e4ufigsten berichteten negativen Auswirkungen. Sie k\u00f6nnen die bewusstseinsver\u00e4ndernden Effekte speziell gez\u00fcchteten Gras-Webs mit kontrolliertem Zugang oder viel Wassertrinken verhindern.<\/p>\n<p>Schwindel, Kopfschmerzen, Appetitver\u00e4nderungen, M\u00fcdigkeit und Paranoia sind Nebenwirkungen dieser hoch-CBD-Cannabissorten. Der Konsum von Fr\u00fcchten und Lebensmitteln, die reich an Mineralien, Vitaminen und Proteinen sind, hilft Ihnen, sich von diesen negativen Auswirkungen der Charlotte&#8217;s Web-Sorte zu erholen. Feuchtigkeitsspendende Augentropfen k\u00f6nnen auch die Wirkung der Cannabissorten auf Ihre Augen minimieren.<\/p>\n<h2>FAQ<\/h2>\n<h2>Ist Charlotte&#8217;s Web Indica oder Sativa?<\/h2>\n<p>Sie k\u00f6nnen Charlotte&#8217;s Web als Sativa-dominante Hybride klassifizieren, aufgrund ihres Indica- und Sativa-Verh\u00e4ltnisses. Diese Cannabissorte besteht zu 40 % aus Indica und zu 60 % aus Sativa, was Wellen des Gl\u00fccks und eine allgemeine Verbesserung der Stimmung verursacht.<\/p>\n<h2>Wobei hilft Charlotte&#8217;s Web CBD?<\/h2>\n<p>Diese Sativa-dominierte Charlotte&#8217;s Web Samen k\u00f6nnen Menschen mit dem Dravet-Syndrom wie dem jungen M\u00e4dchen Charlotte helfen. Es hilft auch bei Entz\u00fcndungen und Schmerzen. Charlotte&#8217;s Web CBD kann hilfreich sein, wenn Sie Cannabispflanzen suchen, die die Haut unterst\u00fctzen und f\u00fcr andere Zwecke n\u00fctzlich sind, ohne toxisch zu sein. Der Inhalt dieses hoch-CBD-Marihuanas kann Ihr Leben in Kalifornien oder Colorado mit schmerzlindernden Eigenschaften bereichern.<\/p>\n","protected":false},"excerpt":{"rendered":"<p>Charlotte&#8217;s Web Qualit\u00e4tssamen: AAAA H\u00f6chste Qualit\u00e4tsbewertung f\u00fcr Ihre Sammlung<\/p>\n<p>Kostenloser Versand bei Bestellungen \u00fcber 99 $. Versand in die USA und Kanada<\/p>\n<p>Erhalten Sie 4 kostenlose Samen in Ihrer Bestellung, wenn Sie mit Venmo, Zelle oder E-Transfer bezahlen.<\/p>\n","protected":false},"featured_media":32093,"comment_status":"open","ping_status":"closed","template":"","meta":{"_acf_changed":false,"_glsr_average":0,"_glsr_ranking":0,"_glsr_reviews":0},"product_brand":[],"product_cat":[3365,62,64,33,21],"product_tag":[],"class_list":{"0":"post-31993","1":"product","2":"type-product","3":"status-publish","4":"has-post-thumbnail","6":"product_cat-beste-cannabis-samen","7":"product_cat-cannabis-samen-fuer-anfaenger","8":"product_cat-cbd-cannabis-samen","9":"product_cat-hybride-cannabis-samen","10":"product_cat-cannabis-sativa-samen","12":"first","13":"instock","14":"taxable","15":"shipping-taxable","16":"purchasable","17":"product-type-variable"},"acf":[],"aioseo_notices":[],"_links":{"self":[{"href":"https:\/\/theseedfair.com\/de\/wp-json\/wp\/v2\/product\/31993","targetHints":{"allow":["GET"]}}],"collection":[{"href":"https:\/\/theseedfair.com\/de\/wp-json\/wp\/v2\/product"}],"about":[{"href":"https:\/\/theseedfair.com\/de\/wp-json\/wp\/v2\/types\/product"}],"replies":[{"embeddable":true,"href":"https:\/\/theseedfair.com\/de\/wp-json\/wp\/v2\/comments?post=31993"}],"wp:featuredmedia":[{"embeddable":true,"href":"https:\/\/theseedfair.com\/de\/wp-json\/wp\/v2\/media\/32093"}],"wp:attachment":[{"href":"https:\/\/theseedfair.com\/de\/wp-json\/wp\/v2\/media?parent=31993"}],"wp:term":[{"taxonomy":"product_brand","embeddable":true,"href":"https:\/\/theseedfair.com\/de\/wp-json\/wp\/v2\/product_brand?post=31993"},{"taxonomy":"product_cat","embeddable":true,"href":"https:\/\/theseedfair.com\/de\/wp-json\/wp\/v2\/product_cat?post=31993"},{"taxonomy":"product_tag","embeddable":true,"href":"https:\/\/theseedfair.com\/de\/wp-json\/wp\/v2\/product_tag?post=31993"}],"curies":[{"name":"wp","href":"https:\/\/api.w.org\/{rel}","templated":true}]}}