{"id":32002,"date":"2020-09-01T07:26:43","date_gmt":"2020-09-01T07:26:43","guid":{"rendered":"https:\/\/theseedfair.com\/?post_type=product&#038;p=32002"},"modified":"2024-06-13T08:22:06","modified_gmt":"2024-06-13T08:22:06","slug":"honey-og","status":"publish","type":"product","link":"https:\/\/theseedfair.com\/de\/product\/hoher-thc-gehalt\/honey-og\/","title":{"rendered":"Honey OG Samen"},"content":{"rendered":"<h2>Honig OG-Samen<\/h2>\n<p>Unsere Honig OG-Sorte ist seit den 90ern eine sehr beliebte Cannabis-Saat. Nach dem Gewinn des Cannabis Cup wurde diese Sorte ber\u00fchmt gemacht von unseren Freunden im Honey Spot in Hollywood, Kalifornien. Diese sehr beliebte Sorte bietet einen starken Schlag von 28% THC, was das h\u00f6chste unter allen Marihuana-Samen in unserer Sammlung ist. Was dieses hohe THC erzeugt, kommt aus der Kreuzung von OG #18 und Amnesia, die aus Europa stammt. Au\u00dferdem ist dies eine gut ausbalancierte Hybride mit 50% Sativa und 50% Indica. Die Honig OG-Sorte bietet einen gro\u00dfartigen Geschmack, der Honig mit einem erdigen Zitrusgeschmack kombiniert. Sehr sanft und sehr stark, diese Honig OG-Sorte ist hier, um zu bleiben.<\/p>\n<h2>Effekte Unseres Honig OG<\/h2>\n<p>Honig OG erzeugt ein starkes und unvergessliches Hoch, das viele Beschwerden bek\u00e4mpfen kann. Depressionen, Angstzust\u00e4nde, chronische und akute Schmerzen, die Liste ist lang, was dieses kleine Juwel tun kann. Das Hoch kommt schnell und stark und das ist, wonach viele Kunden online suchen. Zus\u00e4tzlich, auch gro\u00dfartig f\u00fcr ADD\/ADHS, PTSD, Arthritis und geistige Klarheit. Dar\u00fcber hinaus ist Honig OG an der Westk\u00fcste Amerikas bekannt und bei unseren Kunden sehr beliebt.<\/p>\n<h2>Wie w\u00e4chst Honig OG?<\/h2>\n<p>Honig OG ist am besten im sp\u00e4ten Oktober zu ernten und liefert einen Ertrag von 500 Gramm pro Pflanze. Dar\u00fcber hinaus k\u00f6nnen Sie dieses Produkt drinnen und drau\u00dfen anbauen, und es ist ideal f\u00fcr alle, die gerne anbauen. Vom Anf\u00e4nger bis zum Erfahrenen, die Bl\u00fctezeit des Honig OG betr\u00e4gt 9 bis 10 Wochen und kann einen THC-Gehalt von 28% bieten. Der Anbau dieser Pflanze kann etwas temperamentvoll sein und erfordert eine zus\u00e4tzliche Kontrolle f\u00fcr Feuchtigkeit und Klima. Sobald sie jedoch abgeschlossen ist, wird Ihre Pflanze mit dichten Nuggets gef\u00fcllt sein, die Ihre Pflanze von Kopf bis Fu\u00df bedecken. Seien Sie au\u00dferdem vorsichtig, nicht zu \u00fcberw\u00e4ssern oder zu viel N\u00e4hrstoffe zu geben, da es f\u00fcr Ihre Kultivierung sch\u00e4dlich sein kann.<\/p>\n","protected":false},"excerpt":{"rendered":"<p>Mit unglaublichen 28% THC ist Honig OG Feminized ein Schwergewicht-Champion der Cannabiswelt, ohne das Bed\u00fcrfnis nach einem G\u00fcrtel. Es ist ein genetisches Meisterwerk aus OG #18 gekreuzt mit Amnesia, in der Mitte geteilt mit 50% Sativa und 50% Indica Leckereien.<\/p>\n","protected":false},"featured_media":32092,"comment_status":"open","ping_status":"closed","template":"","meta":{"_acf_changed":false,"_glsr_average":0,"_glsr_ranking":0,"_glsr_reviews":0},"product_brand":[],"product_cat":[62,19,68,33,1610],"product_tag":[],"class_list":{"0":"post-32002","1":"product","2":"type-product","3":"status-publish","4":"has-post-thumbnail","6":"product_cat-cannabis-samen-fuer-anfaenger","7":"product_cat-feminisierte-cannabis-samen","8":"product_cat-hoher-thc-gehalt","9":"product_cat-hybride-cannabis-samen","10":"product_cat-photoperiodische-cannabis-samen","12":"first","13":"instock","14":"taxable","15":"shipping-taxable","16":"purchasable","17":"product-type-variable"},"acf":[],"aioseo_notices":[],"_links":{"self":[{"href":"https:\/\/theseedfair.com\/de\/wp-json\/wp\/v2\/product\/32002","targetHints":{"allow":["GET"]}}],"collection":[{"href":"https:\/\/theseedfair.com\/de\/wp-json\/wp\/v2\/product"}],"about":[{"href":"https:\/\/theseedfair.com\/de\/wp-json\/wp\/v2\/types\/product"}],"replies":[{"embeddable":true,"href":"https:\/\/theseedfair.com\/de\/wp-json\/wp\/v2\/comments?post=32002"}],"wp:featuredmedia":[{"embeddable":true,"href":"https:\/\/theseedfair.com\/de\/wp-json\/wp\/v2\/media\/32092"}],"wp:attachment":[{"href":"https:\/\/theseedfair.com\/de\/wp-json\/wp\/v2\/media?parent=32002"}],"wp:term":[{"taxonomy":"product_brand","embeddable":true,"href":"https:\/\/theseedfair.com\/de\/wp-json\/wp\/v2\/product_brand?post=32002"},{"taxonomy":"product_cat","embeddable":true,"href":"https:\/\/theseedfair.com\/de\/wp-json\/wp\/v2\/product_cat?post=32002"},{"taxonomy":"product_tag","embeddable":true,"href":"https:\/\/theseedfair.com\/de\/wp-json\/wp\/v2\/product_tag?post=32002"}],"curies":[{"name":"wp","href":"https:\/\/api.w.org\/{rel}","templated":true}]}}