{"id":32007,"date":"2020-09-01T07:30:45","date_gmt":"2020-09-01T07:30:45","guid":{"rendered":"https:\/\/theseedfair.com\/?post_type=product&#038;p=32007"},"modified":"2024-06-21T14:08:47","modified_gmt":"2024-06-21T14:08:47","slug":"northern-lights-auto","status":"publish","type":"product","link":"https:\/\/theseedfair.com\/de\/product\/autoflowering-cannabis-samen\/northern-lights-auto\/","title":{"rendered":"Northern Lights Autoflower Samen"},"content":{"rendered":"<h2>Northern Lights Autoflower Samen<\/h2>\n<p>Unsere Northern Lights Auto Flower geh\u00f6rt zu den Top 5 der beliebtesten Produkte auf The Seed Fair. Dies ist eine Indica-dominierte Sorte, die zu 80% Indica, 10% Sativa und 10% Ruderalis enth\u00e4lt. Die Genetik der Sorte stammt von <a href=\"https:\/\/theseedfair.com\/product\/afghani-regular-strain\/\">Afghani<\/a>, Thai und Ruderalis. Einmal kultiviert, sind die Bl\u00e4tter dunkel mit harzigen violetten Bl\u00fcten. Der Geschmack ist s\u00fc\u00df und w\u00fcrzig mit erdigen T\u00f6nen und hat einen THC-Gehalt von 18%. F\u00fcr diese spezielle Sorte haben wir sowohl die feminisierte Version als auch die Auto Flower Version f\u00fcr Ihre Sammlung. Beide sind gro\u00dfartig, je nachdem, wie Sie wachsen m\u00f6chten, und die bleibenden Effekte werden Sie nicht vergessen.<\/p>\n<h2>Effekte von Northern Lights<\/h2>\n<p>Aufgrund der Tatsache, dass Northern Lights Auto Flower eine Indica-dominierte Sorte ist, wird es Ihnen ein volles K\u00f6rper-High und totale Entspannung geben. Dies ist gro\u00dfartig f\u00fcr Muskelentspannung, Linderung chronischer Schmerzen, Kopfschmerzen, Migr\u00e4ne und Angstzust\u00e4nde. Wenn Ihr Geist nachts rast, wird dies helfen, Ihre Schlaflosigkeit zu heilen und Sie wieder auf den richtigen Weg zu bringen. Unsere Northern Lights Sorte hat die Tendenz, den Appetit anzuregen und hilft bei den Symptomen der Chemotherapie. Beruhigen Sie Depressionen und Stress und f\u00fcgen Sie Northern Lights heute zu Ihrer Sammlung hinzu.<\/p>\n<h2>Wie w\u00e4chst Northern Lights?<\/h2>\n<p>Northern Lights ist sowohl in einer Innen- als auch in einer Au\u00dfenumgebung gro\u00dfartig zu kultivieren. Wenn Sie drinnen anbauen, ist es am besten, ein hydroponisches System mit oder ohne Erde zu verwenden. Das soll nicht hei\u00dfen, dass Sie Hydroponik brauchen, aber dies hilft Ihnen, mehr Ertrag von dieser Sorte zu erzielen. Die Ertr\u00e4ge im Freien wurden mit 400 Gramm gesehen, w\u00e4hrend ein Indoor-Anbau 500 Gramm pro Pflanze erbringen kann. Die H\u00f6he der Pflanzen ist mittel und das Anbaulevel ist nur als Anf\u00e4nger erforderlich, um diese beliebte Sorte in Gang zu bringen. Northern Lights steht seit vielen Jahren auf unserer Liste und wir empfehlen Ihnen dringend, diesen Cannabis-Samen zu Ihrer Sammlung hinzuzuf\u00fcgen.<\/p>\n","protected":false},"excerpt":{"rendered":"<p>Verwandeln Sie Ihren Garten mit Northern Lights Autoflower Seeds in ein Aurora des Gl\u00fccks! Mit einer 80%igen Indica-Dominanz, einem s\u00fc\u00df-w\u00fcrzigen Geschmack und einem THC-Gehalt von 18% versprechen diese Samen Entspannung und Freude.<\/p>\n","protected":false},"featured_media":32096,"comment_status":"open","ping_status":"closed","template":"","meta":{"_acf_changed":false,"_glsr_average":0,"_glsr_ranking":0,"_glsr_reviews":0},"product_brand":[],"product_cat":[56,3365,30],"product_tag":[],"class_list":{"0":"post-32007","1":"product","2":"type-product","3":"status-publish","4":"has-post-thumbnail","6":"product_cat-autoflowering-cannabis-samen","7":"product_cat-beste-cannabis-samen","8":"product_cat-indica-cannabis-samen","10":"first","11":"instock","12":"featured","13":"taxable","14":"shipping-taxable","15":"purchasable","16":"product-type-variable"},"acf":[],"aioseo_notices":[],"_links":{"self":[{"href":"https:\/\/theseedfair.com\/de\/wp-json\/wp\/v2\/product\/32007","targetHints":{"allow":["GET"]}}],"collection":[{"href":"https:\/\/theseedfair.com\/de\/wp-json\/wp\/v2\/product"}],"about":[{"href":"https:\/\/theseedfair.com\/de\/wp-json\/wp\/v2\/types\/product"}],"replies":[{"embeddable":true,"href":"https:\/\/theseedfair.com\/de\/wp-json\/wp\/v2\/comments?post=32007"}],"wp:featuredmedia":[{"embeddable":true,"href":"https:\/\/theseedfair.com\/de\/wp-json\/wp\/v2\/media\/32096"}],"wp:attachment":[{"href":"https:\/\/theseedfair.com\/de\/wp-json\/wp\/v2\/media?parent=32007"}],"wp:term":[{"taxonomy":"product_brand","embeddable":true,"href":"https:\/\/theseedfair.com\/de\/wp-json\/wp\/v2\/product_brand?post=32007"},{"taxonomy":"product_cat","embeddable":true,"href":"https:\/\/theseedfair.com\/de\/wp-json\/wp\/v2\/product_cat?post=32007"},{"taxonomy":"product_tag","embeddable":true,"href":"https:\/\/theseedfair.com\/de\/wp-json\/wp\/v2\/product_tag?post=32007"}],"curies":[{"name":"wp","href":"https:\/\/api.w.org\/{rel}","templated":true}]}}