{"id":336,"date":"2017-05-30T06:06:00","date_gmt":"2017-05-30T06:06:00","guid":{"rendered":"https:\/\/theseedfair.com\/product\/bubba-kush-seeds-marijuana\/"},"modified":"2024-06-12T15:50:08","modified_gmt":"2024-06-12T15:50:08","slug":"bubba-kush","status":"publish","type":"product","link":"https:\/\/theseedfair.com\/de\/product\/feminisierte-cannabis-samen\/bubba-kush\/","title":{"rendered":"Bubba Kush Samen"},"content":{"rendered":"<h2>Bubba Kush Samen<\/h2>\n<p>Die Bubba Kush Sorte stammt urspr\u00fcnglich von der Westk\u00fcste der Vereinigten Staaten. Diese Indica-dominierte Pflanze l\u00e4sst sich bis zum \u00e4u\u00dferst beliebten OG Kush zur\u00fcckverfolgen. Diese Art von Kush wurde mit Kaugummi kombiniert, um das heutige Bubba Kush zu bilden. Wie Sie aus vielen Bewertungen sehen k\u00f6nnen, sagen einige, dass Bubba Kush eine viel bessere Sorte ist als der urspr\u00fcngliche OG Kush. Diese Pflanze ist eine mittelgro\u00dfe Pflanze mit dichten Knospen, dicken Bl\u00e4ttern und orangefarbenen Haaren. Der THC-Gehalt liegt bei 19 %, was weder zu stark noch zu schwach ist. Viele Kunden lieben den Geschmack, da er sowohl s\u00fc\u00df ist als auch erdige Ankl\u00e4nge von Marihuana hat.<\/p>\n<h2>Effekte von Bubba Kush<\/h2>\n<p>Bubba Kush feminisierte Cannabissamen haben viele gro\u00dfartige, lang anhaltende Effekte. Euphorie, erhebend, sanft und eine schl\u00e4frige Entspannung sind alles gro\u00dfe Hits bei der Verwendung dieses beliebten Produkts. Das volle K\u00f6rpergef\u00fchl, das durch die Verwendung dieser Pflanze erreicht wird, kann all Ihre angespannten Muskeln von Ihrem Tag entspannen. Wenn Sie unter chronischen oder akuten Schmerzen leiden, hat Bubba Kush die F\u00e4higkeit, diese Symptome zu lindern. Dieses schnell wirkende Heilmittel kann schmerzhafte Empfindungen reduzieren und Ihren K\u00f6rper in einen besseren Zustand der Ruhe bringen. Marihuana zu verwenden, ist eine sichere und gesunde M\u00f6glichkeit, bei bestimmten Beschwerden zu helfen. Wenn Sie Angst haben oder Schlaflosigkeit bek\u00e4mpfen m\u00f6chten, ist dies die beste Sorte in unserer Sammlung, um diese Probleme zu bew\u00e4ltigen.<\/p>\n<h2>Wie w\u00e4chst Bubba Kush?<\/h2>\n<p>Bubba Kush ist ein mittlerer Anbau, kann aber auch von Anf\u00e4ngern erreicht werden. Diese Pflanzen wachsen normalerweise mittelgro\u00df und k\u00f6nnen sowohl drinnen als auch drau\u00dfen angebaut werden. Outdoor-Ertr\u00e4ge liegen durchschnittlich bei etwa 700 Gramm pro Pflanze, w\u00e4hrend der Indoor-Anbau etwa 500 Gramm pro Pflanze betr\u00e4gt. Die Bl\u00fctezeit betr\u00e4gt 8 bis 10 Wochen und kann 19 % THC produzieren. Bubba Kush sind bekannt daf\u00fcr, rant zu sein. Das bedeutet, dass wenn Sie versehentlich vergessen zu gie\u00dfen, wie Sie sollten, dies Ihre Pflanze trotzdem nicht t\u00f6tet. Wenn Sie jemals Hilfe beim Anbau suchen, besuchen Sie unsere Blogseite f\u00fcr einige Antworten und schauen Sie sich auch YouTube an, da es dort viele gro\u00dfartige verschiedene Anbaustile gibt.<\/p>\n","protected":false},"excerpt":{"rendered":"<p>Vorstellung der Bubba Kush Feminisierten Cannabissorte, der entspannten Cousine von OG Kush, die sich entschied, sich mit Kaugummi zu vermischen. Mit einem THC-Gehalt von 19 % ist es wie das Goldl\u00f6ckchen des Cannabis: nicht zu stark, nicht zu mild, genau richtig, um Sie in einen Zustand der gl\u00fcckseligen Vergesslichkeit zu versetzen.<\/p>\n","protected":false},"featured_media":32022,"comment_status":"open","ping_status":"closed","template":"","meta":{"_acf_changed":false,"_glsr_average":0,"_glsr_ranking":0,"_glsr_reviews":0},"product_brand":[],"product_cat":[62,19,3083,3067,68,30,1610],"product_tag":[],"class_list":{"0":"post-336","1":"product","2":"type-product","3":"status-publish","4":"has-post-thumbnail","6":"product_cat-cannabis-samen-fuer-anfaenger","7":"product_cat-feminisierte-cannabis-samen","8":"product_cat-guenstige-cannabis-samen","9":"product_cat-ertragreiche-samen","10":"product_cat-hoher-thc-gehalt","11":"product_cat-indica-cannabis-samen","12":"product_cat-photoperiodische-cannabis-samen","13":"product_shipping_class-test-shipping-classes","15":"first","16":"instock","17":"featured","18":"taxable","19":"shipping-taxable","20":"purchasable","21":"product-type-variable"},"acf":[],"aioseo_notices":[],"_links":{"self":[{"href":"https:\/\/theseedfair.com\/de\/wp-json\/wp\/v2\/product\/336","targetHints":{"allow":["GET"]}}],"collection":[{"href":"https:\/\/theseedfair.com\/de\/wp-json\/wp\/v2\/product"}],"about":[{"href":"https:\/\/theseedfair.com\/de\/wp-json\/wp\/v2\/types\/product"}],"replies":[{"embeddable":true,"href":"https:\/\/theseedfair.com\/de\/wp-json\/wp\/v2\/comments?post=336"}],"wp:featuredmedia":[{"embeddable":true,"href":"https:\/\/theseedfair.com\/de\/wp-json\/wp\/v2\/media\/32022"}],"wp:attachment":[{"href":"https:\/\/theseedfair.com\/de\/wp-json\/wp\/v2\/media?parent=336"}],"wp:term":[{"taxonomy":"product_brand","embeddable":true,"href":"https:\/\/theseedfair.com\/de\/wp-json\/wp\/v2\/product_brand?post=336"},{"taxonomy":"product_cat","embeddable":true,"href":"https:\/\/theseedfair.com\/de\/wp-json\/wp\/v2\/product_cat?post=336"},{"taxonomy":"product_tag","embeddable":true,"href":"https:\/\/theseedfair.com\/de\/wp-json\/wp\/v2\/product_tag?post=336"}],"curies":[{"name":"wp","href":"https:\/\/api.w.org\/{rel}","templated":true}]}}