{"id":34221,"date":"2021-01-13T21:34:26","date_gmt":"2021-01-13T21:34:26","guid":{"rendered":"https:\/\/theseedfair.com\/?post_type=product&#038;p=34221"},"modified":"2024-06-13T08:39:19","modified_gmt":"2024-06-13T08:39:19","slug":"wedding-cake","status":"publish","type":"product","link":"https:\/\/theseedfair.com\/de\/product\/hoher-thc-gehalt\/wedding-cake\/","title":{"rendered":"Wedding Cake Samen"},"content":{"rendered":"<h2>Wedding Cake Samen<\/h2>\n<p>Suchen Sie eine Sorte mit einem der besten Aromen? Wenn Sie den Geruch von Dessert lieben, sind die Wedding Cake feminisierten Cannabissamen genau das Richtige f\u00fcr Sie. Die Blume bietet s\u00fc\u00dfe Aromen, die an einen dekorierten Hochzeitskuchen erinnern. Das glatte Vanillearoma gepaart mit Skunk-Untert\u00f6nen ist unwiderstehlich.<\/p>\n<p>Die Wedding Cake feminisierten Samen sind zu 80% Indica-dominant und zu 20% Sativa. Angetrieben von zwei stark potenten Eltern (Cherry Pie und Girl Scout Cookies) bietet diese Blume ein unvergessliches Erlebnis, besonders mit ihren beruhigenden Effekten. Sie enth\u00e4lt beeindruckende 25% THC, was selbst Benutzer mit hoher THC-Toleranz und Erfahrung leicht \u00fcberw\u00e4ltigen kann. Der beste Weg, die Wedding Cake feminisierte Cannabissorte zu genie\u00dfen, ist durch [Microdosing].<\/p>\n<h2>Effekte der Wedding Cake Samen<\/h2>\n<p>Was erwarten Sie von einer Indica-dominanten und stark potenten Blume? Die Wedding Cake feminisierten Cannabissamen wachsen zu mit Trichomen dekorierten Knospen mit aufregenden Effekten, wenn sie angez\u00fcndet werden. Ihre Effekte k\u00f6nnen gr\u00f6\u00dftenteils als entspannend und euphorisch mit einem klassischen Indica-Lock beschrieben werden.<\/p>\n<p>Benutzer profitieren von ihrer F\u00e4higkeit, bei Angstzust\u00e4nden, Stress, R\u00fcckenschmerzen und arthritischen Gelenken zu helfen. Die Sorte ist m\u00e4\u00dfig beruhigend, was sie perfekt f\u00fcr Abende, Wochenenden oder wenn Sie einen freien Zeitplan haben, macht.<\/p>\n<h2>Wie w\u00e4chst die Wedding Cake Sorte?<\/h2>\n<p>Es ist selbstverst\u00e4ndlich, dass diese Samen zu den am meisten empfohlenen feminisierten Cannabissorten heute geh\u00f6ren. Neben dem s\u00fc\u00dfen Erlebnis, den potenten Effekten und Vorteilen bieten die Wedding Cake feminisierten Cannabissamen ein insgesamt leichtes Wachstum.<\/p>\n<p>Es dauert nur acht Wochen, um Ihre H\u00e4nde auf reife Knospen von diesen Samen zu bekommen. Unsere Wedding Cake Samen garantieren Ihnen 100%ige Garantie, dass Sie in k\u00fcrzester Zeit wundersch\u00f6ne K\u00f6niginnen ernten werden. Die Bl\u00fctezeit betr\u00e4gt etwa 8 bis 10 Wochen.<\/p>\n<p>Unsere Wedding Cake Samen produzieren kurze und robuste Pflanzen, die selbst in kleine Innenr\u00e4ume und Anbaur\u00e4ume passen k\u00f6nnen. Anf\u00e4nger-Anbauer m\u00fcssen m\u00f6glicherweise einige Beschneidungstechniken erlernen, um ihre dichten Bl\u00e4tter zu pflegen. Dies hilft den Bl\u00fcten, ihr volles Potenzial zu erreichen.<\/p>\n<p>Mit der richtigen Pflege k\u00f6nnen diese Samen bis zu 18-20 Unzen rauchbare Cannabisbl\u00fcten pro Quadratmeter in Innenr\u00e4umen produzieren. Es gibt keinen gro\u00dfen Unterschied im Freien, da sie beeindruckende 21 Unzen produzieren.<\/p>\n","protected":false},"excerpt":{"rendered":"<p>Wenn Sie bereit sind, die einzigartige Gl\u00fcckseligkeit unserer Wedding Cake Feminized zu erleben, dann ist es Zeit, den Bund f\u00fcrs Leben zu schlie\u00dfen und \u201eJa\u201c zu sagen zu einer Beziehung voller s\u00fc\u00dfer Vanilleh\u00f6hen und skunkiger Untert\u00f6ne. Dieser s\u00fc\u00dfe Kuchen hat eine starke 25% THC-F\u00fcllung und bringt nach nur acht Wochen Bl\u00fcte Knospen hervor!<\/p>\n","protected":false},"featured_media":34226,"comment_status":"open","ping_status":"closed","template":"","meta":{"_acf_changed":false,"_glsr_average":0,"_glsr_ranking":0,"_glsr_reviews":0},"product_brand":[],"product_cat":[3365,62,19,68,30,1610],"product_tag":[],"class_list":{"0":"post-34221","1":"product","2":"type-product","3":"status-publish","4":"has-post-thumbnail","6":"product_cat-beste-cannabis-samen","7":"product_cat-cannabis-samen-fuer-anfaenger","8":"product_cat-feminisierte-cannabis-samen","9":"product_cat-hoher-thc-gehalt","10":"product_cat-indica-cannabis-samen","11":"product_cat-photoperiodische-cannabis-samen","13":"first","14":"instock","15":"taxable","16":"shipping-taxable","17":"purchasable","18":"product-type-variable"},"acf":[],"aioseo_notices":[],"_links":{"self":[{"href":"https:\/\/theseedfair.com\/de\/wp-json\/wp\/v2\/product\/34221","targetHints":{"allow":["GET"]}}],"collection":[{"href":"https:\/\/theseedfair.com\/de\/wp-json\/wp\/v2\/product"}],"about":[{"href":"https:\/\/theseedfair.com\/de\/wp-json\/wp\/v2\/types\/product"}],"replies":[{"embeddable":true,"href":"https:\/\/theseedfair.com\/de\/wp-json\/wp\/v2\/comments?post=34221"}],"wp:featuredmedia":[{"embeddable":true,"href":"https:\/\/theseedfair.com\/de\/wp-json\/wp\/v2\/media\/34226"}],"wp:attachment":[{"href":"https:\/\/theseedfair.com\/de\/wp-json\/wp\/v2\/media?parent=34221"}],"wp:term":[{"taxonomy":"product_brand","embeddable":true,"href":"https:\/\/theseedfair.com\/de\/wp-json\/wp\/v2\/product_brand?post=34221"},{"taxonomy":"product_cat","embeddable":true,"href":"https:\/\/theseedfair.com\/de\/wp-json\/wp\/v2\/product_cat?post=34221"},{"taxonomy":"product_tag","embeddable":true,"href":"https:\/\/theseedfair.com\/de\/wp-json\/wp\/v2\/product_tag?post=34221"}],"curies":[{"name":"wp","href":"https:\/\/api.w.org\/{rel}","templated":true}]}}