{"id":34280,"date":"2021-01-22T19:41:19","date_gmt":"2021-01-22T19:41:19","guid":{"rendered":"https:\/\/theseedfair.com\/?post_type=product&#038;p=34280"},"modified":"2024-06-13T08:13:54","modified_gmt":"2024-06-13T08:13:54","slug":"grape-ape","status":"publish","type":"product","link":"https:\/\/theseedfair.com\/de\/product\/hoher-thc-gehalt\/grape-ape\/","title":{"rendered":"Grape Ape Samen"},"content":{"rendered":"<h2>Grape Ape Samen<\/h2>\n<p>Unsere Grape Ape Samen wachsen zu Pflanzen mit 20 Prozent Sativa und 80 Prozent indica heran. Es verf\u00fchrt w\u00e4hrend des Wachstums mit einem angenehmen Traubenduft und verlockenden lila Bl\u00e4ttern, die beim Reifen dunkler werden. Als Indica-dominierte MJ-Sorte bieten Grape Ape Samen eine tiefe k\u00f6rperliche Entspannung. Sie haben einen fruchtigen Geschmack und gedeihen gut unter den meisten Anbaubedingungen. Seien Sie jedoch gewarnt, dass ihr reicher THC-Gehalt von 25% zu starkem Unkraut f\u00fchrt, das am besten f\u00fcr Benutzer mit hoher Toleranz geeignet ist.<\/p>\n<h2>Effekte der Grape Ape Samen<\/h2>\n<p>Unsere Grape Ape Samen entwickeln sich zu einer beliebten Cannabissorte f\u00fcr die meisten Freizeitnutzer. Leichte Rauchz\u00fcge k\u00f6nnen Ihren Geist sofort kl\u00e4ren und gelegentliche Cannabiskonsumenten f\u00fchlen ein einzigartiges High. Grape Ape \u00fcbernimmt das Kommando \u00fcber Ihren Geist und entspannt Sie. Sie ist ideal f\u00fcr ein n\u00e4chtliches Erlebnis oder nach einem anstrengenden Tag.<\/p>\n<p>Sie bringt Sie langsam und langanhaltend auf ein zerebrales High und bietet eine mentale und k\u00f6rperliche Entspannung. Die Effekte sind langsam, sedativ und stetig. Mit unserer Grape Ape Sorte stellen Sie sicher, dass Sie Snacks bereithalten, um den Hei\u00dfhunger zu stillen.<\/p>\n<p>Die Grape Ape feminisierte Sorte ist extrem duftend und hinterl\u00e4sst einen Raum, der nach aromatisierten Trauben riecht. Ihr Rauch hinterl\u00e4sst einen holzigen und erdigen Duft, der von einem Hauch von Trauben begleitet sein kann.<\/p>\n<p>Der skunkige-s\u00fc\u00dfe Geruch wird durch Aromen wie s\u00fc\u00dfe Beeren und fruchtige Trauben akzentuiert. Ihr schmackhaftes Merkmal kommt von einer starken Indica-Herkunft und ihr markantes Aussehen macht sie zur idealsten Wahl.<\/p>\n<p>Die Pflanzen haben gro\u00dfe Knospen und gebogene, gr\u00fcne Bl\u00e4tter, die von einem aufdringlichen Aroma begleitet werden. Sie haben auch klebrige Bl\u00e4tter mit m\u00e4\u00dfiger Trichombildung.<\/p>\n<p>Unsere Grape Ape Feminized Samen sind nichts f\u00fcr Anf\u00e4nger, dank eines hohen THC-Gehalts von bis zu 25%.<\/p>\n<h2>Wie reagiert Grape Ape auf Anbau?<\/h2>\n<p>Landwirte mit jedem Erfahrungsniveau k\u00f6nnen erfolgreich feminisierte Grape Ape Samen anbauen. Die Samen m\u00f6gen viel nat\u00fcrliches Licht, milde Temperaturen und das Trimmen der buschigen Zweige der Pflanze. Mit ausreichender Luftzirkulation k\u00f6nnen diese mittelgro\u00dfen Pflanzen ihren Ertrag verbessern.<\/p>\n<p>Wenn unsere Grape Ape Sorte zu sprie\u00dfen beginnt, zeigen die Pflanzen buschige und kompakte Knospen mit dunkelvioletten Bl\u00e4ttern, die mit der Zeit dunkler werden. Die Pflanzen ben\u00f6tigen 6-8 Wochen, um zu reifen und durchschnittliche Ertr\u00e4ge zu erzielen. Sie werden widerstandsf\u00e4hig gegen\u00fcber feindlichen Bedingungen und Infektionen, wenn sie im Freien angebaut werden.<\/p>\n<p>Feminized Grape Ape Pflanzen sind auch leicht zu pflegen, selbst bei Indoor-Anbau. Sie wachsen bis zu 4 Fu\u00df hoch, bevor sie einen fruchtigen Geschmack entwickeln.<\/p>\n","protected":false},"excerpt":{"rendered":"<p>Grape Ape Feminized ist eine zu 80% Indica-dominierte Sorte mit einem kr\u00e4ftigen THC-Gehalt von 25%. Diese fruchtige Sorte bietet eine k\u00f6stliche Mischung aus Trauben- und Beerenaromen, die Ihre Sinne auf eine Reise mitnehmen. Mit einer schnellen Bl\u00fctezeit von 6-8 Wochen und einem hohen Ertrag ist diese Sorte perfekt f\u00fcr diejenigen, die ein geschmackvolles Erlebnis suchen, das bei jeder Ernte tiefe Entspannung bietet.<\/p>\n","protected":false},"featured_media":34301,"comment_status":"open","ping_status":"closed","template":"","meta":{"_acf_changed":false,"_glsr_average":0,"_glsr_ranking":0,"_glsr_reviews":0},"product_brand":[],"product_cat":[62,19,68,30,1610],"product_tag":[],"class_list":{"0":"post-34280","1":"product","2":"type-product","3":"status-publish","4":"has-post-thumbnail","6":"product_cat-cannabis-samen-fuer-anfaenger","7":"product_cat-feminisierte-cannabis-samen","8":"product_cat-hoher-thc-gehalt","9":"product_cat-indica-cannabis-samen","10":"product_cat-photoperiodische-cannabis-samen","12":"first","13":"instock","14":"featured","15":"taxable","16":"shipping-taxable","17":"purchasable","18":"product-type-variable"},"acf":[],"aioseo_notices":[],"_links":{"self":[{"href":"https:\/\/theseedfair.com\/de\/wp-json\/wp\/v2\/product\/34280","targetHints":{"allow":["GET"]}}],"collection":[{"href":"https:\/\/theseedfair.com\/de\/wp-json\/wp\/v2\/product"}],"about":[{"href":"https:\/\/theseedfair.com\/de\/wp-json\/wp\/v2\/types\/product"}],"replies":[{"embeddable":true,"href":"https:\/\/theseedfair.com\/de\/wp-json\/wp\/v2\/comments?post=34280"}],"wp:featuredmedia":[{"embeddable":true,"href":"https:\/\/theseedfair.com\/de\/wp-json\/wp\/v2\/media\/34301"}],"wp:attachment":[{"href":"https:\/\/theseedfair.com\/de\/wp-json\/wp\/v2\/media?parent=34280"}],"wp:term":[{"taxonomy":"product_brand","embeddable":true,"href":"https:\/\/theseedfair.com\/de\/wp-json\/wp\/v2\/product_brand?post=34280"},{"taxonomy":"product_cat","embeddable":true,"href":"https:\/\/theseedfair.com\/de\/wp-json\/wp\/v2\/product_cat?post=34280"},{"taxonomy":"product_tag","embeddable":true,"href":"https:\/\/theseedfair.com\/de\/wp-json\/wp\/v2\/product_tag?post=34280"}],"curies":[{"name":"wp","href":"https:\/\/api.w.org\/{rel}","templated":true}]}}