{"id":34615,"date":"2021-02-03T06:36:36","date_gmt":"2021-02-03T06:36:36","guid":{"rendered":"https:\/\/theseedfair.com\/?post_type=product&#038;p=34615"},"modified":"2024-06-12T14:59:33","modified_gmt":"2024-06-12T14:59:33","slug":"alpine-star","status":"publish","type":"product","link":"https:\/\/theseedfair.com\/de\/product\/cbd-cannabis-samen\/alpine-star\/","title":{"rendered":"Alpine Star CBD Samen"},"content":{"rendered":"<h2>Alpine Star CBD Samen<\/h2>\n<p>Die Alpine Star CBD-Samen haben 50% Sativa und 50% Indica und stammen aus Detroit. Alpine Star entstammt Sensi Star und der Tahoe OG Kush. Obwohl sie ausgeglichen aussieht, ist die Pflanze Indica-dominant und bietet ein interessantes K\u00f6rper-High. Wenn CBD-feminisierte Alpine Star Marihuanasamen mit minimalem THC-Gehalt (nicht mehr als 0,3 Prozent) gemischt werden, sind sie die \u00fcberzeugendste Option, wenn Sie nach einer erstklassigen CBD Sorte suchen.<\/p>\n<h2>Effekte der Alpine Star CBD-Samen<\/h2>\n<p>Da es sich um eine unglaublich potente Sorte handelt, k\u00f6nnen die meisten Menschen den Alpine Star CBD-Stamm nicht bew\u00e4ltigen. Wenn der erste High eintritt, beginnt es mit einem klaren Kopf und einem sanften Gef\u00fchl, begleitet von Kreativit\u00e4t. Sp\u00e4ter beginnt ein prickelndes Gef\u00fchl Ihren ganzen K\u00f6rper durchzustr\u00f6men.<\/p>\n<p>Bald intensiviert sich eine angenehme Empfindung und ein beruhigendes Summen, um Ihnen tiefe Entspannung zu bieten. Wenn das bet\u00e4ubende Erlebnis ins Extreme geht, m\u00fcssen Sie sich zur\u00fccklehnen und die Flut der Gl\u00fcckseligkeit auf sich einwirken lassen. Der Alpine Star CBD-Stamm hat ein nasses Erdgeruch mit einer Zitronen- und Zitrusnote. Bei n\u00e4herer Betrachtung verstr\u00f6mt es eine Kiefernnote, die eine Kr\u00e4uterqualit\u00e4t beinhaltet.<\/p>\n<p>Diese Sorte ist nicht leicht zu handhaben, da sie sehr potent ist und bestimmte Nebenwirkungen verursachen kann. Nach dem High, trockene Augen und ein trockener Mund. Wenn Sie nicht \u00e4u\u00dferst entschlossen sind, den CBD Alpine Star zu finden, wird es nicht einfach sein, ihn zu finden. Er ist nur in wenigen Apotheken erh\u00e4ltlich, und Sie werden ihn nicht auf den Schwarz- oder legalen M\u00e4rkten finden. The Seed Fair hat nach der besten Qualit\u00e4t gesucht, damit unsere Kunden dieses erstaunliche Produkt erleben k\u00f6nnen.<\/p>\n<h2>Wie w\u00e4chst die Alpine Star Sorte?<\/h2>\n<p>CBD Alpine Star feminisierte Samen entwickeln sich zu gro\u00dfartigen Cannabis-Pflanzen mit 20% CBD und 0,3% THC-Gehalt. Sie gedeiht gut in trockenen, mediterranen und gem\u00e4\u00dfigten Klimazonen. Sie ist auch f\u00fcr SCROG- und SOG-Anbaumethoden geeignet.<\/p>\n<p>Es ist sehr einfach, die Alpine Star CBD-Pflanze anzubauen, dank ihrer hohen Schimmelresistenz und durchschnittlichen Bl\u00fctezeit. Wenn sie drinnen angebaut wird, erreicht sie eine H\u00f6he von 60-80 Zentimetern und liefert 250 Gramm\/m2.<\/p>\n<p>Wenn sie im Freien angebaut wird, erreicht sie eine H\u00f6he von 100-120 cm und liefert 300 bis 400 Gramm pro Quadratmeter. Die dichten Knospen dieser Sorte bieten ein Zitrus-, Holz-, S\u00fc\u00df- und Erdgeschmack. Die CBD Alpine Star ben\u00f6tigt minimalen N\u00e4hrstoffbedarf; daher ist es ratsam, keine oder nur geringe Mengen an N\u00e4hrstoffen zu verabreichen, um \u00dcberf\u00fctterung zu vermeiden.<\/p>\n","protected":false},"excerpt":{"rendered":"<p>Alpine Star CBD Qualit\u00e4t:\u00e2\u0080\u00a0AAAA h\u00f6chste Qualit\u00e4tsbewertung f\u00fcr Ihre Sammlung<\/p>\n<p>Kostenloser Versand bei Bestellungen \u00fcber 99 $. USA- und Kanadaweiter Versand<\/p>\n<p>Erhalten Sie 4 kostenlose Samen mit Ihrer Bestellung, wenn Sie per Venmo, Zelle oder E-Transfer bezahlen.<\/p>\n","protected":false},"featured_media":34620,"comment_status":"open","ping_status":"closed","template":"","meta":{"_acf_changed":false,"_glsr_average":0,"_glsr_ranking":0,"_glsr_reviews":0},"product_brand":[],"product_cat":[3365,62,64,33,30,21],"product_tag":[],"class_list":{"0":"post-34615","1":"product","2":"type-product","3":"status-publish","4":"has-post-thumbnail","6":"product_cat-beste-cannabis-samen","7":"product_cat-cannabis-samen-fuer-anfaenger","8":"product_cat-cbd-cannabis-samen","9":"product_cat-hybride-cannabis-samen","10":"product_cat-indica-cannabis-samen","11":"product_cat-cannabis-sativa-samen","13":"first","14":"instock","15":"taxable","16":"shipping-taxable","17":"purchasable","18":"product-type-variable"},"acf":[],"aioseo_notices":[],"_links":{"self":[{"href":"https:\/\/theseedfair.com\/de\/wp-json\/wp\/v2\/product\/34615","targetHints":{"allow":["GET"]}}],"collection":[{"href":"https:\/\/theseedfair.com\/de\/wp-json\/wp\/v2\/product"}],"about":[{"href":"https:\/\/theseedfair.com\/de\/wp-json\/wp\/v2\/types\/product"}],"replies":[{"embeddable":true,"href":"https:\/\/theseedfair.com\/de\/wp-json\/wp\/v2\/comments?post=34615"}],"wp:featuredmedia":[{"embeddable":true,"href":"https:\/\/theseedfair.com\/de\/wp-json\/wp\/v2\/media\/34620"}],"wp:attachment":[{"href":"https:\/\/theseedfair.com\/de\/wp-json\/wp\/v2\/media?parent=34615"}],"wp:term":[{"taxonomy":"product_brand","embeddable":true,"href":"https:\/\/theseedfair.com\/de\/wp-json\/wp\/v2\/product_brand?post=34615"},{"taxonomy":"product_cat","embeddable":true,"href":"https:\/\/theseedfair.com\/de\/wp-json\/wp\/v2\/product_cat?post=34615"},{"taxonomy":"product_tag","embeddable":true,"href":"https:\/\/theseedfair.com\/de\/wp-json\/wp\/v2\/product_tag?post=34615"}],"curies":[{"name":"wp","href":"https:\/\/api.w.org\/{rel}","templated":true}]}}