{"id":35976,"date":"2021-02-10T21:06:32","date_gmt":"2021-02-10T21:06:32","guid":{"rendered":"https:\/\/theseedfair.com\/?post_type=product&#038;p=35976"},"modified":"2024-06-12T17:28:35","modified_gmt":"2024-06-12T17:28:35","slug":"zkittlez","status":"publish","type":"product","link":"https:\/\/theseedfair.com\/de\/product\/feminisierte-cannabis-samen\/zkittlez\/","title":{"rendered":"Zkittlez Samen"},"content":{"rendered":"<h2>Zkittlez Samen<\/h2>\n<p>Zkittlez Samen hat k\u00fcrzlich an Beliebtheit gewonnen, insbesondere nach dem Gewinn des Emerald Cup 2016. Sie ist bekannt daf\u00fcr, reich an THC zu sein. Nach der Verbesserung mit autoflowering Genetik entstand Zkittlez Marihuana. Es zeigt robuste, s\u00fc\u00dfe Beerend\u00fcfte und ist indica-dominant.<\/p>\n<p>W\u00e4hrend der Entwicklung dehnen sich die Internodien von Zkittlez Seeds aus, um eine ausreichende Luftzirkulation innerhalb der Pflanze zu erm\u00f6glichen. Sie erreicht eine maximale H\u00f6he von 70-100 cm.<\/p>\n<p>Die Sorte ist ideal zum Entspannen auf der Couch oder beim Treffen mit Freunden. W\u00e4hrend des Wachstums ben\u00f6tigt sie viel Wasser und D\u00fcnger, um massive Harze zu produzieren.<\/p>\n<h2>Effekte von Feminisierten Zkittlez Samen<\/h2>\n<p>Diese hybride, Indica-dominante Sorte hat einen \u00fcberw\u00e4ltigenden Geruch. Es entwickelt auch gro\u00dfe Knospen (die nach dem Ernten und Trocknen) einen sch\u00f6nen und ausgewogenen K\u00f6rper- und Geist-High mit minimaler Couch-Lock bieten.<\/p>\n<p>Der Effekt beginnt mit einem schnellen und befriedigenden mentalen High und m\u00fcndet dann langsam in einen beruhigenden K\u00f6rpereffekt, der bis zu 180 Minuten anh\u00e4lt. Zkitllez ist perfekt f\u00fcr ein High am Abend oder Nachmittag. Obwohl das Indica-High nicht \u00fcberw\u00e4ltigend ist, wird es dich angstfrei und gelassen machen. Es ist f\u00fcr sowohl Anf\u00e4nger als auch erfahrene Marihuana-Nutzer geeignet.<\/p>\n<p>Zuckerige Beeren- und S\u00fc\u00dfigkeitengeschmacksnoten sind die Hauptnoten dieser Sorte, erg\u00e4nzt durch Mango- und Grapefruit-Aromen mit subtilen erdigen Untert\u00f6nen. Sie m\u00fcssen Zkittlez-Ernten vierzehn Tage lang trocknen, wenn Sie den Regenbogengeschmack finden m\u00f6chten.<\/p>\n<h2>Wie w\u00e4chst der Zkittlez Samen?<\/h2>\n<p>Zkittlez bevorzugt viel D\u00fcnger und Wasser und ist die beste Wahl f\u00fcr jeden Landwirt. Es ist ratsam, Kohlefilter zu installieren, da der starke Duft w\u00e4hrend der Bl\u00fctezeit sehr intensiv ist. Die Haupt-Cola erreicht fast die Gr\u00f6\u00dfe eines amerikanischen Fu\u00dfballs und hat ein markant dreieckiges Aussehen.<\/p>\n<p>Diese Sorte stammt aus einer Kreuzung von Zkittlez mit einem Autofruchtm\u00e4nnchen (Blueberry Auto und Cheese Auto). Sie k\u00f6nnen gro\u00dfe Ertr\u00e4ge von THC-reichen Knospen erwarten.<\/p>\n<p>Sie w\u00e4chst ziemlich kurz und verstoffwechselt gro\u00dfe Mengen an N\u00e4hrstoffen sehr schnell. Wenn Sie sie in der N\u00e4he von Nachbarn drinnen anbauen, sollten Sie f\u00fcr ausreichende und gute Kohlefilterung sorgen, um starke Ger\u00fcche aufzul\u00f6sen.<\/p>\n<p>Sie hat einen Lebenszyklus von 75 Tagen vom Samen bis zur Ernte und liefert 400-500 Gramm\/m2, wenn sie drinnen angebaut wird, und 800g\/m2 bei Anbau im Freien.<\/p>\n<p>Zkittlez-Samen wachsen zu 25% THC-Pflanzen mit breiten Bl\u00e4ttern, um jedes verf\u00fcgbare Lumen zu nutzen. Aufgrund der lateralen Verzweigung der Pflanze m\u00fcssen Sie sie m\u00f6glicherweise st\u00fctzen oder binden, um ein Brechen zu vermeiden.<\/p>\n","protected":false},"excerpt":{"rendered":"<p>Zkittlez Feminized Marijuana Seeds bieten eine unvergleichliche hybride Kraft, die 30% Sativa-Elan mit 70% Indica-Entspannung verbindet. Hoher THC-Gehalt von 24%, diese Sorte zeichnet sich durch eine schnelle Bl\u00fctezeit und einen bemerkenswerten Ertrag aus und entwickelt sich zu betr\u00e4chtlichen Knospen mit einem verf\u00fchrerischen fruchtigen und erdigen Aroma.<\/p>\n","protected":false},"featured_media":39196,"comment_status":"open","ping_status":"closed","template":"","meta":{"_acf_changed":false,"_glsr_average":0,"_glsr_ranking":0,"_glsr_reviews":0},"product_brand":[],"product_cat":[3365,62,19,68,33,30,1610],"product_tag":[],"class_list":{"0":"post-35976","1":"product","2":"type-product","3":"status-publish","4":"has-post-thumbnail","6":"product_cat-beste-cannabis-samen","7":"product_cat-cannabis-samen-fuer-anfaenger","8":"product_cat-feminisierte-cannabis-samen","9":"product_cat-hoher-thc-gehalt","10":"product_cat-hybride-cannabis-samen","11":"product_cat-indica-cannabis-samen","12":"product_cat-photoperiodische-cannabis-samen","14":"first","15":"instock","16":"taxable","17":"shipping-taxable","18":"purchasable","19":"product-type-variable"},"acf":[],"aioseo_notices":[],"_links":{"self":[{"href":"https:\/\/theseedfair.com\/de\/wp-json\/wp\/v2\/product\/35976","targetHints":{"allow":["GET"]}}],"collection":[{"href":"https:\/\/theseedfair.com\/de\/wp-json\/wp\/v2\/product"}],"about":[{"href":"https:\/\/theseedfair.com\/de\/wp-json\/wp\/v2\/types\/product"}],"replies":[{"embeddable":true,"href":"https:\/\/theseedfair.com\/de\/wp-json\/wp\/v2\/comments?post=35976"}],"wp:featuredmedia":[{"embeddable":true,"href":"https:\/\/theseedfair.com\/de\/wp-json\/wp\/v2\/media\/39196"}],"wp:attachment":[{"href":"https:\/\/theseedfair.com\/de\/wp-json\/wp\/v2\/media?parent=35976"}],"wp:term":[{"taxonomy":"product_brand","embeddable":true,"href":"https:\/\/theseedfair.com\/de\/wp-json\/wp\/v2\/product_brand?post=35976"},{"taxonomy":"product_cat","embeddable":true,"href":"https:\/\/theseedfair.com\/de\/wp-json\/wp\/v2\/product_cat?post=35976"},{"taxonomy":"product_tag","embeddable":true,"href":"https:\/\/theseedfair.com\/de\/wp-json\/wp\/v2\/product_tag?post=35976"}],"curies":[{"name":"wp","href":"https:\/\/api.w.org\/{rel}","templated":true}]}}