{"id":35986,"date":"2021-02-10T21:19:20","date_gmt":"2021-02-10T21:19:20","guid":{"rendered":"https:\/\/theseedfair.com\/?post_type=product&#038;p=35986"},"modified":"2024-06-13T08:11:19","modified_gmt":"2024-06-13T08:11:19","slug":"godfather-og","status":"publish","type":"product","link":"https:\/\/theseedfair.com\/de\/product\/hoher-thc-gehalt\/godfather-og\/","title":{"rendered":"Godfather OG Samen"},"content":{"rendered":"<h2>Kaufen Sie Godfather OG Samen<\/h2>\n<p>Feminisierte Godfather OG Samen sind eine der erstklassigen Sorten auf dem Markt. Es ist ein Indica-dominanter und \u00e4u\u00dferst potenter Hybrid mit einem THC-Gehalt von 28 Prozent. Der einzigartige THC-Gehalt k\u00f6nnte unseren Godfather OG ziemlich einsch\u00fcchternd machen, da das erste High euphorische und gl\u00fcckliche Gef\u00fchle hervorruft. Wenn die beruhigende Wirkung einsetzt, werden Sie bemerken, wie die Indica-Seite die Spannung aus Ihrem K\u00f6rper l\u00f6st und Sie entspannt zur\u00fcckl\u00e4sst. Benutzer mit niedriger THC-Toleranz sollten Godfather OG in kleineren Mengen verwenden.<\/p>\n<p>Diese feminisierte Variante von Godfather OG bietet eine Mischung aus OG Kush und Alpha OG. Sie wird als der \u201eDon aller Kush-Sorten\u201c angesehen. Wenn zwei bedeutende Spieler Kr\u00e4fte vereinen, sind das Wachstum und die Auswirkungen gleicherma\u00dfen stark. Das Verh\u00e4ltnis von 60:40 Indica zu Sativa macht die Effekte gut ausbalanciert und beruhigend f\u00fcr den K\u00f6rper sowie erhebend f\u00fcr den Geist und die Stimmung. Vom Anbau bis zum Konsum ist diese Sorte ein gro\u00dfartiges Produkt.<\/p>\n<p>Dar\u00fcber hinaus besitzt Godfather OG Cannabis Qualit\u00e4ten, die sowohl Freizeit- als auch medizinische Konsumenten ansprechen. Zum Beispiel kann es ein effektiver Stressabbau, ein starkes Schmerzmittel, eine Hilfe bei Schlaflosigkeit und ein Appetitanreger f\u00fcr Chemotherapie-Patienten sein.<\/p>\n<p>Viele Kunden betrachten unsere Godfather OG Samen als eine der besten Indicas aller Zeiten. Diese Sorte hat mehrere Auszeichnungen in Nordamerika und Europa gewonnen.<\/p>\n<h2><strong>Wirkungen von Godfather OG Samen<br \/>\n<\/strong><\/h2>\n<p>Wie der gleichnamige Film werden die Wirkungen von Godfather OG die Zeit \u00fcberdauern. Die Godfather OG Kush-Samen sind gesund, weil sie Terpene und Cannabinoide enthalten, zwei nat\u00fcrlich vorkommende Verbindungen. Ocime, Caryophyllen und Apinen machen den Gro\u00dfteil des Terpenprofils dieser Cannabissorte aus. Caryophyllen reduziert Lipide und verringert bei einigen Personen die Wahrscheinlichkeit von Anf\u00e4llen.<\/p>\n<p>Die Wirkungen unserer Godfather OG-Sorte sind unvergesslich. Sie werden sich fragen, wie Sie so lange ohne sie \u00fcberlebt haben. Wenn Sie intellektuelles Vergn\u00fcgen erreichen, begibt sich Ihr Geist auf ein wunderbares Abenteuer. Es wird keine Sorgen, Spannungen oder \u00c4ngste bez\u00fcglich der Zukunft mehr geben. Sie werden nur die Gegenwart und wie unglaublich sie sich im Moment anf\u00fchlt, wahrnehmen.<\/p>\n<p>Sie erleben Gl\u00fcckseligkeit von Kopf bis Fu\u00df und Ihr Geist versinkt in einem angenehmen Nebel. Die Euphorie dominiert und bet\u00e4ubt den gesamten K\u00f6rper. Sie werden mit sich selbst und der Welt um Sie herum zufrieden sein.<\/p>\n<p>Diese Sorte ist erheblich st\u00e4rker als die normale Marihuanasorte und wird extreme Schl\u00e4frigkeit hervorrufen. Halten Sie Essen in der N\u00e4he, damit Sie nicht in die K\u00fcche gehen m\u00fcssen, wenn Sie hungrig sind. Trockene Augen, Hals und Mund sind m\u00f6glich; daher sind Augentropfen und etwas zu trinken unerl\u00e4sslich.<\/p>\n<p>Richten Sie Ihren Entspannungsraum ein, um sich gl\u00fccklich, gelassen und stressfrei zu f\u00fchlen. Sie werden sich von den beruhigenden Elementen getr\u00f6stet f\u00fchlen. Dennoch k\u00f6nnten Sie auch einen Schub an kreativer Energie erleben, bevor die beruhigenden Effekte die Oberhand gewinnen und Sie in einen erholsamen und komfortablen Schlaf fallen.<\/p>\n<p>Wenn die Euphorie intensiv und psychoaktiv ist, stimuliert sie alle Sinne und reduziert die Intensit\u00e4t von Stress und chronischen Schmerzen. Es kann Menschen weniger m\u00fcde machen und sie zu neuen mentalen und k\u00f6rperlichen H\u00f6hen treiben. Nicht nur ist Godfather OG gut f\u00fcr Stress, sondern auch bei Schlaflosigkeit hilfreich.<\/p>\n<p>Wenn Sie neu bei Marihuana-Samen sind oder eine geringe Toleranz gegen\u00fcber THC haben, sollten Sie diese Sorte wahrscheinlich meiden. Die Menge an THC sollte nicht ignoriert werden. Aber wenn Sie sich herausfordern m\u00f6chten, beginnen Sie mit kleinen Mengen und erh\u00f6hen Sie diese schrittweise.<\/p>\n<h2><strong>Sind Godfather OG photoperiod feminisierte Cannabissamen einfach zu Hause anzubauen?<\/strong><\/h2>\n<p>Unsere Godfather OG sind mittelgro\u00df. Sie gedeihen gut in Innenr\u00e4umen, Gew\u00e4chsh\u00e4usern und im Freien. Au\u00dferdem k\u00f6nnen SOG- und SCROG-Verfahren auf sie angewendet werden. Eine Godfather OG-Pflanze, die in Innenr\u00e4umen angebaut wird, kann 12 bis 20 Unzen produzieren. Wenn sie drinnen angebaut wird, erreicht unsere Pflanze eine H\u00f6he von 70 bis 100 cm und bl\u00fcht in 7 bis 9 Wochen. In trockeneren Regionen k\u00f6nnen die Blumen eine k\u00fcrzere Dauer bl\u00fchen.<\/p>\n<p>Beim Anbau von Godfather OG feminisierten Unkrautsamen ist es wichtig, den Pflanzen die richtigen N\u00e4hrstoffe zu geben, damit sie stark und gesund wachsen k\u00f6nnen. Topping ist eine der effektivsten Methoden, um dieses Ziel zu erreichen. Topping bedeutet, die oberen Bl\u00e4tter einer Pflanze zu entfernen, um neues Wachstum zu stimulieren.<\/p>\n<p>Dieses neue Wachstum wird st\u00e4rker und widerstandsf\u00e4higer gegen Sch\u00e4den sein, was zu einer insgesamt h\u00f6heren Ernte f\u00fchrt. Denken Sie daran, dass Sie die Spitzen Ihrer Pflanzen nur abschneiden sollten, wenn sie eine bestimmte H\u00f6he erreicht haben. Wenn Sie vorher handeln, k\u00f6nnen Sie ihr Wachstum m\u00f6glicherweise stoppen.<\/p>\n<p>Neben dem Topping erfordern Ihre Godfather OG \u201eEntlaubung\u201c. Entlaubung bedeutet, einige der unteren Bl\u00e4tter einer Pflanze zu entfernen, um die Belichtung mit Licht und Luft zu erh\u00f6hen. Dies verhindert das Wachstum von Schimmel und Mehltau auf Ihren Pflanzen und f\u00fchrt insgesamt zu einem besseren Wachstum.<\/p>\n<h2><strong>Wie w\u00e4chst Godfather OG Marihuana (feminisierte Sorte)?<\/strong><\/h2>\n<p>Folgen Sie unserem Leitfaden f\u00fcr die beste Keimungsmethode f\u00fcr diese Sorte. Weichen Sie die Samen bis zu 14 Stunden in Wasser ein, vorzugsweise in destilliertem Wasser. \u00dcbertragen Sie sie dann auf ein Papiertuch zwischen zwei Tellern. F\u00fcgen Sie W\u00e4rme hinzu und spr\u00fchen Sie t\u00e4glich Wasser darauf. Wenn sie einen Schwanz zeigen, pflanzen Sie sie in fruchtbare, lockere Erde. Ein S\u00e4mling wird wachsen, wenn er hell und feucht gehalten wird. Diese Godfather OG-Samen keimen sehr leicht und wachsen auch sehr schnell. Diese Samen k\u00f6nnen in Innenr\u00e4umen angebaut werden. Wir empfehlen immer aus unserer Samenkollektion die Godfather OG feminisierten Samen anzubauen.<\/p>\n<p>Godfather OG feminisierte Cannabissamen sind sowohl f\u00fcr Anf\u00e4nger als auch f\u00fcr erfahrene Z\u00fcchter perfekt geeignet. Dieses Marihuana ist schimmelresistent und die Bl\u00fctezeit betr\u00e4gt durchschnittlich 49 bis 63 Tage (7 Wochen bis 9 Wochen).<\/p>\n<p>Unsere wundersch\u00f6ne Sorte kann H\u00f6hen von 100 bis 140 Zentimetern erreichen. Godfather OG erzielt einen Ertrag von bis zu 450 Gramm pro Quadratmeter, wenn er in Innenr\u00e4umen angebaut wird. Godfather OG-Pflanzen sind gro\u00dfartig f\u00fcr Outdoor-Z\u00fcchter, da sie H\u00f6hen zwischen 140 cm und 200 cm erreichen und zwischen 550 und 650 Gramm Marihuana pro Pflanze erzeugen k\u00f6nnen. Godfather OG Cannabis hat einen fruchtigen, s\u00fc\u00dfen und holzigen Geschmack. Viele Nutzer von Godfather OG berichten, dass sie sich fr\u00f6hlich, entspannt und euphorisch f\u00fchlen.<\/p>\n<p>Godfather OG-Pflanzen sind nicht anf\u00e4llig f\u00fcr Schimmel. Dies ist vorteilhaft f\u00fcr seine Indica-Seite, da sie enorme, dichte Nugs produziert. Die Luftfeuchtigkeit muss jedoch \u00fcberwacht werden. Godfather OG ist nicht anf\u00e4llig f\u00fcr Sch\u00e4dlinge oder Krankheiten. \u00dcberm\u00e4\u00dfige Feuchtigkeit kann jedoch ihr Wachstum hemmen.<\/p>\n<h3><strong>Innenanbau<\/strong><\/h3>\n<p>Godfather OG ist eine m\u00fchelose Sorte, die in Innenr\u00e4umen angebaut werden kann und keine vorherige Erfahrung oder Schulung erfordert. Eine Pflanze kann eine H\u00f6he von 3 Fu\u00df erreichen. Es dauert durchschnittlich 56 bis 63 Tage, bis eine Pflanze vom vegetativen in den bl\u00fchenden Zustand \u00fcbergeht, sodass Sie Ihre erste Blume etwa zwei Monate nach dem Pflanzen bemerken sollten.<\/p>\n<p>Nach dem Keimen Ihrer Samen k\u00f6nnen sie entweder in Erde oder in Hydrokultursystemen gepflanzt werden. W\u00e4hlen Sie eine leichte, gut durchl\u00e4ssige Bodenmischung, die nicht mehr als 30 Prozent organische Substanz enth\u00e4lt, f\u00fcr die besten Ergebnisse. Das Hydrokultursystem ist mit jedem inertem Material (wie Kokosfasern) kompatibel.<\/p>\n<p>Sobald die Pflanzen etabliert sind, ist es wichtig, sie mit einer ausgewogenen D\u00fcngerl\u00f6sung zu d\u00fcngen, die speziell f\u00fcr Cannabis formuliert ist. D\u00fcngen Sie die Pflanze alle zwei Wochen bis zur Bl\u00fcte (normalerweise Woche 6-8). Die N\u00e4hrstoffwerte sollten halbiert werden, um eine Explosion des vegetativen Wachstums w\u00e4hrend der Bl\u00fctezeit zu verhindern.<\/p>\n<h3><strong>Au\u00dfenanbau<\/strong><\/h3>\n<p>Godfather OG-Samen k\u00f6nnen erfolgreich im Freien in warmen Klimazonen angebaut werden, in denen Frost unwahrscheinlich ist. Typischerweise erreichen Pflanzen eine H\u00f6he von 6 Fu\u00df und produzieren 15 bis 17 Unzen pro Pflanze. Im Durchschnitt dauert es 56 bis 63 Tage, bis eine Pflanze bl\u00fcht. Dies bedeutet, dass die meisten Knospen bis Ende September oder Anfang Oktober erntereif sind.<\/p>\n<p>Nach dem Keimen Ihrer Samen k\u00f6nnen sie in den Boden, in mit Erde gef\u00fcllte Beh\u00e4lter oder in ein anderes nicht wachsendes Medium (z.B. Kokosfasern) gepflanzt werden. Um direkt in den Boden zu pflanzen, m\u00fcssen Sie den Boden umgraben und etwas organische Substanz einarbeiten, um die Drainage zu verbessern. Solange der Boden L\u00f6cher hat, reicht jeder Beh\u00e4lter aus.<\/p>\n<p>Sobald die Pflanzen Wurzeln entwickelt haben, m\u00fcssen sie mit einer ausgewogenen D\u00fcngerl\u00f6sung behandelt werden, die speziell f\u00fcr Cannabis entwickelt wurde. Die F\u00fctterung muss alle zwei Wochen erfolgen, bis die Pflanze zu bl\u00fchen beginnt (normalerweise Woche 7). W\u00e4hrend der Bl\u00fctezeit sollten die D\u00fcngemittel reduziert werden, um \u00fcberm\u00e4\u00dfiges Blattwachstum zu verhindern.<\/p>\n<h3><strong>SCROG<\/strong><\/h3>\n<p>Die Screen of Green oder SOG-Methode ist eine M\u00f6glichkeit, Pflanzen zu trainieren, um bessere Ertr\u00e4ge zu erzielen. Mit einem Bildschirm oder Netz wird das horizontale Wachstum der Pflanze gleichm\u00e4\u00dfig verteilt, sodass mehr Licht und Luft die Pflanze erreichen.<\/p>\n<p>Nach dem Keimen der Samen k\u00f6nnen sie in Erde oder in ein Hydrokultursystem gepflanzt werden. W\u00e4hlen Sie eine leichte, gut durchl\u00e4ssige Bodenmischung, die nicht mehr als 30% organische Substanz enth\u00e4lt, f\u00fcr die besten Ergebnisse. Jedes inerte Material wie Kokosfasern kann problemlos im Hydrokultursystem verwendet werden.<\/p>\n<p>Sobald die Pflanzen Wurzeln entwickelt haben, m\u00fcssen sie trainiert werden, um auf dem <a href=\"https:\/\/theseedfair.com\/scrog-screen-of-green-guide\/\">SCROG<\/a>-Bildschirm oder Netz zu wachsen. Sie k\u00f6nnen die St\u00e4ngel schneiden oder sanft binden. Das Training sollte fortgesetzt werden, bis alle guten Zweige das Netz oder den Bildschirm ber\u00fchren (normalerweise um Woche 4-6). Danach verl\u00e4uft der Bl\u00fcteprozess wie gewohnt f\u00fcr die n\u00e4chsten acht bis zehn Wochen, in denen die Bl\u00fcte w\u00e4chst.<\/p>\n<h2><strong>Godfather OG-Samen zum Verkauf in den USA<\/strong><\/h2>\n<p>Die Godfather OG-Cannabispflanze ist wundersch\u00f6n. Die Kombination aus smaragdgr\u00fcnen und violetten Pistillensch\u00fcben ist atemberaubend. Selbst die Bl\u00e4tter enthalten lila und blau. Diese kleine bis mittelgro\u00dfe Pflanze sollte mit SCROG-Techniken gut gedeihen. Der Kauf unserer Godfather OG-Samen in den USA ist ein einfacher Prozess, der es Ihnen erm\u00f6glicht, Ihre Samen in nur wenigen Tagen zu erhalten.<\/p>\n<p>Godfather OG ist faszinierend, weil es schwer zu verstehen ist, aber durch das Fehlen von Beweisen beruhigt wird. Die Ertr\u00e4ge von Godfather OG sind aufgrund der Robustheit der Pflanze realisierbar.<\/p>\n<p>Wenn Sie die besten Samen auf dem Markt ben\u00f6tigen, werden Ihnen Godfather OG Samen von The Seed Fair zur Verf\u00fcgung gestellt. Der Anbau von Cannabissamen kann im Allgemeinen manchmal schwierig sein, aber der Anbau unserer Godfather OG-Samen ist sehr lohnend. Unsere Samen wachsen sehr schnell und effizient.<\/p>\n<p>Sie ist schimmelresistent und leicht zu pflegen. Hochwertige Sorten zeichnen sich durch ihre enormen Ertr\u00e4ge und ihre feuchten, skunky, erdigen und kiefernartigen Aromen aus, wenn sie drinnen und drau\u00dfen angebaut werden. Es braucht nur einen kurzen Blick auf Ihr Bankkonto oder einen schnellen Anruf, um im Plus zu sein.<\/p>\n<h2><strong>Was macht die feminisierte Godfather OG-Sorte so beliebt?<\/strong><\/h2>\n<p>Wenn Sie diese Sorte noch nie ausprobiert haben, erwartet Sie ein Genuss. Godfather OG ist eines der st\u00e4rksten Highs und induziert extreme Schl\u00e4frigkeit. Sie werden zun\u00e4chst mentale Euphorie erleben, die, wie bei jedem guten Hybrid, Sie fr\u00f6hlich und beschwingt macht. Wenn das High intensiver wird, werden Sie Wirkungen im ganzen K\u00f6rper erleben, die Sie bei \u00fcberm\u00e4\u00dfigem Konsum oder niedriger Toleranz bewegungsunf\u00e4hig machen k\u00f6nnen. Dies ist eines unserer besten Samen in unserer Kollektion und unsere Kunden sollten unsere Samen definitiv online kaufen.<\/p>\n<p>Godfather OG hat Auszeichnungen wie \u201eBeste Indica\u201c bei der High Times Cannabis Cup 2013 erhalten, was zeigt, dass es andere Sorten \u00fcbertroffen hat.<\/p>\n<h3><strong>Genetik<\/strong><\/h3>\n<p>Es ist wichtig zu beachten, dass die feminisierte Sorte Godfather OG in verschiedenen Ph\u00e4notypen erh\u00e4ltlich ist, die jeweils ihre eigenen Eigenschaften haben. Einige Ph\u00e4notypen k\u00f6nnen k\u00fcrzer und buschiger sein, w\u00e4hrend andere h\u00f6her und schlanker sind.<\/p>\n<p>Godfather OG feminisierte Pflanzen sind oft klein und st\u00e4mmig mit dichten, mit Trichomen bedeckten Knospen. Dieser Genotyp hat einen lebhaften Duft mit Ankl\u00e4ngen von Trauben und Gew\u00fcrzen. Aufgrund dieser Eigenschaft kann eine Person, die unter Schmerzen oder Stress leidet, Linderung erfahren.<\/p>\n<p>Eine andere Variation der legend\u00e4ren Godfather OG-Sorte hat einen h\u00f6heren, schlankeren Wuchs und produziert hellgr\u00fcne Bl\u00fcten mit einem mehr kr\u00e4uterartigen Aroma. Obwohl die Wirkungen dieses Genotyps ebenfalls entspannend sind, k\u00f6nnten sie weniger hilfreich bei der Linderung von Schmerzen oder Stress sein.<\/p>\n<p>Es gibt eine dritte, seltenere Art, die in Bezug auf H\u00f6he und dichte, blaubeerige Knospen in der Mitte liegt. Im Gegensatz zu den anderen beiden Eigenschaften ist diese jedoch erheblich weniger verbreitet.<\/p>\n<h2><strong>Was ist der Ursprung der Godfather OG-Sorte?<\/strong><\/h2>\n<p>Wie bei jedem gro\u00dfartigen Gangster sind die Urspr\u00fcnge von Godfather OG von Geheimnissen und Intrigen umgeben. Vieles, was wir wissen, wird m\u00fcndlich \u00fcberliefert. Wir wissen jedoch, dass dies eine robuste Sorte ist, die mit jeder anderen konkurrieren kann.<\/p>\n<p>Godfather OG-Cannabissamen stammen von Granddaddy Purple und Kush-Hybriden ab, wie OG Kush Alpha OG und Bubba Kush. Unsere OG-Sorte ist eine Kreuzung zwischen diesen beiden. Wenn Sie diese Cannabissamen anbauen, k\u00f6nnten Sie Ihre Meinung \u00fcber Sorten mit hohem THC-Gehalt \u00e4ndern.<\/p>\n<p>Godfather OG ist eine Marihuanasorte mit gro\u00dfen Knospen und einem hohen THC-Gehalt. Auch bekannt als \u201eder beste Godfather\u201c und \u201eder Don aller OGs\u201c. Unsere Sorte ist ein Champion, der reich an Myrcen, Caryophyllen und Limonen ist. Zus\u00e4tzlich k\u00f6nnte Humulen entdeckt werden.<\/p>\n<h3 class=\"accordion_title\">FAQ<\/h3><div class=\"accordion\">\n\t<div id=\"accordion-2433890026\" class=\"accordion-item\">\n\t\t<a id=\"accordion-2433890026-label\" class=\"accordion-title plain\" href=\"#accordion-item-ist-godfather-og-schwer-anzubauen?\" aria-expanded=\"false\" aria-controls=\"accordion-2433890026-content\">\n\t\t\t<button class=\"toggle\" aria-label=\"Umschalten\"><i class=\"icon-angle-down\" aria-hidden=\"true\"><\/i><\/button>\n\t\t\t<span>Ist Godfather OG schwer anzubauen?<\/span>\n\t\t<\/a>\n\t\t<div id=\"accordion-2433890026-content\" class=\"accordion-inner\" aria-labelledby=\"accordion-2433890026-label\">\n\t\t\t\n<p>Godfather OG w\u00e4chst in Innenr\u00e4umen nicht sehr hoch, was die Kontrolle einfach macht. Im Durchschnitt wird sie in 8\u20139 Wochen bl\u00fchen. Sie erhalten 12\u201314 Unzen pro Quadratmeter, wenn Sie drinnen pflanzen.<br \/>\nDer Anbau der Godfather OG-Pflanze aus einem Samen ist einfach. Sie ist schimmelresistent und bl\u00fcht schnell in 49 bis 63 Tagen. Sie kann drinnen oder drau\u00dfen angebaut werden und gedeiht in beiden Umgebungen. Erwarten Sie eine Innenproduktion von 450 g\/m2 und einen Au\u00dfenertrag von 550 bis 650 g\/m2. Die Pflanze kann eine H\u00f6he von 100 cm in Innenr\u00e4umen und 200 cm im Freien erreichen.<\/p>\n\t\t<\/div>\n\t<\/div>\n\t\n\t<div id=\"accordion-3974216831\" class=\"accordion-item\">\n\t\t<a id=\"accordion-3974216831-label\" class=\"accordion-title plain\" href=\"#accordion-item-welche-sorten-machen-godfather-og-aus?\" aria-expanded=\"false\" aria-controls=\"accordion-3974216831-content\">\n\t\t\t<button class=\"toggle\" aria-label=\"Umschalten\"><i class=\"icon-angle-down\" aria-hidden=\"true\"><\/i><\/button>\n\t\t\t<span>Welche Sorten machen Godfather OG aus?<\/span>\n\t\t<\/a>\n\t\t<div id=\"accordion-3974216831-content\" class=\"accordion-inner\" aria-labelledby=\"accordion-3974216831-label\">\n\t\t\t\n<p>Es gibt verschiedene Sorten von Godfather OG, aber die h\u00e4ufigste ist eine Kreuzung zwischen Alpha OG und XXX OG. Wenn OG Kush mit Grand Daddy Purple und Bubba Kush, LA Confidential und Granddaddy Purple gekreuzt wird, entstehen weitere Hybriden.<\/p>\n\t\t<\/div>\n\t<\/div>\n\t\n\t<div id=\"accordion-1265695548\" class=\"accordion-item\">\n\t\t<a id=\"accordion-1265695548-label\" class=\"accordion-title plain\" href=\"#accordion-item-ist-godfather-og-ein-hybrid?\" aria-expanded=\"false\" aria-controls=\"accordion-1265695548-content\">\n\t\t\t<button class=\"toggle\" aria-label=\"Umschalten\"><i class=\"icon-angle-down\" aria-hidden=\"true\"><\/i><\/button>\n\t\t\t<span>Ist Godfather OG ein Hybrid?<\/span>\n\t\t<\/a>\n\t\t<div id=\"accordion-1265695548-content\" class=\"accordion-inner\" aria-labelledby=\"accordion-1265695548-label\">\n\t\t\t\n<p>Godfather OG, auch bekannt als \u201eDon aller OGs\u201c, ist eine Indica-Cannabissorte, die dichte, mit Trichomen bedeckte Bl\u00fcten produziert. Sie riecht und schmeckt nach Kiefer und frisch umgegrabener Erde, mit s\u00fc\u00dfen Traubennoten.<br \/>\nGodfather OG kombiniert Bubba Kush, L.A. Confidential und Granddaddy Purps.<\/p>\n\t\t<\/div>\n\t<\/div>\n\t\n\t<div id=\"accordion-4148955228\" class=\"accordion-item\">\n\t\t<a id=\"accordion-4148955228-label\" class=\"accordion-title plain\" href=\"#accordion-item-ist-godfather-og-ein-autoflower?\" aria-expanded=\"false\" aria-controls=\"accordion-4148955228-content\">\n\t\t\t<button class=\"toggle\" aria-label=\"Umschalten\"><i class=\"icon-angle-down\" aria-hidden=\"true\"><\/i><\/button>\n\t\t\t<span>Ist Godfather OG ein Autoflower?<\/span>\n\t\t<\/a>\n\t\t<div id=\"accordion-4148955228-content\" class=\"accordion-inner\" aria-labelledby=\"accordion-4148955228-label\">\n\t\t\t\n<p>Ja, das ist die offensichtliche Antwort. Godfather OG-Samen gibt es in drei Varianten: autoflowering, feminisiert und regul\u00e4r. Sie k\u00f6nnen diejenige ausw\u00e4hlen, die am besten zu Ihren Vorlieben passt.<br \/>\nDie Vorteile der Verwendung von Godfather OG Autoflower sind verlockend, treten schnell auf und halten lange an. Es ist eine der st\u00e4rksten Sorten, die Sie wahrscheinlich antreffen werden, mit einem THC-Gehalt von bis zu 30% und oft 20%.<\/p>\n<p>Abgesehen von dem enormen Gef\u00fchl der Entspannung und m\u00f6glicherweise der M\u00fcdigkeit, die durch sein Alpha OG und XXX OG Kush nahegelegt wird, hat diese Sorte wenig Einfluss auf den Intellekt. Sie werden mehrere Gedanken haben, die sich stark von Ihrem typischen Verhalten unterscheiden.<\/p>\n<p>Beim Essen vibriert der K\u00f6rper. Dennoch ist er der Anf\u00fchrer aller OGs, weil er jedem einen Schub gibt und eine fr\u00f6hliche Disposition hat, die Sie dazu bringt, Ihre F\u00fc\u00dfe zu sch\u00fctteln und Ihre Finger zu wackeln.<\/p>\n\t\t<\/div>\n\t<\/div>\n\t\n\t<div id=\"accordion-1583321008\" class=\"accordion-item\">\n\t\t<a id=\"accordion-1583321008-label\" class=\"accordion-title plain\" href=\"#accordion-item-warum-ist-die-godfather-og-sorte-so-gut?\" aria-expanded=\"false\" aria-controls=\"accordion-1583321008-content\">\n\t\t\t<button class=\"toggle\" aria-label=\"Umschalten\"><i class=\"icon-angle-down\" aria-hidden=\"true\"><\/i><\/button>\n\t\t\t<span>Warum ist die Godfather OG-Sorte so gut?<\/span>\n\t\t<\/a>\n\t\t<div id=\"accordion-1583321008-content\" class=\"accordion-inner\" aria-labelledby=\"accordion-1583321008-label\">\n\t\t\t\n<p>Die prim\u00e4ren Effekte des Rauchens oder Konsums der Pflanzen dieser Sorte sind Entspannung und Gelassenheit. Nach der Einnahme einer bescheidenen Dosis berichten die Benutzer, dass sie sich freundlich, entspannt und m\u00fcde f\u00fchlen. Einige Menschen erleben auch eine Welle der Freude und ein Gef\u00fchl der Erhebung. Don of All OGs kann auch Schl\u00e4frigkeit hervorrufen. Daher wird empfohlen, es abends oder nachts zu konsumieren. Aufgrund des hohen THC-Gehalts ist es nicht f\u00fcr Erstkonsumenten geeignet, die noch keine signifikante Toleranz entwickelt haben.<br \/>\n\u00c4hnlich wie bei seinen Eltern, XXX OG und Alpha OG, beschr\u00e4nken sich die zerebralen Effekte dieser Sorte auf ein angenehmes Gef\u00fchl der Entspannung und m\u00f6gliche M\u00fcdigkeit. Ihre Gedanken werden weiterhin flie\u00dfen, vielleicht h\u00e4ufiger als gew\u00f6hnlich. Im Gegensatz dazu ist das K\u00f6rper-High das wahre OG. Es verleiht Ihnen ein Ganzk\u00f6rper-High und ein Gef\u00fchl der Ekstase, das mit Ihren Fingerspitzen und Zehen spielt.<\/p>\n\t\t<\/div>\n\t<\/div>\n\t\n\t<div id=\"accordion-3340588421\" class=\"accordion-item\">\n\t\t<a id=\"accordion-3340588421-label\" class=\"accordion-title plain\" href=\"#accordion-item-woher-stammt-godfather-og?\" aria-expanded=\"false\" aria-controls=\"accordion-3340588421-content\">\n\t\t\t<button class=\"toggle\" aria-label=\"Umschalten\"><i class=\"icon-angle-down\" aria-hidden=\"true\"><\/i><\/button>\n\t\t\t<span>Woher stammt Godfather OG?<\/span>\n\t\t<\/a>\n\t\t<div id=\"accordion-3340588421-content\" class=\"accordion-inner\" aria-labelledby=\"accordion-3340588421-label\">\n\t\t\t\n<p>Godfather OG-Samen stammen aus dem sonnigen Bundesstaat Kalifornien. Obwohl die genaue genetische Zusammensetzung unbekannt ist, wird angenommen, dass es sich um eine Kreuzung zwischen zwei bekannten Sorten handelt: XXX OG und Alpha OG. Diese kraftvolle Kombination f\u00fchrte zu einer ertragreichen Pflanze mit gro\u00dfen, mit Trichomen bedeckten Knospen.<br \/>\nDenken Sie daran, dass Godfather OG feminisierte Samen eine Indica-dominante Sorte sind, wenn Sie sie anbauen. Dies f\u00fchrt dazu, dass die Pflanzen k\u00fcrzer und buschiger sind als Sativas. Godfather OG kann eine maximale H\u00f6he von 3 Fu\u00df (1 Meter) erreichen, sind jedoch typischerweise nur 2 Fu\u00df (60 cm) gro\u00df.<\/p>\n<p>Aufgrund des hohen THC-Gehalts sind Godfather OG-Samen nicht f\u00fcr Anf\u00e4nger empfohlen. Das meiste Marihuana in Ihrer \u00f6rtlichen Apotheke wird einen THC-Gehalt von etwa 25% haben, aber einige k\u00f6nnen bis zu 28% erreichen. Godfather OG ist eine gro\u00dfe Pflanze mit violetten Stempeln und einer dichten Schicht von Trichomen, die viele Konsumenten auf den ersten Blick fasziniert. Das Aroma ist berauschend, mit starken Ankl\u00e4ngen von Kiefer und Erde, die die Nase angreifen. Es schmeckt, wie es riecht, mit Traubennoten, die ihm eine wunderbare Fruchtigkeit verleihen.<\/p>\n<p>Godfather OG ist eine \u00e4u\u00dferst beeindruckende Sorte, die ihrem Spitznamen gerecht wird. Diese Sorte produziert dichte Bl\u00fcten, die mit kristallisierten Trichomen bedeckt sind und mit leuchtend violetten Haaren bedeckt sind. Intern riecht das Endprodukt s\u00fc\u00df und fruchtig, mit w\u00fcrzigen und erdigen Untert\u00f6nen, die Sie aufwecken. Holen Sie sich noch heute Ihre Godfather OG Samen!<\/p>\n\t\t<\/div>\n\t<\/div>\n\t\n<\/div>\n","protected":false},"excerpt":{"rendered":"<p>Godfather OG Feminisiert kombiniert hohe THC-Gehalte, die massive 28% erreichen, mit einem komplexen Aroma. Seine preisgekr\u00f6nte Genetik liefert ein starkes, entspannendes High wie kein anderes. Mit einer pr\u00e4chtigen Mischung aus 60% Indica und 40% Sativa ist es nicht nur eine gew\u00f6hnliche Sorte; es ist eine Erfahrung, die Schmerzlinderung und Stressabbau zu einer Kunstform erhebt.<\/p>\n","protected":false},"featured_media":100271,"comment_status":"open","ping_status":"closed","template":"","meta":{"_acf_changed":false,"_glsr_average":0,"_glsr_ranking":0,"_glsr_reviews":0},"product_brand":[],"product_cat":[3365,62,19,68,33,30,1610],"product_tag":[],"class_list":{"0":"post-35986","1":"product","2":"type-product","3":"status-publish","4":"has-post-thumbnail","6":"product_cat-beste-cannabis-samen","7":"product_cat-cannabis-samen-fuer-anfaenger","8":"product_cat-feminisierte-cannabis-samen","9":"product_cat-hoher-thc-gehalt","10":"product_cat-hybride-cannabis-samen","11":"product_cat-indica-cannabis-samen","12":"product_cat-photoperiodische-cannabis-samen","14":"first","15":"instock","16":"taxable","17":"shipping-taxable","18":"purchasable","19":"product-type-variable"},"acf":[],"aioseo_notices":[],"_links":{"self":[{"href":"https:\/\/theseedfair.com\/de\/wp-json\/wp\/v2\/product\/35986","targetHints":{"allow":["GET"]}}],"collection":[{"href":"https:\/\/theseedfair.com\/de\/wp-json\/wp\/v2\/product"}],"about":[{"href":"https:\/\/theseedfair.com\/de\/wp-json\/wp\/v2\/types\/product"}],"replies":[{"embeddable":true,"href":"https:\/\/theseedfair.com\/de\/wp-json\/wp\/v2\/comments?post=35986"}],"wp:featuredmedia":[{"embeddable":true,"href":"https:\/\/theseedfair.com\/de\/wp-json\/wp\/v2\/media\/100271"}],"wp:attachment":[{"href":"https:\/\/theseedfair.com\/de\/wp-json\/wp\/v2\/media?parent=35986"}],"wp:term":[{"taxonomy":"product_brand","embeddable":true,"href":"https:\/\/theseedfair.com\/de\/wp-json\/wp\/v2\/product_brand?post=35986"},{"taxonomy":"product_cat","embeddable":true,"href":"https:\/\/theseedfair.com\/de\/wp-json\/wp\/v2\/product_cat?post=35986"},{"taxonomy":"product_tag","embeddable":true,"href":"https:\/\/theseedfair.com\/de\/wp-json\/wp\/v2\/product_tag?post=35986"}],"curies":[{"name":"wp","href":"https:\/\/api.w.org\/{rel}","templated":true}]}}