{"id":35991,"date":"2021-02-10T21:22:19","date_gmt":"2021-02-10T21:22:19","guid":{"rendered":"https:\/\/theseedfair.com\/?post_type=product&#038;p=35991"},"modified":"2024-06-12T15:30:04","modified_gmt":"2024-06-12T15:30:04","slug":"acapulco-gold","status":"publish","type":"product","link":"https:\/\/theseedfair.com\/de\/product\/feminisierte-cannabis-samen\/acapulco-gold\/","title":{"rendered":"Acapulco Gold Samen"},"content":{"rendered":"<h2>Acapulco Gold Samen<\/h2>\n<p>Vor deiner n\u00e4chsten gesellschaftlichen Veranstaltung oder Party, stelle sicher, dass du Acapulco Gold Samen bekommst. Es hat 80 Prozent Sativa und 20 Prozent Indica, um stimmungsaufhellende und energieverst\u00e4rkende Effekte zu bieten. Es braucht nur eine kleine Menge Acapulco Gold, um einen euphorischen, gl\u00fccklichen und belebenden Effekt zu bemerken. Diese Sorte ist perfekt, um sie in der Familie und mit Freunden zu rauchen. Es erzeugt einen sozialen Rausch; erwarte, dass du dich tags\u00fcber oder nachts in spannende Gespr\u00e4che mit deinen Begleitern vertiefst.<\/p>\n<p>Acapulco Gold Samen ist definitiv eine der Lieblingssorten unserer Kunden, da es einen hohen THC-Gehalt von 24 % aufweist. Dies ist perfekt, da es nicht der h\u00f6chste THC-Wert ist, aber in einem perfekten Bereich f\u00fcr einen perfekten Rausch liegt.<\/p>\n<h2>Effekte von Acapulco Gold Samen<\/h2>\n<p>Acapulco Gold ist eine der bekanntesten Sorten im Marihuana-Sektor. Es ist eine sativadominierte Sorte, die trotz ihres jahrzehntelangen Bestehens immer noch Aufmerksamkeit erregt, wo immer sie w\u00e4chst.<\/p>\n<p>Diese einzigartige Sorte hat orangefarbene Haare (die wie Goldnuggets aussehen), Braunt\u00f6ne und Gr\u00fcns, die ineinander verwoben sind. Es hat ein unglaublich reichhaltiges Harz und einen markanten Farbton, der es wert ist, gew\u00fcrdigt zu werden.<\/p>\n<p>Nach der Aufnahme der Sch\u00f6nheit dieser Sorte ist das verlockende und s\u00fc\u00dfe Aroma sofort \u00fcberw\u00e4ltigend. Acapulco Gold Samen sind in allen Aspekten wohlhabend, mit einem k\u00f6stlichen Geschmack, der den mundw\u00e4ssernden Geruch erg\u00e4nzt.<\/p>\n<p>Diese Sorte vermittelt ein gl\u00fcckliches, optimistisches und entspannendes Erlebnis. Mit seinen erdigen Noten und der Buttercreme-S\u00fc\u00dfe wirst du dich in das Acapulco Gold verlieben.<\/p>\n<h2>Wie w\u00e4chst Acapulco Gold Cannabis?<\/h2>\n<p>Mit einer unbekannten und mysteri\u00f6sen Herkunft kennt niemand die Elternsorten des Acapulco Gold. Daher ist diese Spezies schwer zu finden. Immer mehr Menschen bauen es unter Bedingungen an, die schwer zu replizieren sind.<\/p>\n<p>Acapulco Gold feminisierte Cannabissamen wachsen zu einer verlockenden Pflanze mit einem THC-Gehalt von 24% und einem CBD-Gehalt von 0,7% heran. Diese Sorte gedeiht in trockenen, mediterranen und gem\u00e4\u00dfigten Klimazonen. Der Anbau in SCROG\/SOG k\u00f6nnte auf diese Cannabispflanze angewendet werden.<\/p>\n<p>Es ist einfach, die feminisierten Acapulco-Samen anzubauen, da sie extrem resistent gegen Schimmel sind und zwischen 63 und 70 Tagen bl\u00fchen. Der Anbau im Innenbereich erm\u00f6glicht es ihr, eine H\u00f6he von bis zu 120 cm zu erreichen und 500 Gramm pro Quadratmeter zu erzeugen. Beim Anbau im Freien erreicht sie eine H\u00f6he von 150 bis 200 Zentimetern und liefert zwischen 425 und 575 g\/m2. Die gro\u00dfen Bl\u00fcten des Acapulco Golds haben einen fruchtigen und s\u00fc\u00dfen Geschmack.<\/p>\n<p>Stelle sicher, dass du Acapulco Gold innerhalb deiner Grenzen verwendest, um es voll zu genie\u00dfen und Nebenwirkungen wie trockenen Mund und trockene Augen zu vermeiden.<\/p>\n","protected":false},"excerpt":{"rendered":"<p>W\u00e4re Lachen eine Pflanze, w\u00e4ren Acapulco Gold Feminized seine Samen! Mit 80 % Sativa f\u00fcr die &#8218;High&#8216;-Momente des Lebens und 20 % Indica, um dich davon abzuhalten, wegzufliegen, ist es wie eine Party in einer Kapsel. Der THC-Gehalt des Acapulco Gold liegt bei 24 % und steigt. Es k\u00f6nnte der zweitlustigste Witz sein, den du heute geh\u00f6rt hast, wenn du ein Anf\u00e4nger-Toker bist.<\/p>\n","protected":false},"featured_media":39182,"comment_status":"open","ping_status":"closed","template":"","meta":{"_acf_changed":false,"_glsr_average":0,"_glsr_ranking":0,"_glsr_reviews":0},"product_brand":[],"product_cat":[3365,62,19,68,33,1610,21],"product_tag":[],"class_list":{"0":"post-35991","1":"product","2":"type-product","3":"status-publish","4":"has-post-thumbnail","6":"product_cat-beste-cannabis-samen","7":"product_cat-cannabis-samen-fuer-anfaenger","8":"product_cat-feminisierte-cannabis-samen","9":"product_cat-hoher-thc-gehalt","10":"product_cat-hybride-cannabis-samen","11":"product_cat-photoperiodische-cannabis-samen","12":"product_cat-cannabis-sativa-samen","14":"first","15":"instock","16":"taxable","17":"shipping-taxable","18":"purchasable","19":"product-type-variable"},"acf":[],"aioseo_notices":[],"_links":{"self":[{"href":"https:\/\/theseedfair.com\/de\/wp-json\/wp\/v2\/product\/35991","targetHints":{"allow":["GET"]}}],"collection":[{"href":"https:\/\/theseedfair.com\/de\/wp-json\/wp\/v2\/product"}],"about":[{"href":"https:\/\/theseedfair.com\/de\/wp-json\/wp\/v2\/types\/product"}],"replies":[{"embeddable":true,"href":"https:\/\/theseedfair.com\/de\/wp-json\/wp\/v2\/comments?post=35991"}],"wp:featuredmedia":[{"embeddable":true,"href":"https:\/\/theseedfair.com\/de\/wp-json\/wp\/v2\/media\/39182"}],"wp:attachment":[{"href":"https:\/\/theseedfair.com\/de\/wp-json\/wp\/v2\/media?parent=35991"}],"wp:term":[{"taxonomy":"product_brand","embeddable":true,"href":"https:\/\/theseedfair.com\/de\/wp-json\/wp\/v2\/product_brand?post=35991"},{"taxonomy":"product_cat","embeddable":true,"href":"https:\/\/theseedfair.com\/de\/wp-json\/wp\/v2\/product_cat?post=35991"},{"taxonomy":"product_tag","embeddable":true,"href":"https:\/\/theseedfair.com\/de\/wp-json\/wp\/v2\/product_tag?post=35991"}],"curies":[{"name":"wp","href":"https:\/\/api.w.org\/{rel}","templated":true}]}}