{"id":36032,"date":"2021-02-10T22:15:26","date_gmt":"2021-02-10T22:15:26","guid":{"rendered":"https:\/\/theseedfair.com\/?post_type=product&#038;p=36032"},"modified":"2024-06-19T12:56:46","modified_gmt":"2024-06-19T12:56:46","slug":"bubble-gum","status":"publish","type":"product","link":"https:\/\/theseedfair.com\/de\/product\/regulaere-cannabis-samen\/bubble-gum\/","title":{"rendered":"Bubble Gum Regul\u00e4re Samen"},"content":{"rendered":"<h2>Bubble Gum <span data-sheets-root=\"1\" data-sheets-value=\"{&quot;1&quot;:2,&quot;2&quot;:&quot;Regul\u00e4re Samen&quot;}\" data-sheets-userformat=\"{&quot;2&quot;:513,&quot;3&quot;:{&quot;1&quot;:0},&quot;12&quot;:0}\">Regul\u00e4re Samen<\/span><\/h2>\n<p>Bubble Gum Regul\u00e4re Cannabis Samen ist eine duftende und s\u00fc\u00dfe Cannabissorte, die in Indiana geboren wurde. Im Jahr 1994 gewann sie zwei Auszeichnungen beim Cannabis Cup. Au\u00dferdem erhielt diese erstaunliche Sorte 1995 den zweiten Platz beim High Times Cannabis Cup. Als Indica-dominante Hybridsorte bietet die regul\u00e4re Bubble Gum-Sorte ein entspannendes Erlebnis. Bubble Gum ist zu 75% Sativa und zu 25% Indica. Sie hat eine unbekannte Herkunft; jedoch glauben die meisten Experten, dass sie 1993 durch die Kreuzung einer Indiana Bubble Gum und einer unbekannten Indica-Marihuana-Sorte entstanden ist.<\/p>\n<p>Diese Hybridsorte ist reich an THC und hat einen niedrigen CBD-Gehalt. Sie ist zu 75 Prozent Sativa und zu 25 Prozent sowie einem eigenartigen Bubble Gum-Geschmack, der Erinnerungen an Ihre alten Schultage weckt. Der Anbau macht Spa\u00df mit unserer Bubble Gum-Sorte, da sie dicke Knospen bildet, die von einer Schicht aus Trichomen bedeckt sind.<\/p>\n<h2>Wirkungen der Bubble Gum Regul\u00e4ren Cannabis Samen<\/h2>\n<p>Die regul\u00e4re Bubble Gum-Sorte wird von vielen wegen ihres gl\u00fccklichen, entspannten und euphorischen Gef\u00fchls verehrt. Sie wird auch Ihre Kreativit\u00e4t steigern und Ihnen helfen, kreative Aufgaben mit einer Menge Arbeit zu bew\u00e4ltigen. Gesellschaftlich vermittelt sie ein Gef\u00fchl von ausgelassenem Gespr\u00e4ch.<\/p>\n<p>Bubble Gum Regul\u00e4re Cannabis Samen sind die ideale Sorte, wenn Sie nach einem intensiven High suchen, das nicht \u00fcberw\u00e4ltigend ist. Sie m\u00fcssen sich auch keine Sorgen \u00fcber Couch-Lock oder wiederkehrende Gedanken machen, wenn Sie die regul\u00e4re Bubble Gum-Sorte verwenden.<\/p>\n<p>Ihr spektakul\u00e4rer Name t\u00e4uscht nicht \u00fcber ihren einzigartigen Geschmack hinweg, der \u00fcberwiegend s\u00fc\u00df mit Untert\u00f6nen von Kirschen und Blumen ist. Der Geschmack \u00e4hnelt dem von Kaugummi, das im Sommer frisch und im Winter w\u00e4rmend ist. Erinnern Sie sich noch an den Geschmack des Kaugummis, als Sie Baseballkarten gekauft haben? Nun, diese Erinnerung kommt Ihnen frisch zur\u00fcck, sobald Sie Ihren ersten Zug von diesem erinnerungstr\u00e4chtigen Weed nehmen.<\/p>\n<p>Au\u00dferdem hat das Aroma dieser Sorte einen s\u00fc\u00dfen Geruch, der mit floralen und s\u00fc\u00dfen T\u00f6nen durchzogen ist, mit einem Hauch von etwas erdigeren und modernderen Aromen.<\/p>\n<h2>Wie w\u00e4chst Bubble Gum Regul\u00e4re Cannabis Samen?<\/h2>\n<p>Die regul\u00e4ren Bubble Gum Samen wachsen besonders gut mit der SOG (Sea of Green) Methode. Sie entwickeln sich zu einer Pflanze mit bis zu 21% THC-Gehalt und 0,1% CBD-Gehalt. Sie k\u00f6nnen sie sowohl drinnen als auch drau\u00dfen anbauen; jedoch ist sie anf\u00e4llig f\u00fcr Schimmel und Sch\u00e4den, daher hilft die Anwendung guter Anbautechniken, diese Probleme zu minimieren.<\/p>\n<p>Die Bubble Gum-Ernte gedeiht gut in trockenen, warmen und ariden Klimazonen. Sie reagiert gut, wenn ihr verschiedene Makron\u00e4hrstoffe gegeben werden und ihre Bl\u00fctezeit betr\u00e4gt 8 bis 9 Wochen. Die Ernte im Freien sollte Mitte bis Ende Oktober durchgef\u00fchrt werden, mit einem durchschnittlichen Ertrag von 350 bis 400 Gramm\/m2, der durch die Verwendung der SOG-Methode und CO2-Kanister im Anbau-Setup auf 600g\/m2 gesteigert werden kann.<\/p>\n","protected":false},"excerpt":{"rendered":"<p>Bubble Gum Regul\u00e4re Qualit\u00e4tssamen: AAA-Zweite Qualit\u00e4tsbewertung f\u00fcr Ihre Sammlung<\/p>\n<p>Kostenloser Versand bei Bestellungen \u00fcber $ 99. Versand deutschlandweit und innerhalb Kanadas<\/p>\n<p>Erhalten Sie 4 kostenlose Samen mit Ihrer Bestellung, wenn Sie per Venmo, Zelle oder E-Transfer bezahlen.<\/p>\n","protected":false},"featured_media":37579,"comment_status":"open","ping_status":"closed","template":"","meta":{"_acf_changed":false,"_glsr_average":0,"_glsr_ranking":0,"_glsr_reviews":0},"product_brand":[],"product_cat":[62,68,33,63,21],"product_tag":[],"class_list":{"0":"post-36032","1":"product","2":"type-product","3":"status-publish","4":"has-post-thumbnail","6":"product_cat-cannabis-samen-fuer-anfaenger","7":"product_cat-hoher-thc-gehalt","8":"product_cat-hybride-cannabis-samen","9":"product_cat-regulaere-cannabis-samen","10":"product_cat-cannabis-sativa-samen","12":"first","13":"instock","14":"taxable","15":"shipping-taxable","16":"purchasable","17":"product-type-variable"},"acf":[],"aioseo_notices":[],"_links":{"self":[{"href":"https:\/\/theseedfair.com\/de\/wp-json\/wp\/v2\/product\/36032","targetHints":{"allow":["GET"]}}],"collection":[{"href":"https:\/\/theseedfair.com\/de\/wp-json\/wp\/v2\/product"}],"about":[{"href":"https:\/\/theseedfair.com\/de\/wp-json\/wp\/v2\/types\/product"}],"replies":[{"embeddable":true,"href":"https:\/\/theseedfair.com\/de\/wp-json\/wp\/v2\/comments?post=36032"}],"wp:featuredmedia":[{"embeddable":true,"href":"https:\/\/theseedfair.com\/de\/wp-json\/wp\/v2\/media\/37579"}],"wp:attachment":[{"href":"https:\/\/theseedfair.com\/de\/wp-json\/wp\/v2\/media?parent=36032"}],"wp:term":[{"taxonomy":"product_brand","embeddable":true,"href":"https:\/\/theseedfair.com\/de\/wp-json\/wp\/v2\/product_brand?post=36032"},{"taxonomy":"product_cat","embeddable":true,"href":"https:\/\/theseedfair.com\/de\/wp-json\/wp\/v2\/product_cat?post=36032"},{"taxonomy":"product_tag","embeddable":true,"href":"https:\/\/theseedfair.com\/de\/wp-json\/wp\/v2\/product_tag?post=36032"}],"curies":[{"name":"wp","href":"https:\/\/api.w.org\/{rel}","templated":true}]}}