{"id":36037,"date":"2021-02-10T22:17:49","date_gmt":"2021-02-10T22:17:49","guid":{"rendered":"https:\/\/theseedfair.com\/?post_type=product&#038;p=36037"},"modified":"2024-06-13T07:57:04","modified_gmt":"2024-06-13T07:57:04","slug":"chiquita-banana","status":"publish","type":"product","link":"https:\/\/theseedfair.com\/de\/product\/hoher-thc-gehalt\/chiquita-banana\/","title":{"rendered":"Chiquita Banana Samen"},"content":{"rendered":"<h2>Feminisierten Chiquita Banana Samen Kaufen<\/h2>\n<p>Unsere feminisierten Chiquita Banana Samen sind unter unseren treuen Kunden in unserem Samenbank zu einem aufstrebenden Stern geworden. Obwohl Chiquita Banana Weed schwer zu finden ist, sind unsere Cannabissamen die M\u00fche wert, da sie das Potenzial f\u00fcr einen erstaunlichen THC-Gehalt von 29% haben.<\/p>\n<p>Dieser wunderbare Samen ist eine Hybridsorte mit 60% Sativa und 40% Indica und hat h\u00f6here THC-Werte als die meisten Marihuana-Samen.<\/p>\n<p>Unsere Chiquita Banana Sorte ist eine Kreuzung aus OG Kush x Banana Kush und bringt einen s\u00fc\u00dfen und tropischen fruchtigen Geschmack. Das Ergebnis ist eine Cannabissorte mit einem ausgewogenem Geschmack von reifen Bananen und einer langanhaltenden psychoaktiven Erfahrung.<\/p>\n<p>Abgeleitet von der nat\u00fcrlich vorkommenden Banana Strain, genie\u00dft man diese fruchtige Knospe am besten in den sp\u00e4ten Nachmittagsstunden, w\u00e4hrend man sich entspannt. Die OG Kush Effekte setzen direkt vor dem Schlafengehen ein.<\/p>\n<p>Wenn Sie online Samen bei The Seed Fair kaufen, k\u00f6nnen die Versandkosten bei Bestellungen \u00fcber 100 $ kostenlos sein und Sie erhalten kostenlose Samen bei jedem Kauf. Wenn Sie unsere Chiquita Banana Samen kaufen, werden Sie eine gro\u00dfe Ernte genie\u00dfen und eine der st\u00e4rksten Cannabissorten finden, die es gibt.<\/p>\n<h2>Wer Hat Chiquita Banana Samen Erstellt?<\/h2>\n<p>Chiquita Banana Samen kommen direkt aus Kalifornien und wurden von High Times als eine der st\u00e4rksten und potentesten Cannabissorten der Welt gelobt.<\/p>\n<p>Urspr\u00fcnglich gez\u00fcchtet von Breeder Utopia Farms, wurden Chiquita Banana Samen durch die Kreuzung ihrer eigenen Banana Samen mit einem kalifornischen Grundnahrungsmittel, dem legend\u00e4ren OG Kush, angebaut. Utopia Farms nannte die Sorte zun\u00e4chst Banana OG, \u00e4nderte den Namen jedoch kurz darauf.<\/p>\n<p>Sie bauten es drinnen im Boden an, fanden aber auch, dass es dank der Sativa-Merkmale dieser Sorte auch im Freien gut ansprechbar war. Es hat eine hohe Schimmelresistenz und niedrige Anbauschwierigkeiten, was es perfekt f\u00fcr Anf\u00e4nger macht.<\/p>\n<p>Wir f\u00fchren unsere eigene Pheno von Chiquita Banana Samen, die unglaublich potent und fruchtig sind.<\/p>\n<h2>Effekte von Chiquita Banana Marihuana<\/h2>\n<p>Unsere Chiquita Banana Samen entwickeln sich zu starkem Weed. Mit einem hohen THC-Gehalt kann das Erlebnis dieses Weeds selbst erfahrene Cannabiskonsumenten \u00fcberfordern.<\/p>\n<p>Diese Sorte ist der ideale Stimmungsaufheller und bietet energetische Effekte aufgrund ihrer Sativa-dominanten Eigenschaften. Sie werden sich kreativ und inspiriert f\u00fchlen, nachdem Sie die Chiquita Banana Pflanze geraucht haben.<\/p>\n<p>Die OG Kush Genetik wird sich im Laufe der Zeit verst\u00e4rken, also erwarten Sie ein Gef\u00fchl der Sedierung, je mehr Sie rauchen. Diese Sorte ist bekannt f\u00fcr eine Kombination aus Euphorie und entspannten T\u00f6nen mit geistig beschleunigter Kreativit\u00e4t.<\/p>\n<p>Dar\u00fcber hinaus hat es ein ausgepr\u00e4gtes fruchtiges Aroma, begleitet von einem einladenden tropischen Duft und Ankl\u00e4ngen von erdigen T\u00f6nen. Mehrere Benutzer berichten auch von Ankl\u00e4ngen von Zucker, Bl\u00fctenbl\u00e4ttern und Zitrusd\u00fcften, die verlockend und frisch sind. Erwarten Sie, dass es \u00e4hnlich wie reife Bananenschalen riecht, wenn Sie die D\u00fcfte einatmen.<\/p>\n<p>Mit einem vollmundigen Geschmack haben Chiquita Banana Samen einen ausgepr\u00e4gten s\u00fc\u00dfen Geschmack beim ersten Geschmack, erg\u00e4nzt durch Noten von kandierten Fr\u00fcchten und einem Hauch von Erde im Nachgeschmack. Einige Benutzer behaupten einen leichten Geschmack von Bananen, wenn sie ihre gesunden Rauchwolken ausatmen.<\/p>\n<h3>Ist die Chiquita Banana Sorte Psychoaktiv?<\/h3>\n<p>Die Chiquita Banana Sorte ist sowohl psychoaktiv als auch anregend. Der hohe THC-Gehalt trifft zun\u00e4chst auf Ihr Gehirn und Sie werden es in Form von Leichtigkeit sp\u00fcren.<\/p>\n<p>Nach den ersten paar Minuten bringt der Kush den Ganzk\u00f6rper-Rausch. Es ist ein interessantes Gef\u00fchl, gleichzeitig wachsam und entspannt zu sein.<\/p>\n<p>Erwarten Sie, dass die Effekte dieser Sorte lange anhalten. Schlie\u00dflich rauchen Sie einige schwer zu treffende Genetiken.<\/p>\n<h3>Wird Chiquita Banana Sie High Machen?<\/h3>\n<p>Wenn Sie weiterhin die Chiquita Banana Sorte rauchen, werden die Indica-Eigenschaften anfangen hervorzukommen und es wird schlie\u00dflich zu dem sedierten Couch-Lock-Effekt f\u00fchren.<\/p>\n<p>Dies wird als intensive Sorte betrachtet, selbst bei langfristigen Konsumenten mit hohen Toleranzniveaus. Durchbrechen Sie Ihre Toleranzbarriere mit unseren feminisierten Chiquita Banana Samen.<\/p>\n<p>Treten Sie vorsichtig vor dem Konsum dieser Sorte oder Sie werden entweder schlafen oder sich in einer Reggae-Band drau\u00dfen wiederfinden. Au\u00dferdem enth\u00e4lt das Terpenprofil Limonen einschlie\u00dflich Myrcen (Kr\u00e4uter) und Pinen (Kiefer).<\/p>\n<h2>Was sind die Merkmale des Anbaus von Chiquita Banana Samen?<\/h2>\n<p>Feminisierten Chiquita Banana Samen werden schlie\u00dflich THC-reiche Pflanzen mit einem geringen CBD-Gehalt von 0,5%. Diese OG Kush und Banana Sorte ist zu 60 Prozent Sativa und wird gut in gem\u00e4\u00dfigten und mediterranen Klimazonen gedeihen. Chiquita Banana Knospen gl\u00e4nzen mit Trichomen und sind perfekt f\u00fcr den Anf\u00e4nger. Sie k\u00f6nnen auch SOG (Sea of Green) und die Screen of Green,SCROG Anbaumethoden auf diese Samen anwenden.<\/p>\n<p>Die Kultivierung ist einfach mit unseren Chiquita Banana Samen, da sie super einfach zu pflegen und in den meisten nachteiligen Situationen nachsichtig sind. Die Chiquita Banana Sorte hat eine kurze bis durchschnittliche Bl\u00fctezeit (56-70 Tage).<\/p>\n<p>Beim Indoor-Anbau k\u00f6nnen sie bis zu 120 cm hoch werden und 400 Gramm pro Quadratmeter liefern. Neue Knoten und F\u00e4cherbl\u00e4tter werden super schnell wachsen, solange die Anbauer ihnen alles geben, was sie brauchen. Unter optimalen Bedingungen, ob drinnen oder drau\u00dfen, k\u00f6nnen Sie eine der besten riechenden und sch\u00f6nsten Pflanzen der Cannabissamenwelt kultivieren.<\/p>\n<p>Es kann den meisten THC enthalten und einfach zu wachsen aber unsere Chiquita Banana Cannabissorte erfordert auch h\u00e4ufig Beschnitt wenn drinnen angebaut aufgrund ihrer Sativa-Neigungen. Sie werden oft f\u00fcr die Nacht weg sein und zur\u00fcckkommen und feststellen dass die neuen F\u00e4cherbl\u00e4tter mit Warp-Geschwindigkeit gewachsen sind was diese Sorte leicht zu z\u00fcchten macht.<\/p>\n<p>Beim Au\u00dfenanbau kann sie H\u00f6hen zwischen 130-160 cm erreichen und 800-900 Gramm pro Quadratmeter liefern. Allerdings ben\u00f6tigen sie ein hei\u00dfes und nasses Klima, wenn sie im Freien gen\u00e4hrt werden. Diese wunderbare Sorte wird trockenen Klimazonen standhalten aber Sie sollten darauf achten dass sie ausreichend Wasser erh\u00e4lt da dies die Pflanzenh\u00f6he beeinflussen k\u00f6nnte. Beschneidungs- und Trainingstechniken sind immer ein Plus beim Anbau von Chiquita Banana.<\/p>\n<h2>Medizinische Eigenschaften von Chiquita Banana<\/h2>\n<p>Nicht nur wird die Chiquita Banana Sorte Sie in Ihren tiefen inneren Raum versetzen, sondern sie wird auch mit anderen k\u00f6rperlichen und geistigen Leiden helfen. \u00dcber den aromatischen Geruch und die tropischen Empfindungen hinaus haben unsere Kunden auch folgende Effekte dieses Marihuanas ausgedr\u00fcckt.<\/p>\n<ul>\n<li aria-level=\"1\">Eine Reduktion der Depressionssymptome<\/li>\n<li aria-level=\"1\">Euphorische gl\u00fcckliche entspannte Gef\u00fchle<\/li>\n<li aria-level=\"1\">Verringerung von Stress und Angst<\/li>\n<li aria-level=\"1\">Chronische Schmerzpatienten berichteten \u00fcber eine allgemeine Verbesserung des Schmerzmanagements<\/li>\n<\/ul>\n<p>Unsere Chiquita Banana Weed Samen werden h\u00e4ufig f\u00fcr den medizinischen Anbau gekauft dank der supereinfachen Lernkurve. Dies macht es medizinischen Verbrauchern leichter, ihre eigene starke Cannabispflanze anzubauen.<\/p>\n<h2>Welche Negativen Effekte Hat Chiquita Banana Weed?<\/h2>\n<p>Der Konsum der Chiquita Banana Sorte hat einige milde negative Effekte wenn zu viel konsumiert wird. Die h\u00e4ufigsten Nebenwirkungen des Rauchens dieses gro\u00dfartigen Weeds sind:<\/p>\n<ul>\n<li aria-level=\"1\">Trockener Mund<\/li>\n<li aria-level=\"1\">Schl\u00e4frigkeit<\/li>\n<li aria-level=\"1\">Paranoia<\/li>\n<\/ul>\n<p>Wie man wahrscheinlich feststellen kann sind diese Nebenwirkungen unter starken Marihuanasorten \u00fcblich. Diese Effekte treten nicht bei allen auf und sollten kein Hindernis f\u00fcr diese Lieblingssorte mit einem s\u00fc\u00dfen Geschmack darstellen.<\/p>\n<p>Hier sind einige der h\u00e4ufigsten Fragen die wir zu unseren feminisierten Chiquita Banana Samen erhalten. Wir lieben es auch Marihuana zu z\u00fcchten also z\u00f6gern Sie nicht uns zu kontaktieren wenn Sie weitere Fragen zu Chiquita Banana Cannabissamen haben!<\/p>\n<h3 class=\"accordion_title\">FAQ<\/h3><div class=\"accordion\">\n\t<div id=\"accordion-743934975\" class=\"accordion-item\">\n\t\t<a id=\"accordion-743934975-label\" class=\"accordion-title plain\" href=\"#accordion-item-wie-stark-ist-die-chiquita-banana-sorte?\" aria-expanded=\"false\" aria-controls=\"accordion-743934975-content\">\n\t\t\t<button class=\"toggle\" aria-label=\"Umschalten\"><i class=\"icon-angle-down\" aria-hidden=\"true\"><\/i><\/button>\n\t\t\t<span>Wie Stark Ist Die Chiquita Banana Sorte?<\/span>\n\t\t<\/a>\n\t\t<div id=\"accordion-743934975-content\" class=\"accordion-inner\" aria-labelledby=\"accordion-743934975-label\">\n\t\t\t\nChiquita Banana Samen haben einige der h\u00f6chsten THC-Gehalte auf dem Markt. Unser Pheno hat bis zu 29% THC erreicht und ist nicht dazu gedacht Sie den ganzen Tag durchhalten zu lassen.<br \/>\n\t\t<\/div>\n\t<\/div>\n\t\n\t<div id=\"accordion-1136048229\" class=\"accordion-item\">\n\t\t<a id=\"accordion-1136048229-label\" class=\"accordion-title plain\" href=\"#accordion-item-ist-chiquita-banana-eine-sativa-oder-indica-sorte?\" aria-expanded=\"false\" aria-controls=\"accordion-1136048229-content\">\n\t\t\t<button class=\"toggle\" aria-label=\"Umschalten\"><i class=\"icon-angle-down\" aria-hidden=\"true\"><\/i><\/button>\n\t\t\t<span>Ist Chiquita Banana Eine Sativa oder Indica Sorte?<\/span>\n\t\t<\/a>\n\t\t<div id=\"accordion-1136048229-content\" class=\"accordion-inner\" aria-labelledby=\"accordion-1136048229-label\">\n\t\t\t\nUnsere Chiquita Banana Samen sind eine Sativa-dominante Hybride mit einer kurzen bis durchschnittlichen Bl\u00fctephase. Genetisch sind sie zu 60% Sativa und zu 40% Indica. Sie k\u00f6nnen diese Pflanze sowohl drinnen als auch drau\u00dfen anbauen.<br \/>\n\t\t<\/div>\n\t<\/div>\n\t\n\t<div id=\"accordion-2435176949\" class=\"accordion-item\">\n\t\t<a id=\"accordion-2435176949-label\" class=\"accordion-title plain\" href=\"#accordion-item-wie-riecht-chiquita-banana?\" aria-expanded=\"false\" aria-controls=\"accordion-2435176949-content\">\n\t\t\t<button class=\"toggle\" aria-label=\"Umschalten\"><i class=\"icon-angle-down\" aria-hidden=\"true\"><\/i><\/button>\n\t\t\t<span>Wie Riecht Chiquita Banana?<\/span>\n\t\t<\/a>\n\t\t<div id=\"accordion-2435176949-content\" class=\"accordion-inner\" aria-labelledby=\"accordion-2435176949-label\">\n\t\t\t\nDer anf\u00e4ngliche Geruch der Bl\u00fcten \u00e4hnelt einer ge\u00f6ffneten Bananenschale. Es gibt einen s\u00fc\u00dfen Geschmack und ein s\u00fc\u00dfes Aroma in der Luft wenn Sie eine der besten Sorten in der Cannabisindustrie mahlen. Der resultierende Rauch ist voller erdiger T\u00f6ne mit einem Hauch tropischer Banane.<br \/>\n\t\t<\/div>\n\t<\/div>\n\t\n<\/div>\n","protected":false},"excerpt":{"rendered":"<p>Chiquita Banana Samen Qualit\u00e4t: AAAA H\u00f6chste Qualit\u00e4tsbewertung F\u00fcr Ihre Sammlung<\/p>\n<p>Kostenloser Versand bei Bestellungen \u00fcber 99$. Versand USA- und Kanadaweit<\/p>\n<p>Erhalten Sie 4 kostenlose Samen bei Ihrer Bestellung wenn Sie mit Venmo, Zelle, oder E Transfer bezahlen.<\/p>\n","protected":false},"featured_media":100365,"comment_status":"open","ping_status":"closed","template":"","meta":{"_acf_changed":false,"_glsr_average":0,"_glsr_ranking":0,"_glsr_reviews":0},"product_brand":[],"product_cat":[3365,62,68,33,21],"product_tag":[],"class_list":{"0":"post-36037","1":"product","2":"type-product","3":"status-publish","4":"has-post-thumbnail","6":"product_cat-beste-cannabis-samen","7":"product_cat-cannabis-samen-fuer-anfaenger","8":"product_cat-hoher-thc-gehalt","9":"product_cat-hybride-cannabis-samen","10":"product_cat-cannabis-sativa-samen","12":"first","13":"instock","14":"featured","15":"taxable","16":"shipping-taxable","17":"purchasable","18":"product-type-variable"},"acf":[],"aioseo_notices":[],"_links":{"self":[{"href":"https:\/\/theseedfair.com\/de\/wp-json\/wp\/v2\/product\/36037","targetHints":{"allow":["GET"]}}],"collection":[{"href":"https:\/\/theseedfair.com\/de\/wp-json\/wp\/v2\/product"}],"about":[{"href":"https:\/\/theseedfair.com\/de\/wp-json\/wp\/v2\/types\/product"}],"replies":[{"embeddable":true,"href":"https:\/\/theseedfair.com\/de\/wp-json\/wp\/v2\/comments?post=36037"}],"wp:featuredmedia":[{"embeddable":true,"href":"https:\/\/theseedfair.com\/de\/wp-json\/wp\/v2\/media\/100365"}],"wp:attachment":[{"href":"https:\/\/theseedfair.com\/de\/wp-json\/wp\/v2\/media?parent=36037"}],"wp:term":[{"taxonomy":"product_brand","embeddable":true,"href":"https:\/\/theseedfair.com\/de\/wp-json\/wp\/v2\/product_brand?post=36037"},{"taxonomy":"product_cat","embeddable":true,"href":"https:\/\/theseedfair.com\/de\/wp-json\/wp\/v2\/product_cat?post=36037"},{"taxonomy":"product_tag","embeddable":true,"href":"https:\/\/theseedfair.com\/de\/wp-json\/wp\/v2\/product_tag?post=36037"}],"curies":[{"name":"wp","href":"https:\/\/api.w.org\/{rel}","templated":true}]}}