{"id":36048,"date":"2021-02-10T22:25:35","date_gmt":"2021-02-10T22:25:35","guid":{"rendered":"https:\/\/theseedfair.com\/?post_type=product&#038;p=36048"},"modified":"2024-06-19T12:33:21","modified_gmt":"2024-06-19T12:33:21","slug":"big-haze","status":"publish","type":"product","link":"https:\/\/theseedfair.com\/de\/product\/autoflowering-cannabis-samen\/big-haze\/","title":{"rendered":"Big Haze Autoflower Samen"},"content":{"rendered":"<h2>Big Haze Seeds<\/h2>\n<p>Big Haze Seeds sind endlich hier. Autoflowers sind f\u00fcr ihre einfache Kultivierung und schnelles Wachstum bekannt. Sie sind auch ber\u00fchmt f\u00fcr ihre kleine Gr\u00f6\u00dfe; jedoch entwickeln sich die Big Haze Feminized AutoFlower Samen schnell zu gro\u00dfen Pflanzen und bringen beeindruckende Weed-Ertr\u00e4ge. Wenn du auf der Suche nach Bequemlichkeit, hohen Ertr\u00e4gen und schnellem Wachstum bist, dann ist dies die \u00fcberzeugendste Option. Sie ist eine sativadominante Sorte, die aus einer Verr\u00fcckten X und Original Haze Kreuzung hervorgegangen ist. Big Haze Seeds bilden dicke Knospen und gro\u00dfe Mengen Harz, erg\u00e4nzt durch gro\u00dfe, pinienzapfenf\u00f6rmige und dichte Colas.<\/p>\n<p>Diese gro\u00dfe Marihuana-Pflanze hat mehrere cannabidiolreiche Knospen und erbt orangefarbene Stempel von ihrem Vorg\u00e4nger.<\/p>\n<h2>Wirkungen von Autoflower Big Haze Seeds<\/h2>\n<p>Big Haze zeigt einige elterliche Eigenschaften in seinem tropischen und s\u00fc\u00dfen Geschmack. Als eine langsam hochkommende Sorte, musst du etwa 20 Minuten warten, um dieses High zu sp\u00fcren. Aber sobald du es tust, wird es deine Stimmung heben und deinen Geist entspannen.<\/p>\n<p>Die meisten Kunden beschreiben das High dieser Sorte als energiegeladen und inspirierend. Dar\u00fcber hinaus hinterlassen Big Haze Seeds auch einen unvergesslichen Geschmack auf deinem Gaumen.<\/p>\n<p>Big Haze Auto Knospen bieten ein intensives Aroma mit Ankl\u00e4ngen von R\u00e4ucherwerk und Haze mit einem klaren und starken Sativa-Geschmack. Die Sorte verleiht auch s\u00fc\u00dfe und typische weihrauchartige Noten, in die du dich sicher verlieben wirst.<\/p>\n<p>Mit einem hohen THC-Gehalt von 22% sollte Big Haze mit Vorsicht geraucht werden. Ihr CBD-Gehalt von 1,5% erm\u00f6glicht es dir, dich nach einem anstrengenden Tag zu entspannen und ihr aufmunterndes High ist ideal f\u00fcr deine Yoga-Sitzungen zu Hause.<\/p>\n<p>Anf\u00e4nger und Nutzer mit niedriger THC-Toleranz k\u00f6nnen Nebenwirkungen wie Mundtrockenheit und trockene Augen erfahren; sie k\u00f6nnen jedoch viel Wasser trinken, um ihre K\u00f6rperfeuchtigkeit aufrechtzuerhalten.<\/p>\n<h2>Wie w\u00e4chst Autoflower Big Haze Cannabis?<\/h2>\n<p>Feminisierte Auto Big Haze Samen entwickeln sich zu sensationellen Pflanzen mit einem CBD-Gehalt von 1,5% und einem THC-Gehalt von 22%. Original Haze ist der Elternteil dieser Sorte, die zu 70% aus Sativa und 10% aus Indica besteht.<\/p>\n<p>Diese Sorte w\u00e4chst gut in trockenen, tropischen und mediterranen Klimazonen und spricht gut auf SOG (Sea of Green) und SCROG (Screen of Green) Anbaumethoden an.<\/p>\n<p>Jeder, unabh\u00e4ngig von seinem Erfahrungsniveau, kann die autoflowering Big Haze anbauen, da sie eine hohe Pilzresistenz aufweist und nach 77 bis 84 Tagen (8 &#8211; 9 Wochen) zu bl\u00fchen beginnt.<\/p>\n<p>Beim Indoor-Anbau erreicht sie eine H\u00f6he von 60-100cm und bringt 150 Gramm pro Quadratmeter. Beim Outdoor-Anbau w\u00e4chst Big Haze Auto 75-150cm hoch und bringt 150-250 Gramm pro m\u00b2.<\/p>\n","protected":false},"excerpt":{"rendered":"<p>Entdecke den Riesen in deinem Garten mit Big Haze Autoflower! Perfekt f\u00fcr diejenigen, die alles wollen \u00e2\u0080\u0093 einfache Kultivierung, schnelle Bl\u00fctezeit und handliche Gr\u00f6\u00dfe \u00e2\u0080\u0093 dieser sativadominierte Hingucker verspricht eine berauschende 22% THC-Fahrt und eine reiche Ernte. Big Haze, gro\u00dfer Spa\u00df, keine Reue!<\/p>\n","protected":false},"featured_media":37531,"comment_status":"open","ping_status":"closed","template":"","meta":{"_acf_changed":false,"_glsr_average":0,"_glsr_ranking":0,"_glsr_reviews":0},"product_brand":[],"product_cat":[56,62,68,21],"product_tag":[],"class_list":{"0":"post-36048","1":"product","2":"type-product","3":"status-publish","4":"has-post-thumbnail","6":"product_cat-autoflowering-cannabis-samen","7":"product_cat-cannabis-samen-fuer-anfaenger","8":"product_cat-hoher-thc-gehalt","9":"product_cat-cannabis-sativa-samen","11":"first","12":"instock","13":"featured","14":"taxable","15":"shipping-taxable","16":"purchasable","17":"product-type-variable"},"acf":[],"aioseo_notices":[],"_links":{"self":[{"href":"https:\/\/theseedfair.com\/de\/wp-json\/wp\/v2\/product\/36048","targetHints":{"allow":["GET"]}}],"collection":[{"href":"https:\/\/theseedfair.com\/de\/wp-json\/wp\/v2\/product"}],"about":[{"href":"https:\/\/theseedfair.com\/de\/wp-json\/wp\/v2\/types\/product"}],"replies":[{"embeddable":true,"href":"https:\/\/theseedfair.com\/de\/wp-json\/wp\/v2\/comments?post=36048"}],"wp:featuredmedia":[{"embeddable":true,"href":"https:\/\/theseedfair.com\/de\/wp-json\/wp\/v2\/media\/37531"}],"wp:attachment":[{"href":"https:\/\/theseedfair.com\/de\/wp-json\/wp\/v2\/media?parent=36048"}],"wp:term":[{"taxonomy":"product_brand","embeddable":true,"href":"https:\/\/theseedfair.com\/de\/wp-json\/wp\/v2\/product_brand?post=36048"},{"taxonomy":"product_cat","embeddable":true,"href":"https:\/\/theseedfair.com\/de\/wp-json\/wp\/v2\/product_cat?post=36048"},{"taxonomy":"product_tag","embeddable":true,"href":"https:\/\/theseedfair.com\/de\/wp-json\/wp\/v2\/product_tag?post=36048"}],"curies":[{"name":"wp","href":"https:\/\/api.w.org\/{rel}","templated":true}]}}