{"id":39399,"date":"2021-08-26T22:49:28","date_gmt":"2021-08-26T22:49:28","guid":{"rendered":"https:\/\/theseedfair.com\/?post_type=product&#038;p=39399"},"modified":"2024-06-13T07:55:19","modified_gmt":"2024-06-13T07:55:19","slug":"bruce-banner","status":"publish","type":"product","link":"https:\/\/theseedfair.com\/de\/product\/hoher-thc-gehalt\/bruce-banner\/","title":{"rendered":"Bruce Banner Samen"},"content":{"rendered":"<h2>Bruce Banner Samen<\/h2>\n<p>Bruce Banner Feminized Samen sind eine unserer beliebtesten Sorten auf unserer Website.<\/p>\n<p>Die Bruce Banner von The Seed Fair ist eine Hybridsorte, die zu 60 % Sativa und zu 40 % Indica besteht.<\/p>\n<p>Bruce Banner ist seit mehreren Jahren auf dem Markt und auch unter anderen Namen wie Banner und OG Banner bekannt.<\/p>\n<p>Unsere Bruce Banner Samen bieten einen hohen THC-Gehalt von 29 %. Aufgrund der Tatsache, dass dies eine Sativa-dominante Sorte ist, bietet sie unseren Kunden ein euphorisches und erhebendes Gef\u00fchl schon nach wenigen Z\u00fcgen.<\/p>\n<p>Eines der besten Merkmale von Bruce Banner ist das intensive Aroma, das eine gro\u00dfartige Atmosph\u00e4re beim Anbau schafft.<\/p>\n<p>Der Geschmack ist eher ein erdiger Geruch kombiniert mit s\u00fc\u00dfen Noten von Frucht, Beere und nat\u00fcrlich seinem charakteristischen Diesel.<\/p>\n<p>Sobald Sie diese Sorte probieren, finden Ihre Geschmacksknospen einen angenehmen Geschmack, der noch offensichtlicher ist als der fruchtige Duft. Es ist nicht oft der Fall, dass etwas gro\u00dfartig riecht und noch besser schmeckt. The Seed Fair ist ein gro\u00dfer Fan dieser Sorte. Wir bieten dies auch in einer Autoflower-Version an.<\/p>\n<p>Bruce Banner ist ein Cannabis-Preistr\u00e4ger, der im Laufe der Jahre mehrere Auszeichnungen gewonnen hat.<\/p>\n<p>Unsere Bruce Banner Samen stammen aus einer Mischung aus OG Kush und Strawberry Diesel. Diese erstaunliche Pflanze wurde auch nach dem unglaublichen Hulk benannt, da sie f\u00fcr ihre starke THC-Komponente bekannt ist.<\/p>\n<p>Diese Sorte wurde von Dark Horse Genetics gez\u00fcchtet und erzeugt einen kraftvollen Kick, den man nicht vergisst. Sobald diese Sorte produziert wird, f\u00fcllen die smaragdgr\u00fcnen, gro\u00dfen Knospen Ihren Raum mit einer gro\u00dfartigen Kombination aus Beere, Diesel und s\u00fc\u00dfem Duft. Nutzen Sie unsere Bruce Banner Samen zusammen mit unseren kostenlosen Samenangeboten.<\/p>\n<h2>Effekte von Bruce Banner Samen<\/h2>\n<p>Bruce Banner Samen bieten eine gro\u00dfartige Erleichterung bei Angstzust\u00e4nden, chronischem Stress und der Verringerung erheblicher Schmerzen.<\/p>\n<p>F\u00fcr die meisten Kunden wurde beobachtet, dass Bruce Banner Energie erzeugt, um Ihnen durch einen langen Tag zu helfen. Diese Hybridsorte hat kraftvolle Effekte, die schnell und stark einsetzen und gleichzeitig ein sch\u00f6nes Gef\u00fchl der Euphorie verleihen. Ein kreativer Rausch, Bruce Banner Samen hinterlassen einen anhaltenden Effekt im Geist, der Sie l\u00e4nger f\u00fchlen l\u00e4sst, w\u00e4hrend Sie Ihre n\u00e4chste Aufgabe angehen.<\/p>\n<p>Der Appetit wird gesteigert und auch \u00dcbelkeit wird reduziert, was beim Rauchen unserer sehr beliebten Bruce Banner ein zus\u00e4tzlicher Bonus ist.<\/p>\n<p>Neben seinen schmerzlindernden Eigenschaften helfen die Effekte bei schnellerer Erholung, insbesondere bei chronischen Schmerzpatienten. Dar\u00fcber hinaus k\u00f6nnen ADD- und ADHS-Patienten stark von dieser erstaunlichen Sorte profitieren.<\/p>\n<p>Positive Nebenwirkungen umfassen einen st\u00e4rkeren Appetit, was bei vielen anderen Sorten ebenfalls normal ist. Ein trockener Mund und trockene Augen sind weitere Nebenwirkungen, die ebenfalls v\u00f6llig normal sind.<\/p>\n<h2>Wie w\u00e4chst Bruce Banner?<\/h2>\n<p>Unsere Bruce Banner Samen haben gro\u00dfe Ertr\u00e4ge und h\u00f6here Potenz. Tats\u00e4chlich k\u00f6nnen unsere Pflanzen bis zu 900 Gramm reines Bud produzieren, das ist einer der h\u00f6chsten Mengen auf unserer Website. Sowohl indoor als auch outdoor k\u00f6nnen erstaunliche Mengen produzieren.<\/p>\n<p>Der Anbau im Innenbereich ist ideal f\u00fcr diese Pflanze, da Sie das Klima und die Beleuchtung kontrollieren k\u00f6nnen, um gro\u00dfe Knospen zu produzieren. Viele Kunden verwenden die SCROG (Screen of Green) Anbauweise, um die Beleuchtung w\u00e4hrend der Produktion gleichm\u00e4\u00dfiger zu verteilen.<\/p>\n<p>Das Wachstum in der Gr\u00f6\u00dfe kann sich zwischen Innen- und Au\u00dfenbereich unterscheiden. Der Innenbereich kann etwa 4,5 Fu\u00df hoch werden. Andererseits haben einige externe Z\u00fcchter eine H\u00f6he von bis zu 10 Fu\u00df im Au\u00dfenbereich erzielt. Nat\u00fcrlich spielen viele Variablen und Faktoren in diese Ergebnisse hinein.<\/p>\n<p>Die Au\u00dfenz\u00fcchter sollten im Oktober ernten. Die Bl\u00fctezeit betr\u00e4gt etwa 8 bis 9 Wochen.<\/p>\n<p>W\u00e4hrend der Bl\u00fctezeit sind erstaunliche violette Farbt\u00f6ne zu beobachten. Die Knospen entwickeln sich zu sehr gro\u00dfen Nuggets und die Pflanze ist robust und dicht.<\/p>\n<p>Wenn Sie indoor in einem Grow-Zelt anbauen m\u00f6chten, k\u00f6nnen Sie auch eine gute H\u00f6he von etwa 5 Fu\u00df erreichen.<\/p>\n<p>Grow-Zelte finden Wege, ein wenig mehr zu produzieren, und sie werden immer empfohlen. Wenn Sie also eine kraftvolle Pflanze mit guter Gr\u00f6\u00dfe und Produktion suchen, ist diese unglaubliche Hulk-Pflanze genau das Richtige f\u00fcr Sie.<\/p>\n<p>Unsere Bruce Banner Samen sind hier, um zu bleiben und werden immer ein Teil unserer Sammlung sein.<\/p>\n<h2>Geschichte der Bruce Banner Samen<\/h2>\n<p>Bruce Banner ist eine der ikonischsten Sorten auf dem Markt und hat einen Ruf, der so gro\u00df und gr\u00fcn ist wie der Comic-Held der unglaubliche Hulk. Diese sehr kraftvolle Sorte wurde von einem in Los Angeles ans\u00e4ssigen Genetikz\u00fcchter namens Dark Horse Genetics gez\u00fcchtet.<\/p>\n<p>Jason Holck, auch bekannt als OG Iron lung, z\u00fcchtete Bruce Banner, indem er OG Kush mit Strawberry Diesel kombinierte.<\/p>\n<p>Zu Beginn von Bruce Banner gab es zun\u00e4chst 5 Bruce Banner Samen. Bruce Banner #1, #2, #3, #4 und #5. Heute sind nur noch #1, #3 und #5 die beliebtesten. The Seed Fair bietet Bruce Banner #3, das den ersten Platz beim Denver US Cannabis Cup belegte.<\/p>\n<p>Dies wurde auch von High Times Cannabis Cups als potenteste Sorte aller Zeiten bewertet. Es gibt auch andere Z\u00fcchter von Bruce Banner auf dem Markt. Ein weiterer stammt von Delta 9 Labs, das ebenfalls eine gro\u00dfartige Sorte erzeugt.<\/p>\n<p>Diese Bruce Banner Samen haben einen THC-Gehalt von etwa 28 %. Bruce Banner wird neuerdings auch David Banner genannt, aber die Mehrheit liebt es weiterhin, den Namen Bruce Banner zu behalten.<\/p>\n","protected":false},"excerpt":{"rendered":"<p>Wenn Bruce Banner Feminized Samen ein Superheld w\u00e4re, w\u00e4ren sie &#8222;Der unglaubliche Sulk&#8220;, garantiert, den sch\u00fcchternsten Garten in ein monstr\u00f6ses gr\u00fcnes Paradies zu verwandeln! Mit 60 % Sativa f\u00fcr das euphorische Kopfhoch und 40 % Indica, um Ihrem Sofa Gesellschaft zu leisten, packen diese Samen eine 29% THC-Schlagkraft, stark genug, um sogar den Hulk zum Kichern zu bringen.<\/p>\n","protected":false},"featured_media":39406,"comment_status":"open","ping_status":"closed","template":"","meta":{"_acf_changed":false,"_glsr_average":0,"_glsr_ranking":0,"_glsr_reviews":0},"product_brand":[],"product_cat":[3365,62,19,3067,68,33,1610,21,3062],"product_tag":[],"class_list":{"0":"post-39399","1":"product","2":"type-product","3":"status-publish","4":"has-post-thumbnail","6":"product_cat-beste-cannabis-samen","7":"product_cat-cannabis-samen-fuer-anfaenger","8":"product_cat-feminisierte-cannabis-samen","9":"product_cat-ertragreiche-samen","10":"product_cat-hoher-thc-gehalt","11":"product_cat-hybride-cannabis-samen","12":"product_cat-photoperiodische-cannabis-samen","13":"product_cat-cannabis-sativa-samen","14":"product_cat-schnelle-cannabis-sorten","16":"first","17":"instock","18":"taxable","19":"shipping-taxable","20":"purchasable","21":"product-type-variable"},"acf":[],"aioseo_notices":[],"_links":{"self":[{"href":"https:\/\/theseedfair.com\/de\/wp-json\/wp\/v2\/product\/39399","targetHints":{"allow":["GET"]}}],"collection":[{"href":"https:\/\/theseedfair.com\/de\/wp-json\/wp\/v2\/product"}],"about":[{"href":"https:\/\/theseedfair.com\/de\/wp-json\/wp\/v2\/types\/product"}],"replies":[{"embeddable":true,"href":"https:\/\/theseedfair.com\/de\/wp-json\/wp\/v2\/comments?post=39399"}],"wp:featuredmedia":[{"embeddable":true,"href":"https:\/\/theseedfair.com\/de\/wp-json\/wp\/v2\/media\/39406"}],"wp:attachment":[{"href":"https:\/\/theseedfair.com\/de\/wp-json\/wp\/v2\/media?parent=39399"}],"wp:term":[{"taxonomy":"product_brand","embeddable":true,"href":"https:\/\/theseedfair.com\/de\/wp-json\/wp\/v2\/product_brand?post=39399"},{"taxonomy":"product_cat","embeddable":true,"href":"https:\/\/theseedfair.com\/de\/wp-json\/wp\/v2\/product_cat?post=39399"},{"taxonomy":"product_tag","embeddable":true,"href":"https:\/\/theseedfair.com\/de\/wp-json\/wp\/v2\/product_tag?post=39399"}],"curies":[{"name":"wp","href":"https:\/\/api.w.org\/{rel}","templated":true}]}}