{"id":39621,"date":"2021-09-04T14:55:34","date_gmt":"2021-09-04T14:55:34","guid":{"rendered":"https:\/\/theseedfair.com\/?post_type=product&#038;p=39621"},"modified":"2024-06-12T15:59:10","modified_gmt":"2024-06-12T15:59:10","slug":"cherry-pie","status":"publish","type":"product","link":"https:\/\/theseedfair.com\/de\/product\/feminisierte-cannabis-samen\/cherry-pie\/","title":{"rendered":"Cherry Pie Samen"},"content":{"rendered":"<h2>Cherry Pie Samen<\/h2>\n<p>Also, Sie wollen Ihre fruchtig und s\u00fc\u00df, und es soll herb sein? Ja, wir haben, was Sie brauchen. Beginnen Sie Ihren Tag mit diesen charmanten, schmackhaften feminisierten Cannabissamen. Eine ausgezeichnete Sorte f\u00fcr medizinische Marihuana-Patienten, Cherry Pie Feminisierte Cannabissamen bietet eine gute Balance von Indica und Sativa Eigenschaften, was es geeignet f\u00fcr den t\u00e4glichen Gebrauch macht, wenn Sie Dinge erledigen m\u00fcssen. Es wird Sie entspannt und gl\u00fccklich f\u00fchlen lassen, so dass Sie Ihren Tag ohne Angst oder Stress genie\u00dfen k\u00f6nnen. Mit einer vorhersehbaren schnellen Bl\u00fctezeit und einer relativ hohen Ernte werden Sie nicht entt\u00e4uscht sein. Bei der Ernte k\u00f6nnen Sie sich \u00fcber eine sch\u00f6ne Vielfalt an Aromen freuen, von fruchtig bis s\u00fc\u00df und herb. Diese Cannabissorten sind leicht zu kultivieren, egal ob drinnen oder drau\u00dfen!<\/p>\n<p>Cherry Pie Samen sind robuste 80% Indica, w\u00e4hrend die restlichen 20% Sativa sind. Es hat eine starke und solide Struktur, w\u00e4hrend es seine drahtige Ausbreitung beibeh\u00e4lt. Die Knospen sind kompakt, aber voll mit einigen orangefarbenen Stempeln, die Farbe hinzuf\u00fcgen!<\/p>\n<p>Cherry Pie Feminisierte Cannabissamen haben einen THC-Gehalt von 20%, also werden sie Ihnen ein starkes High geben. Dies ist jedoch nicht sofort sp\u00fcrbar, wenn man die Sorte raucht oder verdampft. Es wirkt langsam und nimmt allm\u00e4hlich Wirkung, bis Sie pl\u00f6tzlich die volle Kraft sp\u00fcren. Seien Sie vorsichtig, wie viel Sie verwenden, denn zu viel kann Sie paranoid machen.<\/p>\n<h2>Cherry Pie hat erstaunliche Aromen und Farben<\/h2>\n<p>Diese Sorte ist eine k\u00f6stliche Mischung aus fruchtigen und s\u00fc\u00dfen Geschmacksrichtungen. Der Geschmack wird Ihre Zunge mit einer gewissen Herbheit begr\u00fc\u00dfen, die Sie nach mehr verlangen l\u00e4sst! Sie werden die Mischung aus Zitrus, Kiefer, Beeren und Haschischgeschmack zugleich genie\u00dfen. Seine Dicke kann auch auf Ihrem Gaumen gef\u00fchlt werden, was ihm einen k\u00f6stlichen Abgang verleiht.<\/p>\n<p>Die Aromen von Cherry Pie Samen sind genauso fesselnd wie ihr Geschmack. Mit einem starken und k\u00f6stlichen Bouquet, werden Sie Gew\u00fcrze und Kiefer in der Luft finden, mit einem subtilen Hauch von Kirsche. Es hat ein erdiges und organisches Aroma, das Ihr Zuhause umh\u00fcllen wird, wenn es drinnen angebaut wird!<\/p>\n<h2>Effekte von Cherry Pie feminisierten Cannabissamen<\/h2>\n<p>Die Effekte dieser feminisierten Cannabissamen sind gleichzeitig aufmunternd und beruhigend. M\u00f6glicherweise sp\u00fcren Sie eine gewisse geistige Entspannung, aber je mehr Sie die Sorte genie\u00dfen, desto mehr werden Sie mit einem euphorischen High belohnt, das anregend und motivierend ist. Dies bedeutet nicht, dass es Sie faul macht. Tats\u00e4chlich ist es ein gro\u00dfartiger Stimmungsaufheller und kann sogar bei psychischen St\u00f6rungen helfen.<\/p>\n<p>Unser Cherry Pie Sorte wird Sie sehr gl\u00fccklich machen und Ihre Stimmung heben. Es wird Sie auch entspannt und zufrieden f\u00fchlen lassen, ohne das Schweregef\u00fchl, das oft bei Indica-dominanten Sorten auftritt. Sie k\u00f6nnen es verwenden, um durch den Tag zu kommen, \u00fcbertreiben Sie es jedoch nicht aufgrund seiner St\u00e4rke!<\/p>\n<p>Cherry Pie Sorte ist sehr wirksam bei der Behandlung von allem, was chronisch oder konstant ist. Die THC-Werte in unserer Cherry Pie Sorte machen es zu einer gro\u00dfartigen Sorte f\u00fcr Patienten, die eine ganzheitliche Hilfe ben\u00f6tigen. Es ist gro\u00dfartig zur Linderung von Arthritis-Schmerzen und sogar Menstruationskr\u00e4mpfen!<\/p>\n<p>Unsere Cherry Pie Sorte ist eine der besten Sorten zur Behandlung von Kopfschmerzen. Diese Sorte ist gro\u00dfartig f\u00fcr diejenigen, die Hilfe ben\u00f6tigen, um sich w\u00e4hrend angespannter Momente oder Migr\u00e4neanf\u00e4lle zu entspannen, da sie sofortige beruhigende Effekte bietet.<\/p>\n<p>Cherry Pie Feminisierte Cannabissamen sind vielleicht keine typischen Schlafmittel, aber sie helfen, Sie genug zu entspannen, um den Schlaf zu f\u00f6rdern. Es wird Ihr K\u00f6rper f\u00fchlen sich leichter und entspannter machen, so dass es einfacher w\u00e4re, ein paar Augen zu schlie\u00dfen.<\/p>\n<h2>Wie wachsen Cherry Pie feminisierte Cannabissamen?<\/h2>\n<p>Cherry Pie Feminisierte Cannabissamen werden als m\u00e4\u00dfig wachsend betrachtet. Sie k\u00f6nnen drinnen und drau\u00dfen angebaut werden, aber Sie sollten das Klima in Ihrer Region ber\u00fccksichtigen, wenn Sie entscheiden, welche Option Ihren Bed\u00fcrfnissen am besten entspricht.<\/p>\n<p>Die Bl\u00fctezeit dieser Cannabissamen ist sehr kurz \u00e2\u0080\u0093 nur 55-65 Tage! Sie werden in der Lage sein, ihren Endstadium innerhalb von 8 Wochen zu bezeugen und Ende Oktober drau\u00dfen zu ernten. Es kann sogar dar\u00fcber hinausgehen und Sie k\u00f6nnen immer noch Ihre hochwertigen Knospen erhalten, wenn es richtig gepflegt wird.<\/p>\n<p>Diese feminisierten Cannabissorten sind bekannt f\u00fcr ihre hohe Ertr\u00e4ge. Sie sollten nicht \u00fcberrascht sein, wenn Sie 500 g pro Quadratmeter drinnen oder etwa 400 g drau\u00dfen erhalten. Dies ist au\u00dfergew\u00f6hnlich, da die Pflanze selbst nicht zu gro\u00df wird!<\/p>\n<h2>Geschichte der Cherry Pie Feminisierte Cannabissamen<\/h2>\n<p>Cherry Pie ist eine Kreuzung zwischen Grand Daddy Purple und F1 Durb. Es hat einen sehr s\u00fc\u00dfen Beeren-Geschmack, der schwer zu \u00fcbersehen ist!<\/p>\n","protected":false},"excerpt":{"rendered":"<p>Kirschkuchen Samen: AAAA h\u00f6chste Qualit\u00e4tsbewertung f\u00fcr Ihre Sammlung<\/p>\n<p>Kostenloser Versand bei Bestellungen \u00fcber $99. USA und Kanada weiter Versand.<\/p>\n<p>Erhalten Sie 4 kostenlose Samen mit Ihrer Bestellung, wenn Sie mit Venmo, Zelle oder E Transfer bezahlen.<\/p>\n","protected":false},"featured_media":42461,"comment_status":"open","ping_status":"closed","template":"","meta":{"_acf_changed":false,"_glsr_average":0,"_glsr_ranking":0,"_glsr_reviews":0},"product_brand":[],"product_cat":[62,19,68,30,1161,1610],"product_tag":[],"class_list":{"0":"post-39621","1":"product","2":"type-product","3":"status-publish","4":"has-post-thumbnail","6":"product_cat-cannabis-samen-fuer-anfaenger","7":"product_cat-feminisierte-cannabis-samen","8":"product_cat-hoher-thc-gehalt","9":"product_cat-indica-cannabis-samen","10":"product_cat-neu","11":"product_cat-photoperiodische-cannabis-samen","13":"first","14":"instock","15":"taxable","16":"shipping-taxable","17":"purchasable","18":"product-type-variable"},"acf":[],"aioseo_notices":[],"_links":{"self":[{"href":"https:\/\/theseedfair.com\/de\/wp-json\/wp\/v2\/product\/39621","targetHints":{"allow":["GET"]}}],"collection":[{"href":"https:\/\/theseedfair.com\/de\/wp-json\/wp\/v2\/product"}],"about":[{"href":"https:\/\/theseedfair.com\/de\/wp-json\/wp\/v2\/types\/product"}],"replies":[{"embeddable":true,"href":"https:\/\/theseedfair.com\/de\/wp-json\/wp\/v2\/comments?post=39621"}],"wp:featuredmedia":[{"embeddable":true,"href":"https:\/\/theseedfair.com\/de\/wp-json\/wp\/v2\/media\/42461"}],"wp:attachment":[{"href":"https:\/\/theseedfair.com\/de\/wp-json\/wp\/v2\/media?parent=39621"}],"wp:term":[{"taxonomy":"product_brand","embeddable":true,"href":"https:\/\/theseedfair.com\/de\/wp-json\/wp\/v2\/product_brand?post=39621"},{"taxonomy":"product_cat","embeddable":true,"href":"https:\/\/theseedfair.com\/de\/wp-json\/wp\/v2\/product_cat?post=39621"},{"taxonomy":"product_tag","embeddable":true,"href":"https:\/\/theseedfair.com\/de\/wp-json\/wp\/v2\/product_tag?post=39621"}],"curies":[{"name":"wp","href":"https:\/\/api.w.org\/{rel}","templated":true}]}}