{"id":39623,"date":"2022-05-04T14:58:38","date_gmt":"2022-05-04T14:58:38","guid":{"rendered":"https:\/\/theseedfair.com\/?post_type=product&#038;p=39623"},"modified":"2024-06-12T10:31:16","modified_gmt":"2024-06-12T10:31:16","slug":"chocolope-auto","status":"publish","type":"product","link":"https:\/\/theseedfair.com\/de\/product\/autoflowering-cannabis-samen\/chocolope-auto\/","title":{"rendered":"Chocolope Autoflower Samen"},"content":{"rendered":"<h2>Chocolope Samen<\/h2>\n<p>Auf der Seed Fair sind wir immer auf der Suche nach neuen und interessanten Cannabissorten zum Anbau, also waren wir neugierig, als wir auf Chocolope Auto-Flowering Cannabis Seeds stie\u00dfen. Diese Sorte ist eine Kreuzung aus Chocolate Thai und Cannalope Haze, was ihr ein einzigartiges Geschmacksprofil verleiht, das erdig mit Noten von Kaffee und Schokolade ist. Die Knospen sind gro\u00df und dicht, mit einem hohen THC-Gehalt, der einen starken Rauch erzeugt. Das auto-bl\u00fchende Merkmal ist ebenfalls ansprechend, da es bedeutet, dass die Pflanzen unabh\u00e4ngig vom Lichtzyklus bl\u00fchen. Dies macht Chocolope Auto-Flowering Cannabis Seeds zu einer idealen Wahl f\u00fcr Innenanbauer. Insgesamt sind wir sehr beeindruckt von dieser Sorte und w\u00fcrden sie jedem empfehlen, der etwas Neues anbauen m\u00f6chte.<\/p>\n<p>Es gibt viele Schokoladen-Cannabissorten, aber Chocolope ist leicht eine der am besten schmeckenden. Wenn Sie nach einer Sorte suchen, die genauso gut schmeckt, wie sie aussieht, dann ist Chocolope definitiv einen Versuch wert! Dieses Gras ist perfekt f\u00fcr jeden, der einen s\u00fc\u00dfen und guten Geschmack genie\u00dft, und die Effekte werden Sie gl\u00fccklich machen. Wie der Name schon sagt, hat es einen starken Schokoladengeschmack mit Ankl\u00e4ngen von Kaffee und Erde. Der Duft ist genauso k\u00f6stlich, mit einem s\u00fc\u00dfen Schokoladenaroma, dem schwer zu widerstehen ist! Sie finden das Schokoladen-, Kaffee-, Erdige, Stechende, S\u00fc\u00dfe und Vanillearoma alles in dieser einen k\u00f6stlichen Sorte!<\/p>\n<p>Wenn Sie nach einer sativa-dominanten Sorte suchen, die immer noch einen gewissen Anteil an Indica enth\u00e4lt, dann ist Chocolope definitiv eine \u00dcberlegung wert. Dieses Gras ist perfekt f\u00fcr jeden, der ein zerebrales High m\u00f6chte. Mit seinen 10% Indica und 90% Sativa, werden die Effekte Sie entspannt machen.<\/p>\n<p>Eines der Dinge, die Chocolope so beliebt machen, ist sein hoher <a href=\"https:\/\/en.wikipedia.org\/wiki\/Tetrahydrocannabinol\" rel=\"nofollow\">THC<\/a>-Gehalt. Mit 19% ist diese Sorte eine der st\u00e4rksten. Wenn Sie nach einem starken High suchen, dann ist Chocolope definitiv der richtige Weg. Seien Sie jedoch bereit f\u00fcr einen starken zerebralen Effekt, der manchmal \u00fcberw\u00e4ltigend sein kann.<\/p>\n<h2>Effekte von Chocolope Auto-Flowering Cannabis Seeds<\/h2>\n<p>Chocolope ist keine Sorte f\u00fcr Anf\u00e4nger. Mit seinem hohen THC-Gehalt ist dieses Gras am besten f\u00fcr erfahrene Raucher geeignet. Wenn Sie neu im Rauchen von Gras sind, dann ist es am besten, mit etwas weniger Starkem zu beginnen. Aber wenn Sie nach einem starken High suchen, dann ist Chocolope definitiv der richtige Weg.<\/p>\n<p>Die Effekte von Chocolope sind ziemlich schnell sp\u00fcrbar. Innerhalb weniger Minuten werden Sie einen starken zerebralen Effekt sp\u00fcren, der sich im hinteren Teil Ihres Kopfes beginnt und sich langsam nach unten in Ihren K\u00f6rper bewegt. Das High h\u00e4lt etwa 2 Stunden an, bevor es nachl\u00e4sst. Sie werden einen starken zerebralen Effekt erleben, der perfekt f\u00fcr jeden ist, der Dinge erledigen m\u00f6chte. Aber Sie werden auch ein starkes k\u00f6rperliches High sp\u00fcren, das perfekt zum Entspannen ist. Die Effekte sind ziemlich langanhaltend, sodass Sie gen\u00fcgend Zeit haben, sie zu genie\u00dfen.<\/p>\n<h2>Wie w\u00e4chst Chocolope Auto-Flowering Cannabis Seeds?<\/h2>\n<p>Chocolope ist eine gro\u00dfartige Sorte f\u00fcr neue Anbauer. Mit seinem hohen Sativa-Genetikanteil ist dieses Gras leicht anzubauen und erfordert nicht viel Erfahrung. Die Pflanzen sind auch resistent gegen Sch\u00e4dlinge und Krankheiten, sodass Sie sich keine Sorgen machen m\u00fcssen. Und das Beste ist, dass sie auch bei wenig Pflege einen guten Ertrag an Knospen produzieren.<\/p>\n<p>Dies ist eine mittelgro\u00dfe Pflanze, die bis zu 140 cm hoch werden kann. Chocolope w\u00e4chst am besten drinnen, kann aber auch im Freien angebaut werden. Wenn Sie es drinnen anbauen, m\u00fcssen Sie f\u00fcr eine gute Bel\u00fcftung sorgen. Sie m\u00fcssen auch gen\u00fcgend Platz f\u00fcr das Wachstum der Pflanze bereitstellen. Und wenn Sie es im Freien anbauen, m\u00fcssen sich die Pflanzen vor den Elementen sch\u00fctzen.<\/p>\n<p>Chocolope Auto-Flowering Cannabis Seeds haben lange, sativa-\u00e4hnliche Bl\u00e4tter, die mit Trichomen bedeckt sind. Die Knospen sind ebenfalls lang und haben viele Trichome. Dieses Gras ist leicht anzubauen und erfordert nicht viel Erfahrung. Und das Beste ist, dass sie auch bei wenig Pflege einen guten Ertrag an Knospen produzieren.<\/p>\n<p>Chocolope ist eine feminisierte Sorte, sodass Sie nur weibliche Pflanzen erhalten. Das ist eine gute Nachricht f\u00fcr Anbauer, da Sie sich keine Sorgen um M\u00e4nnchen machen m\u00fcssen. Da es sich um eine auto-bl\u00fchende Sorte handelt, m\u00fcssen Sie sich keine Sorgen um Lichtzyklen machen. Dieses Gras wird unabh\u00e4ngig vom Lichtzyklus automatisch bl\u00fchen.<\/p>\n<p>Wenn Sie nach einer Sorte suchen, die leicht anzubauen ist und nicht lange bis zur Bl\u00fcte braucht, dann ist Chocolope definitiv eine \u00dcberlegung wert. Dieses Gras wird in 9-11 Wochen zur Bl\u00fcte kommen, sodass Sie gen\u00fcgend Zeit haben, die Knospen zu genie\u00dfen.<\/p>\n<p>Chocolope ist eine ertragreiche Sorte. Drinnen k\u00f6nnen Sie bis zu 450 g\/m2 erwarten. Und im Freien k\u00f6nnen Sie bis zu 992g pro Pflanze erwarten. Wenn Sie also nach einer Sorte suchen, die viele Knospen produziert, dann ist Chocolope definitiv eine \u00dcberlegung wert.<\/p>\n<h2>Geschichte von Chocolope Auto-Flowering Cannabis Seeds<\/h2>\n<p>Chocolope Auto-Flowering Cannabis Seeds sind eine Kreuzung zwischen Chocolate Thai und Cannalope Haze. Beide dieser Sorten sind Sativas, sodass Sie eine gute Mischung aus Sativa-Effekten erwarten k\u00f6nnen. Der Chocolate Thai bringt einen s\u00fc\u00dfen Schokoladengeschmack, w\u00e4hrend der Cannalope Haze einen fruchtigen Geschmack mitbringt.<\/p>\n","protected":false},"excerpt":{"rendered":"<p>Chocolope Autoflower ist dein Lieblingskaffeehaus in einem Samen! Schokolade und erdige Noten? Check. Einfaches Wachstum f\u00fcr Anf\u00e4nger? Check. Himmelhohe 19% THC? Check, vielleicht doppelt Check, das ist nichts f\u00fcr Leichtgewichte. Mach dich bereit f\u00fcr einen berauschenden Schlag, der dich kreativ und entspannt hinterl\u00e4sst, alles von einer Pflanze, die praktisch von selbst w\u00e4chst.<\/p>\n","protected":false},"featured_media":55555,"comment_status":"open","ping_status":"closed","template":"","meta":{"_acf_changed":false,"_glsr_average":0,"_glsr_ranking":0,"_glsr_reviews":0},"product_brand":[],"product_cat":[56,3365,62,19,1161,21],"product_tag":[],"class_list":{"0":"post-39623","1":"product","2":"type-product","3":"status-publish","4":"has-post-thumbnail","6":"product_cat-autoflowering-cannabis-samen","7":"product_cat-beste-cannabis-samen","8":"product_cat-cannabis-samen-fuer-anfaenger","9":"product_cat-feminisierte-cannabis-samen","10":"product_cat-neu","11":"product_cat-cannabis-sativa-samen","13":"first","14":"instock","15":"taxable","16":"shipping-taxable","17":"purchasable","18":"product-type-variable"},"acf":[],"aioseo_notices":[],"_links":{"self":[{"href":"https:\/\/theseedfair.com\/de\/wp-json\/wp\/v2\/product\/39623","targetHints":{"allow":["GET"]}}],"collection":[{"href":"https:\/\/theseedfair.com\/de\/wp-json\/wp\/v2\/product"}],"about":[{"href":"https:\/\/theseedfair.com\/de\/wp-json\/wp\/v2\/types\/product"}],"replies":[{"embeddable":true,"href":"https:\/\/theseedfair.com\/de\/wp-json\/wp\/v2\/comments?post=39623"}],"wp:featuredmedia":[{"embeddable":true,"href":"https:\/\/theseedfair.com\/de\/wp-json\/wp\/v2\/media\/55555"}],"wp:attachment":[{"href":"https:\/\/theseedfair.com\/de\/wp-json\/wp\/v2\/media?parent=39623"}],"wp:term":[{"taxonomy":"product_brand","embeddable":true,"href":"https:\/\/theseedfair.com\/de\/wp-json\/wp\/v2\/product_brand?post=39623"},{"taxonomy":"product_cat","embeddable":true,"href":"https:\/\/theseedfair.com\/de\/wp-json\/wp\/v2\/product_cat?post=39623"},{"taxonomy":"product_tag","embeddable":true,"href":"https:\/\/theseedfair.com\/de\/wp-json\/wp\/v2\/product_tag?post=39623"}],"curies":[{"name":"wp","href":"https:\/\/api.w.org\/{rel}","templated":true}]}}