{"id":39637,"date":"2021-09-04T16:54:37","date_gmt":"2021-09-04T16:54:37","guid":{"rendered":"https:\/\/theseedfair.com\/?post_type=product&#038;p=39637"},"modified":"2024-06-12T16:30:26","modified_gmt":"2024-06-12T16:30:26","slug":"fruity-pebbles","status":"publish","type":"product","link":"https:\/\/theseedfair.com\/de\/product\/feminisierte-cannabis-samen\/fruity-pebbles\/","title":{"rendered":"Fruity Pebbles Samen"},"content":{"rendered":"<h2>Profil der feminisierten Fruity Pebbles Samen<\/h2>\n<p>Fruity Pebbles Samen erzeugen photoperiodische Marihuana-Pflanzen, die eine reibungslose Reise vom Samen bis zur Ernte versprechen. Die Samen haben 70% Indica- und 30% Sativa-Genetik, was eine Mischung von Effekten bietet, die sowohl K\u00f6rper als auch Geist ansprechen. Der THC-Gehalt von 20% liefert ein handhabbares und robustes High, perfekt f\u00fcr Enthusiasten, die ein entspannendes Erlebnis ohne \u00fcberw\u00e4ltigende Intensit\u00e4t suchen. Wenn Sie diese Samen drinnen anbauen, k\u00f6nnen Sie reichliche Ertr\u00e4ge von bis zu 600 Gramm pro Pflanze erwarten. Im Freien werden jedoch die gleichen beeindruckenden Ergebnisse von 600 Gramm pro Quadratmeter erzielt.<\/p>\n<p>In nur 8-9 Wochen Bl\u00fctezeit erreichen diese mittelgro\u00dfen Pflanzen eine H\u00f6he von 3-4 Fu\u00df. Der genetische Hintergrund der Fruity Pebbles Samen ist eine Mischung aus Tahoe Alien, Granddaddy Purple und Green Ribbon, was ein Profil mit Beeren-, Zitrus- und w\u00fcrzigen Noten garantiert.<\/p>\n<p>Bereiten Sie sich darauf vor, sich erhoben, beruhigt und in ein entspannendes K\u00f6rper-High geh\u00fcllt zu f\u00fchlen, wobei sich Anzeichen von Schl\u00e4frigkeit und Hunger im Laufe der Zeit einstellen. Die Buds sind bekannt f\u00fcr ihren fruchtigen Geschmack und Geruch \u2013 sie riechen tats\u00e4chlich wie ein Obstsalat mit s\u00fc\u00dfen Ankl\u00e4ngen von reifen Mangos, s\u00fc\u00dfen Erdbeeren und Ananas, die mit cremigen Milchuntert\u00f6nen angenehm in einem klassischen s\u00fc\u00df-w\u00fcrzigen Aroma vermischt sind. Fruity Pebbles Samen bieten nicht nur ein Anbauerlebnis, sondern auch eine sensorische Reise voller k\u00f6stlicher Aromen und entspannender Empfindungen.<\/p>\n<h2>Wirkungen der Fruity Pebbles Sorte<\/h2>\n<p>Die Wirkungen von Fruity Pebbles sind sehr ausgewogen, perfekt in jeder Hinsicht. Es ist erhebend und beruhigend zugleich und hinterl\u00e4sst Sie sowohl k\u00f6rperlich als auch geistig zufrieden. Das High h\u00e4lt insgesamt 2 bis 3 Stunden an. Wenn Sie also m\u00f6chten, dass es l\u00e4nger anh\u00e4lt, k\u00f6nnen Sie eine kleinere Menge Weed verwenden und sich Ihren Weg nach oben mikrodosieren. Oder behalten Sie einfach im Hinterkopf, dass dies eine Pflanze von h\u00f6chster Qualit\u00e4t ist und sogar eine halbe Stunde mehr als genug f\u00fcr Ihre t\u00e4gliche Dosis ist.<\/p>\n<p>Die 30% Sativa k\u00f6nnen bei Konsum in gro\u00dfen Mengen oder bei genereller Empfindlichkeit gegen\u00fcber THC ein wenig Angst ausl\u00f6sen. Sie k\u00f6nnen bei moderatem Konsum Linderung von Schmerzen sowie andere Vorteile wie Schl\u00e4frigkeit und Euphorie erwarten. Mit 20% THC k\u00f6nnen Sie sich von jedem Schmerz oder Unwohlsein verabschieden, den Sie jemals erlebt haben oder aktuell f\u00fchlen.<\/p>\n<p>Obwohl die Auswirkungen auf den Appetit je nach Ihrem Stoffwechsel und wie viel Nahrung Sie im Laufe des Tages gegessen haben variieren; diese Blume sollte Ihren Appetit erheblich anregen, wenn sie vor einer Mahlzeit eingenommen wird. Wenn Sie unter Anorexie oder Appetitlosigkeit leiden, dann ist dieser Cannabissamen genau richtig f\u00fcr Sie \u2013 er steigert Ihren Appetit innerhalb von Minuten! Und wenn Ihr Tag mit stressigen Aktivit\u00e4ten gef\u00fcllt ist, dann wird eine Linie von Fruity Pebbles feminisiert Ihnen sofortige Erleichterung verschaffen und Ihre Stimmung sofort heben.<\/p>\n<h2>Wie wachsen Fruity Pebbles Samen?<\/h2>\n<p>Fruity Pebbles Samen sind super einfach zu z\u00fcchten. Sie sind nicht w\u00e4hlerisch, was das Anbaumedium oder die Beh\u00e4ltergr\u00f6\u00dfe angeht, also f\u00fchlen Sie sich frei zu experimentieren. Allerdings kann ihre gro\u00dfe H\u00f6he f\u00fcr Anf\u00e4ngern im Innenbereich eine Herausforderung sein.<\/p>\n<p>Wie bei den meisten Sorten gedeihen die Pflanzen jedoch nicht gut in einer sehr feuchten Umgebung. Wenn der Boden zu feucht ist, neigen die Wurzeln dazu zu verfaulen, und Schimmel kann ein Problem sein, stellen Sie also sicher, dass Sie eine gute Drainage haben. Eine gute Luftzirkulation um die Pflanzen ist ebenfalls notwendig, da eine zu hohe Luftfeuchtigkeit Knospenf\u00e4ule verursachen kann.<\/p>\n<p>Unsere Fruity Pebbles Sorte bl\u00fcht in etwa 55-65 Tagen, w\u00e4hrend Outdoor-Pflanzen Ende September bis Anfang Oktober auf der Nordhalbkugel und April bis Mai auf der S\u00fcdhalbkugel zur Ernte bereit sind. Vergessen Sie nicht, den Lichtzyklus zu verwalten und auf den 12\/12-Zyklus umzuschalten, um die Bl\u00fcte auszul\u00f6sen. Die von dieser Pflanze produzierten Knospen sind hart, voller Harz und haben ein sehr starkes Aroma, das nichts f\u00fcr schwache Nerven ist.<\/p>\n<p>Die aus Fruity Pebbles Samen erzeugten Pflanzen sehen ziemlich beeindruckend aus. Und das ist nur einer der Gr\u00fcnde, warum sie es so wert sind, angebaut zu werden. Einige Z\u00fcchter berichten von Ertr\u00e4gen von bis zu 600 g pro Pflanze, wenn sie im Freien angebaut werden. Aber alle Indoor-Z\u00fcchter k\u00f6nnen etwa 500 g\/m\u00b2 ernten. Immer noch erstaunliche Zahlen f\u00fcr Anf\u00e4nger und pflegeleichte Z\u00fcchter.<\/p>\n<h2>Geschichte der Fruity Pebbles Samen<\/h2>\n<p>Fruity Pebbles, auch bekannt als FPOG oder Fruity Pebbles OG, hat eine reiche Geschichte mit ihren k\u00f6stlichen Aromen und Geschmacksrichtungen. Urspr\u00fcnglich von Alien Genetics als zeitlich begrenztes Angebot eingef\u00fchrt, eroberte diese Sorte schnell die Herzen der 420-Enthusiasten.<\/p>\n<p>Die genetische Abstammung f\u00fchrt zur\u00fcck zu einer sorgf\u00e4ltig zusammengestellten Mischung aus drei legend\u00e4ren Sorten: Tahoe Alien, Granddaddy Purple und Green Ribbon. Trotz ihrer bescheidenen Anf\u00e4nge als limitierte Ver\u00f6ffentlichung hat Fruity Pebbles ihren Ruf als geliebte Sorte zementiert, die f\u00fcr ihr unvergleichliches sensorisches Erlebnis gesch\u00e4tzt wird. Ob Sie sie als FPOG oder Fruity OG kennen, diese Sorte fesselt weiterhin Cannabis-Kenner mit ihrem k\u00f6stlichen Bouquet an Aromen und ihrer F\u00e4higkeit, ein zutiefst befriedigendes High zu bieten.<\/p>\n","protected":false},"excerpt":{"rendered":"<p><span data-sheets-root=\"1\" data-sheets-value=\"{&quot;1&quot;:2,&quot;2&quot;:&quot;Machen Sie sich bereit f\u00fcr ein geschmacksintensives Abenteuer mit Fruity Pebbles Samen! Als Indica-dominante Sorte mit 20% THC bietet Fruity Pebbles ein sanftes High, perfekt zum Entspannen. Genie\u00dfen Sie die erhebenden, beruhigenden und k\u00f6rperlich beruhigenden Wirkungen von Fruity Pebbles, die Sie entspannt, schl\u00e4frig und vielleicht sogar ein wenig hungrig machen. &quot;}\" data-sheets-userformat=\"{&quot;2&quot;:769,&quot;3&quot;:{&quot;1&quot;:0},&quot;11&quot;:4,&quot;12&quot;:0}\">Machen Sie sich bereit f\u00fcr ein geschmacksintensives Abenteuer mit Fruity Pebbles Samen! Als Indica-dominante Sorte mit 20% THC bietet Fruity Pebbles ein sanftes High, perfekt zum Entspannen. Genie\u00dfen Sie die erhebenden, beruhigenden und k\u00f6rperlich beruhigenden Wirkungen von Fruity Pebbles, die Sie entspannt, schl\u00e4frig und vielleicht sogar ein wenig hungrig machen. <\/span><\/p>\n","protected":false},"featured_media":42047,"comment_status":"open","ping_status":"closed","template":"","meta":{"_acf_changed":false,"_glsr_average":0,"_glsr_ranking":0,"_glsr_reviews":0},"product_brand":[],"product_cat":[62,19,68,33,30,1161,1610],"product_tag":[],"class_list":{"0":"post-39637","1":"product","2":"type-product","3":"status-publish","4":"has-post-thumbnail","6":"product_cat-cannabis-samen-fuer-anfaenger","7":"product_cat-feminisierte-cannabis-samen","8":"product_cat-hoher-thc-gehalt","9":"product_cat-hybride-cannabis-samen","10":"product_cat-indica-cannabis-samen","11":"product_cat-neu","12":"product_cat-photoperiodische-cannabis-samen","14":"first","15":"instock","16":"taxable","17":"shipping-taxable","18":"purchasable","19":"product-type-variable"},"acf":[],"aioseo_notices":[],"_links":{"self":[{"href":"https:\/\/theseedfair.com\/de\/wp-json\/wp\/v2\/product\/39637","targetHints":{"allow":["GET"]}}],"collection":[{"href":"https:\/\/theseedfair.com\/de\/wp-json\/wp\/v2\/product"}],"about":[{"href":"https:\/\/theseedfair.com\/de\/wp-json\/wp\/v2\/types\/product"}],"replies":[{"embeddable":true,"href":"https:\/\/theseedfair.com\/de\/wp-json\/wp\/v2\/comments?post=39637"}],"wp:featuredmedia":[{"embeddable":true,"href":"https:\/\/theseedfair.com\/de\/wp-json\/wp\/v2\/media\/42047"}],"wp:attachment":[{"href":"https:\/\/theseedfair.com\/de\/wp-json\/wp\/v2\/media?parent=39637"}],"wp:term":[{"taxonomy":"product_brand","embeddable":true,"href":"https:\/\/theseedfair.com\/de\/wp-json\/wp\/v2\/product_brand?post=39637"},{"taxonomy":"product_cat","embeddable":true,"href":"https:\/\/theseedfair.com\/de\/wp-json\/wp\/v2\/product_cat?post=39637"},{"taxonomy":"product_tag","embeddable":true,"href":"https:\/\/theseedfair.com\/de\/wp-json\/wp\/v2\/product_tag?post=39637"}],"curies":[{"name":"wp","href":"https:\/\/api.w.org\/{rel}","templated":true}]}}