{"id":39725,"date":"2021-09-05T10:53:43","date_gmt":"2021-09-05T10:53:43","guid":{"rendered":"https:\/\/theseedfair.com\/?post_type=product&#038;p=39725"},"modified":"2024-06-12T16:58:34","modified_gmt":"2024-06-12T16:58:34","slug":"panama-red","status":"publish","type":"product","link":"https:\/\/theseedfair.com\/de\/product\/feminisierte-cannabis-samen\/panama-red\/","title":{"rendered":"Panama Red Samen"},"content":{"rendered":"<h2>Panama Red Samen<\/h2>\n<p>Lassen Sie uns Ihnen zeigen, wie Sie mit einem Vintage-Klassiker auf die F\u00fc\u00dfe kommen k\u00f6nnen. Panama Red Samen sind nicht Ihre gew\u00f6hnliche Sorte. Diese stammen aus den guten alten Zeiten, als die Sorte in den 90er Jahren ihren H\u00f6hepunkt erreichte. Cannabis-Kenner liebten es aus vielen Gr\u00fcnden, aber sein mittlerer THC-Gehalt stach hervor. Panama Red Samen sind hier, um zu bleiben, und dieses Mal bringt The Seed Fair die besten Genetiken dieser klassischen Blume. Unsere Panama Red-Sorte wird Ihnen ein erfrischtes, entspanntes und f\u00fcr alles bereites Gef\u00fchl geben.<\/p>\n<p data-pm-slice=\"1 1 []\">M\u00f6chten Sie gerne einen zuf\u00e4lligen Zug nehmen? Welche Sorte ist Ihre Lieblingssorte?<\/p>\n<p>Nun, Sie haben wahrscheinlich schon von Panama Red Gras geh\u00f6rt. Es ist eine dieser Vintage-Sorten, die in den fr\u00fchen 60er Jahren aufkamen, aber immer noch nicht an Popularit\u00e4t verloren haben. Aber warum ist das so?<\/p>\n<p>Diese Art von feminisierten Cannabissamen k\u00f6nnen als &#8222;Old-School-Klassiker&#8220; bezeichnet werden, da es sie schon sehr lange gibt. Ende der 1960er Jahre waren Panama Red Cannabis Samen popul\u00e4r, weil ihre Samen leicht keimen und ausschlie\u00dflich von Sativa-Pflanzen kultiviert wurden.<\/p>\n<p>Diese Panama Red-Sorte wirkt schnell und ist stark, daher reicht eine kleine Menge weit. Da die Effekte gelegentlich psychedelisch sein k\u00f6nnen, w\u00e4re es ideal f\u00fcr Anf\u00e4nger und Personen mit geringer Toleranz, mit niedrigeren Dosierungen zu beginnen.<\/p>\n<p>Diese klassische Sorte soll einen bescheidenen gl\u00fccklichen Rausch hervorrufen, um Gef\u00fchle von Traurigkeit und Angst zu bek\u00e4mpfen. Diese reine Sativa k\u00f6nnte einen stimulierenden Start in den Tag bieten.<\/p>\n<h2>Panama Red Samen<\/h2>\n<p>Die bekannte Premium-Sorte Panama Red Samen ist eine Kreation von Dutch Seeds, die in Panama ihren Ursprung haben. Diese Sorte von feminisierten Cannabissamen ist eine Mischung aus drei panamaischen Sativa-Sorten.<\/p>\n<p>Diese Sorte ist 100% Sativa, was bedeutet, dass sie keine Indica-Gene hat und mehr energetische Effekte mit sich bringt, die mit reinen Sativas verbunden sind. Es hilft Ihnen nicht, unter dem Radar zu bleiben, aber wenn Sie nach einem belebenden Rausch am Nachmittag suchen, k\u00f6nnte dies etwas f\u00fcr Sie sein. Sie haben eine THC-Konzentration von etwa 17-21%. Weniger als 1% des Pflanzenmaterials enth\u00e4lt CBD.<\/p>\n<p>Diese Sorte ist eine hohe, schlanke Pflanze mit langen Stielen. Sie produziert gro\u00dfe, kr\u00e4ftige Knospen und eine F\u00fclle von Bl\u00fcten im Verh\u00e4ltnis zu ihrer Anzahl an Bl\u00e4ttern. Es dauert zwischen 77 und 84 Tagen, bis die Blumen bl\u00fchen.<\/p>\n<p>Diese Cannabissorte ist ideal f\u00fcr alle Anbaustufen von Cannabisanbauern. Es muss in einem warmen Ort mit reichlich Sonnenlicht sein. Die Ertr\u00e4ge im Innenbereich liegen typischerweise zwischen 1,5 und 1,6 Unzen pro Quadratfu\u00df. Outdoor-Ernten k\u00f6nnen jedoch von 17 bis 26 Unzen pro Pflanze reichen.<\/p>\n<h2>Effekte von Panama Red feminisierten Samen<\/h2>\n<p>Normalerweise beginnt das High hinter den Augenlidern und zieht sich durch den Rest des K\u00f6rpers mit einem nicht zu starken Kopfrausch. Es wird berichtet, dass es hilft, Muskeln zu entspannen und den Geist zu beruhigen. Die Effekte von Panama Red Gras k\u00f6nnen f\u00fcr ein paar Stunden anhalten, aber die meisten Menschen sp\u00fcren das High innerhalb von 10 Minuten.<\/p>\n<p>Das Rauschgef\u00fchl ist nicht zu stark und h\u00e4lt eine Weile an, sodass Sie Ihr t\u00e4gliches Leben fortsetzen k\u00f6nnen, ohne sich zu \u00fcberw\u00e4ltigt zu f\u00fchlen. Seine Effekte sind bedeutend f\u00fcr neue und erfahrene Raucher, die sich high f\u00fchlen m\u00f6chten, aber nicht zu high von einer Sativa-dominanten Sorte werden wollen.<\/p>\n<p>Das Einzige, was Panama Red Gras von anderen Landrassen unterscheidet, ist, wie gut es funktioniert. Es wird Ihnen die Energie geben, die Sie brauchen, um den Tag zu \u00fcberstehen, w\u00e4hrend es Sie kreativ und lebensfroh macht.<\/p>\n<p>Es wird berichtet, dass es Ihnen ein gutes Gef\u00fchl gibt und Ihre Stimmung hebt.<\/p>\n<p>Was ist mit Einschlafen? Es ist nicht bekannt, dass die Sorte Menschen m\u00fcde macht. Stattdessen wirkt es als Nahrungserg\u00e4nzungsmittel, das es einfacher macht, t\u00e4gliche Aufgaben zu erledigen und gleichzeitig die Erfahrung angenehmer zu gestalten \u2013 eine gute Wahl f\u00fcr Wake and Bake.<\/p>\n<p>Wenn Sie nur eine Sorte f\u00fcr medizinische oder Freizeit-Zwecke m\u00f6chten, k\u00f6nnten Panama Red Cannabis-Pflanzen eine gute Wahl sein.<\/p>\n<p>Es beseitigt Stress und hilft Ihnen, auf das Wesentliche zu achten, damit Sie Dinge genie\u00dfen k\u00f6nnen, ohne st\u00e4ndig abgelenkt zu werden. Es k\u00f6nnte auch bei ADHS und chronischen Schmerzen helfen.<\/p>\n<p>Das sanfte K\u00f6rper-High von Panama Red k\u00f6nnte bei kleineren Schmerzen und Beschwerden helfen. Sie k\u00f6nnten auch helfen, Essst\u00f6rungen wie Anorexie zu behandeln. Es k\u00f6nnte auch Menschen mit Schmerzen und \u00dcbelkeit helfen.<\/p>\n<h2>Wie wachsen Panama Red Samen?<\/h2>\n<p>Wenn Sie Panama Red Gras anbauen m\u00f6chten, sollten Sie einige Herausforderungen erwarten. Dies ist eine schwierige Pflanze zum Wachsen, die m\u00f6glicherweise nicht ideal f\u00fcr Anf\u00e4nger ist. Aber wenn Sie bereit sind, Hindernisse zu \u00fcberwinden, sind die Belohnungen es wert.<\/p>\n<p>Da die Panama Red Pflanze gro\u00df wird, ben\u00f6tigt sie viel Platz. Au\u00dferdem erfordert sie erhebliche Wartung, also seien Sie bereit, zus\u00e4tzlichen Aufwand zu betreiben.<\/p>\n<p>Die Tatsache, dass Panama Red eine Sativa ist, ist eine der wichtigsten Details, die Sie beim Anbau im Auge behalten sollten. Dies deutet darauf hin, dass Schimmel und Mehltau auf der Pflanze wachsen k\u00f6nnen, wenn Sie die Situation nicht \u00fcberwachen.<\/p>\n<p>Stellen Sie sicher, dass Ihr Anbauraum \u00fcber ausreichende Luftzirkulation und Bel\u00fcftung verf\u00fcgt und verhindern Sie, dass er zu feucht wird.<\/p>\n<p>Die Panama Red Pflanze kann sowohl drinnen als auch drau\u00dfen angebaut werden. F\u00fcr den Indoor-Anbau ist ein Hydrokultursystem erforderlich. Wachstumslichter sollten w\u00e4hrend der Wachstumsphase t\u00e4glich 18 Stunden eingeschaltet sein.<\/p>\n<p>W\u00e4hrend der Bl\u00fctezeit sollten sie t\u00e4glich 12 Stunden an sein. Samen sollten zwischen 70 und 80 Grad Fahrenheit gelagert werden.<\/p>\n<p>Diese Samen gedeihen am besten, wenn es warm ist und wenig oder kein Wind beim Pflanzen im Freien weht. Wenn Sie in einem windigen Gebiet leben und Ihre Pflanzen ziemlich gro\u00df werden, ben\u00f6tigen Sie eine Art St\u00fctzstruktur. Panama Red kann 10 bis 12 Wochen nach dem Pflanzen geerntet werden.<\/p>\n<h2>Genetik<\/h2>\n<p>Panama Red ist eine Mischung aus drei verschiedenen panamaischen Sativa-Sorten. Die Samen sind zu 100 % Sativa und enthalten zwischen 17 und 21 % THC. Weniger als 1 % des Pflanzenmaterials enth\u00e4lt CBD.<\/p>\n<p>Cannabis ist eine hohe, schlanke Pflanze mit langen Stielen. Sie hat dicke, klobige Knospen und eine F\u00fclle von Bl\u00fcten im Verh\u00e4ltnis zu ihrer Anzahl an Bl\u00e4ttern. Es ben\u00f6tigt zwischen 77 und 84 Tagen, um zu bl\u00fchen.<\/p>\n<p>Laut einer genetischen Studie hat Panama einen einzigartigen und seltenen Genotyp mit betr\u00e4chtlicher genetischer Variation. Es ist eine der besten reinen Sativas, um extrem potente, aromatische, harzige und ertragreiche Hybriden zu produzieren. Es bl\u00fcht langsam und gedeiht in Innenr\u00e4umen.<\/p>\n<p>Es muss in einem warmen Ort mit reichlich Sonnenlicht sein. Die Ertr\u00e4ge im Innenbereich liegen typischerweise zwischen 1,5 und 1,6 Unzen pro Quadratfu\u00df. Outdoor-Ernten k\u00f6nnen jedoch von 17 bis 26 Unzen pro Pflanze reichen.<\/p>\n<ul>\n<li>Geschlecht: feminisierte Samen<\/li>\n<li>Ertrag: 500-600g\/m\u00b2 \u2022 750 g\/Pflanze<\/li>\n<li>Genetik: Reine Sativa<\/li>\n<li>Bl\u00fctezeit: 10-12 Wochen<\/li>\n<li>Outdoor-Ernte: Mitte Oktober<\/li>\n<li>geeignet f\u00fcr drinnen und drau\u00dfen<\/li>\n<li>H\u00f6he: 140-200 cm \u2022 160-350 cm<\/li>\n<li>THC: 21%<\/li>\n<li>Aromen\/Geschmacksrichtungen: S\u00fc\u00dfigkeiten, Zitrone<\/li>\n<\/ul>\n<h2>Panama Red Samen-Ph\u00e4notypen<\/h2>\n<p>Panama kombiniert drei gro\u00dfartige panamaische Sativas. Es ist eine der bekanntesten, st\u00e4rksten und produktivsten Sativa-Sorten.<\/p>\n<p>Ein gut entwickelter Hybrid mit au\u00dfergew\u00f6hnlichem Wachstum und Potenz. Es produziert gro\u00dfe, dichte Bl\u00fcten voller Trichome und hat r\u00f6tliche und manchmal lilafarbene Haarstempel, wenn es bl\u00fcht. Diese Merkmale sind typischerweise mit den ber\u00fchmten Panama Red- und Colombia Punto Rojo-Sorten verbunden.<\/p>\n<p>Das \u00d6ffnen eines Glases Panama Red MJ-Blumen verstr\u00f6mt Aromen von Torfmoos, Zitrone und erdigen T\u00f6nen. Sie k\u00f6nnen saure Zitronen, Grapefruit, Kr\u00e4uter und scharfen Ingwer schmecken, wenn Sie sich verw\u00f6hnen lassen.<\/p>\n<h3>Panama Red Samen enthalten drei prim\u00e4re Terpene:<\/h3>\n<p>Myrcen: Das Myrcen in Panama Red Samen verleiht ihnen ein angenehmes, zitrusartiges, krautiges oder blumiges Aroma.<\/p>\n<p>Limonen: Das Limonen in Panama Red Samen verleiht ihnen ein ausgepr\u00e4gtes Zitronen- und Ingweraroma und -geschmack nach der Fermentation.<\/p>\n<p>Caryophyllen: Caryophyllen verleiht ein w\u00fcrziges Aroma und einen w\u00fcrzigen Geschmack. Insgesamt verleiht Caryophyllen Panama Red Marihuana einen erdigen Geschmack.<\/p>\n<h2>Sehr wenig Anbauerfahrung erforderlich<\/h2>\n<p>Da sie wenig oder keine Schulung erfordern, sind sie ideal f\u00fcr Indoor-Grower, die keine Lust oder Zeit f\u00fcr h\u00e4ufige Anpassungen haben. Die Knospen beginnen w\u00e4hrend der achten und neunten Bl\u00fctewoche abzurfallen. Sie sind bis zur dritten Oktoberwoche bereit zur Ernte.<\/p>\n<p>Wenn die Bl\u00fctezeit anbricht, wird Ihr Pflanze schnell wachsen und gro\u00dfe, dunkelgr\u00fcne, f\u00e4cherf\u00f6rmige Bl\u00e4tter mit roten Adern entwickeln (Sonnenlicht).<\/p>\n<p>Die unterschiedlichen Farben auf ihrer Oberfl\u00e4che verleihen ihnen ein fleckiges Aussehen, selbst f\u00fcr kleinere Pflanzen. Die Menge an Harz auf ihrer Oberfl\u00e4che verleiht ihnen ein gl\u00e4nzendes und glattes Aussehen.<\/p>\n<p>Die Bl\u00fcten sind meist in roten oder lila T\u00f6nen. Wenn diese Knospen richtig getrocknet und geh\u00e4rtet sind, werden sie br\u00fcchig und haben den typischen Glanz, der einen sch\u00f6nen, sauberen Energieschub liefert, den jeder genie\u00dft.<\/p>\n<p>Die Panama Red Cannabissorte liefert im Innenbereich durchschnittlich 450 Gramm pro Quadratmeter Anbaufl\u00e4che. Outdoor-Pflanzen k\u00f6nnen bis zu 500 Gramm pro Pflanze erzeugen, wenn sie unter optimalen Bedingungen gepflanzt werden und w\u00e4hrend des hei\u00dfen Sommers viel Sonnenlicht erhalten.<\/p>\n<h2>Medizinisch<\/h2>\n<p>Es wird berichtet, dass Panama Red medizinische Effekte hat, die effektiv Stress bek\u00e4mpfen und sogar die Symptome von Depressionen lindern k\u00f6nnen. Es wird auch behauptet, dass die Sorte Menschen mit ADHS und anderen Stimmungsschwankungen zugute kommen kann.<\/p>\n<p>Dar\u00fcber hinaus kann diese gro\u00dfartige Sativa Patienten helfen, die ersch\u00f6pft sind, indem sie ihnen eine kurze Linderung von Kopfschmerzen und Migr\u00e4ne verschafft.<\/p>\n<h3>Geschmack<\/h3>\n<p>Die Benutzer werden mit einer wunderbaren Kombination von D\u00fcften belohnt, die als krautig und w\u00fcrzig mit einzigartigen Obert\u00f6nen tropischer Fr\u00fcchte beschrieben werden k\u00f6nnen. Sie erinnern meistens an den s\u00fc\u00dfen und w\u00fcrzigen Geschmack von Grapefruit, um ihr angenehmes High zu erg\u00e4nzen.<\/p>\n<h2>Der Duft von Panama Red Gras<\/h2>\n<p>Die s\u00fc\u00dfen und erdigen Aromen von Panama Red sind faszinierend. Der exotische Geruch der Sorte ist durchdringende Erde mit einem Hauch von Grapefruit&#8217;s wundervollem Zitrusduft.<\/p>\n<h2>Geschichte der Panama Red Samen<\/h2>\n<p>In den 1960er und 1970er Jahren war die Panama Red Sorte der letzte Schrei. Aufgrund ihres hohen THC-Gehalts zu dieser Zeit glaubte die Cannabiswelt, es sei das beste Gras.<\/p>\n<p>Der Name dieser klassischen Landrassensorte leitet sich von dem Ort ab, an dem sie gedeiht, und der Farbe der \u00c4ste kurz vor der Bl\u00fcte. Ja, der Name stammt aus dem Produktionsort. Die reine Sativa-Blume ist eine Landrasse, die keine hybriden Eigenschaften aufweist.<\/p>\n<p>Die genetische Zusammensetzung dieser Pflanze ist gut bekannt. Es hat im Laufe der Jahre zahlreiche Auszeichnungen aufgrund seiner \u00fcberragenden Qualit\u00e4t, seines Geschmacks, seiner hohen Standards und seiner Originalit\u00e4t erhalten. Es ist selten, online Samen zu finden wie Panama Red, \u00fcberwiegend Sativa. Diese gro\u00dfartigen MJ-Samen sind eine Chance wert, etwas Neues auszuprobieren.<\/p>\n<p>Jetzt, wo Sie die glorreichen Tage dieser legend\u00e4ren Sorte kennen, ist es Zeit f\u00fcr The Seed Fair, sie wieder zum Leben zu erwecken.<\/p>\n<h3 class=\"accordion_title\">FAQ<\/h3><div class=\"accordion\">\n\t<div id=\"accordion-2141499398\" class=\"accordion-item\">\n\t\t<a id=\"accordion-2141499398-label\" class=\"accordion-title plain\" href=\"#accordion-item-ist-panama-red-eine-landrasse?\" aria-expanded=\"false\" aria-controls=\"accordion-2141499398-content\">\n\t\t\t<button class=\"toggle\" aria-label=\"Umschalten\"><i class=\"icon-angle-down\" aria-hidden=\"true\"><\/i><\/button>\n\t\t\t<span>Ist Panama Red eine Landrasse?<\/span>\n\t\t<\/a>\n\t\t<div id=\"accordion-2141499398-content\" class=\"accordion-inner\" aria-labelledby=\"accordion-2141499398-label\">\n\t\t\t\n<p data-pm-slice=\"1 1 &#091;&#093;\">Panama Red ist eine reine Landrace-Sativa-Sorte. Ihr Name leitet sich von ihrem Herkunftsland ab. Panama Red verursacht ein angenehmes und anregendes zerebrales High. Es&#8217;s ist eine alte und extrem seltene Sativa.<\/p>\n<p>Panama Red war in den 1960er und 1970er Jahren beliebt, als Hippies es f\u00fcr das beste Marihuana hielten. Es war und bleibt eine der geistver\u00e4ndernden Aktivit\u00e4ten rund um Cannabis. Panama Red ist eine hohe Pflanze mit langen Knoten und robusten Stielen.<\/p>\n<p data-pm-slice=\"1 1 &#091;&#093;\">\t\t<\/div>\n\t<\/div>\n\t\n\t<div id=\"accordion-176479558\" class=\"accordion-item\">\n\t\t<a id=\"accordion-176479558-label\" class=\"accordion-title plain\" href=\"#accordion-item-ist-panama-red-eine-seltene-sorte?\" aria-expanded=\"false\" aria-controls=\"accordion-176479558-content\">\n\t\t\t<button class=\"toggle\" aria-label=\"Umschalten\"><i class=\"icon-angle-down\" aria-hidden=\"true\"><\/i><\/button>\n\t\t\t<span>Ist Panama Red eine seltene Sorte?<\/span>\n\t\t<\/a>\n\t\t<div id=\"accordion-176479558-content\" class=\"accordion-inner\" aria-labelledby=\"accordion-176479558-label\">\n\t\t\t\n<p data-pm-slice=\"1 1 &#091;&#093;\">Panama Red Gras ist eine alte und extrem seltene Sativa-Sorte. Derzeit bauen weniger Menschen Cannabis an, das sich darauf konzentriert, da seine Gene in gr\u00f6\u00dfere und bessere Sorten eingearbeitet wurden, die mit anderen Sorten gekreuzt wurden, aber es existiert immer noch.<\/p>\n<p>Es existiert weiterhin als eigene Sorte. Es liefert ein ruhiges, mentales High, das Ihnen Energie gibt und Sie gl\u00fccklich macht, sehr soziale Sachen.<\/p>\n<p data-pm-slice=\"1 1 &#091;&#093;\">\t\t<\/div>\n\t<\/div>\n\t\n\t<div id=\"accordion-776831239\" class=\"accordion-item\">\n\t\t<a id=\"accordion-776831239-label\" class=\"accordion-title plain\" href=\"#accordion-item-wie-stark-ist-panama-red-gras?\" aria-expanded=\"false\" aria-controls=\"accordion-776831239-content\">\n\t\t\t<button class=\"toggle\" aria-label=\"Umschalten\"><i class=\"icon-angle-down\" aria-hidden=\"true\"><\/i><\/button>\n\t\t\t<span>Wie stark ist Panama Red Gras?<\/span>\n\t\t<\/a>\n\t\t<div id=\"accordion-776831239-content\" class=\"accordion-inner\" aria-labelledby=\"accordion-776831239-label\">\n\t\t\t\n<p data-pm-slice=\"1 1 &#091;&#093;\">Panama Red Samen enthalten etwa 21 % THC. Es ist bekannt daf\u00fcr, die typische Sativa-Energie zu erzeugen, die Kreativit\u00e4t zu steigern und die Stimmung zu heben, w\u00e4hrend negative Emotionen den K\u00f6rper und Geist verlassen.<\/p>\n<p>Es wird berichtet, dass diese Sorte Magenprobleme lindern und den Appetit steigern kann. Diese feminisierten Cannabissamen sind eine ausgezeichnete Sorte f\u00fcr Anf\u00e4nger und erfahrene Konsumenten.<\/p>\n<p data-pm-slice=\"1 1 &#091;&#093;\">\t\t<\/div>\n\t<\/div>\n\t\n<p data-pm-slice=\"1 1 &#091;&#093;\">\t<div id=\"accordion-1307525177\" class=\"accordion-item\">\n\t\t<a id=\"accordion-1307525177-label\" class=\"accordion-title plain\" href=\"#accordion-item-wie-baue-ich-die-panama-red-sorte-an?\" aria-expanded=\"false\" aria-controls=\"accordion-1307525177-content\">\n\t\t\t<button class=\"toggle\" aria-label=\"Umschalten\"><i class=\"icon-angle-down\" aria-hidden=\"true\"><\/i><\/button>\n\t\t\t<span>Wie baue ich die Panama Red Sorte an?<\/span>\n\t\t<\/a>\n\t\t<div id=\"accordion-1307525177-content\" class=\"accordion-inner\" aria-labelledby=\"accordion-1307525177-label\">\n\t\t\t\n<p data-pm-slice=\"1 1 &#091;&#093;\">Die effektivste Methode f\u00fcr den Indoor-Anbau der Panama Red Sorte besteht darin, sie herunterzubiegen. W\u00e4hrend der Bl\u00fctezeit sind die Pflanzen vollst\u00e4ndig verl\u00e4ngert.<\/p>\n<p>Bis Ende Oktober wird die Panama Red Sorte erntereif sein. Diese Pflanze gedeiht am besten in einer tropischen Region mit reichlich Sonnenlicht, hoher Luftfeuchtigkeit und warmen Temperaturen wie Panama. Die optimalen Anbaubedingungen liegen zwischen 75 und 90 Grad Fahrenheit und 40-55% relativer Luftfeuchtigkeit.<\/p>\n<p>Die Sorte ist ein gieriger Esser. Wenn Sie m\u00f6chten, dass sie schnell und gesund w\u00e4chst, m\u00fcssen Sie ihr in allen Entwicklungsphasen reichlich organische N\u00e4hrstoffe zur Verf\u00fcgung stellen.<\/p>\n<p>Die feminisierten Cannabissamen k\u00f6nnen eine H\u00f6he von 6,5 Fu\u00df erreichen, daher m\u00fcssen Sie h\u00e4ufig hinaufblicken. Die Low-Stress-Screen-of-Green-Technik (ScrOG) kann Indoor-Growern helfen, auch w\u00e4hrend der Bl\u00fctezeit ein gleichm\u00e4\u00dfiges Bl\u00e4tterdach zu erhalten.<\/p>\n<p data-pm-slice=\"1 1 &#091;&#093;\">\t\t<\/div>\n\t<\/div>\n\t\n<\/div>\n","protected":false},"excerpt":{"rendered":"<p>Erh\u00f6hen Sie Ihre Erwartungen mit dieser hoch aufragenden Panama Red Feminisiert. Die s\u00fc\u00dfe S\u00fc\u00dfe von S\u00fc\u00dfigkeiten mit scharfen Zitronennoten, die Sorte ist ein Genuss f\u00fcr Ihre sensorischen Gel\u00fcste. Mit einem gro\u00dfz\u00fcgigen Ertrag und 21% THC, es w\u00e4chst nicht nur hoch &#8211; es zielt darauf ab, hoch zu sein. Fertig in 10-12 Wochen, setzt die Prinzessin mit einer roten Krone die Messlatte, wo der Himmel die Grenze ist.<\/p>\n","protected":false},"featured_media":40822,"comment_status":"open","ping_status":"closed","template":"","meta":{"_acf_changed":false,"_glsr_average":0,"_glsr_ranking":0,"_glsr_reviews":0},"product_brand":[],"product_cat":[62,19,1610,21],"product_tag":[],"class_list":{"0":"post-39725","1":"product","2":"type-product","3":"status-publish","4":"has-post-thumbnail","6":"product_cat-cannabis-samen-fuer-anfaenger","7":"product_cat-feminisierte-cannabis-samen","8":"product_cat-photoperiodische-cannabis-samen","9":"product_cat-cannabis-sativa-samen","11":"first","12":"instock","13":"featured","14":"taxable","15":"shipping-taxable","16":"purchasable","17":"product-type-variable"},"acf":[],"aioseo_notices":[],"_links":{"self":[{"href":"https:\/\/theseedfair.com\/de\/wp-json\/wp\/v2\/product\/39725","targetHints":{"allow":["GET"]}}],"collection":[{"href":"https:\/\/theseedfair.com\/de\/wp-json\/wp\/v2\/product"}],"about":[{"href":"https:\/\/theseedfair.com\/de\/wp-json\/wp\/v2\/types\/product"}],"replies":[{"embeddable":true,"href":"https:\/\/theseedfair.com\/de\/wp-json\/wp\/v2\/comments?post=39725"}],"wp:featuredmedia":[{"embeddable":true,"href":"https:\/\/theseedfair.com\/de\/wp-json\/wp\/v2\/media\/40822"}],"wp:attachment":[{"href":"https:\/\/theseedfair.com\/de\/wp-json\/wp\/v2\/media?parent=39725"}],"wp:term":[{"taxonomy":"product_brand","embeddable":true,"href":"https:\/\/theseedfair.com\/de\/wp-json\/wp\/v2\/product_brand?post=39725"},{"taxonomy":"product_cat","embeddable":true,"href":"https:\/\/theseedfair.com\/de\/wp-json\/wp\/v2\/product_cat?post=39725"},{"taxonomy":"product_tag","embeddable":true,"href":"https:\/\/theseedfair.com\/de\/wp-json\/wp\/v2\/product_tag?post=39725"}],"curies":[{"name":"wp","href":"https:\/\/api.w.org\/{rel}","templated":true}]}}