{"id":39758,"date":"2021-09-05T15:23:30","date_gmt":"2021-09-05T15:23:30","guid":{"rendered":"https:\/\/theseedfair.com\/?post_type=product&#038;p=39758"},"modified":"2024-06-12T15:13:31","modified_gmt":"2024-06-12T15:13:31","slug":"moby-dick","status":"publish","type":"product","link":"https:\/\/theseedfair.com\/de\/product\/cbd-cannabis-samen\/moby-dick\/","title":{"rendered":"Moby Dick CBD Samen"},"content":{"rendered":"<h2>Moby Dick CBD Samen<\/h2>\n<p>mit einem schwer zu findenden cbd-zu-thc-verh\u00e4ltnis sind moby dick cbd-samen nichts weniger als sensationell und unglaublich. diese sorte wird den z\u00fcchter mit durchschnittlichen gartenkenntnissen begeistern und sich auf eine ordentliche ernte freuen lassen. und f\u00fcr medizinische marihuana-patienten, die nach der ultimativen cannabinoid-kombination mit dem ultimativem terpen-profil suchen, endet die suche bei den moby dick cbd-samen.<\/p>\n<p>du kennst die geschichte; sativa liefert die energie, w\u00e4hrend indica entspannung bringt. moby dick cbd-sorte hat beides im richtigen verh\u00e4ltnis. die samen genie\u00dfen eine 40% indica- und eine 60% sativa-dominanz. dieses hervorragende verh\u00e4ltnis ist mit einem 5% thc-gehalt und einem durchschnittlichen cbd-gehalt im vergleich zu anderen cbd-medizinischen sorten verbunden.<\/p>\n<p>es besteht kein zweifel, dass moby dick cbd-samen eine k\u00f6stliche sorte mit einem s\u00fc\u00dfen, erdigen aroma sind. diese sorte ist mit einem zitrus- und w\u00fcrzigen geschmack ausgestattet, der deine geschmacksknospen jedes mal kitzeln wird. der geschmack bleibt eine weile auf den lippen, sodass du immer eine party im mund hast. diese beiden kombinierten arbeiten die aromatherapie-sitzungen wie wunder.<\/p>\n<h2>Wirkungen von cbd Moby Dick feminisierten cannabis-samen<\/h2>\n<p>wenn du die meiste zeit gestresst und deprimiert bist und dich fragst, wie du wieder normal werden und das leben genie\u00dfen kannst, haben die moby dick cbd-cannabis-sortense das geheimnis. dies ist die bombe, die deine mentalen zust\u00e4nde in kleine fragmente explodiert und in staub zermahlt, damit sie nie wieder gesp\u00fcrt werden.<\/p>\n<p>die wirkungen dieses zuges helfen dir, deine schmerzen in wenigen minuten zu lindern und zu managen. damit endet es nicht. du wei\u00dft, dass es gut ist, wenn es deine schmerzen und entz\u00fcndungen lange in schach h\u00e4lt.<\/p>\n<p>dieser feminisierte samen wird selbst die erfahrensten medizinischen cannabis-fans von ohr zu ohr grinsen lassen. und wenn du ein anf\u00e4nger bist, ist es die beste wahl, da es genau das ist, was du f\u00fcr den einstieg brauchst. moby dick cbd hat eine sch\u00f6ne balance aus hohen und beruhigenden wirkungen mit einem starken sativa-kick am ende.<\/p>\n<p>der energie-schub von den 60% sativa-dominanten ist der perfekte aufschwung, den du brauchst, wenn dinge nicht voranzukommen scheinen. mit seiner fast ausgeglichenen 40% indica-genetik kannst du erwarten, einzuschlafen, wenn du es gro\u00dfz\u00fcgig verwendest. und wenn du aufwachst, kannst du die richtigen vibes genie\u00dfen und eine bergwanderung oder ein training machen.<\/p>\n<h2>wie wachsen moby dick cbd-samen?<\/h2>\n<p>wenn es um den anbau von moby dick cbd-samen geht, wirst du dich wie ein meister bei den olympischen spielen f\u00fchlen. die moby dick-sorte wird auch bei nicht so guten wachstumsbedingungen kopfverdrehend sein. es ist ein einfacher job, da moby cbd nicht viel aufmerksamkeit oder anbaukenntnisse ben\u00f6tigt.<\/p>\n<p>trotz der tatsache, dass es sich um eine photoperioden-bl\u00fchende sorte handelt, keimen die samen schnell ohne eine ruhepause. sie kommen auch feminisiert, sodass du dir nie sorgen um die best\u00e4ubung deiner sch\u00f6nen damen machen musst.<\/p>\n<p>wo funktionieren sie am besten, drinnen oder drau\u00dfen? moby dick cbd bietet gro\u00dfz\u00fcgige ertr\u00e4ge, unabh\u00e4ngig vom anbauort. also hab keine angst und pflanze sie einfach dort, wo du es f\u00fcr bequem h\u00e4ltst. sie hat eine mittelgro\u00dfe h\u00f6he und struktur, sodass du sie fast \u00fcberall unterbringen kannst. die bl\u00e4tter sind frisch limettenfarben und die knospen haben einen charakteristischen fruchtigen geruch beim bl\u00fchen.<\/p>\n<p>die bl\u00fctezeit betr\u00e4gt etwa 6-7 wochen. sie hat einen durchschnittlichen ertrag von 600 g pro pflanze im innenbereich. und im freien k\u00f6nnen diese cbd moby medizinischen feminisierten cannabis-samen leicht bis zu 800 gramm produzieren, was sie gro\u00dfartig f\u00fcr kleine au\u00dfenanbaufl\u00e4chen macht.<\/p>\n<h2>geschichte der cbd moby dick medizinischen feminisierten cannabis-samen<\/h2>\n<p>die sorte ist eine kreuzung zwischen moby dick und cbd crew f\u00fcr ihre hervorragenden eigenschaften und vorteile. egal welche vorlieben du bez\u00fcglich marihuana hast, die moby dick cbd-sorte wird deine tage am ende heller und deine gesundheit robuster machen.<\/p>\n","protected":false},"excerpt":{"rendered":"<p>cbd moby dick: aaaa-h\u00f6chste qualit\u00e4tsbewertung f\u00fcr deine sammlung<\/p>\n<p>kostenloser versand bei bestellungen \u00fcber 99 usd. versand in die usa und nach kanada.<\/p>\n<p>erhalte 4 kostenlose samen mit deiner bestellung, wenn du mit venmo, zelle oder e-transfer bezahlst.<\/p>\n","protected":false},"featured_media":40676,"comment_status":"open","ping_status":"closed","template":"","meta":{"_acf_changed":false,"_glsr_average":0,"_glsr_ranking":0,"_glsr_reviews":0},"product_brand":[],"product_cat":[3365,62,64,33],"product_tag":[],"class_list":{"0":"post-39758","1":"product","2":"type-product","3":"status-publish","4":"has-post-thumbnail","6":"product_cat-beste-cannabis-samen","7":"product_cat-cannabis-samen-fuer-anfaenger","8":"product_cat-cbd-cannabis-samen","9":"product_cat-hybride-cannabis-samen","11":"first","12":"instock","13":"taxable","14":"shipping-taxable","15":"purchasable","16":"product-type-variable"},"acf":[],"aioseo_notices":[],"_links":{"self":[{"href":"https:\/\/theseedfair.com\/de\/wp-json\/wp\/v2\/product\/39758","targetHints":{"allow":["GET"]}}],"collection":[{"href":"https:\/\/theseedfair.com\/de\/wp-json\/wp\/v2\/product"}],"about":[{"href":"https:\/\/theseedfair.com\/de\/wp-json\/wp\/v2\/types\/product"}],"replies":[{"embeddable":true,"href":"https:\/\/theseedfair.com\/de\/wp-json\/wp\/v2\/comments?post=39758"}],"wp:featuredmedia":[{"embeddable":true,"href":"https:\/\/theseedfair.com\/de\/wp-json\/wp\/v2\/media\/40676"}],"wp:attachment":[{"href":"https:\/\/theseedfair.com\/de\/wp-json\/wp\/v2\/media?parent=39758"}],"wp:term":[{"taxonomy":"product_brand","embeddable":true,"href":"https:\/\/theseedfair.com\/de\/wp-json\/wp\/v2\/product_brand?post=39758"},{"taxonomy":"product_cat","embeddable":true,"href":"https:\/\/theseedfair.com\/de\/wp-json\/wp\/v2\/product_cat?post=39758"},{"taxonomy":"product_tag","embeddable":true,"href":"https:\/\/theseedfair.com\/de\/wp-json\/wp\/v2\/product_tag?post=39758"}],"curies":[{"name":"wp","href":"https:\/\/api.w.org\/{rel}","templated":true}]}}