{"id":39764,"date":"2021-09-05T17:01:01","date_gmt":"2021-09-05T17:01:01","guid":{"rendered":"https:\/\/theseedfair.com\/?post_type=product&#038;p=39764"},"modified":"2024-06-12T09:42:22","modified_gmt":"2024-06-12T09:42:22","slug":"ak-auto","status":"publish","type":"product","link":"https:\/\/theseedfair.com\/de\/product\/autoflowering-cannabis-samen\/ak-auto\/","title":{"rendered":"AK Autoflower Samen"},"content":{"rendered":"<h2>AK autoflower seeds Profil<\/h2>\n<p>AK autoflowering-Samen sind eine ideale Wahl f\u00fcr Anbaueinsteiger mit begrenztem Platz. Ob Anf\u00e4nger oder einfach nur mit einem kleinen Bereich arbeitend, unsere AK-Sorte bietet eine zug\u00e4ngliche Option zum Anbau von Cannabis ohne umfangreiche Anbaukenntnisse. Diese Samen bieten beeindruckende Ertr\u00e4ge und ein starkes Cannabinoidprofil.<\/p>\n<p>Mit einer ausgewogenen Mischung aus 50% Sativa, 40% Indica und 10% Ruderalis produzieren unsere AK autoflowering-Samen robuste Pflanzen, die beeindruckende Ertr\u00e4ge liefern. Erwarten Sie einen starken Stimmungsaufheller mit THC-Werten von bis zu 20%.<\/p>\n<p>In Bezug auf das Aroma bieten AK autoflower feminisierte Samen eine k\u00f6stliche Mischung aus S\u00fc\u00dfe, W\u00fcrze und Erdigkeit. Einige unserer Kunden haben uns begeistertes Feedback \u00fcber das Aroma unserer AK-Sorte gegeben und festgestellt, dass es den erfrischenden Duft von Gras und das belebende Wesen des Fr\u00fchlings hervorruft.<\/p>\n<h2>Welche Effekte kann ich von der AK-Sorte erwarten?<\/h2>\n<p>Wenn Sie jemals dachten, dass alle Sativas Tagessorten sind, dann wird diese Sorte Sie eines Besseren belehren. Wenn Sie nach einem erm\u00fcdenden Tag oder Woche ihre Energieniveaus steigern m\u00f6chten, ist dies definitiv f\u00fcr Sie, da jeder Treffer hohe Sativa-Werte enth\u00e4lt.<\/p>\n<p>AK autoflowering-Samen sind bekannt f\u00fcr ihre schnelle Wirkung, was bedeutet, dass sie den Konsumenten treffen, bevor er es merkt. Die Indica-Vorteile kommen ins Spiel, wenn Nutzer berichten, nach einer hervorragenden AK-inspirierten Sitzung Minuten sp\u00e4ter in tiefen Schlaf zu fallen. Die Effekte halten auch l\u00e4nger an als bei einer durchschnittlichen Sorte, was bedeutet, dass Sie mit einem intensiven Ganzk\u00f6rper-Relaxing und einem klaren, ruhigen Geist aufwachen.<\/p>\n<p>Diese Sorte ist gro\u00dfartig f\u00fcr Schmerzlinderung, Stress- und Angstbew\u00e4ltigung, Reduzierung von Muskelkr\u00e4mpfen, \u00dcbelkeit, Erbrechen, Schlaflosigkeit oder Appetitlosigkeit.<\/p>\n<h2>Wie wachsen AK autoflowering-Samen?<\/h2>\n<p>AK autoflowering-Samen sind eine gro\u00dfartige Wahl f\u00fcr Anf\u00e4nger-G\u00e4rtner. Es ist eine pflegeleichte Sorte, die Sie nicht wegen Ihrer Pflanzen stresst! Sie bietet das Potenzial, gro\u00dfe Mengen an Cannabis mit wenig F\u00e4higkeiten zu produzieren. Die Samen k\u00f6nnen in allen Umgebungen angebaut werden, da sie schimmel- und mehltauresistent sind. Sie eignen sich auch zum Anbau drinnen oder drau\u00dfen. Wenn Sie sich im Garten versuchen m\u00f6chten, ist dies die perfekte Pflanze! Die Knospen sind dicht, wei\u00df und haben ein berauschendes Aroma, das Sie jedes Mal gl\u00fccklich macht, wenn Sie den Anbauraum betreten!<\/p>\n<p>Eine gro\u00dfartige Sache an diesen Samen ist, dass sie keine besonderen Lichtpl\u00e4ne ben\u00f6tigen. Da sie nach nur drei Wochen nach der Keimung automatisch bl\u00fchen und Knospen bilden. Au\u00dferdem bedeuten ihre feminisierten Gene, dass Sie sich keine Sorgen um M\u00e4nnchen machen m\u00fcssen, die Ihre Weibchen best\u00e4uben.<\/p>\n<p>Unsere AK autoflowering-Samen sind vielseitig, da sie von reinen Sativa-Pflanzen gez\u00fcchtet wurden. Das bedeutet, dass sie nicht zu gro\u00df oder schlaksig werden im Vergleich zu anderen Pflanzen. Im Durchschnitt wird diese Sorte bis zu 50 cm gro\u00df, aber manchmal haben Z\u00fcchter H\u00f6hen von bis zu 120 cm berichtet.<\/p>\n<p>AK auto Samen sind geeignet f\u00fcr Menschen, die ihr eigenes Gras diskret anbauen wollen. Aufgrund ihrer geringen H\u00f6he ist es einfach, sie zwischen anderen Pflanzen zu verstecken. Oder unter anderen Pflanzen mit auff\u00e4lligem oder dunklem Laub zu verstecken, was sie perfekt f\u00fcr den Guerillaanbau macht.<\/p>\n<p>AK performt am besten, wenn sie drinnen kultiviert wird, wo es 55 &#8211; 65 Tage dauert, bis die Bl\u00fcten vollst\u00e4ndig gewachsen sind. Die Tatsache, dass diese Sorte so schnell w\u00e4chst, bedeutet, dass Sie sie bei Bedarf zur\u00fcck-zu-zur\u00fcck aus Ihrem Garten ernten k\u00f6nnen! Erfolgreich kultiviert, k\u00f6nnen Au\u00dfenanbauer einen Ertrag von 400 &#8211; 500g pro Pflanze \u00fcber eine verl\u00e4ngerte Wachstumsperiode (Beginn Anfang Mai und Abschluss im September) erwarten.<\/p>\n<h2>Geschichte der AK autoflowering-Samen<\/h2>\n<p>Unsere AK-Samen wurden durch Kreuzung der klassischen AK-47 mit Ruderalis geschaffen. Dadurch entstand eine autoflowering feminisierte Hybride mit schneller Bl\u00fctezeit und kurzer Reifezeit, die die traditionellen guten AK-Sativa-Effekte und Vorteile beibeh\u00e4lt.<\/p>\n","protected":false},"excerpt":{"rendered":"<p>AK-Samen bieten eine fantastische Mischung aus Indica und Sativa G\u00fcte! Dank ihrer ruderalis-Genetik wachsen diese Pflanzen super schnell und sind resistent gegen Sch\u00e4dlinge und Krankheiten \u00e2\u0080\u0093 perfekt f\u00fcr Outdoor-Anbauabenteuer. Mit 20% THC schlagen AK autoflowering-Samen genauso stark zu wie das ber\u00fchmte Kalashnikova-Gewehr. Genie\u00dfen Sie die energetischen, beruhigenden und aufheiternden Effekte von AK, die Sie gl\u00fccklich und v\u00f6llig entspannt zur\u00fccklassen.<\/p>\n","protected":false},"featured_media":40618,"comment_status":"open","ping_status":"closed","template":"","meta":{"_acf_changed":false,"_glsr_average":0,"_glsr_ranking":0,"_glsr_reviews":0},"product_brand":[],"product_cat":[56,3365,62,33],"product_tag":[],"class_list":{"0":"post-39764","1":"product","2":"type-product","3":"status-publish","4":"has-post-thumbnail","6":"product_cat-autoflowering-cannabis-samen","7":"product_cat-beste-cannabis-samen","8":"product_cat-cannabis-samen-fuer-anfaenger","9":"product_cat-hybride-cannabis-samen","11":"first","12":"instock","13":"taxable","14":"shipping-taxable","15":"purchasable","16":"product-type-variable"},"acf":[],"aioseo_notices":[],"_links":{"self":[{"href":"https:\/\/theseedfair.com\/de\/wp-json\/wp\/v2\/product\/39764","targetHints":{"allow":["GET"]}}],"collection":[{"href":"https:\/\/theseedfair.com\/de\/wp-json\/wp\/v2\/product"}],"about":[{"href":"https:\/\/theseedfair.com\/de\/wp-json\/wp\/v2\/types\/product"}],"replies":[{"embeddable":true,"href":"https:\/\/theseedfair.com\/de\/wp-json\/wp\/v2\/comments?post=39764"}],"wp:featuredmedia":[{"embeddable":true,"href":"https:\/\/theseedfair.com\/de\/wp-json\/wp\/v2\/media\/40618"}],"wp:attachment":[{"href":"https:\/\/theseedfair.com\/de\/wp-json\/wp\/v2\/media?parent=39764"}],"wp:term":[{"taxonomy":"product_brand","embeddable":true,"href":"https:\/\/theseedfair.com\/de\/wp-json\/wp\/v2\/product_brand?post=39764"},{"taxonomy":"product_cat","embeddable":true,"href":"https:\/\/theseedfair.com\/de\/wp-json\/wp\/v2\/product_cat?post=39764"},{"taxonomy":"product_tag","embeddable":true,"href":"https:\/\/theseedfair.com\/de\/wp-json\/wp\/v2\/product_tag?post=39764"}],"curies":[{"name":"wp","href":"https:\/\/api.w.org\/{rel}","templated":true}]}}