{"id":39767,"date":"2021-09-05T17:16:18","date_gmt":"2021-09-05T17:16:18","guid":{"rendered":"https:\/\/theseedfair.com\/?post_type=product&#038;p=39767"},"modified":"2024-06-12T10:11:21","modified_gmt":"2024-06-12T10:11:21","slug":"candy-kush-auto","status":"publish","type":"product","link":"https:\/\/theseedfair.com\/de\/product\/autoflowering-cannabis-samen\/candy-kush-auto\/","title":{"rendered":"Candy Kush Autoflower Samen"},"content":{"rendered":"<h2>Candy Kush Auto Samen<\/h2>\n<p>Unsere Candy Kush Auto Samen ist eine \u00fcberwiegend Indica-Cannabissorte, die f\u00fcr ihr s\u00fc\u00dfes, aber starkes Aroma und ihren Geschmack bekannt ist. Candy Kush Auto-Flowering Feminized Cannabis Samen produzieren einen sehr hohen Ertrag mit potenten Wirkungen von den ersten paar Z\u00fcgen bis hin zur Schlafenszeit. Mit den Candy Kush Strain Feminized Cannabis Samen k\u00f6nnen Sie nichts falsch machen!<\/p>\n<p>Diese s\u00fc\u00df benannte Sorte ist ein Indica-dominanter Hybrid mit 70% Indica, 30% Sativa und 10% Ruderalis. Extrakte k\u00f6nnen ebenso potent wie trockene Bl\u00fcten sein. THC Gehalte wurden mit 18% gemessen.<\/p>\n<p>Machen Sie Ihren Bong bereit f\u00fcr die Candy Kush Auto Flower Samen, wenn es Zeit ist, s\u00fc\u00dfes Weed zu rauchen. Sie haben eine s\u00fc\u00dfe Zahn und genie\u00dfen wirklich die s\u00fc\u00dfen und subtilen Aromen der Candy Sorte. Der Rauch ist w\u00fcrzig und s\u00fc\u00df. Er ist subtil genug, dass der Geschmack nicht \u00fcberw\u00e4ltigend ist, aber er ist definitiv bemerkbar. Es riecht gut und ist auch sehr einfach zu rauchen, \u00e4hnlich wie die meisten Kush-Sorten.<\/p>\n<h2>Wirkungen von Candy Kush Auto-Flowering Feminized Cannabis Samen<\/h2>\n<p>Machen Sie Ihren Bong bereit f\u00fcr die Candy Kush, wenn es Zeit ist, etwas S\u00fc\u00dfes zu rauchen. Sie werden den Genuss beim Rauchen dieser Marihuanablume nach einem langen Arbeitstag wirklich genie\u00dfen, und es ist an der Zeit, Ihre m\u00fcden F\u00fc\u00dfe und Muskeln zu entspannen, die Ihr Gewicht nicht mehr tragen k\u00f6nnen. Es gibt nie einen langweiligen Moment mit dieser s\u00fc\u00dfen Blume. Sie f\u00fchlt sich immer wohl und bietet einige wirklich sch\u00f6ne Highs, die Sie immer dorthin bringen, wo Sie sein m\u00f6chten.<\/p>\n<p>Wer hat gesagt, dass Sie eine Indica-Sorte nicht jederzeit nehmen k\u00f6nnen? Diese Candy Kush gibt Ihnen diese Freiheit. Sie werden das High von dieser Sorte genie\u00dfen, weil es erhebend, aber \u00fcberhaupt nicht \u00fcberw\u00e4ltigend ist. Sie haben immer noch die volle Kontrolle \u00fcber Ihre Handlungen. Machen Sie sich keine Sorgen \u00fcber Sedierung oder Couch-Lock-Effekte, da diese bei dieser Cannabissorte nicht vorhanden sind. Es sei denn, Sie tun etwas Dummes wie es mit einer schweren Indica-Sorte oder etwas anderem zu mischen, das Sedierung verursacht.<\/p>\n<p>Die Wirkungen der Candy Kush Auto-Flowering Feminized Cannabis Samen sind euphorisch und kreativ. Sie werden sowohl einen Kopfeffekt als auch einen K\u00f6rpereffekt von dieser Cannabissorte sp\u00fcren. Aber meistens nur ein charmantes Gef\u00fchl des Chillens ohne Angst oder Paranoia, perfekt zum Abh\u00e4ngen mit Freunden, die ebenfalls rauchen! Im Durchschnitt halten sie zwischen ein und zwei Stunden, was bedeutet, dass Sie viel Zeit haben, um Dinge effizient zu erledigen.<\/p>\n<p>Diese Sorte eignet sich sehr gut zur Behandlung von Angstzust\u00e4nden oder stressbedingter Depression. Diese Sorte ist perfekt zur Linderung von Stress, Depressionen, Schmerzen, Kopfschmerzen, \u00dcbelkeit oder sogar Appetitlosigkeit. Candy Kush Auto-Flowering Feminized Cannabis Samen sind gro\u00dfartig, wenn Sie aktiv sein m\u00fcssen, aber nicht \u00e4ngstlich, gestresst oder anderweitig unangenehm f\u00fchlen wollen.<\/p>\n<h2>Wie wachsen Candy Kush Auto Flower Samen?<\/h2>\n<p>Unsere Candy Kush Auto Flower Samen keimen schnell, weil sie feminisierte Samen sind, die auch bei Reife automatisch bl\u00fchen. Das bedeutet, dass Ihr Cannabisanbau in nur 60 bis 70 Tagen Blumen zu produzieren beginnt! Sie werden Knospen innerhalb weniger Tage nach Ablauf dieses Zeitrahmens ernten.<\/p>\n<p>Candy Kush Auto-Flowering Feminized Cannabis Samen sind f\u00fcr massive Ertr\u00e4ge bekannt, daher seien Sie bereit, eine schmackhafte Schatztruhe von Knospen zu ernten! Sie ben\u00f6tigen eine gute Luftzirkulation, da sich \u00fcberall Knospenstellen bilden. Diese Pflanzen verzweigen sich, daher ist es am besten, sie in einer Sea of Green-Methode zu wachsen. Sie k\u00f6nnen alle kleineren, schw\u00e4cheren Zweige entfernen, w\u00e4hrend Ihre Candy Kush Auto-Flowering Feminized Cannabis Samen noch relativ jung sind. Sobald diese Sorte reift, wird sie eine massive Menge wundersch\u00f6ner, klebriger und kompakter Blumen bilden. Sie werden aussehen, als w\u00e4ren sie mit Schnee bedeckt, weil sie so viel Harz produziert!<\/p>\n<p>Wenn Sie Ihre feminisierten Samen richtig im Innenbereich keimen lassen, erwarten Sie einen Ertrag von 300-400 g\/m2. Im Freien betr\u00e4gt der Ertrag der Sorte bis zu 200-300 Gramm pro Pflanze, was mehr ist, als die meisten Anbauer dieser Sorte bew\u00e4ltigen k\u00f6nnen.<\/p>\n<h2>Geschichte der Candy Kush Auto-Flowering Feminized Cannabis Samen<\/h2>\n<p>Die Abstammung der Candy Kush-Sorte ist faszinierend. Wenn Sie jemand sind, der jedes kleine Detail \u00fcber Ihr Cannabis wissen m\u00f6chte, wurde diese Sorte aus einer Kreuzung zwischen dem ber\u00fchmten Cotton Candy Kush und einem Ruderalis geboren. Candy Kush Strain ist der zweite Zweitplatzierte in der Hybrid-Konzentratekategorie des SoCal Cannabis Cup 2019.<\/p>\n","protected":false},"excerpt":{"rendered":"<p>Tauchen Sie in einen Zuckerrausch ohne Kalorien mit Candy Kush Autoflower! Diese s\u00fc\u00dfe K\u00f6stlichkeit, die in nur 60-70 Tagen bl\u00fcht, bietet einen entspannten THC-Gehalt von 18%, der sicherstellt, dass Ihr High ebenso erhebend wie kichernd ist. Verabschieden Sie sich von Couch-Lock und hallo zur Euphorie mit Ertr\u00e4gen, die Ihre Kumpels neidisch machen.<\/p>\n","protected":false},"featured_media":40612,"comment_status":"open","ping_status":"closed","template":"","meta":{"_acf_changed":false,"_glsr_average":0,"_glsr_ranking":0,"_glsr_reviews":0},"product_brand":[],"product_cat":[56,3365,62,30,1161],"product_tag":[],"class_list":{"0":"post-39767","1":"product","2":"type-product","3":"status-publish","4":"has-post-thumbnail","6":"product_cat-autoflowering-cannabis-samen","7":"product_cat-beste-cannabis-samen","8":"product_cat-cannabis-samen-fuer-anfaenger","9":"product_cat-indica-cannabis-samen","10":"product_cat-neu","12":"first","13":"instock","14":"taxable","15":"shipping-taxable","16":"purchasable","17":"product-type-variable"},"acf":[],"aioseo_notices":[],"_links":{"self":[{"href":"https:\/\/theseedfair.com\/de\/wp-json\/wp\/v2\/product\/39767","targetHints":{"allow":["GET"]}}],"collection":[{"href":"https:\/\/theseedfair.com\/de\/wp-json\/wp\/v2\/product"}],"about":[{"href":"https:\/\/theseedfair.com\/de\/wp-json\/wp\/v2\/types\/product"}],"replies":[{"embeddable":true,"href":"https:\/\/theseedfair.com\/de\/wp-json\/wp\/v2\/comments?post=39767"}],"wp:featuredmedia":[{"embeddable":true,"href":"https:\/\/theseedfair.com\/de\/wp-json\/wp\/v2\/media\/40612"}],"wp:attachment":[{"href":"https:\/\/theseedfair.com\/de\/wp-json\/wp\/v2\/media?parent=39767"}],"wp:term":[{"taxonomy":"product_brand","embeddable":true,"href":"https:\/\/theseedfair.com\/de\/wp-json\/wp\/v2\/product_brand?post=39767"},{"taxonomy":"product_cat","embeddable":true,"href":"https:\/\/theseedfair.com\/de\/wp-json\/wp\/v2\/product_cat?post=39767"},{"taxonomy":"product_tag","embeddable":true,"href":"https:\/\/theseedfair.com\/de\/wp-json\/wp\/v2\/product_tag?post=39767"}],"curies":[{"name":"wp","href":"https:\/\/api.w.org\/{rel}","templated":true}]}}