{"id":39773,"date":"2021-09-05T18:13:55","date_gmt":"2021-09-05T18:13:55","guid":{"rendered":"https:\/\/theseedfair.com\/?post_type=product&#038;p=39773"},"modified":"2024-06-12T10:32:49","modified_gmt":"2024-06-12T10:32:49","slug":"durban-poison-auto","status":"publish","type":"product","link":"https:\/\/theseedfair.com\/de\/product\/autoflowering-cannabis-samen\/durban-poison-auto\/","title":{"rendered":"Durban Poison Autoflower Samen"},"content":{"rendered":"<h2>Durban Poison Autoflower Samen<\/h2>\n<p>Hast du jemals Durban Poison Auto Flower Samen versucht? Dies ist eine der beliebtesten Sorten der Welt f\u00fcr Kiffer. Wenn du etwas Neues ausprobieren m\u00f6chtest, eine Sorte, die leicht zu wachsen ist, schwere Ertr\u00e4ge liefert und einen intensiven Geschmack hat; k\u00f6nnte dies perfekt f\u00fcr dich sein. Durban Poison Autoflowering Feminized Cannabis Samen geben dir alles, was du in einer Pflanze brauchst!<\/p>\n<p>Die Durban Poison Autoflower Pflanze ist nicht nur einfach zu z\u00fcchten, sondern verwandelt sich in ein gewaltiges Biest, das intensiv harzige Knospen produziert, die mit THC-G\u00fcte triefen. Diese Cannabissamen enthalten einen hohen THC-Gehalt (23%) und geben dir ein intensives High. Diese Landrassen-Sorte ist eine reine Sativa-Powerhouse, die mit 90% Genetik dominiert, wobei die 10% von Ruderalis nur beim Anbau sp\u00fcrbar sind.<\/p>\n<p>Der Geschmack ist sehr speziell, mit einem unverkennbaren Duft, den jeder Kenner genie\u00dft, besonders wenn du gerne gute Kr\u00e4uter f\u00fcr das Rauchen in deiner heimischen Bong oder den klassischen Spliff sammelst, der in ein Blatt Papier gerollt ist. Genie\u00dfe die erdigen und kieferartigen Aromen, die diese Pflanze abgibt, extrem lecker mit dem w\u00fcrzigen Geschmack von Pfeffer, der sehr glatt und angenehm im Rachen ist!<\/p>\n<h2>Wirkungen Durban Poison Autoflowering Feminized Cannabis Samen<\/h2>\n<p>Diese Sorte gibt einen ausgezeichneten Entspannungsstein ab, ideal f\u00fcr sp\u00e4te Abende! Das High ist stark, aber nicht \u00fcberw\u00e4ltigend, gibt einen sch\u00f6nen Energieschub, ohne dich flach zu f\u00fchlen zu lassen. Der Stein wirkt langanhaltend und kann sehr intensiv sein, wenn du eine Weile nicht geraucht hast. Diese Sorte ist eine ausgezeichnete Wahl f\u00fcr medizinische Marihuana-Nutzer, die nach Schmerzlinderung oder Linderung von Stress\/Depression suchen. Durban Poison Auto Flower Samen, sobald sie gewachsen sind, haben viele stimmungsaufhellende Eigenschaften. Die Vorstellungskraft l\u00e4uft wild bei dieser Sorte und hilft dir auch, deinen Tag zu energetisieren.<\/p>\n<h2>Wie wachsen Durban Poison Auto Flower Samen?<\/h2>\n<p>Dies ist mit Sicherheit eine der einfachsten Sorten zu z\u00fcchten und sehr geeignet f\u00fcr Anf\u00e4nger, die den Anbau von Cannabissamen ausprobieren m\u00f6chten, oder professionelle Z\u00fcchter, die Ergebnisse zu niedrigen Kosten m\u00f6gen. Durban Poison Auto Flower Pflanzen haben eine hohe Resistenz gegen Krankheiten und Sch\u00e4dlinge.<\/p>\n<p>Durban Poison Auto Flower Samen sind mit ihrer mittleren Statur, explosiven Harzproduktion und massiven Ertragspotenzial gro\u00dfartig zu z\u00fcchten. Diese Sorte ist eine ausgezeichnete Wahl, da sie sowohl drinnen als auch drau\u00dfen gut w\u00e4chst, egal welches Klima du hast. Es ist sogar m\u00f6glich, diese Sorte drinnen ohne Grow-Licht anzubauen, wenn du in einer sonnigen Gegend mit langen dunklen Perioden lebst, die mindestens 12 Stunden pro Tag w\u00e4hrend der Wintermonate dauern.<\/p>\n<p>Die Bl\u00fctezeit ist au\u00dfergew\u00f6hnlich kurz. Perfekt f\u00fcr diejenigen, die schnell Ergebnisse w\u00fcnschen, die in mehrere Ernten im Jahr \u00fcbersetzen. Viele z\u00fcchten diese Sorte, weil sie einen intensiven s\u00fc\u00dfen Geruch abgibt, noch bevor die Bl\u00fcte beginnt. Die Pflanzen werden etwa 1 Meter gro\u00df und die Ertr\u00e4ge sind enorm, um es so zu sagen. Durban Poison Autoflowering Feminized Cannabis Samen produzieren schwere Knospen mit viel Harz, daher ist ihre Beliebtheit in den Amsterdamer Coffeeshops!<\/p>\n<p>Unsere feminisierten Durban Poison Autos leiden nicht unter Hermaphroditismus, sodass du niemals m\u00e4nnliche Merkmale an deiner Pflanze sehen wirst. Dies erm\u00f6glicht es den Z\u00fcchtern, ihre Pflanzen vor der Bl\u00fcte zu bestimmen und f\u00fchrt zu viel h\u00f6heren Ertr\u00e4gen, da, wie es die Regel ist, &#8222;weibliche Pflanzen rauchbare Knospen produzieren als m\u00e4nnliche&#8220;.<\/p>\n<h2>Jede Einrichtung wird f\u00fcr unsere Durban Poison Autoflower Samen ausreichen<\/h2>\n<p>Obwohl Durban Poison Autoflower Feminized Cannabis Samen in nahezu jeder Einrichtung angebaut werden k\u00f6nnen, eignen sie sich am besten, wenn sie drinnen in einer kontrollierten Umgebung angebaut werden. Sie k\u00f6nnen entweder in Erde oder Hydro angebaut werden, aber aufgrund ihrer Gr\u00f6\u00dfe empfehlen wir einen gr\u00f6\u00dferen Topf; 10-Liter-T\u00f6pfe sind ideal. Dies bietet gen\u00fcgend Platz f\u00fcr das Wachstum, und die Wurzelsysteme f\u00fcllen den gesamten Topf schnell aus, sobald die Bl\u00fcte beginnt.<\/p>\n<p>Durban Poison Auto Flower Samen produzieren gute Ertr\u00e4ge von 300g\/m\u00b2 (das sind f\u00fcnf Rei\u00dfverschlusstaschen). Dies geschieht in 55 bis 65 Tagen, wenn sie drinnen wachsen. Wahrscheinlich fr\u00fcher, wenn du sie drau\u00dfen hast, wo die N\u00e4chte l\u00e4nger sind. Ertr\u00e4ge von dieser Sorte k\u00f6nnen so erheblich sein, dass ihnen der Platz ausgeht, um alles unterzubringen. Ein \u00dcberlauf tritt bei einigen Z\u00fcchtern auf, die unglaubliche 400g von einer einzigen Pflanze ernten!<\/p>\n<h2>Geschichte der Durban Poison Autoflowering Feminized Cannabis Samen<\/h2>\n<p>Diese Sorte ist nach der s\u00fcdafrikanischen Stadt benannt, aus der diese neue, stimulierende Sativa stammt. Der Original Durban Poison Autoflower ist eine der beliebtesten Marihuana-Sorten der Welt und geh\u00f6rt zu den besten Landrassensorten aller Zeiten.<\/p>\n","protected":false},"excerpt":{"rendered":"<p>Entdecken Sie die Wunder von Durban Poison Autoflower &#8211; die Freude der Kiffer! Einfach zu z\u00fcchten, verwandelt es sich in ein THC-triefendes Biest, das bis zu 23% Potenz bringt. Mit 90% Sativa Genetik ist es fast eine reine Powerhouse.<\/p>\n","protected":false},"featured_media":40592,"comment_status":"open","ping_status":"closed","template":"","meta":{"_acf_changed":false,"_glsr_average":0,"_glsr_ranking":0,"_glsr_reviews":0},"product_brand":[],"product_cat":[56,62,68,21],"product_tag":[],"class_list":{"0":"post-39773","1":"product","2":"type-product","3":"status-publish","4":"has-post-thumbnail","6":"product_cat-autoflowering-cannabis-samen","7":"product_cat-cannabis-samen-fuer-anfaenger","8":"product_cat-hoher-thc-gehalt","9":"product_cat-cannabis-sativa-samen","11":"first","12":"instock","13":"taxable","14":"shipping-taxable","15":"purchasable","16":"product-type-variable"},"acf":[],"aioseo_notices":[],"_links":{"self":[{"href":"https:\/\/theseedfair.com\/de\/wp-json\/wp\/v2\/product\/39773","targetHints":{"allow":["GET"]}}],"collection":[{"href":"https:\/\/theseedfair.com\/de\/wp-json\/wp\/v2\/product"}],"about":[{"href":"https:\/\/theseedfair.com\/de\/wp-json\/wp\/v2\/types\/product"}],"replies":[{"embeddable":true,"href":"https:\/\/theseedfair.com\/de\/wp-json\/wp\/v2\/comments?post=39773"}],"wp:featuredmedia":[{"embeddable":true,"href":"https:\/\/theseedfair.com\/de\/wp-json\/wp\/v2\/media\/40592"}],"wp:attachment":[{"href":"https:\/\/theseedfair.com\/de\/wp-json\/wp\/v2\/media?parent=39773"}],"wp:term":[{"taxonomy":"product_brand","embeddable":true,"href":"https:\/\/theseedfair.com\/de\/wp-json\/wp\/v2\/product_brand?post=39773"},{"taxonomy":"product_cat","embeddable":true,"href":"https:\/\/theseedfair.com\/de\/wp-json\/wp\/v2\/product_cat?post=39773"},{"taxonomy":"product_tag","embeddable":true,"href":"https:\/\/theseedfair.com\/de\/wp-json\/wp\/v2\/product_tag?post=39773"}],"curies":[{"name":"wp","href":"https:\/\/api.w.org\/{rel}","templated":true}]}}