{"id":39780,"date":"2021-09-05T18:46:27","date_gmt":"2021-09-05T18:46:27","guid":{"rendered":"https:\/\/theseedfair.com\/?post_type=product&#038;p=39780"},"modified":"2024-06-12T11:11:27","modified_gmt":"2024-06-12T11:11:27","slug":"lemon-skunk-auto","status":"publish","type":"product","link":"https:\/\/theseedfair.com\/de\/product\/autoflowering-cannabis-samen\/lemon-skunk-auto\/","title":{"rendered":"Lemon Skunk Autoflower Samen"},"content":{"rendered":"<h2>Zitronen Skunk Samen<\/h2>\n<p>Unsere Lemon Skunk Auto Flower Seeds sind perfekt f\u00fcr den Anbau drinnen oder drau\u00dfen. Die Lemon Skunk Autoflowering Feminisierten Marihuanasamen sind darauf ausgelegt, hohe Ertr\u00e4ge zu erzielen, einfach anzubauen zu sein und einen fruchtigen, skunkigen Geschmack zu haben.<\/p>\n<p>Lemon Skunk Autoflowering Feminisierten Marihuanasamen haben 60% Indica-, 30% Sativa- und 10% Ruderalis-Genetik. Diese Samen wurden durch die Kreuzung zweier mehrfacher Cup-Gewinnersorten entwickelt und haben einen THC-Gehalt von 20% und einen m\u00e4\u00dfigen CBD-Gehalt.<\/p>\n<p>Wenn Sie nach einem w\u00fcrzigen und erfrischenden Geschmack suchen, sind Sie bei dieser Zitrus-Sorte genau richtig. Der Geschmack von Skunk vermischt sich mit der S\u00fc\u00dfe von Zitrusfr\u00fcchten zu einer verlockenden Mischung. Das Aroma erg\u00e4nzt den Geschmack: s\u00fc\u00dfer Zitrus mit einem Hauch von Skunk und Untert\u00f6nen von w\u00fcrzigem Hash.<\/p>\n<h2>Wirkungen von Lemon Skunk Autoflowering Feminisiert<\/h2>\n<p>Die Wirkung ist sehr stark und langanhaltend. Es beginnt mit einem anf\u00e4nglichen Hochgef\u00fchl, das intensiver wird, w\u00e4hrend sich der Rausch aufbaut, obwohl viele Menschen die Wirkungen ziemlich trippy finden. Die Bl\u00fcten der Lemon Skunk Auto Flower Seeds vermitteln ein Gef\u00fchl der Ruhe, ohne das \u00fcbliche \u201eCouch-Lock\u201c-Gef\u00fchl, das bei Indica-Cannabissorten h\u00e4ufig ist. Der Rausch beginnt im Kopf und wandert nach unten, was zu einer Entspannung des gesamten K\u00f6rpers f\u00fchrt.<\/p>\n<p>Beim Meditieren f\u00fchlen sich Benutzer typischerweise gedanklich und k\u00f6rperlich energiegeladen. Sie sind in der Regel gl\u00fccklich, zufrieden und k\u00f6nnen eine Steigerung der Motivation erleben, Aufgaben zu erledigen. Benutzer berichten oft, dass sie sich intellektueller und philosophischer f\u00fchlen; ihre erh\u00f6hte Klarheit der Gedanken macht es ihnen leicht, tief in Introversion oder kreative Unternehmungen abzutauchen.<\/p>\n<p>Die Sorte kann Kichern hervorrufen und Sie sehr gespr\u00e4chig machen. Obwohl sie nicht sedierend ist, ist dies definitiv keine Sorte, die man rauchen sollte, wenn man ernsthafte Dokumente erledigen muss. Sie wird Ihr Gehirn \u00fcberdrehen lassen und zu rasenden Gedanken und Kreativit\u00e4t f\u00fchren, wenn sie gro\u00dfz\u00fcgig verwendet wird.<\/p>\n<p>Diese Sorte ist eine ideale medizinische Marihuanasorte aufgrund ihrer starken psychoaktiven Wirkungen, die bei Schlaflosigkeit, Appetitlosigkeit und \u00dcbelkeit helfen k\u00f6nnen. Sie hilft auch, Muskelkr\u00e4mpfe, Kr\u00e4mpfe und Arthritis zu kontrollieren. Sie kann einem helfen, einen harten Arbeitstag zu meistern, w\u00e4hrend sie ein euphorisches Gef\u00fchl von Kopf bis Fu\u00df vermittelt. Einige Patienten verwenden Lemon Skunk Autoflowering Feminisierten Marihuanasamen sogar, um ihren Stress und ihre Angst zu lindern.<\/p>\n<h2>Wie wachsen Lemon Skunk Autoflowering Feminisierten Samen?<\/h2>\n<p>Lemon Skunk Auto Flower Samen sind perfekt f\u00fcr Anf\u00e4nger, Einsteiger oder erfahrene Cannabisz\u00fcchter. Diese Samen sind einfach anzubauen und k\u00f6nnen aufgrund ihrer autoflowering Genetik, die den Wechsel der Lichtzyklen von Veg zu Bl\u00fcte beim Indoor-Anbau \u00fcberfl\u00fcssig macht, Misshandlungen standhalten.<\/p>\n<p>Die Lemon Skunk Autoflowering Feminisierten Marihuanasamen sind ideal f\u00fcr den Anbau in einem ScrOG-Setup. Wenn Sie planen, im Freien anzubauen, k\u00f6nnen sie eine mittlere H\u00f6he erreichen, aber stellen Sie sicher, dass sie Unterst\u00fctzung haben, da die \u00c4ste dazu neigen, unter dem Gewicht der Knospen zu biegen.<\/p>\n<p>Lemon Skunk Autoflowering Feminisierten Marihuanasamen haben einen s\u00fc\u00dfen Geschmack und einen fruchtigen Geruch sp\u00e4ter in der Bl\u00fctezeit, der als Mischung aus Orange, Zitrone und Grapefruit beschrieben werden kann. Es mag nicht besonders verlockend klingen, aber glauben Sie uns, wenn wir sagen, dass der Geschmack angesichts der schnellen Bl\u00fctezeit unglaublich aromatisch ist.<\/p>\n<p>Diese Sativa-dominierte Hybridsorte wird mit vielen oberen Trieben wachsen, daher ist sie auch perfekt zum Toppen und Super-Cropping. Die Bl\u00fctezeit der Lemon Skunk Autoflowering Feminisierten Marihuanasamen betr\u00e4gt ca. 55 Tage drinnen, und die Ernte im Freien erfolgt im September\/Oktober auf der n\u00f6rdlichen Hemisph\u00e4re und im M\u00e4rz\/April auf der s\u00fcdlichen Hemisph\u00e4re. Dieses feminisierte Cannabissamen w\u00e4chst zu buschigen Pflanzen mit vielen Seitenzweigen heran, die sich w\u00e4hrend der Bl\u00fctezeit mit Knospen f\u00fcllen. Die Ertr\u00e4ge k\u00f6nnen sehr hoch sein, mit bis zu 450 gr\/m2 drinnen und 500 g\/Pflanze drau\u00dfen.<\/p>\n<h2>Geschichte der Lemon Skunk Autoflowering Feminisiert<\/h2>\n<p>Die Sorte wurde durch die Kreuzung von Lemon Skunk mit Low Ryder #2 geschaffen. Dies erkl\u00e4rt, warum es sich um eine autoflowering Sorte mit einem Sativa-dominanten Einfluss handelt. Lowryder #2 hatte die gleiche Idee wie Ruderalis \u2013 die Bl\u00fctezeit von regul\u00e4ren Cannabispflanzen zu verk\u00fcrzen. Diese beiden Sorten wurden gekreuzt und erzeugten eine Reihe neuer autoflowering Hybriden, die viele Stoner-Herzen und -Sessions erobert haben.<\/p>\n","protected":false},"excerpt":{"rendered":"<p>Mit 20% THC packt Lemon Skunk Autoflower einen Schlag, wird Sie aber nicht an die Couch fesseln. Bereiten Sie sich auf ein trippy, energiegeladenes High vor, das sich hervorragend f\u00fcr Kreativit\u00e4t und Kichern eignet, aber m\u00f6glicherweise nicht f\u00fcr das Abarbeiten Ihrer To-do-Liste.<\/p>\n","protected":false},"featured_media":40573,"comment_status":"open","ping_status":"closed","template":"","meta":{"_acf_changed":false,"_glsr_average":0,"_glsr_ranking":0,"_glsr_reviews":0},"product_brand":[],"product_cat":[56,3365,62,68,30],"product_tag":[],"class_list":{"0":"post-39780","1":"product","2":"type-product","3":"status-publish","4":"has-post-thumbnail","6":"product_cat-autoflowering-cannabis-samen","7":"product_cat-beste-cannabis-samen","8":"product_cat-cannabis-samen-fuer-anfaenger","9":"product_cat-hoher-thc-gehalt","10":"product_cat-indica-cannabis-samen","12":"first","13":"instock","14":"taxable","15":"shipping-taxable","16":"purchasable","17":"product-type-variable"},"acf":[],"aioseo_notices":[],"_links":{"self":[{"href":"https:\/\/theseedfair.com\/de\/wp-json\/wp\/v2\/product\/39780","targetHints":{"allow":["GET"]}}],"collection":[{"href":"https:\/\/theseedfair.com\/de\/wp-json\/wp\/v2\/product"}],"about":[{"href":"https:\/\/theseedfair.com\/de\/wp-json\/wp\/v2\/types\/product"}],"replies":[{"embeddable":true,"href":"https:\/\/theseedfair.com\/de\/wp-json\/wp\/v2\/comments?post=39780"}],"wp:featuredmedia":[{"embeddable":true,"href":"https:\/\/theseedfair.com\/de\/wp-json\/wp\/v2\/media\/40573"}],"wp:attachment":[{"href":"https:\/\/theseedfair.com\/de\/wp-json\/wp\/v2\/media?parent=39780"}],"wp:term":[{"taxonomy":"product_brand","embeddable":true,"href":"https:\/\/theseedfair.com\/de\/wp-json\/wp\/v2\/product_brand?post=39780"},{"taxonomy":"product_cat","embeddable":true,"href":"https:\/\/theseedfair.com\/de\/wp-json\/wp\/v2\/product_cat?post=39780"},{"taxonomy":"product_tag","embeddable":true,"href":"https:\/\/theseedfair.com\/de\/wp-json\/wp\/v2\/product_tag?post=39780"}],"curies":[{"name":"wp","href":"https:\/\/api.w.org\/{rel}","templated":true}]}}