{"id":40923,"date":"2021-09-25T12:14:53","date_gmt":"2021-09-25T12:14:53","guid":{"rendered":"https:\/\/theseedfair.com\/?post_type=product&#038;p=40923"},"modified":"2024-06-12T09:51:43","modified_gmt":"2024-06-12T09:51:43","slug":"black-jack-auto","status":"publish","type":"product","link":"https:\/\/theseedfair.com\/de\/product\/autoflowering-cannabis-samen\/black-jack-auto\/","title":{"rendered":"Black Jack Autoflower Samen"},"content":{"rendered":"<h2>Black Jack Samen<\/h2>\n<p>Dies ist eine ziemlich einzigartige Sorte! Es hat ein wirklich k\u00f6stliches Sandelholz-, Blumen- und Kiefern-Aroma, das Sie dazu bringt, es f\u00fcr alles zu verwenden, von der Aromatherapie bis zum Backen von Leckereien!<\/p>\n<p>Das Sandelholz gibt der Pflanze eine sch\u00f6ne Basis, w\u00e4hrend die Kiefernnoten viel Geschmack hinzuf\u00fcgen. Der Blumenton ist perfekt f\u00fcr alle, die Aromatherapieprodukte herstellen oder sogar zum Backen verwenden m\u00f6chten! Der einzigartige Geschmack macht die Pflanze perfekt f\u00fcr alle, die vom Rauchen wegkommen m\u00f6chten!<\/p>\n<p>Die CBD-Werte in Black Jack Auto-Flowering Cannabis Samen sind ziemlich niedrig, was zu beachten ist, wenn Sie es aus medizinischen Gr\u00fcnden verwenden m\u00f6chten. Da das 23% THC so hoch ist, bleibt nicht viel Platz f\u00fcr das CBD, also erwarten Sie keine gro\u00dfen medizinischen Vorteile.<\/p>\n<p>Black Jack Auto-Flowering Cannabis Samen ist interessant! Es ist mehr ein 30\/70 Indica\/Sativa Verh\u00e4ltnis, sodass Sie die Vorteile beider Welten erhalten. Die restlichen 3% stammen von Ruderalis-Genetik, die es widerstandsf\u00e4higer im Anbauraum macht.<\/p>\n<h2>Wirkungen unserer Black Jack Sorte<\/h2>\n<p>Die Wirkungen von Black Jack Auto-Flowering Cannabis Samen sind fast sofort sp\u00fcrbar. Sie werden sich innerhalb von 10 Minuten nach dem Rauchen entspannt f\u00fchlen, also wenn Sie etwas suchen, das Ihnen tags\u00fcber hilft, den Stress zu lindern, dann sollten Sie dies auf jeden Fall ausprobieren!<\/p>\n<p>Black Jack Auto-Flowering Cannabis Samen wird Ihnen definitiv viel Energie geben! Es ist gro\u00dfartig zur Schmerzlinderung und hat ziemlich gute sedative Wirkungen, wenn Sie sich entspannen m\u00f6chten. Es erm\u00f6glicht Ihnen, klar zu denken und gleichzeitig alle beruhigenden Wirkungen zu genie\u00dfen, was es perfekt f\u00fcr jeden Freizeitnutzer macht, der etwas sucht, um den Stress abzubauen.<\/p>\n<p>Die Sorte ist gro\u00dfartig zur Bew\u00e4ltigung chronischer Schmerzen! Es ist eine der besten Optionen, wenn Sie das Beste aus Ihren medizinischen Marihuana-Produkten herausholen m\u00f6chten.<\/p>\n<h2>Wie wachsen Black Jack Auto-Flowering Cannabis Samen?<\/h2>\n<p>Dies ist eine gro\u00dfartige Marihuana-Sorte f\u00fcr Anf\u00e4nger oder f\u00fcr diejenigen, die nicht viel Zeit und Energie f\u00fcr die Pflege einer schwierigen Pflanze aufwenden m\u00f6chten. Diese ist perfekt f\u00fcr m\u00e4\u00dfige Temperaturbereiche und hat wenig Probleme mit Sch\u00e4dlingen und Schimmel!<\/p>\n<p>Black Jack Auto-Flowering Cannabis Samen sind gro\u00dfartig f\u00fcr alle Wachstumsumgebungen. Da es mehr ein moderater Z\u00fcchter ist, k\u00f6nnen Sie es wirklich als Indoor- oder Outdoor-Pflanze verwenden, solange Sie gen\u00fcgend Platz daf\u00fcr haben. Wenn Sie sich f\u00fcr den Indoor-Anbau entscheiden, empfehlen wir Ihnen, einen ziemlich gro\u00dfen Anbaubereich zu haben, da sich diese Sorte etwas ausdehnt!<\/p>\n<p>Die Black Jack Sorte hat ein niedriges bis mittleres Blatt-Knospen-Verh\u00e4ltnis. Das bedeutet, dass sie perfekt f\u00fcr kleinere Wachstumsumgebungen oder sogar drinnen ist, wenn Sie drau\u00dfen nicht die besten Ergebnisse erzielen! Sie wird nicht zu hoch, kann aber dennoch gute Ertr\u00e4ge liefern!<\/p>\n<p>Dies ist eine gro\u00dfartige Sorte, da sie nicht zu hoch wird (35 Zoll) und eine sch\u00f6ne kompakte Gr\u00f6\u00dfe hat. Sie ist perfekt f\u00fcr diejenigen, die nicht viel Platz haben oder sogar ihr Weed unterwegs mitnehmen m\u00f6chten!<\/p>\n<h2>Black Jack ist gro\u00dfartig in mediterranen Klimazonen<\/h2>\n<p>Diese Blume kann 8 bis 11 Wochen bis zur vollst\u00e4ndigen Bl\u00fcte dauern. Eine Sache, die Ihnen an der Bl\u00fctezeit auffallen wird, ist, dass sie je nach Wachstumsumgebung unterschiedlich ist. Die Wachstumszeiten sind alle \u00e4hnlich, aber wegen der Neigung dieser Pflanze, sich auszudehnen, besteht eine gute Chance auf einen h\u00f6heren Ertrag im Freien, wenn Sie sie drau\u00dfen anbauen!<\/p>\n<p>Die Black Jack Sorte gedeiht am besten in mediterranen Klimazonen. W\u00e4hrend sie in allen gem\u00e4\u00dfigten Zonen angebaut werden kann, besteht die M\u00f6glichkeit, dass Sie drinnen nicht viel sinnvoll ernten k\u00f6nnen!<\/p>\n<p>M\u00f6chten Sie bereits feminisierte Samen kaufen? Dann ist dies die perfekte Wahl f\u00fcr Sie! Sie m\u00fcssen sich keine Gedanken dar\u00fcber machen, welche Samen m\u00e4nnlich und welche weiblich sind, denn hier ist jeder Samen garantiert 100% feminisiert, sodass keine st\u00f6renden Pollen Ihre Ernte verderben oder es schwieriger machen als n\u00f6tig!<\/p>\n<p>Diese Pflanze kann Ihnen einen ziemlich guten Ertrag liefern, wenn Sie sie drinnen anbauen. Die meisten Z\u00fcchter erhalten zwischen 14 und 19 Unzen pro Quadratmeter! Beim Outdoor-Anbau wird diese Pflanze deutlich weniger Ertr\u00e4ge erzielen, aber das wird durch ihre Robustheit bei Umweltfaktoren ausgeglichen. Sie k\u00f6nnen bis zu 9 Unzen pro Pflanze erreichen, wenn Sie sie drau\u00dfen anbauen!<\/p>\n<h2>Geschichte der Black Jack Sorte<\/h2>\n<p>Die Black Jack Sorte ist eine Kreuzung zwischen Jack Herer Auto und Sweet Afghani Delicious (S.A.D.) Auto. Black Jack Auto-Flowering Cannabis Samen wird oft in der medizinischen Marihuana-Behandlung verwendet, weil es moderaten CBD- und hohen THC-Gehalt hat.<\/p>\n","protected":false},"excerpt":{"rendered":"<p>Black Jack autoflower samen erfordern wenig pflege mit einem entspannenden indica vibe und einer w\u00fcrzigen kiefer-sandelholz note, die sich perfekt f\u00fcr aromatherapie&#8230; oder brownies eignet. Die 23% THC haben eine starke Wirkung, lassen jedoch wenig Raum f\u00fcr CBD. Mit 3 fu\u00df gr\u00f6\u00dfe ist sie kompakt und f\u00fchlt sich drinnen und drau\u00dfen wohl.<\/p>\n","protected":false},"featured_media":42800,"comment_status":"open","ping_status":"closed","template":"","meta":{"_acf_changed":false,"_glsr_average":0,"_glsr_ranking":0,"_glsr_reviews":0},"product_brand":[],"product_cat":[56,3365,62,68,1161,21],"product_tag":[],"class_list":{"0":"post-40923","1":"product","2":"type-product","3":"status-publish","4":"has-post-thumbnail","6":"product_cat-autoflowering-cannabis-samen","7":"product_cat-beste-cannabis-samen","8":"product_cat-cannabis-samen-fuer-anfaenger","9":"product_cat-hoher-thc-gehalt","10":"product_cat-neu","11":"product_cat-cannabis-sativa-samen","13":"first","14":"instock","15":"taxable","16":"shipping-taxable","17":"purchasable","18":"product-type-variable"},"acf":[],"aioseo_notices":[],"_links":{"self":[{"href":"https:\/\/theseedfair.com\/de\/wp-json\/wp\/v2\/product\/40923","targetHints":{"allow":["GET"]}}],"collection":[{"href":"https:\/\/theseedfair.com\/de\/wp-json\/wp\/v2\/product"}],"about":[{"href":"https:\/\/theseedfair.com\/de\/wp-json\/wp\/v2\/types\/product"}],"replies":[{"embeddable":true,"href":"https:\/\/theseedfair.com\/de\/wp-json\/wp\/v2\/comments?post=40923"}],"wp:featuredmedia":[{"embeddable":true,"href":"https:\/\/theseedfair.com\/de\/wp-json\/wp\/v2\/media\/42800"}],"wp:attachment":[{"href":"https:\/\/theseedfair.com\/de\/wp-json\/wp\/v2\/media?parent=40923"}],"wp:term":[{"taxonomy":"product_brand","embeddable":true,"href":"https:\/\/theseedfair.com\/de\/wp-json\/wp\/v2\/product_brand?post=40923"},{"taxonomy":"product_cat","embeddable":true,"href":"https:\/\/theseedfair.com\/de\/wp-json\/wp\/v2\/product_cat?post=40923"},{"taxonomy":"product_tag","embeddable":true,"href":"https:\/\/theseedfair.com\/de\/wp-json\/wp\/v2\/product_tag?post=40923"}],"curies":[{"name":"wp","href":"https:\/\/api.w.org\/{rel}","templated":true}]}}