{"id":41013,"date":"2021-09-26T16:35:48","date_gmt":"2021-09-26T16:35:48","guid":{"rendered":"https:\/\/theseedfair.com\/?post_type=product&#038;p=41013"},"modified":"2024-06-12T10:42:41","modified_gmt":"2024-06-12T10:42:41","slug":"gorilla-glue-auto","status":"publish","type":"product","link":"https:\/\/theseedfair.com\/de\/product\/autoflowering-cannabis-samen\/gorilla-glue-auto\/","title":{"rendered":"Gorilla Glue Autoflower Samen"},"content":{"rendered":"<h2>Gorilla Glue Samen<\/h2>\n<p>Whack-a-doodle Spa\u00df mit Gorilla Glue Auto-Flowering Cannabis-Samen. Wenn Sie der Typ Mensch sind, der einfach nur Gras liebt, dann ist dies das Richtige f\u00fcr Sie! Diese Samen, die drinnen oder drau\u00dfen leicht angebaut werden k\u00f6nnen, produzieren solide Knospen, die ein unschlagbares High bieten &#8211; sicher, dass jeder die ganze Nacht lang den Freudentanz macht. Ob Schmerztherapie oder aufhellende Effekte, diese Samen werden Ihre Sorgen sicherlich hinter sich lassen und in k\u00fcrzester Zeit einen gl\u00fccklichen Ort finden. Hoffentlich haben Sie einige Donuts mitgebracht! Und keine Sorge, wenn Sie nur nach Indica ohne Hybrid suchen.<\/p>\n<p>Mit einem THC-Gehalt von 24% ist es perfekt f\u00fcr diejenigen, die sich nach einem langen Tag entspannen m\u00f6chten. Wenn Sie neu in der medizinischen Marihuana-Szene sind, probieren Sie es auf jeden Fall aus. Viele Cannabiskonsumenten genie\u00dfen die Gorilla Glue Auto-Flowering Cannabis-Samen, weil sie so stark sind. Wenn Sie ein Anf\u00e4nger sind, ist dies m\u00f6glicherweise nicht die beste Sorte f\u00fcr Sie! Erfahrene Benutzer werden jedoch die Cannabissorte und ihre langanhaltenden Effekte genie\u00dfen, die sie euphorisch und entspannt f\u00fchlen lassen.<\/p>\n<p>Mit dem Geschmack von Kiefer, Erde und s\u00fc\u00dfen Kaffeebohnen ist diese Marihuana-Sorte perfekt f\u00fcr diejenigen, die etwas Neues ausprobieren m\u00f6chten. Eine solche Mischung von Aromen macht diese Sorte bei Verbrauchern begehrt, weil sie so einzigartig ist! Mit einem skunky Geruch ist es m\u00f6glicherweise nicht ideal f\u00fcr geruchsempfindliche Menschen, aber es ist sicherlich etwas, das Sie ausprobieren m\u00f6chten.<\/p>\n<p>Das 50\/50 Indica zu Sativa Verh\u00e4ltnis l\u00e4sst Sie sich nach einem langen Tag entspannt f\u00fchlen. Die Hybrideffekte kommen ausgeglichen heraus und heben sich fast gegenseitig auf, was Sie lieben werden.<\/p>\n<h2>Wirkungen der Gorilla Glue Sorte<\/h2>\n<p>Benutzer der Gorilla Glue Auto-Flowering Cannabis-Samen berichten von Gef\u00fchlen der Euphorie sowie des Gl\u00fccks. Haben Sie einen schlechten Tag und brauchen etwas, das Sie aufmuntert? Die Entspannung hier ist nicht ganz intensiv, aber sie ist sicherlich vorhanden. Wenn Sie nicht an die Wirkungen von Cannabis gew\u00f6hnt sind, haben Sie einen guten Ausgangspunkt.<\/p>\n<p>Sind Sie vom Leben ersch\u00f6pft? Brauchen Sie eine neue Perspektive? Genie\u00dfen Sie entspanntere und viel klarere Gedanken, wenn Sie diese Cannabispflanze verwenden. Es wird Sie nicht m\u00fcde machen, aber es hat sicherlich die Eigenschaften, die Ihnen beim Einschlafen helfen k\u00f6nnen.<\/p>\n<p>Wenn Sie an verschiedenen Arten von Schmerzen und Beschwerden leiden, ist dies eine Cannabis-Sorte, die Sie unbedingt ausprobieren m\u00fcssen. Und wenn Sie etwas suchen, das Ihren Appetit anregt, wird diese medizinische Marihuana-Sorte dies sicherlich tun!<\/p>\n<p>Das High setzt normalerweise etwa 10-15 Minuten nach dem Rauchen ein. Seine starken Effekte k\u00f6nnen bis zu zwei Stunden anhalten, was f\u00fcr die meisten Cannabis-Sorten eine sehr lange Zeit ist!<\/p>\n<h2>Wie w\u00e4chst die Gorilla Glue Sorte?<\/h2>\n<p>Gorilla Glue Auto-Flowering Cannabis-Samen sind tats\u00e4chlich ziemlich einfach anzubauen. Wenn Sie neu in der medizinischen Marihuana-Szene sind, ist dies definitiv eine Sorte, die Ihnen helfen kann, mit dem Anbau Ihres eigenen Grases zu beginnen! Bei einer so starken Sorte sind alle Schritte ziemlich einfach und helfen selbst absoluten Anf\u00e4ngern, ohne gro\u00dfe Schwierigkeiten durchzukommen!<\/p>\n<p>Die Bl\u00e4tter sind gro\u00df und gr\u00fcn. Sie sind nicht besonders attraktiv, bis man sie genauer betrachtet und feststellt, dass sie ein sehr helles und gl\u00e4nzendes Aussehen haben. Im Gegensatz zu einigen Sorten hat sie ein nat\u00fcrlicheres Aussehen mit weniger Kristallbildung als andere.<\/p>\n<p>Diese Samen k\u00f6nnen bis zu etwa 35 Zoll wachsen, was sie zu einer der mittelgro\u00dfen Sorten macht. Da Gorilla Glue Auto-Flowering Cannabis-Samen so einfach anzubauen sind, k\u00f6nnen sie das ganze Jahr \u00fcber sogar im Freien angebaut werden. Dies macht sie sehr begehrt f\u00fcr diejenigen, die eine Sorte suchen, auf die sie jederzeit im Jahr zugreifen k\u00f6nnen!<\/p>\n<p>Es ist eine gro\u00dfartige Sorte f\u00fcr den Anbau sowohl drinnen als auch drau\u00dfen, weshalb sie bei Z\u00fcchtern immer beliebter wird. Sie gedeiht unter allen Bedingungen gut, sodass es beim Anbau der Gorilla Glue Sorte kaum Probleme gibt.<\/p>\n<p>Der Ertrag ist nicht eine ihrer besten Eigenschaften, aber Sie k\u00f6nnen trotzdem einige anst\u00e4ndige Ertr\u00e4ge f\u00fcr Ihre Zeit erwarten! Sie wird durchschnittlich etwa 14-21 Unzen pro Quadratmeter beim Anbau in Innenr\u00e4umen und 2-11 Unzen pro Pflanze beim Anbau im Freien erreichen.<\/p>\n<p>Die Bl\u00fctezeit betr\u00e4gt etwa 8-10 Wochen, was eine durchschnittliche Zeit f\u00fcr die meisten Marihuana-Sorten ist. Dies kann als eine der k\u00fcrzeren Bl\u00fctezeiten betrachtet werden, was bedeutet, dass es keine lange Wartezeit auf die Knospen gibt!<\/p>\n<h2>Geschichte der Gorilla Glue Sorte<\/h2>\n<p>Die Eltern der Gorilla Glue Auto-Flowering Cannabis-Samen sind Sour Dubb, Chem&#8217;s Sister und Chocolate Diesel. Die autoflowering Sorte hat den Jamaican World Cup und mehrere Cannabis Cups gewonnen. Dies allein kann als eines ihrer gr\u00f6\u00dften Merkmale angesehen werden, da nur die besten Cannabis-Sorten normalerweise solche prestigetr\u00e4chtigen Auszeichnungen gewinnen!<\/p>\n","protected":false},"excerpt":{"rendered":"<p>Mit einem beeindruckenden THC-Gehalt von 24% k\u00f6nnen Sie sich auf eine sensationelle Fahrt mit dem Gorilla Glue Autoflower vorbereiten. Dank des 50\/50 Indica zu Sativa Verh\u00e4ltnisses genie\u00dfen Sie ausgewogene Effekte, die Sie entspannt und dennoch klar im Kopf lassen.<\/p>\n","protected":false},"featured_media":42731,"comment_status":"open","ping_status":"closed","template":"","meta":{"_acf_changed":false,"_glsr_average":0,"_glsr_ranking":0,"_glsr_reviews":0},"product_brand":[],"product_cat":[56,3365,62,68,33],"product_tag":[],"class_list":{"0":"post-41013","1":"product","2":"type-product","3":"status-publish","4":"has-post-thumbnail","6":"product_cat-autoflowering-cannabis-samen","7":"product_cat-beste-cannabis-samen","8":"product_cat-cannabis-samen-fuer-anfaenger","9":"product_cat-hoher-thc-gehalt","10":"product_cat-hybride-cannabis-samen","12":"first","13":"instock","14":"taxable","15":"shipping-taxable","16":"purchasable","17":"product-type-variable"},"acf":[],"aioseo_notices":[],"_links":{"self":[{"href":"https:\/\/theseedfair.com\/de\/wp-json\/wp\/v2\/product\/41013","targetHints":{"allow":["GET"]}}],"collection":[{"href":"https:\/\/theseedfair.com\/de\/wp-json\/wp\/v2\/product"}],"about":[{"href":"https:\/\/theseedfair.com\/de\/wp-json\/wp\/v2\/types\/product"}],"replies":[{"embeddable":true,"href":"https:\/\/theseedfair.com\/de\/wp-json\/wp\/v2\/comments?post=41013"}],"wp:featuredmedia":[{"embeddable":true,"href":"https:\/\/theseedfair.com\/de\/wp-json\/wp\/v2\/media\/42731"}],"wp:attachment":[{"href":"https:\/\/theseedfair.com\/de\/wp-json\/wp\/v2\/media?parent=41013"}],"wp:term":[{"taxonomy":"product_brand","embeddable":true,"href":"https:\/\/theseedfair.com\/de\/wp-json\/wp\/v2\/product_brand?post=41013"},{"taxonomy":"product_cat","embeddable":true,"href":"https:\/\/theseedfair.com\/de\/wp-json\/wp\/v2\/product_cat?post=41013"},{"taxonomy":"product_tag","embeddable":true,"href":"https:\/\/theseedfair.com\/de\/wp-json\/wp\/v2\/product_tag?post=41013"}],"curies":[{"name":"wp","href":"https:\/\/api.w.org\/{rel}","templated":true}]}}