{"id":41129,"date":"2021-09-27T12:14:39","date_gmt":"2021-09-27T12:14:39","guid":{"rendered":"https:\/\/theseedfair.com\/?post_type=product&#038;p=41129"},"modified":"2024-06-12T11:21:41","modified_gmt":"2024-06-12T11:21:41","slug":"purple-sunset-auto","status":"publish","type":"product","link":"https:\/\/theseedfair.com\/de\/product\/autoflowering-cannabis-samen\/purple-sunset-auto\/","title":{"rendered":"Purple Sunset Autoflower Samen"},"content":{"rendered":"<h2>Purple Sunset Samen<\/h2>\n<p>Gr\u00fc\u00dfe, liebe Cannabis-Enthusiasten. Wir wissen, Sie k\u00f6nnten sich die anderen Samen ansehen und sich fragen \u201eWas ist an diesen so besonders?\u201c Nun, lassen Sie es uns Ihnen sagen: Purple Sunset Auto-Flowering Cannabis-Samen haben geduldig auf einen K\u00f6nig wie Sie gewartet, wer wei\u00df wie lange? Nehmen Sie sie heute mit nach Hause und beobachten Sie, wie ihre \u00fcppigen lila Knospen beginnen, sich dem Himmel zu neigen. Wir fordern Sie heraus, sich nicht von ihren s\u00fc\u00dfen Aromen berauschen zu lassen oder Ihr Lachen zur\u00fcckzuhalten, wenn Ihre Freunde diese wundersch\u00f6nen Nugs rollen.<\/p>\n<p>Purple Sunset Sorte hat einen sehr s\u00fc\u00dfen und blumigen Geschmack, der perfekt f\u00fcr diejenigen ist, die die s\u00fc\u00dferen Dinge im Leben bevorzugen. Dies k\u00f6nnte darauf zur\u00fcckzuf\u00fchren sein, dass Purple Sunset Auto-Flowering Cannabis-Samen eine sch\u00f6ne Menge an Trans-Nerolidol und Limonen enthalten, die alle bestimmte aromatische Aromen verst\u00e4rken!<\/p>\n<p>Die feminisierte Weed-Sorte hat ein ziemlich s\u00fc\u00dfes und erdiges Aroma, das wirklich Ihre Nase stimuliert! Was wir an diesem Aroma am meisten lieben, ist, wie es den gesamten Raum mit seinen glatten, erdigen T\u00f6nen f\u00fcllt!<\/p>\n<h2>Diese Sorte ist ein perfekter 50\/50 Hybrid<\/h2>\n<p>Wenn Sie eher ein Anf\u00e4nger im Rauchen sind, ist dies Ihr Spiel. Keine Sorgen, Kiffer! Es ist immer noch potent genug, um Ihnen das K\u00f6rper-High zu geben, nach dem Sie sich gesehnt haben! Es kommt auf ein 20% THC Niveau, was ziemlich \u00fcblich ist, zusammen mit 0,3% CBD, das hilft, neuroprotektive Eigenschaften mit seinen antioxidativen Effekten zu f\u00f6rdern.<\/p>\n<p>Purple Sunset Auto-Flowering Cannabis-Samen haben ein ziemlich sch\u00f6nes 50\/50 Indica \/ Sativa Gleichgewicht, das Ihre Stimmung verbessern und Sie von all diesen l\u00e4stigen Stressfaktoren befreien wird! Es wird gesagt, dass diese Art von Weed perfekt f\u00fcr diejenigen ist, die tags\u00fcber etwas zu rauchen brauchen, da es Sie entspannt h\u00e4lt, ohne Sie in einen v\u00f6lligen D\u00e4mmerzustand zu versetzen.<\/p>\n<h2>Wirkungen unserer Purple Sunset Sorte<\/h2>\n<p>Die Stimmung hier soll ziemlich aufhellend sein f\u00fcr diejenigen, die den t\u00e4glichen Stressfaktoren entkommen wollen, die sie zur\u00fcckhalten. Diese Art von Weed ist perfekt f\u00fcr den optimistischen Raucher, der glaubt, dass es immer etwas Gutes um die Ecke gibt!<\/p>\n<p>Einer der Hauptgr\u00fcnde, warum diese Art von Weed entwickelt wurde, ist, um denen zu helfen, die mit Schmerzen diagnostiziert wurden. Es hat niedrige CBD-Werte, die perfekt sind, um alle Arten von Schmerzen zu lindern, von Dingen wie Arthritis bis hin zu Migr\u00e4ne!<\/p>\n<p>Auch diejenigen, die Schwierigkeiten haben, einzuschlafen oder die Nacht durchzuschlafen, werden von seinen Vorteilen profitieren. Wenn Sie in letzter Zeit Probleme hatten, dann empfehlen wir Ihnen, sich diese Cannabis-Samen anzusehen, da sie genau das sein k\u00f6nnten, was Ihr K\u00f6rper braucht!<\/p>\n<p>Der Beginn und die Dauer f\u00fchlen sich ziemlich ausgeglichen an, da es ein sch\u00f6n langanhaltendes High hat. Es dauert etwa 20 &#8211; 25 Minuten, bis die vollen Effekte dieses Cannabis einsetzen!<\/p>\n<h2>Wie wachsen Purple Sunset Auto-Flowering Samen?<\/h2>\n<p>Purple Sunset Sorte ist ziemlich einfach zu wachsen, also ist sie perfekt f\u00fcr Anf\u00e4nger, die ihre ersten Erfahrungen machen m\u00f6chten. Es ist auch nicht zu schwierig f\u00fcr Veteranen, da es ihnen nicht den ganzen Tag dauern wird, all die Ausr\u00fcstung aufzustellen, die sie ben\u00f6tigen werden!<\/p>\n<p>Es ist eine ziemlich kleine und kompakte Pflanze, da sie nur H\u00f6hen von etwa 24-35 Zoll erreicht. Wenn Sie nach etwas Kleinem gesucht haben, das Sie drinnen anbauen k\u00f6nnen, dann k\u00f6nnte dies genau das Richtige f\u00fcr Sie sein!<\/p>\n<p>Purple Sunset Auto-Flowering Cannabis-Samen sind daf\u00fcr bekannt, einige wirklich klebrige, dichte Nugs zu produzieren. Sie werden nicht nur erstaunlich aussehen, sondern auch gro\u00dfartig riechen! Der w\u00fcrzige Zitronenduft macht diese Sorte zu einem Favoriten f\u00fcr viele, die nicht anders k\u00f6nnen, als sie vor dem Rauchen st\u00e4ndig zu schn\u00fcffeln!<\/p>\n<h2>Die Bl\u00fctezeit kann 6 bis 8 Wochen betragen<\/h2>\n<p>Dies ist eine auto-bl\u00fchende Sorte, was bedeutet, dass sie automatisch in die Bl\u00fctephase wechselt, nachdem eine bestimmte Zeit vergangen ist. Sie m\u00fcssen sich keine Sorgen machen, Ihren Lichtplan zu \u00e4ndern und Ihrer Pflanze bis zu 12 Stunden Licht pro Tag zu geben, um sicherzustellen, dass sie so schnell wie m\u00f6glich bl\u00fcht! Purple Sunset kann drinnen, drau\u00dfen und in Gew\u00e4chsh\u00e4usern angebaut werden. Tats\u00e4chlich wird sie unabh\u00e4ngig davon, wo Sie sie anbauen, gleicherma\u00dfen gut gedeihen.<\/p>\n<p>Die Purple Sunset Sorte bringt nicht so viel Ertrag wie andere Arten, aber sie erledigt die Arbeit. In einem Gew\u00e4chshaus k\u00f6nnen Sie erwarten, bis zu 4 oz pro m2 zu erhalten, und im Freien k\u00f6nnen Sie hoffen, mindestens 7 oz von nur einer Pflanze zu bekommen!<\/p>\n<p>Die Bl\u00fctezeit ist ziemlich kurz, da Purple Sunset zwischen 6-8 Wochen braucht, um vollst\u00e4ndig zu bl\u00fchen. Das spart Ihnen viel Zeit, die sonst damit verbracht worden w\u00e4re, auf die Pflanze zu warten!<\/p>\n<h2>Geschichte der Purple Sunset Sorte<\/h2>\n<p>Purple Sunset Auto-Flowering Cannabis-Samen sind eine Kreuzung aus Sunset Sherbert und Purple Punch. Es wird gesagt, dass Sunset Sherbert sehr beruhigende Effekte hat, also m\u00fcssen Sie nur einen Blick auf die Purple Sunset Sorte werfen, um zu verstehen, warum sie zur Erstellung ausgew\u00e4hlt wurde.<\/p>\n","protected":false},"excerpt":{"rendered":"<p>Purple Sunset Autoflower explodiert mit leuchtend lila Bl\u00fcten und einem s\u00fc\u00dfen, zitrusartigen Duft, der Sie wie ein Wahnsinniger kichern l\u00e4sst. Mit 20% THC hebt sie Ihre Stimmung und l\u00e4sst den Stress hinter sich. Leicht drinnen, drau\u00dfen oder sogar in Ihrem Gew\u00e4chshaus anzubauen, sprie\u00dfen diese magischen Bohnen in nur 6-8 Wochen zu sch\u00f6nen, klebrigen Nugs.<\/p>\n","protected":false},"featured_media":42984,"comment_status":"open","ping_status":"closed","template":"","meta":{"_acf_changed":false,"_glsr_average":0,"_glsr_ranking":0,"_glsr_reviews":0},"product_brand":[],"product_cat":[56,62,68,33,1161],"product_tag":[],"class_list":{"0":"post-41129","1":"product","2":"type-product","3":"status-publish","4":"has-post-thumbnail","6":"product_cat-autoflowering-cannabis-samen","7":"product_cat-cannabis-samen-fuer-anfaenger","8":"product_cat-hoher-thc-gehalt","9":"product_cat-hybride-cannabis-samen","10":"product_cat-neu","12":"first","13":"instock","14":"taxable","15":"shipping-taxable","16":"purchasable","17":"product-type-variable"},"acf":[],"aioseo_notices":[],"_links":{"self":[{"href":"https:\/\/theseedfair.com\/de\/wp-json\/wp\/v2\/product\/41129","targetHints":{"allow":["GET"]}}],"collection":[{"href":"https:\/\/theseedfair.com\/de\/wp-json\/wp\/v2\/product"}],"about":[{"href":"https:\/\/theseedfair.com\/de\/wp-json\/wp\/v2\/types\/product"}],"replies":[{"embeddable":true,"href":"https:\/\/theseedfair.com\/de\/wp-json\/wp\/v2\/comments?post=41129"}],"wp:featuredmedia":[{"embeddable":true,"href":"https:\/\/theseedfair.com\/de\/wp-json\/wp\/v2\/media\/42984"}],"wp:attachment":[{"href":"https:\/\/theseedfair.com\/de\/wp-json\/wp\/v2\/media?parent=41129"}],"wp:term":[{"taxonomy":"product_brand","embeddable":true,"href":"https:\/\/theseedfair.com\/de\/wp-json\/wp\/v2\/product_brand?post=41129"},{"taxonomy":"product_cat","embeddable":true,"href":"https:\/\/theseedfair.com\/de\/wp-json\/wp\/v2\/product_cat?post=41129"},{"taxonomy":"product_tag","embeddable":true,"href":"https:\/\/theseedfair.com\/de\/wp-json\/wp\/v2\/product_tag?post=41129"}],"curies":[{"name":"wp","href":"https:\/\/api.w.org\/{rel}","templated":true}]}}