{"id":41134,"date":"2021-09-27T12:22:10","date_gmt":"2021-09-27T12:22:10","guid":{"rendered":"https:\/\/theseedfair.com\/?post_type=product&#038;p=41134"},"modified":"2024-06-12T11:33:13","modified_gmt":"2024-06-12T11:33:13","slug":"sour-diesel-auto","status":"publish","type":"product","link":"https:\/\/theseedfair.com\/de\/product\/autoflowering-cannabis-samen\/sour-diesel-auto\/","title":{"rendered":"Sour Diesel Autoflower Samen"},"content":{"rendered":"<h2><strong>Sour Diesel Autoflowering Samen<\/strong><\/h2>\n<p><span style=\"font-weight: 400;\">Man sagt, dass es ein kleines St\u00fcck Himmel direkt in diesen Sour Diesel selbstbl\u00fchenden Cannabissamen gibt. Und vielleicht haben sie recht. Mit einer k\u00f6stlichen Verlockung sind Sour Diesel selbstbl\u00fchende Cannabissamen dazu geboren, um Ihnen das Wasser im Mund zusammenlaufen zu lassen und Ihrer Zunge die M\u00f6glichkeit zu geben, intensive Geschmacksreisen zu erleben. Das ist nicht alles, was beeindruckend ist, weil Sie sich selbst dabei erwischen werden, wie Sie mit Spannung darauf warten, dass diese feminisierten Samen, die als &#8222;Auto-Diva-Aromen&#8220; bezeichnet werden, in schallendes Gel\u00e4chter ausbrechen, w\u00e4hrend Sie sich an ihrem potenten THC berauschen. Die einzige unbeantwortete Frage bleibt, ob die F\u00fclle an Fr\u00fcchten, die in ihrem Kern gefunden wird, Ihren Gaumen stillt oder ihnen einen ekstatischen Rausch beschert?<\/span><\/p>\n<p><span style=\"font-weight: 400;\">Der Geschmack des Sour Diesel-Strains ist sehr erdig und nat\u00fcrlich. Es enth\u00e4lt tats\u00e4chlich eine sehr subtile S\u00fc\u00dfe im Mund, sodass es sich nach dem Rauchen nicht v\u00f6llig trocken anf\u00fchlt.<\/span><\/p>\n<p><span style=\"font-weight: 400;\">Das Aroma ist so unglaublich skunky, dass es wirklich schwer zu \u00fcbersehen ist, wenn jemand in Ihrer N\u00e4he einen Joint dieses Sour Diesel-Strains anz\u00fcndet. Es hat einen sehr w\u00fcrzigen, s\u00fc\u00dfen Zitronenduft, der Ihnen den Wunsch vermittelt, es noch mehr abzubauen und den Geschmack zu kosten!<\/span><\/p>\n<p><span style=\"font-weight: 400;\">K\u00f6nnen Sie glauben, dass diese feminisierten Samen 23% THC-Gehalt haben? Die CBD-Werte sind sehr gering, was bedeutet, dass Sie von diesen Sour Diesel-Strains einen ziemlich beeindruckenden Rausch bekommen werden.<\/span><\/p>\n<p><span style=\"font-weight: 400;\">Anhand ihres Cannabinoid-Profils ist Sour Diesel trotz der Tatsache, dass es meistens einen sanften K\u00f6rper-High-Effekt erzeugt, eine ziemlich intensive Marihuana-Pflanze. Sie werden die Effekte fast sofort sp\u00fcren! Nach etwa 30 Minuten oder so wird es anfangen, sich zu beruhigen und Ihnen diese erhebenden und entspannenden Effekte zu geben.<\/span><\/p>\n<p><span style=\"font-weight: 400;\">Sour Diesel selbstbl\u00fchende Cannabissamen sind zu 60 % Sativa, was bedeutet, dass Sie ein sehr entspanntes und schl\u00e4friges High erwarten k\u00f6nnen. Die 40% Indica-Genetik reicht aus, um Ihren Geist l\u00e4ngere Zeit wach zu halten, sodass nicht nur Ihr Kopf benommen, sondern auch Ihr ganzer K\u00f6rper wird.<\/span><\/p>\n<h2><span style=\"font-weight: 400;\">Effekte unseres Sour Diesel Strains<\/span><\/h2>\n<p><span style=\"font-weight: 400;\">Sour Diesel selbstbl\u00fchende Cannabissamen sind perfekt f\u00fcr diejenigen, die an irgendeiner Art von Depression oder Angst leiden. Unsere Sour Diesel Auto feminisierten Samen k\u00f6nnen als Muskelentspanner wirken, da Sie sich nicht nur sehr entspannt f\u00fchlen werden, sondern sich auch Ihre Muskeln lockern k\u00f6nnten!<\/span><\/p>\n<p><span style=\"font-weight: 400;\">Entz\u00fcnden Sie diese Energielevel! Dieser feminisierte Strain wird Sie euphorisch und energiegeladen f\u00fcr den Start in Ihren Tag f\u00fchlen lassen, weshalb viele glauben, dass Sour Diesel selbstbl\u00fchende Cannabissamen am besten am Morgen wirken. Es ist genau das, was viele Patienten brauchen, um sich zu motivieren und ihren Tag zu beginnen oder einige Hausarbeiten im Haus zu erledigen.<\/span><\/p>\n<p><span style=\"font-weight: 400;\">Migr\u00e4ne ist eine der verst\u00f6rendsten medizinischen Zust\u00e4nde, die eine Person erleben kann. Zum Gl\u00fcck hat Sour Diesel einige erstaunliche schmerzlindernde Eigenschaften, die die Intensit\u00e4t Ihrer Migr\u00e4ne lindern und sie etwas ertr\u00e4glicher machen werden. Seien Sie nur vorsichtig, wie viel Sie rauchen!<\/span><\/p>\n<p><span style=\"font-weight: 400;\">Wenn Sie sich \u00fcbel f\u00fchlen, sind Sour Diesel selbstbl\u00fchende Cannabissamen das perfekte Weed f\u00fcr Sie. Es ist ein so schnell wirkender Strain, dass innerhalb weniger Minuten nach dem Rauchen Ihre \u00dcbelkeit langsam nachl\u00e4sst und schlie\u00dflich vollst\u00e4ndig verschwindet!<\/span><\/p>\n<h2><span style=\"font-weight: 400;\">Wie wachsen Sour Diesel selbstbl\u00fchende Cannabissamen?<\/span><\/h2>\n<p><span style=\"font-weight: 400;\">Unser Sour Diesel Strain ist ein Strain, der eine moderate Wachstumsschwierigkeit hat. Es ist nicht zu schwierig zu wachsen, aber auch nicht ganz so einfach wie einige der anderen Strains da drau\u00dfen. Es wird in den meisten Bedingungen gut gedeihen, aber es erfordert ein wenig mehr Aufmerksamkeit und Pflege. Wenn Sie nach etwas suchen, das mit minimalem Aufwand in Ihrem Garten wachsen soll, ist dies nicht der richtige Strain f\u00fcr Sie.<\/span><\/p>\n<p><span style=\"font-weight: 400;\">Diese Sour Diesel feminisierten Samen werden zu einer kompakten Pflanze von 30-39 Zoll H\u00f6he wachsen. Sie k\u00f6nnen eine buschige Pflanze mit vielen Bl\u00e4ttern erwarten, die Sie oft schneiden m\u00fcssen.<\/span><\/p>\n<p><span style=\"font-weight: 400;\">Da es feminisierte Samen sind, werden Sie keine Zeit damit verbringen m\u00fcssen, Ihre Pflanzen zu identifizieren und einfach zu genie\u00dfen! Feminisierte Samen tendieren dazu, etwas teurer zu sein, aber sie sind jeden Cent wert!<\/span><\/p>\n<p><span style=\"font-weight: 400;\">Sour Diesel ist eine Pflanze, die einen durchschnittlichen Ertrag produziert. Sie werden in der Lage sein, 11-13 Unzen getrocknetes Produkt pro Quadratmeter im Innenbereich und bis zu 12 Unzen pro Pflanze im Freien zu erhalten! Es wird zwischen 8-10 Wochen dauern, bis sie zur Ernte bereit sind. Nat\u00fcrlich m\u00f6chten Sie sicherstellen, dass sie 18 Stunden Licht haben, damit sie rechtzeitig bl\u00fchen!<\/span><\/p>\n<h2><span style=\"font-weight: 400;\">Geschichte von Sour Diesel<\/span><\/h2>\n<p><span style=\"font-weight: 400;\">Die Sour Diesel selbstbl\u00fchenden Cannabissamen haben eine einfache Abstammung. Es war eine Mischung aus Sour Diesel und einer Haze 2.0 Autoflowering, die diesen erstaunlichen Strain hervorgebracht hat!<\/span><\/p>\n","protected":false},"excerpt":{"rendered":"<p>Sour Diesel Autoflower verspricht eine Menge Gel\u00e4chter und eine Geschmacksexplosion! Diese Geschmacksdiva bietet 23% THC f\u00fcr ein potentes, erhebendes High. W\u00e4hrend es nicht genau ein Spaziergang im Park f\u00fcr Anf\u00e4nger ist, werden sie Sie in 8-10 Wochen mit kr\u00e4ftigen Ertr\u00e4gen belohnen. Das durchdringende skunky Aroma ist schwer zu \u00fcbersehen!<\/p>\n","protected":false},"featured_media":42926,"comment_status":"open","ping_status":"closed","template":"","meta":{"_acf_changed":false,"_glsr_average":0,"_glsr_ranking":0,"_glsr_reviews":0},"product_brand":[],"product_cat":[56,3365,62,3067,68,21],"product_tag":[],"class_list":{"0":"post-41134","1":"product","2":"type-product","3":"status-publish","4":"has-post-thumbnail","6":"product_cat-autoflowering-cannabis-samen","7":"product_cat-beste-cannabis-samen","8":"product_cat-cannabis-samen-fuer-anfaenger","9":"product_cat-ertragreiche-samen","10":"product_cat-hoher-thc-gehalt","11":"product_cat-cannabis-sativa-samen","13":"first","14":"instock","15":"taxable","16":"shipping-taxable","17":"purchasable","18":"product-type-variable"},"acf":[],"aioseo_notices":[],"_links":{"self":[{"href":"https:\/\/theseedfair.com\/de\/wp-json\/wp\/v2\/product\/41134","targetHints":{"allow":["GET"]}}],"collection":[{"href":"https:\/\/theseedfair.com\/de\/wp-json\/wp\/v2\/product"}],"about":[{"href":"https:\/\/theseedfair.com\/de\/wp-json\/wp\/v2\/types\/product"}],"replies":[{"embeddable":true,"href":"https:\/\/theseedfair.com\/de\/wp-json\/wp\/v2\/comments?post=41134"}],"wp:featuredmedia":[{"embeddable":true,"href":"https:\/\/theseedfair.com\/de\/wp-json\/wp\/v2\/media\/42926"}],"wp:attachment":[{"href":"https:\/\/theseedfair.com\/de\/wp-json\/wp\/v2\/media?parent=41134"}],"wp:term":[{"taxonomy":"product_brand","embeddable":true,"href":"https:\/\/theseedfair.com\/de\/wp-json\/wp\/v2\/product_brand?post=41134"},{"taxonomy":"product_cat","embeddable":true,"href":"https:\/\/theseedfair.com\/de\/wp-json\/wp\/v2\/product_cat?post=41134"},{"taxonomy":"product_tag","embeddable":true,"href":"https:\/\/theseedfair.com\/de\/wp-json\/wp\/v2\/product_tag?post=41134"}],"curies":[{"name":"wp","href":"https:\/\/api.w.org\/{rel}","templated":true}]}}