{"id":41145,"date":"2021-09-27T12:36:59","date_gmt":"2021-09-27T12:36:59","guid":{"rendered":"https:\/\/theseedfair.com\/?post_type=product&#038;p=41145"},"modified":"2024-06-12T11:34:42","modified_gmt":"2024-06-12T11:34:42","slug":"super-silver-haze-auto","status":"publish","type":"product","link":"https:\/\/theseedfair.com\/de\/product\/autoflowering-cannabis-samen\/super-silver-haze-auto\/","title":{"rendered":"Super Silver Haze Autoflowering Samen"},"content":{"rendered":"<h2>Super Silver Haze Autoflowering Samen<\/h2>\n<p>Super Silver Haze Auto-Flowering Cannabis Seeds sind verlockende, verf\u00fchrerische Kreationen, die f\u00fcr die besten Konsumenten gemacht sind. Es ist darauf ausgelegt, all Ihre W\u00fcnsche zu erf\u00fcllen. Egal, ob Sie ein \u00fcberw\u00e4ltigendes Vergn\u00fcgen oder eine milderere Stimulation suchen &#8211; die Sorte hat etwas f\u00fcr Sie. Um Ihnen besser zu dienen, tragen unsere Samen alle verr\u00fcckte Aromen und verlockende D\u00fcfte, die den Anf\u00e4ngerraucher ebenso erfreuen werden wie den erfahrenen Kenner!<\/p>\n<p>Beim Rauchen der Super Silver Haze Sorte werden Sie sofort verstehen, was wir meinen, wenn wir sagen, dass sie einen sehr einzigartigen und interessanten Geschmack hat. Sie hat eine Rauchwolke, die gleichzeitig w\u00fcrzig und s\u00fc\u00df ist! Dieser Geschmack wird lange in Ihrem Mund verweilen und Sie k\u00f6nnten nach mehr von diesem einzigartigen Aroma verlangen.<\/p>\n<p>Es gibt nicht viele Dinge, die besser riechen als Silver Haze. Es ist gleichzeitig duftend, blumig und erdig. Sie werden sicherlich dieses Aroma jedes Mal genie\u00dfen, wenn Sie einen Joint anz\u00fcnden.<\/p>\n<p>Was den THC-Gehalt betrifft, ist die Super Silver Haze Sorte durchschnittlich stark. Sie hat eine Potenz von 18%, die Sie f\u00fcr eine gute Zeitspanne high machen kann. Die CBD-Werte liegen bei etwa 0,3%. Insgesamt ergibt dies eine gro\u00dfartige Kombination und stellt sicher, dass Sie Ihre t\u00e4gliche Portion Cannabis mit ausgezeichneten Ergebnissen genie\u00dfen k\u00f6nnen!<\/p>\n<p>Super Silver Haze Auto-Flowering Cannabis Seeds sind gro\u00dfartig f\u00fcr Anf\u00e4nger oder Raucher, die schon lange rauchen. Sie haben eine sehr milde St\u00e4rke und machen Sie nicht sofort high, es sei denn, Sie inhalieren zu viel davon auf einmal. Sie k\u00f6nnen jedoch garantieren, dass es Sie nicht m\u00fcde macht oder Kopfschmerzen verursacht, nachdem Sie es verwendet haben!<\/p>\n<p>Die Samen sind eine Sativa-betonte Hybride aus 80% Sativa und 20% Indica. Dies macht sie sehr einfach zu z\u00fcchten, da Sie sich keine Sorgen machen m\u00fcssen, ob sie sprie\u00dfen und was Sie tun m\u00fcssen, damit sie wachsen!<\/p>\n<h2>Wirkungen der Super Silver Haze Sorte<\/h2>\n<p>Wenn Sie die Super Silver Haze Sorte verwenden, erwarten Sie, sich ein wenig besser zu f\u00fchlen. Sie ist sehr erhebend und wird Ihre Stresslevel ein wenig senken. Dies ist gro\u00dfartig f\u00fcr diejenigen, die eine kleine Aufmunterung mitten am Tag oder sogar w\u00e4hrend depressiver Episoden brauchen! Wenn Sie sich jemals deprimiert f\u00fchlen, k\u00f6nnen die Super Silver Haze Auto-Flowering Cannabis Seeds Ihre Stimmung verbessern! Es hilft auch, wenn Sie sich von Stress \u00fcberw\u00e4ltigt f\u00fchlen und etwas brauchen, das Sie beruhigt.<\/p>\n<p>Eine der vielen guten Eigenschaften der Super Silver Haze Sorte ist, dass sie Schmerzen lindern kann. Wenn Sie sich krank f\u00fchlen oder Kopfschmerzen haben, kann das Rauchen einiger Super Silver Haze Auto Bl\u00fcten Ihnen helfen, sich besser zu f\u00fchlen!<\/p>\n<p>Auch, wenn Sie kreativ sein m\u00fcssen, w\u00e4hrend Sie arbeiten oder studieren, dann ist dies eine Sorte, die Ihnen helfen kann. Sie wird Ihnen genau die richtige Menge an geistiger Klarheit geben, die Sie brauchen, und sicherstellen, dass alles im Perspektive bleibt!<\/p>\n<p>Das Einsetzen und die Dauer der Super Silver Haze Sorte betr\u00e4gt etwa 60 Minuten und das High kann bis zu 2 Stunden anhalten.<\/p>\n<h2>Wie w\u00e4chst die Super Silver Haze Sorte?<\/h2>\n<p>Anf\u00e4nger werden es lieben, diese Samen anzubauen, weil sie ziemlich einfach zu z\u00fcchten sind. Sie brauchen nicht lange zum Bl\u00fchen und erfordern auch keine Ver\u00e4nderung ihrer Umgebung oder Bedingungen!<\/p>\n<p>Perfekt f\u00fcr drinnen, die H\u00f6he der Super Silver Haze Auto-Flowering Cannabis Seeds betr\u00e4gt rund 24-35 Zoll. Outdoor-G\u00e4rtner k\u00f6nnen sie jedoch \u00fcberall anbauen, da sie kurze Pflanzen sind!<\/p>\n<p>Die gute Nachricht \u00fcber diese Pflanze ist, dass sie \u00fcberall sprie\u00dfen kann. Es erfordert keine spezifischen Temperatur- oder Feuchtigkeitsstufen, um zu wachsen, was es sowohl f\u00fcr Anf\u00e4nger als auch f\u00fcr erfahrene Cannabisz\u00fcchter einfach macht!<\/p>\n<p>Die Bl\u00fctezeit dieser Pflanze betr\u00e4gt rund 6-8 Wochen, was sie zu einer der am schnellsten wachsenden Cannabispflanzen macht. Da diese Cannabissorte schnell w\u00e4chst und bl\u00fcht, ist es f\u00fcr Sie sehr einfach, das ganze Jahr \u00fcber zu ernten!<\/p>\n<p>Planen Sie, den freien Platz in Ihrem Schrank zu nutzen, um hochwertige Cannabisbl\u00fcten anzubauen? Dann sind die Super Silver Haze Auto-Flowering Cannabis Seeds perfekt f\u00fcr Sie. Sie k\u00f6nnen sie problemlos drinnen oder drau\u00dfen anbauen und gute Ergebnisse erzielen!<\/p>\n<p>F\u00fcr neue Z\u00fcchter betr\u00e4gt der Ertrag im Durchschnitt 4 Unzen pro m2 im Innenbereich und bis zu 7 Unzen pro Pflanze, wenn drau\u00dfen angebaut. Diese Cannabissorte ist feminisiert, was bedeutet, dass alle Samen garantiert weiblich sind. Sie hat einen sehr geringen m\u00e4nnlichen Anteil, was es einfacher f\u00fcr Sie macht, Ihren Garten zu verwalten!<\/p>\n<h2>Geschichte der Super Silver Haze Sorte<\/h2>\n<p>Die Super Silver Haze Auto-Flowering Cannabis Seeds sind eine Kreuzung zwischen der Super Silver Haze und der Ruderalis. Sie k\u00f6nnen sehen, warum sie so einfach anzubauen ist, da beide Elternteile dies auch sind!<\/p>\n","protected":false},"excerpt":{"rendered":"<p>Entfalten Sie Ihren inneren K\u00fcnstler mit Super Silver Haze Autoflower Samen! Diese zu 80\/20 Sativa-dominante Hybride steht f\u00fcr erhebende Vibes und kreativen Fokus, mit einem w\u00fcrzig-s\u00fc\u00dfen Kick, der nachklingt. Bei 18% THC ist sie perfekt f\u00fcr Fortgeschrittene oder den Tagesgebrauch, vertreibt Stress und hinterl\u00e4sst Sie klar und gl\u00fccklich.<\/p>\n","protected":false},"featured_media":42892,"comment_status":"open","ping_status":"closed","template":"","meta":{"_acf_changed":false,"_glsr_average":0,"_glsr_ranking":0,"_glsr_reviews":0},"product_brand":[],"product_cat":[56,62,3067,21],"product_tag":[],"class_list":{"0":"post-41145","1":"product","2":"type-product","3":"status-publish","4":"has-post-thumbnail","6":"product_cat-autoflowering-cannabis-samen","7":"product_cat-cannabis-samen-fuer-anfaenger","8":"product_cat-ertragreiche-samen","9":"product_cat-cannabis-sativa-samen","11":"first","12":"instock","13":"taxable","14":"shipping-taxable","15":"purchasable","16":"product-type-variable"},"acf":[],"aioseo_notices":[],"_links":{"self":[{"href":"https:\/\/theseedfair.com\/de\/wp-json\/wp\/v2\/product\/41145","targetHints":{"allow":["GET"]}}],"collection":[{"href":"https:\/\/theseedfair.com\/de\/wp-json\/wp\/v2\/product"}],"about":[{"href":"https:\/\/theseedfair.com\/de\/wp-json\/wp\/v2\/types\/product"}],"replies":[{"embeddable":true,"href":"https:\/\/theseedfair.com\/de\/wp-json\/wp\/v2\/comments?post=41145"}],"wp:featuredmedia":[{"embeddable":true,"href":"https:\/\/theseedfair.com\/de\/wp-json\/wp\/v2\/media\/42892"}],"wp:attachment":[{"href":"https:\/\/theseedfair.com\/de\/wp-json\/wp\/v2\/media?parent=41145"}],"wp:term":[{"taxonomy":"product_brand","embeddable":true,"href":"https:\/\/theseedfair.com\/de\/wp-json\/wp\/v2\/product_brand?post=41145"},{"taxonomy":"product_cat","embeddable":true,"href":"https:\/\/theseedfair.com\/de\/wp-json\/wp\/v2\/product_cat?post=41145"},{"taxonomy":"product_tag","embeddable":true,"href":"https:\/\/theseedfair.com\/de\/wp-json\/wp\/v2\/product_tag?post=41145"}],"curies":[{"name":"wp","href":"https:\/\/api.w.org\/{rel}","templated":true}]}}