{"id":41238,"date":"2021-09-28T10:09:01","date_gmt":"2021-09-28T10:09:01","guid":{"rendered":"https:\/\/theseedfair.com\/?post_type=product&#038;p=41238"},"modified":"2024-06-13T09:02:48","modified_gmt":"2024-06-13T09:02:48","slug":"amnesia-lemon","status":"publish","type":"product","link":"https:\/\/theseedfair.com\/de\/product\/regulaere-cannabis-samen\/amnesia-lemon\/","title":{"rendered":"Amnesia Lemon Regul\u00e4re Samen"},"content":{"rendered":"<h2>Amnesia Lemon <span data-sheets-root=\"1\" data-sheets-value=\"{&quot;1&quot;:2,&quot;2&quot;:&quot;Regul\u00e4re&quot;}\" data-sheets-userformat=\"{&quot;2&quot;:6657,&quot;3&quot;:{&quot;1&quot;:0},&quot;12&quot;:0,&quot;14&quot;:{&quot;1&quot;:2,&quot;2&quot;:0},&quot;15&quot;:&quot;\\&quot;Arial\\&quot;&quot;}\">Regul\u00e4re<\/span> Samen<\/h2>\n<p>Wenn du nach einer Sorte suchst, die deinen Geist und K\u00f6rper zerst\u00f6ren wird, dann hast du mit Amnesia Lemon <span data-sheets-root=\"1\" data-sheets-value=\"{&quot;1&quot;:2,&quot;2&quot;:&quot;Regul\u00e4re Samen&quot;}\" data-sheets-userformat=\"{&quot;2&quot;:513,&quot;3&quot;:{&quot;1&quot;:0},&quot;12&quot;:0}\">Regul\u00e4re Samen<\/span> die richtige Sorte gefunden! Dies ist eine unserer st\u00e4rksten Sorten mit einem durchschnittlichen THC-Gehalt von 21%. Du wirst dich nicht dabei ertappen, diese Knospe bis zum Filter zu rauchen.<\/p>\n<p>Amnesia Lemon <span data-sheets-root=\"1\" data-sheets-value=\"{&quot;1&quot;:2,&quot;2&quot;:&quot;Regul\u00e4re Samen&quot;}\" data-sheets-userformat=\"{&quot;2&quot;:513,&quot;3&quot;:{&quot;1&quot;:0},&quot;12&quot;:0}\">Regul\u00e4re Samen<\/span> hat einen sehr angenehmen Geschmack von Zitrusfr\u00fcchten und tropischen Fr\u00fcchten. Es ist eine gro\u00dfartige Idee, die Amnesia Lemon-Sorte mit einer Sorte zu kombinieren, die ebenfalls einen angenehmen Geschmack hat, da es die Geschmacksnerven \u00fcberw\u00e4ltigen und zu einer unangenehmen Erfahrung f\u00fchren k\u00f6nnte.<\/p>\n<p>Wenn du die Verpackung mit diesen Samen \u00f6ffnest, wirst du sofort von einem starken, stechenden Geruch \u00fcberw\u00e4ltigt. Es ist ein Aroma, das uns an Zitrusfr\u00fcchte und tropische Fr\u00fcchte erinnert. Die st\u00e4rkeren Konsumenten werden die Amnesia Lemon-Sorte definitiv genie\u00dfen, w\u00e4hrend sie f\u00fcr neue Konsumenten \u00fcberw\u00e4ltigend sein kann.<\/p>\n<p>Du wirst das zu sch\u00e4tzen wissen, was die 40% Indica und 60% Sativa-Dominanz zu bieten hat. F\u00fcr diejenigen, die mit diesem Begriff nicht vertraut sind, bedeutet es einfach, dass du starke Effekte sowohl k\u00f6rperlich als auch geistig erwarten kannst.<\/p>\n<p>Stark&#8230; wirklich, wirklich stark! Wenn du ein Erstkonsument oder sogar ein erfahrener Raucher bist, der nach etwas Starkem sucht, dann empfehlen wir diese Art von Marihuana sehr. Wir wissen, dass viele unserer Leser das Rauchen genauso lieben wie wir, und was gibt es Sch\u00f6neres, als den Tag mit einem sch\u00f6nen dicken Bong-Hit von einigen Amnesia Lemon <span data-sheets-root=\"1\" data-sheets-value=\"{&quot;1&quot;:2,&quot;2&quot;:&quot;Regul\u00e4re Samen&quot;}\" data-sheets-userformat=\"{&quot;2&quot;:513,&quot;3&quot;:{&quot;1&quot;:0},&quot;12&quot;:0}\">Regul\u00e4re Samen<\/span> zu beginnen? Wir versprechen, du wirst so benommen und verwirrt sein, dass es ein paar Minuten dauern k\u00f6nnte, bevor du v\u00f6llig stoned bist.<\/p>\n<h2>Effekte unserer Amnesia Lemon Sorte<\/h2>\n<p>Wir k\u00f6nnen dir versichern, dass die Amnesia Lemon-Sorte perfekt f\u00fcr diejenigen ist, die ihre kreativen S\u00e4fte zum Flie\u00dfen bringen m\u00fcssen. Benutzer von Amnesia Lemon <span data-sheets-root=\"1\" data-sheets-value=\"{&quot;1&quot;:2,&quot;2&quot;:&quot;Regul\u00e4re Samen&quot;}\" data-sheets-userformat=\"{&quot;2&quot;:513,&quot;3&quot;:{&quot;1&quot;:0},&quot;12&quot;:0}\">Regul\u00e4re Samen<\/span> haben bemerkt, dass es ihre Stimmung verbessert und somit ihre Kreativit\u00e4t, insbesondere in den darstellenden K\u00fcnsten wie Musik und Malerei, verbessert.<\/p>\n<p>Wenn du vorhast, Amnesia Lemon <span data-sheets-root=\"1\" data-sheets-value=\"{&quot;1&quot;:2,&quot;2&quot;:&quot;Regul\u00e4re Samen&quot;}\" data-sheets-userformat=\"{&quot;2&quot;:513,&quot;3&quot;:{&quot;1&quot;:0},&quot;12&quot;:0}\">Regul\u00e4re Samen<\/span> f\u00fcr Freizeitzwecke zu verwenden, solltest du wissen, dass es ein sehr energetisches Erlebnis bietet. Du kannst erwarten, den ganzen Tag aktiv und wachsam zu bleiben, was definitiv etwas ist, das jeder Cannabis-Enthusiast lieben w\u00fcrde.<\/p>\n<p>Dies ist die perfekte Sorte f\u00fcr dich, wenn du unter Motivationsmangel leidest. Es hat aufmunternde Effekte, die deinen Geist und K\u00f6rper beruhigen k\u00f6nnen. Es ist auch gro\u00dfartig f\u00fcr diejenigen, die unter M\u00fcdigkeit leiden, da es ihnen einfach hilft, sich zu entspannen und den ganzen Tag \u00fcber M\u00fcdigkeit zu bek\u00e4mpfen.<\/p>\n<p>Amnesia Lemon Strain ist eine der Sorten, die du w\u00e4hrend des Tages konsumieren solltest, wenn du deinen Geist und K\u00f6rper angeregt halten m\u00f6chtest. Es hat eine sehr aufmunternde und kreative Wirkung, die ohne das Gef\u00fchl von Tr\u00e4gheit oder Schl\u00e4frigkeit genutzt werden kann.<\/p>\n<h2>Wie wachsen Amnesia Lemon <span data-sheets-root=\"1\" data-sheets-value=\"{&quot;1&quot;:2,&quot;2&quot;:&quot;Regul\u00e4re Samen&quot;}\" data-sheets-userformat=\"{&quot;2&quot;:513,&quot;3&quot;:{&quot;1&quot;:0},&quot;12&quot;:0}\">Regul\u00e4re Samen<\/span>?<\/h2>\n<p>Wenn du ein Anf\u00e4nger bist und eine Cannabispflanze anbauen m\u00f6chtest, dann ist dies eine der Sorten, die wir empfehlen. Sie w\u00e4chst sehr gut in den meisten Klimazonen, was sie zu einer guten Wahl f\u00fcr Anf\u00e4nger macht, die keinen Zugang zu den besten Anbauger\u00e4ten haben.<\/p>\n<p>Und wenn du einen kleinen Anbauraum hast, dann ist dies eine der Sorten, die du definitiv auf deiner Anbau-Liste hinzuf\u00fcgen m\u00f6chtest. Sie hat eine kompakte H\u00f6he von bis zu 47 Zoll, was sie perfekt f\u00fcr kleine R\u00e4ume sowohl drinnen als auch drau\u00dfen macht.<\/p>\n<p>Amnesia Lemon Strain hat eine sehr hohe Resistenz gegen K\u00e4lte und verschiedene Krankheiten. Sie w\u00e4chst am besten in Umgebungen mit hei\u00dfen und trockenen Klimazonen, aber sie w\u00e4chst auch gut, wenn das Wetter kalt und feucht ist. Amnesia Lemon Strain kann drinnen, drau\u00dfen oder in einem Gew\u00e4chshaus angebaut werden.<\/p>\n<p>Die Marihuana-Bl\u00fcte hat eine Bl\u00fctezeit von etwa 10 Wochen, was definitiv nicht die beste Zeit f\u00fcr Cannabissorten ist. Amnesia Lemon Strain ist daf\u00fcr bekannt, sehr schnell zu sein, also wenn du sie drau\u00dfen anbaust, achte darauf, dass sie wahrscheinlich fr\u00fcher als \u00fcblich bl\u00fcht.<\/p>\n<p>Dies ist eine der ertragreichen Sorten, die du bekommst, wenn du dich entscheidest, Amnesia Lemon <span data-sheets-root=\"1\" data-sheets-value=\"{&quot;1&quot;:2,&quot;2&quot;:&quot;Regul\u00e4re Samen&quot;}\" data-sheets-userformat=\"{&quot;2&quot;:513,&quot;3&quot;:{&quot;1&quot;:0},&quot;12&quot;:0}\">Regul\u00e4re Samen<\/span> in deinem eigenen Cannabisgarten anzubauen. Sie kann bis zu 19 Unzen pro Quadratmeter beim Innenanbau liefern, hat aber auch die F\u00e4higkeit, dir 18 Unzen pro Pflanze beim Au\u00dfenanbau zu geben. Sie hat feminisierte Samen, was bedeutet, dass alle Samen geerntet werden k\u00f6nnen, solange sie gut angebaut werden.<\/p>\n<h2>Geschichte des Amnesia Lemon <span data-sheets-root=\"1\" data-sheets-value=\"{&quot;1&quot;:2,&quot;2&quot;:&quot;Regul\u00e4re Samen&quot;}\" data-sheets-userformat=\"{&quot;2&quot;:513,&quot;3&quot;:{&quot;1&quot;:0},&quot;12&quot;:0}\">Regul\u00e4re Samen<\/span><\/h2>\n<p>Die Eltern von Amnesia Lemon <span data-sheets-root=\"1\" data-sheets-value=\"{&quot;1&quot;:2,&quot;2&quot;:&quot;Regul\u00e4re Samen&quot;}\" data-sheets-userformat=\"{&quot;2&quot;:513,&quot;3&quot;:{&quot;1&quot;:0},&quot;12&quot;:0}\">Regul\u00e4re Samen<\/span> sind Amnesia Haze und Lemon Skunk, weshalb sie einen sehr zitrusartigen, fruchtigen, erdigen Geschmack hat. Sie hat ein sehr s\u00fc\u00dfes Aroma, das sie perfekt f\u00fcr Innen-Anbauer macht.<\/p>\n","protected":false},"excerpt":{"rendered":"<p>Amnesia Lemon Samen: AAAA H\u00f6chste Qualit\u00e4tsbewertung f\u00fcr deine Sammlung<\/p>\n<p>Kostenloser Versand bei Bestellungen \u00fcber $99. Versand in die USA und Kanada.<\/p>\n<p>Erhalte 4 kostenlose Samen mit deiner Bestellung, wenn du mit Venmo, Zelle oder E Transfer bezahlst.<\/p>\n","protected":false},"featured_media":43024,"comment_status":"open","ping_status":"closed","template":"","meta":{"_acf_changed":false,"_glsr_average":0,"_glsr_ranking":0,"_glsr_reviews":0},"product_brand":[],"product_cat":[62,68,33,63,21],"product_tag":[],"class_list":{"0":"post-41238","1":"product","2":"type-product","3":"status-publish","4":"has-post-thumbnail","6":"product_cat-cannabis-samen-fuer-anfaenger","7":"product_cat-hoher-thc-gehalt","8":"product_cat-hybride-cannabis-samen","9":"product_cat-regulaere-cannabis-samen","10":"product_cat-cannabis-sativa-samen","12":"first","13":"instock","14":"taxable","15":"shipping-taxable","16":"purchasable","17":"product-type-variable"},"acf":[],"aioseo_notices":[],"_links":{"self":[{"href":"https:\/\/theseedfair.com\/de\/wp-json\/wp\/v2\/product\/41238","targetHints":{"allow":["GET"]}}],"collection":[{"href":"https:\/\/theseedfair.com\/de\/wp-json\/wp\/v2\/product"}],"about":[{"href":"https:\/\/theseedfair.com\/de\/wp-json\/wp\/v2\/types\/product"}],"replies":[{"embeddable":true,"href":"https:\/\/theseedfair.com\/de\/wp-json\/wp\/v2\/comments?post=41238"}],"wp:featuredmedia":[{"embeddable":true,"href":"https:\/\/theseedfair.com\/de\/wp-json\/wp\/v2\/media\/43024"}],"wp:attachment":[{"href":"https:\/\/theseedfair.com\/de\/wp-json\/wp\/v2\/media?parent=41238"}],"wp:term":[{"taxonomy":"product_brand","embeddable":true,"href":"https:\/\/theseedfair.com\/de\/wp-json\/wp\/v2\/product_brand?post=41238"},{"taxonomy":"product_cat","embeddable":true,"href":"https:\/\/theseedfair.com\/de\/wp-json\/wp\/v2\/product_cat?post=41238"},{"taxonomy":"product_tag","embeddable":true,"href":"https:\/\/theseedfair.com\/de\/wp-json\/wp\/v2\/product_tag?post=41238"}],"curies":[{"name":"wp","href":"https:\/\/api.w.org\/{rel}","templated":true}]}}