{"id":41267,"date":"2021-09-28T14:37:52","date_gmt":"2021-09-28T14:37:52","guid":{"rendered":"https:\/\/theseedfair.com\/?post_type=product&#038;p=41267"},"modified":"2024-06-21T13:38:14","modified_gmt":"2024-06-21T13:38:14","slug":"god-bud","status":"publish","type":"product","link":"https:\/\/theseedfair.com\/de\/product\/regulaere-cannabis-samen\/god-bud\/","title":{"rendered":"God Bud Regul\u00e4re Samen"},"content":{"rendered":"<h2>God Bud <span data-sheets-root=\"1\" data-sheets-value=\"{&quot;1&quot;:2,&quot;2&quot;:&quot;Regul\u00e4re Samen&quot;}\" data-sheets-userformat=\"{&quot;2&quot;:513,&quot;3&quot;:{&quot;1&quot;:0},&quot;12&quot;:0}\">Regul\u00e4re Samen<\/span><\/h2>\n<p>Machen Sie sich bereit f\u00fcr eine Fahrt mit den God Bud <span data-sheets-root=\"1\" data-sheets-value=\"{&quot;1&quot;:2,&quot;2&quot;:&quot;Regul\u00e4re Samen&quot;}\" data-sheets-userformat=\"{&quot;2&quot;:513,&quot;3&quot;:{&quot;1&quot;:0},&quot;12&quot;:0}\">Regul\u00e4re Samen<\/span>. Das Aroma ist intensiv, erdig und stark genug, um jeden in Sekundenschnelle in Schwung zu bringen. Wenn Sie nach etwas suchen, das ein bisschen intensiver ist, dann ist dies es. Sie werden froh sein, dass Sie es getan haben, wenn Sie sich entspannt und gleichzeitig energiegeladen f\u00fchlen. Angenehme Z\u00fcge k\u00f6nnen sich im Laufe der Zeit in vollwertige Schlucke verwandeln, w\u00e4hrend sich Ihre Stimmung von kichernd zu euphorisch \u00e4ndert, sobald Ihr K\u00f6rper seine Wirkungen auf welche Weise auch immer manifestiert &#8211; sei es zur Beruhigung von Angstzust\u00e4nden oder zur Bek\u00e4mpfung von Schlaflosigkeit wie hungrige Piranhas bis nichts mehr von Migr\u00e4ne und Stress \u00fcbrig ist!<\/p>\n<p>God Bud Sorten haben einen erdigen Kieferngeschmack mit Schokoladenuntert\u00f6nen. Manchmal kann Skunk ein wenig \u00fcberw\u00e4ltigend sein, aber dieser hier ist sch\u00f6n und mild, so dass er insgesamt einen guten Rauch ergibt! Das einzige Mal, dass der Skunk \u00fcberw\u00e4ltigend wird, ist, wenn Sie mehrere Bong-Hits hintereinander nehmen, was nicht wirklich empfohlen wird, es sei denn, Sie m\u00f6chten einen Hustenanfall bekommen.<\/p>\n<p>Sie werden das Aroma der God Bud Sorte lieben. Es hat einen sehr sch\u00f6nen, s\u00fc\u00dfen Schokoladenduft mit einem erdigen Kiefernnachgeschmack &#8211; perfekt begleitet von den Skunk-Untert\u00f6nen!<\/p>\n<p>Der THC Gehalt ist atemberaubend. Es sind 24 %, was unglaublich hoch ist, und der CBD-Gehalt betr\u00e4gt nur 0,6 %. Das bedeutet, dass Sie ein intensives, euphorisches Hochgef\u00fchl erleben werden, das mit einer Vielzahl von Effekten einhergeht.<\/p>\n<p>Viele der Vorteile, die die God Bud Sorte zu bieten hat, resultieren aus ihrer Dominanz von 100% Indica. Es ist keine Sativa vorhanden, was bedeutet, dass Sie sich keine Sorgen \u00fcber die Wirkung eines \u00fcberm\u00e4\u00dfig euphorischen Hochs machen m\u00fcssen, was f\u00fcr diejenigen, die nach etwas Milderem suchen, ein gro\u00dfes Abschrecken sein kann. God Bud Sorte ist perfekt f\u00fcr diejenigen, die ein starkes k\u00f6rperliches Erlebnis wollen, da sie keine Sativa enth\u00e4lt!<\/p>\n<h2>Wirkungen unserer God Bud Sorte<\/h2>\n<p>Die God Bud <span data-sheets-root=\"1\" data-sheets-value=\"{&quot;1&quot;:2,&quot;2&quot;:&quot;Regul\u00e4re Samen&quot;}\" data-sheets-userformat=\"{&quot;2&quot;:513,&quot;3&quot;:{&quot;1&quot;:0},&quot;12&quot;:0}\">Regul\u00e4re Samen<\/span> verbessern Ihre Stimmung nach besten Kr\u00e4ften. Ihre Wirkung ist kraftvoll und verspricht, dass Sie sich wie der K\u00f6nig\/die K\u00f6nigin Ihres Schlosses f\u00fchlen. Das Hoch ist sehr euphorisch, mild und entspannend, was bedeutet, dass Sie nach jedem Zug gl\u00fccklich sein werden!<\/p>\n<p>Sie werden kichern und aufgeregt sein wie ein Schulm\u00e4dchen. Die Sorte hat sehr positive Wirkungen, die Gl\u00fccks- und Erregungsgef\u00fchle f\u00f6rdern, weshalb sie perfekt ist f\u00fcr diejenigen, die nach einem langen Arbeitstag abschalten m\u00fcssen!<\/p>\n<p>Warnung! Hei\u00dfhunger in Sicht! Diese Blume wird Sie hungrig machen wie ein Wolf im Schafspelz! Es ist nicht die leckerste Sorte der Welt, aber sie hat Nebenwirkungen, die Ihren Magen knurren lassen und nach allen m\u00f6glichen ungesunden Snacks verlangen.<\/p>\n<p>W\u00e4hrend Sie an Ihrem Lieblingssnack knabbern, werden Sie bemerken, dass Sie sehr gespr\u00e4chig werden. Dies liegt daran, dass die Sorte Gef\u00fchle von Gl\u00fcck, Aufregung und Euphorie f\u00f6rdert, die Ihre Zunge dazu bringen, \u00fcber alles und nichts zu plaudern!<\/p>\n<p>Eines ist sicher, God Bud <span data-sheets-root=\"1\" data-sheets-value=\"{&quot;1&quot;:2,&quot;2&quot;:&quot;Regul\u00e4re Samen&quot;}\" data-sheets-userformat=\"{&quot;2&quot;:513,&quot;3&quot;:{&quot;1&quot;:0},&quot;12&quot;:0}\">Regul\u00e4re Samen<\/span> wird alle Schmerzen und Beschwerden beseitigen. Es ist sehr schwierig, dass God Bud Sorte an Ihre Adresse kommt, ohne Ihre Arthritis zur\u00fcckzulassen, und Sie werden froh sein, dass Sie es getan haben, wenn Sie sich danach entspannt und wohl f\u00fchlen!<\/p>\n<p>Auf ihrem H\u00f6hepunkt werden Sie sehr schl\u00e4frig f\u00fchlen, was bedeutet, dass Sie keine Probleme haben werden, die Nacht durchzuschlafen. Wenn Sie Schwierigkeiten haben zu schlafen, dann ist dies die perfekte Sorte f\u00fcr Sie. Ihre Wirkungen werden Sie in k\u00fcrzester Zeit umhauen und sie ist auch ein gro\u00dfartiger Rauch, wenn Schlaflosigkeit Sie nachts wach h\u00e4lt!<\/p>\n<p>Der Beginn ist etwa nach 5 Minuten und die Dauer betr\u00e4gt gute 2 Stunden. Sobald Sie die Wirkung dieser Blume sp\u00fcren, m\u00f6chten Sie, dass sie so lange wie m\u00f6glich anh\u00e4lt, weshalb die God Blue Sorte perfekt f\u00fcr diejenigen ist, die Probleme mit Schlaflosigkeit oder anderen Schlafst\u00f6rungen haben. Sie werden nicht so bald aufstehen!<\/p>\n<h2>Wie wachsen God Bud <span data-sheets-root=\"1\" data-sheets-value=\"{&quot;1&quot;:2,&quot;2&quot;:&quot;Regul\u00e4re Samen&quot;}\" data-sheets-userformat=\"{&quot;2&quot;:513,&quot;3&quot;:{&quot;1&quot;:0},&quot;12&quot;:0}\">Regul\u00e4re Samen<\/span>?<\/h2>\n<p>God Bud <span data-sheets-root=\"1\" data-sheets-value=\"{&quot;1&quot;:2,&quot;2&quot;:&quot;Regul\u00e4re Samen&quot;}\" data-sheets-userformat=\"{&quot;2&quot;:513,&quot;3&quot;:{&quot;1&quot;:0},&quot;12&quot;:0}\">Regul\u00e4re Samen<\/span> ist etwas schwierig zu z\u00fcchten, was bedeutet, dass sie nicht die beste Wahl f\u00fcr Anf\u00e4nger ist. Wenn Sie ein Anf\u00e4nger sind, dann versuchen Sie zun\u00e4chst etwas Milderes, bis Sie sich zurechtgefunden haben!<\/p>\n<p>Viele Indoor-Z\u00fcchter werden sich nicht um ihre 35 Zoll H\u00f6he k\u00fcmmern, aber im Freien kann die Pflanze sehr gro\u00df werden und viel Platz einnehmen!<\/p>\n<p>Die God Bud Sorte ist ein guter Ertragsbringer und produziert ziemlich viele Bl\u00fcten. Wenn Sie drinnen anbauen, k\u00f6nnen Sie erwarten, fast 18 Unzen pro Quadratmeter zu ernten!<\/p>\n<p>Im Freien machen die God Bud <span data-sheets-root=\"1\" data-sheets-value=\"{&quot;1&quot;:2,&quot;2&quot;:&quot;Regul\u00e4re Samen&quot;}\" data-sheets-userformat=\"{&quot;2&quot;:513,&quot;3&quot;:{&quot;1&quot;:0},&quot;12&quot;:0}\">Regul\u00e4re Samen<\/span> es noch besser, fast doppelt so hohe Ertr\u00e4ge. Wir sprechen \u00fcber 35 Unzen pro Pflanze, was gro\u00dfartig f\u00fcr Outdoor-Z\u00fcchter ist!<\/p>\n<p>Alle diese massiven Knospen ben\u00f6tigen nur etwa 810 Wochen zum Bl\u00fchen, was eine betr\u00e4chtliche Zeit ist. Es ist auch eine gute Idee, eine anst\u00e4ndige Menge Geduld zu haben, da die God Blue Sorte dies erfordert!<\/p>\n<p>Diese Blume wird im Oktober erntebereit sein! Sie werden nicht lange warten m\u00fcssen, also setzen Sie Ihre Ernteh\u00fcte auf und beginnen Sie mit dem Schneiden!<\/p>\n<h2>Geschichte der God Bud Sorte<\/h2>\n<p>God Bud <span data-sheets-root=\"1\" data-sheets-value=\"{&quot;1&quot;:2,&quot;2&quot;:&quot;Regul\u00e4re Samen&quot;}\" data-sheets-userformat=\"{&quot;2&quot;:513,&quot;3&quot;:{&quot;1&quot;:0},&quot;12&quot;:0}\">Regul\u00e4re Samen<\/span> r\u00fchmt sich preisgekr\u00f6nter Eltern. God Bud ist bekannt daf\u00fcr, von God Bud gekreuzt mit einer Blaubeere zu stammen. Es war nie ein Misserfolg, sondern immer ein starker Treffer seit seiner Entstehung. Deshalb verdiente es den 4. Platz bei der Cannabis Culture Toker&#8217;s Bowl 2002 Edition.<\/p>\n","protected":false},"excerpt":{"rendered":"<p>God Bud: AAAA H\u00f6chste Qualit\u00e4tsbewertung f\u00fcr Ihre Sammlung<\/p>\n<p>Kostenloser Versand bei Bestellungen \u00fcber 99 $. Versand in den gesamten USA und Kanada.<\/p>\n<p>Erhalten Sie 4 kostenlose Samen mit Ihrer Bestellung, wenn Sie mit Venmo, Zelle oder E Transfer bezahlen.<\/p>\n","protected":false},"featured_media":43112,"comment_status":"open","ping_status":"closed","template":"","meta":{"_acf_changed":false,"_glsr_average":0,"_glsr_ranking":0,"_glsr_reviews":0},"product_brand":[],"product_cat":[62,3067,68,30,63],"product_tag":[],"class_list":{"0":"post-41267","1":"product","2":"type-product","3":"status-publish","4":"has-post-thumbnail","6":"product_cat-cannabis-samen-fuer-anfaenger","7":"product_cat-ertragreiche-samen","8":"product_cat-hoher-thc-gehalt","9":"product_cat-indica-cannabis-samen","10":"product_cat-regulaere-cannabis-samen","12":"first","13":"instock","14":"taxable","15":"shipping-taxable","16":"purchasable","17":"product-type-variable"},"acf":[],"aioseo_notices":[],"_links":{"self":[{"href":"https:\/\/theseedfair.com\/de\/wp-json\/wp\/v2\/product\/41267","targetHints":{"allow":["GET"]}}],"collection":[{"href":"https:\/\/theseedfair.com\/de\/wp-json\/wp\/v2\/product"}],"about":[{"href":"https:\/\/theseedfair.com\/de\/wp-json\/wp\/v2\/types\/product"}],"replies":[{"embeddable":true,"href":"https:\/\/theseedfair.com\/de\/wp-json\/wp\/v2\/comments?post=41267"}],"wp:featuredmedia":[{"embeddable":true,"href":"https:\/\/theseedfair.com\/de\/wp-json\/wp\/v2\/media\/43112"}],"wp:attachment":[{"href":"https:\/\/theseedfair.com\/de\/wp-json\/wp\/v2\/media?parent=41267"}],"wp:term":[{"taxonomy":"product_brand","embeddable":true,"href":"https:\/\/theseedfair.com\/de\/wp-json\/wp\/v2\/product_brand?post=41267"},{"taxonomy":"product_cat","embeddable":true,"href":"https:\/\/theseedfair.com\/de\/wp-json\/wp\/v2\/product_cat?post=41267"},{"taxonomy":"product_tag","embeddable":true,"href":"https:\/\/theseedfair.com\/de\/wp-json\/wp\/v2\/product_tag?post=41267"}],"curies":[{"name":"wp","href":"https:\/\/api.w.org\/{rel}","templated":true}]}}